{"id":3529,"date":"2025-01-31T11:30:01","date_gmt":"2025-01-31T11:30:01","guid":{"rendered":"https:\/\/snoeck.process-vision.de\/shop\/der-traum-der-bibliothek\/"},"modified":"2026-04-08T15:20:17","modified_gmt":"2026-04-08T14:20:17","slug":"der-traum-der-bibliothek","status":"publish","type":"product","link":"https:\/\/snoeck.de\/en\/shop\/der-traum-der-bibliothek\/","title":{"rendered":"The dream of the library"},"content":{"rendered":"<h3>The other universe<\/h3>\n<p>Libraries and books exert a great fascination. They are spaces of collective memory and repositories of knowledge. In these places of contemplation and concentration, looking into a book opens up new worlds. The exhibition \"The Dream of the Library\" illuminates this fascination from the perspective of conceptual art. The artists in the exhibition use objects, installations and films to playfully address the collection, its forms of presentation and classification criteria. Bookshelves and displays are scrutinised just as much as the reading situation. Since the early 1990s, for example, books have been Peter W\u00fcthrich's exclusive material. High up under the ceiling, they seem to soar like a flock of birds - fleeting thoughts, books (and friends) whose contents we can only guess at. Like the many legendary pirate treasures, however, the books are not tangible, which constantly triggers the desire to be able to read them. Shaken by invisible forces, turned upside down and finally hurled out of their small world - the bookshelf - into unknown space: This is what happens to the books in Julius Brauckmann's video. Saadane Afif plunges us into a world of buccaneers and corsairs, the literature is placed on undulating shelves under dried, glittering paint, like a treasure chest that has just been lifted and covered in algae. Clegg &amp; Guttmann can be considered the inventors of the public library - a principle that has spread like a grassroots revolution in cities and even in the countryside: Books are placed in a public place and anyone who takes one from the shelf adds another one themselves. The photo on the right documents a campaign in the small town of Pritzwalk in Brandenburg. Local residents were asked to collect their children's books from the GDR era. The result was a kind of cross-section through the childhoods of several generations. Reading the covers and spines of the books brings back memories of a bygone world, which is why the project stirred up numerous emotional discussions.<\/p>\n<p>Artists:<br \/>\nSaadane Afif, Jacques Andr\u00e9, Margit Bauer, Achim Bitter, Julius Brauckmann, Clegg &amp; Guttmann, Fernanda Fragateiro, Lutz Fritsch, Michael Glawogger, Rodney Graham, Thomas Hartmann, Candida H\u00f6fer, Axel H\u00fctte, Abigail Reynolds, Michel Sauer, Beatrix Schwehm, Mika Taanila, Erdem Ta\u015fdelen, Peter W\u00fcthrich, Erwin Wurm<\/p>\n<p>Exhibition:<br \/>\nMuseum of Contemporary Art Siegen, 31\/3 - 1\/9\/2019<\/p>","protected":false},"excerpt":{"rendered":"<p>Exhibition catalogue, edited by Eva Schmidt and Ines R\u00fcttinger<br \/>\nTexts (German) by Joseph Imorde and Walter Benjamin as well as texts on the artists' contributions, foreword by Eva Schmidt and Ines R\u00fcttinger<br \/>\n216 pp. with 75 double-sided colour installation photographs<br \/>\nFormat 14.8 x 10.5 cm, softcover with rounded corners<\/p>","protected":false},"featured_media":4945,"template":"","meta":[],"product_brand":[],"product_cat":[95],"product_tag":[],"class_list":{"0":"post-3529","1":"product","2":"type-product","3":"status-publish","4":"has-post-thumbnail","6":"product_cat-vergriffen","8":"first","9":"outofstock","10":"taxable","11":"shipping-taxable","12":"product-type-simple"},"aioseo_notices":[],"_wp_attached_file":null,"_wp_attachment_metadata":null,"_wc_attachment_source":null,"_elementor_inline_svg":null,"_elementor_is_screenshot":null,"_elementor_source_image_hash":null,"_source_url":null,"_wp_attachment_context":null,"_menu_item_type":null,"_menu_item_menu_item_parent":null,"_menu_item_object_id":null,"_menu_item_object":null,"_menu_item_target":null,"_menu_item_classes":null,"_menu_item_xfn":null,"_menu_item_url":null,"__elementor_forms_snapshot":null,"_unit":"","_unit_base":"","_unit_product":"","_unit_price_auto":"no","_unit_price_regular":"","_unit_price":"","_unit_price_sale":"","_sale_price_label":"","_sale_price_regular_label":"","_manufacturer_slug":"","_mini_desc":"","_defect_description":"","_safety_instructions":"","_allergen_ids":[],"_warranty_attachment_id":"","_safety_attachment_ids":[],"_min_age":"","_ts_gtin":"","_ts_mpn":"","_delivery_time_countries":[],"_free_shipping":"no","_service":"no","_photovoltaic_system":"no","_used_good":"no","_defective_copy":"no","_wireless_electronic_device":"no","_device_contains_power_supply":"no","_device_charging_supports_usb_pd":"no","_device_charging_watt_min":"0","_device_charging_watt_max":"0","_is_food":"no","_differential_taxation":"no","_gzd_version":"3.18.7","_hs_code":"","_customs_description":"","_manufacture_country":"0","_is_non_returnable":"no","_shipping_length":"","_shipping_width":"","_shipping_height":"","_sku":"ISBN 978-3-86442-292-8","_global_unique_id":"978-3-86442-292-8","_regular_price":null,"total_sales":"1","_tax_status":"taxable","_tax_class":"","_manage_stock":"no","_backorders":"no","_sold_individually":"no","_weight":"1","_virtual":"no","_downloadable":"no","_download_limit":"-1","_download_expiry":"-1","_stock":"","_stock_status":"outofstock","_wc_average_rating":"0","_wc_review_count":"0","_product_version":"10.1.4","_price":"","shopengine_product_views_count":"2855","_thumbnail_id":"4945","_product_attributes":{"erscheinungsdatum":{"name":"Publication date","value":"26.06.2019","position":0,"is_visible":1,"is_variation":0,"is_taxonomy":0,"checkout_visible":0}},"_nutrient_ids":[],"_upsell_ids":null,"pswc_subtitle":null,"_default_delivery_time":null,"_wp_desired_post_slug":null,"_isbn":null,"pageType":null,"isExternalUrl":null,"pageId":null,"externalUrl":null,"hideCookieBanner":null,"isTargetBlank":null,"isProviderCurrentWebsite":null,"isEmbeddingOnlyExternalResources":null,"legalBasis":null,"dataProcessingInCountries":null,"dataProcessingInCountriesSpecialTreatments":null,"technicalDefinitions":null,"googleConsentModeConsentTypes":null,"executePriority":null,"executeCodeOptInWhenNoTagManagerConsentIsGiven":null,"executeCodeOptOutWhenNoTagManagerConsentIsGiven":null,"deleteTechnicalDefinitionsAfterOptOut":null,"presetId":null,"presetVersion":null,"provider":null,"providerContactPhone":null,"providerContactEmail":null,"providerContactLink":null,"uniqueName":null,"providerPrivacyPolicyUrl":null,"providerLegalNoticeUrl":null,"codeOptIn":null,"codeOptOut":null,"codeOnPageLoad":null,"language_code":null,"shopengine_template__post_meta__type":null,"shopengine_template__post_meta":null,"shopengine_template__post_meta__edit_with":null,"origin":null,"_enabled":null,"_filters":null,"_layout":null,"_elementor_import_session_id":null,"_wp_trash_meta_status":null,"_wp_trash_meta_time":null,"_edit_lock":"1743590031:2","_elementor_floating_elements_type":null,"_elementor_edit_mode":null,"_elementor_template_type":null,"tc-thumb-fld":{"_thumb_id":4945,"_thumb_type":"thumb"},"_wp_page_template":"default","_elementor_version":null,"_elementor_pro_version":null,"_elementor_page_settings":null,"_elementor_data":null,"_elementor_conditions":null,"_elementor_popup_display_settings":null,"_edit_last":"2","_elementor_template_sub_type":null,"_elementor_controls_usage":null,"_elementor_screenshot":null,"_elementor_css":null,"_elementor_page_assets":[],"_elementor_element_cache":null,"_elementor_screenshot_failed":null,"_elementor_source":null,"_wp_old_date":null,"layout_key":"","post_slider_check_key":"0","_links":{"self":[{"href":"https:\/\/snoeck.de\/en\/wp-json\/wp\/v2\/product\/3529","targetHints":{"allow":["GET"]}}],"collection":[{"href":"https:\/\/snoeck.de\/en\/wp-json\/wp\/v2\/product"}],"about":[{"href":"https:\/\/snoeck.de\/en\/wp-json\/wp\/v2\/types\/product"}],"wp:featuredmedia":[{"embeddable":true,"href":"https:\/\/snoeck.de\/en\/wp-json\/wp\/v2\/media\/4945"}],"wp:attachment":[{"href":"https:\/\/snoeck.de\/en\/wp-json\/wp\/v2\/media?parent=3529"}],"wp:term":[{"taxonomy":"product_brand","embeddable":true,"href":"https:\/\/snoeck.de\/en\/wp-json\/wp\/v2\/product_brand?post=3529"},{"taxonomy":"product_cat","embeddable":true,"href":"https:\/\/snoeck.de\/en\/wp-json\/wp\/v2\/product_cat?post=3529"},{"taxonomy":"product_tag","embeddable":true,"href":"https:\/\/snoeck.de\/en\/wp-json\/wp\/v2\/product_tag?post=3529"}],"curies":[{"name":"wp","href":"https:\/\/api.w.org\/{rel}","templated":true}]}}