{"id":3549,"date":"2025-01-31T11:30:13","date_gmt":"2025-01-31T11:30:13","guid":{"rendered":"https:\/\/snoeck.process-vision.de\/shop\/ayse-erkmen-eins-zwei-drei\/"},"modified":"2025-04-01T17:54:28","modified_gmt":"2025-04-01T17:54:28","slug":"ayse-erkmen-eins-zwei-drei","status":"publish","type":"product","link":"https:\/\/snoeck.de\/en\/shop\/ayse-erkmen-eins-zwei-drei\/","title":{"rendered":"Ay\u015fe Erkmen: ONE TWO THREE"},"content":{"rendered":"<h3>Ay\u015fe Erkmen receives the Ernst Franz Vogelmann Prize 2020<\/h3>\n<p>Ay\u015fe Erkmen did not appear on the world stage of art unexpectedly, but with actions full of conceptual force. The artist, who trained as a classical sculptor in Istanbul in the early 1970s and now lives there and in Berlin, caused a worldwide sensation with her helicopter flight around M\u00fcnster Cathedral as part of the SkulpturProjekte 1997 - the helicopter had a sculpture damaged in the war on its hook - or 20 years later with the work \"On Water\", also created for the SkulpturProjekte, in which visitors were allowed to walk on water in M\u00fcnster's harbour basin. However, the contrast between Occident and Orient has little artistic relevance for her, as she seeks \"what the place and the situation demand of (her)\". In her actions, installations and interventions, Erkmen's attention is therefore focussed on the specific characteristics of the respective location. In doing so, she focuses on the incidental, the overlooked, on what conceals complexity when history and function overlap. In July 2020, Ay\u015fe Erkmen will receive the fifth Ernst Franz Vogelmann Prize for Sculpture, which has been awarded every three years in Heilbronn since 2008 - she is the first woman in the line of previous prizewinners Roman Signer, Franz Erhard Walther, Thomas Sch\u00fctte and Richard Deacon. Her temporary works disappear with the end of the exhibitions; she has always been suspicious of the permanent and fixed. Ay\u015fe Erkmen's work does not aim to create a permanent work of art, but instead uses minimal interventions on site to create a temporary state that challenges perception and remains as a memory. Over five decades, he has created an oeuvre that is always based on sculpture and characterised by sharpness of thought, sensuality and formal consistency, in which a variety of concepts, forms, media and materials intersect on the most diverse levels. The book provides a brilliant overview of this work genesis, to which the extremely instructive text by curator Rita T\u00e4uber provides an additional key.<\/p>\n<p>Exhibition:<br \/>\nMunicipal Museums Heilbronn \/ Kunsthalle Vogelmann, 18\/7 - 1\/11\/2020<\/p>","protected":false},"excerpt":{"rendered":"<p>Exhibition catalogue, St\u00e4dtische Museen Heilbronn\/Kunsthalle Vogelmann, edited by Marc Gundel with Rita E. T\u00e4uber<br \/>\nTexts (German\/English) by Rita E. T\u00e4uber, Andrea Schlieker, foreword by Marc Gundel, interview with the artist by Rita E. T\u00e4uber, biography by Rita E. T\u00e4uber and Rose Field<br \/>\n200 p. with 130 colour illustrations<br \/>\nFormat 27 x 20 cm, stiff brochure with insert<\/p>","protected":false},"featured_media":4965,"template":"","meta":[],"product_brand":[],"product_cat":[84,62],"product_tag":[],"class_list":{"0":"post-3549","1":"product","2":"type-product","3":"status-publish","4":"has-post-thumbnail","6":"product_cat-84","7":"product_cat-e","9":"first","10":"instock","11":"taxable","12":"shipping-taxable","13":"purchasable","14":"product-type-simple"},"aioseo_notices":[],"_wp_attached_file":null,"_wp_attachment_metadata":null,"_wc_attachment_source":null,"_elementor_inline_svg":null,"_elementor_is_screenshot":null,"_elementor_source_image_hash":null,"_source_url":null,"_wp_attachment_context":null,"_menu_item_type":null,"_menu_item_menu_item_parent":null,"_menu_item_object_id":null,"_menu_item_object":null,"_menu_item_target":null,"_menu_item_classes":null,"_menu_item_xfn":null,"_menu_item_url":null,"__elementor_forms_snapshot":null,"_unit":"","_unit_base":"","_unit_product":"","_unit_price_auto":"no","_unit_price_regular":"","_unit_price":"","_unit_price_sale":"","_sale_price_label":"","_sale_price_regular_label":"","_manufacturer_slug":"","_mini_desc":"","_defect_description":"","_safety_instructions":"","_allergen_ids":[],"_warranty_attachment_id":"","_safety_attachment_ids":[],"_min_age":"","_ts_gtin":"","_ts_mpn":"","_delivery_time_countries":[],"_free_shipping":"no","_service":"no","_photovoltaic_system":"no","_used_good":"no","_defective_copy":"no","_wireless_electronic_device":"no","_device_contains_power_supply":"no","_device_charging_supports_usb_pd":"no","_device_charging_watt_min":"0","_device_charging_watt_max":"0","_is_food":"no","_differential_taxation":"no","_gzd_version":"3.18.7","_hs_code":"","_customs_description":"","_manufacture_country":"0","_is_non_returnable":"no","_shipping_length":"","_shipping_width":"","_shipping_height":"","_sku":"ISBN 978-3-86442-330-7","_global_unique_id":"978-3-86442-330-7","_regular_price":"39.8","total_sales":"0","_tax_status":"taxable","_tax_class":"","_manage_stock":"no","_backorders":"no","_sold_individually":"no","_weight":"1","_virtual":"no","_downloadable":"no","_download_limit":"-1","_download_expiry":"-1","_stock":"","_stock_status":"instock","_wc_average_rating":"0","_wc_review_count":"0","_product_version":"9.7.1","_price":"39.8","shopengine_product_views_count":"3036","_thumbnail_id":"4965","_product_attributes":{"erscheinungsdatum":{"name":"Publication date","value":"02.09.2020","position":0,"is_visible":1,"is_variation":0,"is_taxonomy":0,"checkout_visible":0}},"_nutrient_ids":[],"_upsell_ids":null,"pswc_subtitle":null,"_default_delivery_time":null,"_wp_desired_post_slug":null,"_isbn":null,"pageType":null,"isExternalUrl":null,"pageId":null,"externalUrl":null,"hideCookieBanner":null,"isTargetBlank":null,"isProviderCurrentWebsite":null,"isEmbeddingOnlyExternalResources":null,"legalBasis":null,"dataProcessingInCountries":null,"dataProcessingInCountriesSpecialTreatments":null,"technicalDefinitions":null,"googleConsentModeConsentTypes":null,"executePriority":null,"executeCodeOptInWhenNoTagManagerConsentIsGiven":null,"executeCodeOptOutWhenNoTagManagerConsentIsGiven":null,"deleteTechnicalDefinitionsAfterOptOut":null,"presetId":null,"presetVersion":null,"provider":null,"providerContactPhone":null,"providerContactEmail":null,"providerContactLink":null,"uniqueName":null,"providerPrivacyPolicyUrl":null,"providerLegalNoticeUrl":null,"codeOptIn":null,"codeOptOut":null,"codeOnPageLoad":null,"language_code":null,"shopengine_template__post_meta__type":null,"shopengine_template__post_meta":null,"shopengine_template__post_meta__edit_with":null,"origin":null,"_enabled":null,"_filters":null,"_layout":null,"_elementor_import_session_id":null,"_wp_trash_meta_status":null,"_wp_trash_meta_time":null,"_edit_lock":"1743529928:2","_elementor_floating_elements_type":null,"_elementor_edit_mode":null,"_elementor_template_type":null,"tc-thumb-fld":{"_thumb_id":4965,"_thumb_type":"thumb"},"_wp_page_template":"default","_elementor_version":null,"_elementor_pro_version":null,"_elementor_page_settings":null,"_elementor_data":null,"_elementor_conditions":null,"_elementor_popup_display_settings":null,"_edit_last":"2","_elementor_template_sub_type":null,"_elementor_controls_usage":null,"_elementor_screenshot":null,"_elementor_css":null,"_elementor_page_assets":[],"_elementor_element_cache":null,"_elementor_screenshot_failed":null,"_elementor_source":null,"_wp_old_date":null,"layout_key":"","post_slider_check_key":"0","_links":{"self":[{"href":"https:\/\/snoeck.de\/en\/wp-json\/wp\/v2\/product\/3549","targetHints":{"allow":["GET"]}}],"collection":[{"href":"https:\/\/snoeck.de\/en\/wp-json\/wp\/v2\/product"}],"about":[{"href":"https:\/\/snoeck.de\/en\/wp-json\/wp\/v2\/types\/product"}],"wp:featuredmedia":[{"embeddable":true,"href":"https:\/\/snoeck.de\/en\/wp-json\/wp\/v2\/media\/4965"}],"wp:attachment":[{"href":"https:\/\/snoeck.de\/en\/wp-json\/wp\/v2\/media?parent=3549"}],"wp:term":[{"taxonomy":"product_brand","embeddable":true,"href":"https:\/\/snoeck.de\/en\/wp-json\/wp\/v2\/product_brand?post=3549"},{"taxonomy":"product_cat","embeddable":true,"href":"https:\/\/snoeck.de\/en\/wp-json\/wp\/v2\/product_cat?post=3549"},{"taxonomy":"product_tag","embeddable":true,"href":"https:\/\/snoeck.de\/en\/wp-json\/wp\/v2\/product_tag?post=3549"}],"curies":[{"name":"wp","href":"https:\/\/api.w.org\/{rel}","templated":true}]}}