{"id":3551,"date":"2025-01-31T11:30:17","date_gmt":"2025-01-31T11:30:17","guid":{"rendered":"https:\/\/snoeck.process-vision.de\/shop\/facing-the-world-from-rembrandt-to-ai-weiwei\/"},"modified":"2026-04-08T15:05:12","modified_gmt":"2026-04-08T14:05:12","slug":"facing-the-world-from-rembrandt-to-ai-weiwei","status":"publish","type":"product","link":"https:\/\/snoeck.de\/en\/shop\/facing-the-world-from-rembrandt-to-ai-weiwei\/","title":{"rendered":"Facing the World. From Rembrandt to Ai Weiwei"},"content":{"rendered":"<h3>The self-portrait<\/h3>\n<p>The self-portrait is a genuinely European genre of the visual arts and a genre of the highest topicality: whether it is a late medieval portrait in a mirror, proud self-representation in the Baroque period or the depiction of the sensitive self in Romanticism - one's own identity in the image opens up a range of themes that extends to the phenomenon of today's selfie, shared millions of times on the worldwide web. The exhibition and catalogue were conceived in an international collaboration between the museums in Karlsruhe, Lyon and Edinburgh. A compilation of over 100 works from their collections (paintings, drawings, prints and videos) demonstrates the diverse forms of human self-questioning and self-portrayal.<\/p>\n<p>Artists: Palma Vecchio, Vincenzo Campi, Simon Vouet, Jacob Marrell, George Jamesone, Rembrandt Harmensz van Rijn, Jan Lievens, Jacques Stella, Abraham van Beyeren, Gabriel Metsu, Samuel van Hoogstraaten, Hyacinthe Rigaud, Joseph Vivien, Jean-Antoine Watteau, Alexis Grimou, Alan Ramsay, David Martin, Daniel Nikolaus Chodowiecki, Alexander Runciman, Pierre R\u00e9voil, Fleury Richard, Friedrich Mosbrugger, Daniel Fohr, Georg Philipp Schmitt, Marie Ellenrieder, Sir David Wilie, Jean-Marie Jacomin, Antoine Duclaux, Claude Bonnefond, Sir Henry Raeburn, Johann Wilhelm Schirmer, Claude Lavergne, Franz Xaver Winterhalter, Hermann Winterhalter, Guido Philipp Schmitt, Michel Dumas, Louis Janmot, Anselm Feuerbach, Gustave Courbet, David Octavius Hill, Robert Adamson, John Muir Wood, Hippolyte Flandrin, Louis Lamothe, James Nasmyth, Hans Thoma, Jean-Baptiste Fr\u00e9net, Henri Fantin-Latour, \u00c9va Gonzal\u00e8s, Eug\u00e8ne Carri\u00e8re, Auguste Morisot, Jean Carri\u00e8s, Max Klinger, James Ensor, Edvard Munch, William Strang, Lucien Simon, Stanley Cursiter, Imogen Cunningham, Lovis Corinth, Francis Campbell Boileau Cadell, Henri Matisse, Ernst Ludwig Kirchner, Ludwig Meidner, Erich Heckel, Paul Klee, Max Beckmann, Duncan Grant, Georg Scholz, L\u00e9onard Tsuguharu Foujita, Wilhelm Schnarrenberger, Karl Hubbuch, Cecile Walton, Gino Severini, Alexander Kanoldt, Oskar Kokoschka, Lee Miller, WOLS, Edith Tudor-Hart, Robert Henderson Blyth, Fritz Klemm, Joseph Beuys, Marina Abramovi\u0107, Ulrike Rosenbach, John Patrick Byrne, Andy Warhol, Robert Mapplethorpe, Jan Fabre, Alison Watt, John Bellany, Helen Chadwick, Angela Palmer, Tracey Emin, John Coplans, Douglas Gordon, Bruce Nauman, Max Schoendorff, Sarah Lucas, Annie Lennox, Allan Martin, Ken Currie, Ai Weiwei, Peter Weibel\/Matthias Gommel, Bernd Lintermann\/Joachim Tesch<\/p>\n<p>Exhibitions:<br \/>\nStaatliche Kunsthalle Karlsruhe, 31\/10\/2015-30\/1\/2016<br \/>\nMus\u00e9e des Beaux-Arts de Lyon, 26\/3-26\/6\/2016<br \/>\nScottish National Galleries Edinburgh, 16\/7-16\/10\/2016<\/p>","protected":false},"excerpt":{"rendered":"<p>Exhibition catalogue, published by the Scottish National Galleries Edinburgh<br \/>\nTexts (eng.) by Michael Clarke, Alexander Eiling, Imogen Gibbon, James Hall, Pia M\u00fcller-Tamm, St\u00e9phane Paccoud, Sylvie Ramond, Tessa Rosebrock, Dorit Sch\u00e4fer, Wolfgang Ullrich, Ludmilla Virassamyna\u00efken, Pierre Vaisse<br \/>\n284 p.with 225 colour illustrations<br \/>\nFormat 30 x 24 cm, gatefold brochure<\/p>","protected":false},"featured_media":4967,"template":"","meta":[],"product_brand":[],"product_cat":[95],"product_tag":[],"class_list":{"0":"post-3551","1":"product","2":"type-product","3":"status-publish","4":"has-post-thumbnail","6":"product_cat-vergriffen","8":"first","9":"outofstock","10":"taxable","11":"shipping-taxable","12":"product-type-simple"},"aioseo_notices":[],"_wp_attached_file":null,"_wp_attachment_metadata":null,"_wc_attachment_source":null,"_elementor_inline_svg":null,"_elementor_is_screenshot":null,"_elementor_source_image_hash":null,"_source_url":null,"_wp_attachment_context":null,"_menu_item_type":null,"_menu_item_menu_item_parent":null,"_menu_item_object_id":null,"_menu_item_object":null,"_menu_item_target":null,"_menu_item_classes":null,"_menu_item_xfn":null,"_menu_item_url":null,"__elementor_forms_snapshot":null,"_unit":"","_unit_base":"","_unit_product":"","_unit_price_auto":"no","_unit_price_regular":"","_unit_price":"","_unit_price_sale":"","_sale_price_label":"","_sale_price_regular_label":"","_manufacturer_slug":"","_mini_desc":"","_defect_description":"","_safety_instructions":"","_allergen_ids":[],"_warranty_attachment_id":"","_safety_attachment_ids":[],"_min_age":"","_ts_gtin":"","_ts_mpn":"","_delivery_time_countries":[],"_free_shipping":"no","_service":"no","_photovoltaic_system":"no","_used_good":"no","_defective_copy":"no","_wireless_electronic_device":"no","_device_contains_power_supply":"no","_device_charging_supports_usb_pd":"no","_device_charging_watt_min":"0","_device_charging_watt_max":"0","_is_food":"no","_differential_taxation":"no","_gzd_version":"3.18.7","_hs_code":"","_customs_description":"","_manufacture_country":"0","_is_non_returnable":"no","_shipping_length":"","_shipping_width":"","_shipping_height":"","_sku":"ISBN 978-3-86442-139-6","_global_unique_id":"978-3-86442-139-6","_regular_price":null,"total_sales":"0","_tax_status":"taxable","_tax_class":"","_manage_stock":"no","_backorders":"no","_sold_individually":"no","_weight":"2","_virtual":"no","_downloadable":"no","_download_limit":"-1","_download_expiry":"-1","_stock":"","_stock_status":"outofstock","_wc_average_rating":"0","_wc_review_count":"0","_product_version":"10.1.4","_price":"","shopengine_product_views_count":"3112","_thumbnail_id":"4967","_product_attributes":{"erscheinungsdatum":{"name":"Publication date","value":"23.03.2016","position":0,"is_visible":1,"is_variation":0,"is_taxonomy":0,"checkout_visible":0}},"_nutrient_ids":[],"_upsell_ids":null,"pswc_subtitle":null,"_default_delivery_time":"","_wp_desired_post_slug":null,"_isbn":null,"pageType":null,"isExternalUrl":null,"pageId":null,"externalUrl":null,"hideCookieBanner":null,"isTargetBlank":null,"isProviderCurrentWebsite":null,"isEmbeddingOnlyExternalResources":null,"legalBasis":null,"dataProcessingInCountries":null,"dataProcessingInCountriesSpecialTreatments":null,"technicalDefinitions":null,"googleConsentModeConsentTypes":null,"executePriority":null,"executeCodeOptInWhenNoTagManagerConsentIsGiven":null,"executeCodeOptOutWhenNoTagManagerConsentIsGiven":null,"deleteTechnicalDefinitionsAfterOptOut":null,"presetId":null,"presetVersion":null,"provider":null,"providerContactPhone":null,"providerContactEmail":null,"providerContactLink":null,"uniqueName":null,"providerPrivacyPolicyUrl":null,"providerLegalNoticeUrl":null,"codeOptIn":null,"codeOptOut":null,"codeOnPageLoad":null,"language_code":null,"shopengine_template__post_meta__type":null,"shopengine_template__post_meta":null,"shopengine_template__post_meta__edit_with":null,"origin":null,"_enabled":null,"_filters":null,"_layout":null,"_elementor_import_session_id":null,"_wp_trash_meta_status":null,"_wp_trash_meta_time":null,"_edit_lock":"1743604696:2","_elementor_floating_elements_type":null,"_elementor_edit_mode":null,"_elementor_template_type":null,"tc-thumb-fld":{"_thumb_id":4967,"_thumb_type":"thumb"},"_wp_page_template":"default","_elementor_version":null,"_elementor_pro_version":null,"_elementor_page_settings":null,"_elementor_data":null,"_elementor_conditions":null,"_elementor_popup_display_settings":null,"_edit_last":"2","_elementor_template_sub_type":null,"_elementor_controls_usage":null,"_elementor_screenshot":null,"_elementor_css":null,"_elementor_page_assets":[],"_elementor_element_cache":null,"_elementor_screenshot_failed":null,"_elementor_source":null,"_wp_old_date":null,"layout_key":"","post_slider_check_key":"0","_links":{"self":[{"href":"https:\/\/snoeck.de\/en\/wp-json\/wp\/v2\/product\/3551","targetHints":{"allow":["GET"]}}],"collection":[{"href":"https:\/\/snoeck.de\/en\/wp-json\/wp\/v2\/product"}],"about":[{"href":"https:\/\/snoeck.de\/en\/wp-json\/wp\/v2\/types\/product"}],"wp:featuredmedia":[{"embeddable":true,"href":"https:\/\/snoeck.de\/en\/wp-json\/wp\/v2\/media\/4967"}],"wp:attachment":[{"href":"https:\/\/snoeck.de\/en\/wp-json\/wp\/v2\/media?parent=3551"}],"wp:term":[{"taxonomy":"product_brand","embeddable":true,"href":"https:\/\/snoeck.de\/en\/wp-json\/wp\/v2\/product_brand?post=3551"},{"taxonomy":"product_cat","embeddable":true,"href":"https:\/\/snoeck.de\/en\/wp-json\/wp\/v2\/product_cat?post=3551"},{"taxonomy":"product_tag","embeddable":true,"href":"https:\/\/snoeck.de\/en\/wp-json\/wp\/v2\/product_tag?post=3551"}],"curies":[{"name":"wp","href":"https:\/\/api.w.org\/{rel}","templated":true}]}}