{"id":3562,"date":"2025-01-31T11:30:23","date_gmt":"2025-01-31T11:30:23","guid":{"rendered":"https:\/\/snoeck.process-vision.de\/shop\/guenther-foerg-felder-raender\/"},"modified":"2025-04-01T17:26:02","modified_gmt":"2025-04-01T17:26:02","slug":"guenther-foerg-felder-raender","status":"publish","type":"product","link":"https:\/\/snoeck.de\/en\/shop\/guenther-foerg-felder-raender\/","title":{"rendered":"G\u00fcnther F\u00f6rg: Fields - Margins"},"content":{"rendered":"<h3>Fearless F\u00f6rg ...<\/h3>\n<p>writes Rudi Fuchs and continues: \"There is a certain chronology in G\u00fcnther F\u00f6rg's work: when he used a certain strategy for the first time, and what followed. But it has little meaning in view of his working method. Mondrian, it seems, made one variation after another in his abstract phase, each time more precise than the last. There is the idea of progress in his art. G\u00fcnther F\u00f6rg, on the other hand, goes round in circles. So there is no reason why a particular design should not be used again. With each new application of a design, new effects will emerge, which will enter his ever-growing repertoire as artistic knowledge. For example, consider the following design: painted grids of very short, intersecting lines. The grids can be loose or compact, richly coloured or sparse. Finally, you can also vary the length of the lines or combine fragments of different grids loosely and at random to create a kind of collage. In the recent exhibition in Zurich, I also saw a painting with a very dense grid in flaming red, more luminous than I had ever seen before. Another new invention: apparently the grid method is inexhaustible in the relaxed way G\u00fcnther F\u00f6rg uses it. He is an adventurer. The early abstract masters had the urge to control their practice. They were very circumspect, Mondrian and Malevich. We know from their writings the extent to which they saw their art as spiritual. They needed that sense of affirmation. Schwitters and Mir\u00f2 were less principled, but still carried the philosophical peculiarity of making abstract art as a responsibility. G\u00fcnther F\u00f6rg is not concerned with any of these obstacles. This is why, in his laconic design of pictorial constructions, he is able to unfold and realise the entire spectrum of visual richness that only abstract art can offer. After a long career of geometric art, his great colleague Sol Lewitt began to produce colourful drawings with sweeping, undulating lines. A violation of the principle? That was what some critics thought: Sol had gone astray. Why, they asked? Sol was silent for a moment and then said: Why not? Indeed. At this point, also in G\u00fcnther F\u00f6rg's work, abstract art, the grandiose modern invention, has arrived - at the comprehensive, unrestricted, fearless handling of all its ways and means.\"<\/p>","protected":false},"excerpt":{"rendered":"<p>Texts (ital.\/dt.\/eng.) by Rudi Fuchs, Max Wechsler<br \/>\n144 p. with 100 colour illustrations<br \/>\nFormat 32 x 24.5 mm, cloth binding, embossed title and spine, double-folded dust jacket<\/p>","protected":false},"featured_media":4978,"template":"","meta":[],"product_brand":[],"product_cat":[117,63,92],"product_tag":[],"class_list":{"0":"post-3562","1":"product","2":"type-product","3":"status-publish","4":"has-post-thumbnail","6":"product_cat-117","7":"product_cat-f","8":"product_cat-guenther-foerg","10":"first","11":"instock","12":"taxable","13":"shipping-taxable","14":"purchasable","15":"product-type-simple"},"aioseo_notices":[],"_wp_attached_file":null,"_wp_attachment_metadata":null,"_wc_attachment_source":null,"_elementor_inline_svg":null,"_elementor_is_screenshot":null,"_elementor_source_image_hash":null,"_source_url":null,"_wp_attachment_context":null,"_menu_item_type":null,"_menu_item_menu_item_parent":null,"_menu_item_object_id":null,"_menu_item_object":null,"_menu_item_target":null,"_menu_item_classes":null,"_menu_item_xfn":null,"_menu_item_url":null,"__elementor_forms_snapshot":null,"_unit":"","_unit_base":"","_unit_product":"","_unit_price_auto":"no","_unit_price_regular":"","_unit_price":"","_unit_price_sale":"","_sale_price_label":"","_sale_price_regular_label":"","_manufacturer_slug":"","_mini_desc":"","_defect_description":"","_safety_instructions":"","_allergen_ids":[],"_warranty_attachment_id":"","_safety_attachment_ids":[],"_min_age":"","_ts_gtin":"","_ts_mpn":"","_delivery_time_countries":[],"_free_shipping":"no","_service":"no","_photovoltaic_system":"no","_used_good":"no","_defective_copy":"no","_wireless_electronic_device":"no","_device_contains_power_supply":"no","_device_charging_supports_usb_pd":"no","_device_charging_watt_min":"0","_device_charging_watt_max":"0","_is_food":"no","_differential_taxation":"no","_gzd_version":"3.18.7","_hs_code":"","_customs_description":"","_manufacture_country":"0","_is_non_returnable":"no","_shipping_length":"","_shipping_width":"","_shipping_height":"","_sku":"ISBN 978-3-936859-65-2","_global_unique_id":"978-3-936859-65-2","_regular_price":"148","total_sales":"0","_tax_status":"taxable","_tax_class":"","_manage_stock":"no","_backorders":"no","_sold_individually":"no","_weight":"2","_virtual":"no","_downloadable":"no","_download_limit":"-1","_download_expiry":"-1","_stock":"","_stock_status":"instock","_wc_average_rating":"0","_wc_review_count":"0","_product_version":"9.7.1","_price":"148","shopengine_product_views_count":"2808","_thumbnail_id":"4978","_product_attributes":{"erscheinungsdatum":{"name":"Publication date","value":"15.05.2007","position":0,"is_visible":1,"is_variation":0,"is_taxonomy":0,"checkout_visible":0}},"_nutrient_ids":[],"_upsell_ids":null,"pswc_subtitle":null,"_default_delivery_time":null,"_wp_desired_post_slug":null,"_isbn":null,"pageType":null,"isExternalUrl":null,"pageId":null,"externalUrl":null,"hideCookieBanner":null,"isTargetBlank":null,"isProviderCurrentWebsite":null,"isEmbeddingOnlyExternalResources":null,"legalBasis":null,"dataProcessingInCountries":null,"dataProcessingInCountriesSpecialTreatments":null,"technicalDefinitions":null,"googleConsentModeConsentTypes":null,"executePriority":null,"executeCodeOptInWhenNoTagManagerConsentIsGiven":null,"executeCodeOptOutWhenNoTagManagerConsentIsGiven":null,"deleteTechnicalDefinitionsAfterOptOut":null,"presetId":null,"presetVersion":null,"provider":null,"providerContactPhone":null,"providerContactEmail":null,"providerContactLink":null,"uniqueName":null,"providerPrivacyPolicyUrl":null,"providerLegalNoticeUrl":null,"codeOptIn":null,"codeOptOut":null,"codeOnPageLoad":null,"language_code":null,"shopengine_template__post_meta__type":null,"shopengine_template__post_meta":null,"shopengine_template__post_meta__edit_with":null,"origin":null,"_enabled":null,"_filters":null,"_layout":null,"_elementor_import_session_id":null,"_wp_trash_meta_status":null,"_wp_trash_meta_time":null,"_edit_lock":"1743528224:2","_elementor_floating_elements_type":null,"_elementor_edit_mode":null,"_elementor_template_type":null,"tc-thumb-fld":{"_thumb_id":4978,"_thumb_type":"thumb"},"_wp_page_template":"default","_elementor_version":null,"_elementor_pro_version":null,"_elementor_page_settings":null,"_elementor_data":null,"_elementor_conditions":null,"_elementor_popup_display_settings":null,"_edit_last":"2","_elementor_template_sub_type":null,"_elementor_controls_usage":null,"_elementor_screenshot":null,"_elementor_css":null,"_elementor_page_assets":[],"_elementor_element_cache":null,"_elementor_screenshot_failed":null,"_elementor_source":null,"_wp_old_date":null,"layout_key":"","post_slider_check_key":"0","_links":{"self":[{"href":"https:\/\/snoeck.de\/en\/wp-json\/wp\/v2\/product\/3562","targetHints":{"allow":["GET"]}}],"collection":[{"href":"https:\/\/snoeck.de\/en\/wp-json\/wp\/v2\/product"}],"about":[{"href":"https:\/\/snoeck.de\/en\/wp-json\/wp\/v2\/types\/product"}],"wp:featuredmedia":[{"embeddable":true,"href":"https:\/\/snoeck.de\/en\/wp-json\/wp\/v2\/media\/4978"}],"wp:attachment":[{"href":"https:\/\/snoeck.de\/en\/wp-json\/wp\/v2\/media?parent=3562"}],"wp:term":[{"taxonomy":"product_brand","embeddable":true,"href":"https:\/\/snoeck.de\/en\/wp-json\/wp\/v2\/product_brand?post=3562"},{"taxonomy":"product_cat","embeddable":true,"href":"https:\/\/snoeck.de\/en\/wp-json\/wp\/v2\/product_cat?post=3562"},{"taxonomy":"product_tag","embeddable":true,"href":"https:\/\/snoeck.de\/en\/wp-json\/wp\/v2\/product_tag?post=3562"}],"curies":[{"name":"wp","href":"https:\/\/api.w.org\/{rel}","templated":true}]}}