{"id":3564,"date":"2025-01-31T11:30:24","date_gmt":"2025-01-31T11:30:24","guid":{"rendered":"https:\/\/snoeck.process-vision.de\/shop\/guenther-foerg-kunsthalle-bremen-fotografie\/"},"modified":"2025-04-01T17:18:39","modified_gmt":"2025-04-01T17:18:39","slug":"guenther-foerg-kunsthalle-bremen-fotografie","status":"publish","type":"product","link":"https:\/\/snoeck.de\/en\/shop\/guenther-foerg-kunsthalle-bremen-fotografie\/","title":{"rendered":"G\u00fcnther F\u00f6rg: Kunsthalle Bremen - Photography"},"content":{"rendered":"<h3>G\u00fcnther F\u00f6rg at the Kunsthalle Bremen: Photography<\/h3>\n<p>The Kunsthalle Bremen dedicated a survey exhibition to G\u00fcnther F\u00f6rg's wide-ranging photographic work on modernist architecture with large-format works from 1982 to 2004. G\u00fcnther F\u00f6rg's exhibition at the Kunstverein M\u00fcnster was the first time that the approximately 2 metres 40 by 1 metre 60 works reflecting the architecture of the space caused a great stir. The show in Bremen now included these as well as earlier portraits, self-portraits and works from Italy on the architecture of Guiseppe Terragni. In addition, there was the staircase of the Alte Pinakothek in Munich by Hans D\u00f6llgast as well as the staircases from Madrid and Athens and then, from 1986, the pictures of the Villa Wittgenstein. Also grouped together are the fa\u00e7ades of Melnikov, fa\u00e7ades from Tel Aviv and Hamburg's Speicherstadt from 1997 as well as photographs of Alvaro Siza's School of Journalism in Santiago de Compostella from 2003. The book, compiled entirely in sequence by the artist himself, mixes the cross-section of his work on display once again with such famous photographs as those of Villa Malaparte, Villa Tugenhat by Mies van der Rohe or Haus Lange in Krefeld.<\/p>\n<p>Exhibition:<br \/>\nKunsthalle Bremen, 11\/6 - 16\/7\/2006<\/p>","protected":false},"excerpt":{"rendered":"<p>Exhibition catalogue, published by Kunstverein and Kunsthalle Bremen<br \/>\nText (German\/English) by Max Wechsler<br \/>\n172 pp. with 162 colour and duotone illustrations<br \/>\nFormat 32 x 22.5 cm, hardcover with dust jacket<\/p>","protected":false},"featured_media":4980,"template":"","meta":[],"product_brand":[],"product_cat":[109,63,92],"product_tag":[],"class_list":{"0":"post-3564","1":"product","2":"type-product","3":"status-publish","4":"has-post-thumbnail","6":"product_cat-109","7":"product_cat-f","8":"product_cat-guenther-foerg","10":"first","11":"instock","12":"taxable","13":"shipping-taxable","14":"purchasable","15":"product-type-simple"},"aioseo_notices":[],"_wp_attached_file":null,"_wp_attachment_metadata":null,"_wc_attachment_source":null,"_elementor_inline_svg":null,"_elementor_is_screenshot":null,"_elementor_source_image_hash":null,"_source_url":null,"_wp_attachment_context":null,"_menu_item_type":null,"_menu_item_menu_item_parent":null,"_menu_item_object_id":null,"_menu_item_object":null,"_menu_item_target":null,"_menu_item_classes":null,"_menu_item_xfn":null,"_menu_item_url":null,"__elementor_forms_snapshot":null,"_unit":"","_unit_base":"","_unit_product":"","_unit_price_auto":"no","_unit_price_regular":"","_unit_price":"","_unit_price_sale":"","_sale_price_label":"","_sale_price_regular_label":"","_manufacturer_slug":"","_mini_desc":"","_defect_description":"","_safety_instructions":"","_allergen_ids":[],"_warranty_attachment_id":"","_safety_attachment_ids":[],"_min_age":"","_ts_gtin":"","_ts_mpn":"","_delivery_time_countries":[],"_free_shipping":"no","_service":"no","_photovoltaic_system":"no","_used_good":"no","_defective_copy":"no","_wireless_electronic_device":"no","_device_contains_power_supply":"no","_device_charging_supports_usb_pd":"no","_device_charging_watt_min":"0","_device_charging_watt_max":"0","_is_food":"no","_differential_taxation":"no","_gzd_version":"3.18.7","_hs_code":"","_customs_description":"","_manufacture_country":"0","_is_non_returnable":"no","_shipping_length":"","_shipping_width":"","_shipping_height":"","_sku":"ISBN 978-3-936859-44-7","_global_unique_id":"978-3-936859-44-7","_regular_price":"148","total_sales":"0","_tax_status":"taxable","_tax_class":"","_manage_stock":"no","_backorders":"no","_sold_individually":"no","_weight":"2","_virtual":"no","_downloadable":"no","_download_limit":"-1","_download_expiry":"-1","_stock":"","_stock_status":"instock","_wc_average_rating":"0","_wc_review_count":"0","_product_version":"9.7.1","_price":"148","shopengine_product_views_count":"2854","_thumbnail_id":"4980","_product_attributes":{"erscheinungsdatum":{"name":"Publication date","value":"11.06.2006","position":0,"is_visible":1,"is_variation":0,"is_taxonomy":0,"checkout_visible":0}},"_nutrient_ids":[],"_upsell_ids":null,"pswc_subtitle":null,"_default_delivery_time":null,"_wp_desired_post_slug":null,"_isbn":null,"pageType":null,"isExternalUrl":null,"pageId":null,"externalUrl":null,"hideCookieBanner":null,"isTargetBlank":null,"isProviderCurrentWebsite":null,"isEmbeddingOnlyExternalResources":null,"legalBasis":null,"dataProcessingInCountries":null,"dataProcessingInCountriesSpecialTreatments":null,"technicalDefinitions":null,"googleConsentModeConsentTypes":null,"executePriority":null,"executeCodeOptInWhenNoTagManagerConsentIsGiven":null,"executeCodeOptOutWhenNoTagManagerConsentIsGiven":null,"deleteTechnicalDefinitionsAfterOptOut":null,"presetId":null,"presetVersion":null,"provider":null,"providerContactPhone":null,"providerContactEmail":null,"providerContactLink":null,"uniqueName":null,"providerPrivacyPolicyUrl":null,"providerLegalNoticeUrl":null,"codeOptIn":null,"codeOptOut":null,"codeOnPageLoad":null,"language_code":null,"shopengine_template__post_meta__type":null,"shopengine_template__post_meta":null,"shopengine_template__post_meta__edit_with":null,"origin":null,"_enabled":null,"_filters":null,"_layout":null,"_elementor_import_session_id":null,"_wp_trash_meta_status":null,"_wp_trash_meta_time":null,"_edit_lock":"1743527785:2","_elementor_floating_elements_type":null,"_elementor_edit_mode":null,"_elementor_template_type":null,"tc-thumb-fld":{"_thumb_id":4980,"_thumb_type":"thumb"},"_wp_page_template":"default","_elementor_version":null,"_elementor_pro_version":null,"_elementor_page_settings":null,"_elementor_data":null,"_elementor_conditions":null,"_elementor_popup_display_settings":null,"_edit_last":"2","_elementor_template_sub_type":null,"_elementor_controls_usage":null,"_elementor_screenshot":null,"_elementor_css":null,"_elementor_page_assets":[],"_elementor_element_cache":null,"_elementor_screenshot_failed":null,"_elementor_source":null,"_wp_old_date":null,"layout_key":"","post_slider_check_key":"0","_links":{"self":[{"href":"https:\/\/snoeck.de\/en\/wp-json\/wp\/v2\/product\/3564","targetHints":{"allow":["GET"]}}],"collection":[{"href":"https:\/\/snoeck.de\/en\/wp-json\/wp\/v2\/product"}],"about":[{"href":"https:\/\/snoeck.de\/en\/wp-json\/wp\/v2\/types\/product"}],"wp:featuredmedia":[{"embeddable":true,"href":"https:\/\/snoeck.de\/en\/wp-json\/wp\/v2\/media\/4980"}],"wp:attachment":[{"href":"https:\/\/snoeck.de\/en\/wp-json\/wp\/v2\/media?parent=3564"}],"wp:term":[{"taxonomy":"product_brand","embeddable":true,"href":"https:\/\/snoeck.de\/en\/wp-json\/wp\/v2\/product_brand?post=3564"},{"taxonomy":"product_cat","embeddable":true,"href":"https:\/\/snoeck.de\/en\/wp-json\/wp\/v2\/product_cat?post=3564"},{"taxonomy":"product_tag","embeddable":true,"href":"https:\/\/snoeck.de\/en\/wp-json\/wp\/v2\/product_tag?post=3564"}],"curies":[{"name":"wp","href":"https:\/\/api.w.org\/{rel}","templated":true}]}}