{"id":3570,"date":"2025-01-31T11:30:28","date_gmt":"2025-01-31T11:30:28","guid":{"rendered":"https:\/\/snoeck.process-vision.de\/shop\/guenther-foerg-wandmalerei-1978-2013\/"},"modified":"2025-04-01T16:57:13","modified_gmt":"2025-04-01T16:57:13","slug":"guenther-foerg-wandmalerei-1978-2013","status":"publish","type":"product","link":"https:\/\/snoeck.de\/en\/shop\/guenther-foerg-wandmalerei-1978-2013\/","title":{"rendered":"G\u00fcnther F\u00f6rg: Wandmalerei \/ Wall Paintings 1978-2013"},"content":{"rendered":"<h3>A first summary insight into a fundamental and at the same time extremely extensive aspect of the work<\/h3>\n<p>When G\u00fcnther F\u00f6rg died on 5 December 2013, he had been working intensively on a catalogue raisonn\u00e9 of his murals that same year, but was no longer able to complete it. G\u00fcnther F\u00f6rg's murals are one of the central aspects of his entire artistic oeuvre. They opened up many different presentation possibilities for him, could be combined with photographic and painterly works and were always intended as a clarification of the space, as a source of rhythm for its inner structure. He was in no way inferior to his great historical predecessors, whether Malevich, Rothko or Palermo, in his light-footed appropriation, and was perhaps even superior to them from time to time. In any case, quite a few of his fellow artists of the same age envy him today for when and how he knew how to deal with individual rooms and entire spaces with aplomb. In 1986, Max Wechsler wrote in the newspaper \"Vaterland\" on the occasion of G\u00fcnther F\u00f6rg's exhibition at the Bern Kunsthalle that \"spatial design and image presentation interpenetrate quite naturally. Initially, the rooms exude a cool, almost design-like elegance that emphasises the unique architecture of the Kunsthalle and invites visitors to take a kind of stroll. Gradually, however, the calculation of the staging becomes effective and the exaggerated presence of the rooms begins to radiate, opening up other spaces: Insights and views. Structures become effective, moods are conjured up and feelings are aroused; a complex system of relationships opens up, simultaneously breaking up and holding the whole together.\"<br \/>\nThe present volume now takes up the artist's notebooks and facsimiles them. A catalogue raisonn\u00e9 must be reserved for later, careful scholarly work. What this publication aims to do, however, is to provide an initial summary insight into this fundamental and at the same time extremely extensive aspect of his work. To this end, G\u00fcnther F\u00f6rg's handwritten corrections to the data sheets have been carefully facsimiled and some sheets have been supplemented with almost identical colour samples.<\/p>\n<p>Exhibition:<br \/>\nDeichtorhallen Hamburg, 31\/7 - 25\/10\/2015<\/p>","protected":false},"excerpt":{"rendered":"<p>Edited by Editions Traverses S\u00e0rl, M\u00fcnchenstein, Suisse, and Michael Neff, Frankfurt\/Main<br \/>\nText (German\/English) by Max Wechsler<br \/>\n392 p. with 250 colour illustrations<br \/>\nFormat 29.7 x 21 cm, linen cover embossed white<\/p>","protected":false},"featured_media":4985,"template":"","meta":[],"product_brand":[],"product_cat":[102,63,92],"product_tag":[],"class_list":{"0":"post-3570","1":"product","2":"type-product","3":"status-publish","4":"has-post-thumbnail","6":"product_cat-102","7":"product_cat-f","8":"product_cat-guenther-foerg","10":"first","11":"instock","12":"taxable","13":"shipping-taxable","14":"purchasable","15":"product-type-simple"},"aioseo_notices":[],"_wp_attached_file":null,"_wp_attachment_metadata":null,"_wc_attachment_source":null,"_elementor_inline_svg":null,"_elementor_is_screenshot":null,"_elementor_source_image_hash":null,"_source_url":null,"_wp_attachment_context":null,"_menu_item_type":null,"_menu_item_menu_item_parent":null,"_menu_item_object_id":null,"_menu_item_object":null,"_menu_item_target":null,"_menu_item_classes":null,"_menu_item_xfn":null,"_menu_item_url":null,"__elementor_forms_snapshot":null,"_unit":"","_unit_base":"","_unit_product":"","_unit_price_auto":"no","_unit_price_regular":"","_unit_price":"","_unit_price_sale":"","_sale_price_label":"","_sale_price_regular_label":"","_manufacturer_slug":"","_mini_desc":"","_defect_description":"","_safety_instructions":"","_allergen_ids":[],"_warranty_attachment_id":"","_safety_attachment_ids":[],"_min_age":"","_ts_gtin":"","_ts_mpn":"","_delivery_time_countries":[],"_free_shipping":"no","_service":"no","_photovoltaic_system":"no","_used_good":"no","_defective_copy":"no","_wireless_electronic_device":"no","_device_contains_power_supply":"no","_device_charging_supports_usb_pd":"no","_device_charging_watt_min":"0","_device_charging_watt_max":"0","_is_food":"no","_differential_taxation":"no","_gzd_version":"3.18.7","_hs_code":"","_customs_description":"","_manufacture_country":"0","_is_non_returnable":"no","_shipping_length":"","_shipping_width":"","_shipping_height":"","_sku":"ISBN 978-3-86442-130-3","_global_unique_id":"978-3-86442-130-3","_regular_price":"148","total_sales":"0","_tax_status":"taxable","_tax_class":"","_manage_stock":"no","_backorders":"no","_sold_individually":"no","_weight":"3","_virtual":"no","_downloadable":"no","_download_limit":"-1","_download_expiry":"-1","_stock":"","_stock_status":"instock","_wc_average_rating":"0","_wc_review_count":"0","_product_version":"9.7.1","_price":"148","shopengine_product_views_count":"2709","_thumbnail_id":"4985","_product_attributes":{"erscheinungsdatum":{"name":"Publication date","value":"31.07.2015","position":0,"is_visible":1,"is_variation":0,"is_taxonomy":0,"checkout_visible":0}},"_nutrient_ids":[],"_upsell_ids":null,"pswc_subtitle":null,"_default_delivery_time":null,"_wp_desired_post_slug":null,"_isbn":null,"pageType":null,"isExternalUrl":null,"pageId":null,"externalUrl":null,"hideCookieBanner":null,"isTargetBlank":null,"isProviderCurrentWebsite":null,"isEmbeddingOnlyExternalResources":null,"legalBasis":null,"dataProcessingInCountries":null,"dataProcessingInCountriesSpecialTreatments":null,"technicalDefinitions":null,"googleConsentModeConsentTypes":null,"executePriority":null,"executeCodeOptInWhenNoTagManagerConsentIsGiven":null,"executeCodeOptOutWhenNoTagManagerConsentIsGiven":null,"deleteTechnicalDefinitionsAfterOptOut":null,"presetId":null,"presetVersion":null,"provider":null,"providerContactPhone":null,"providerContactEmail":null,"providerContactLink":null,"uniqueName":null,"providerPrivacyPolicyUrl":null,"providerLegalNoticeUrl":null,"codeOptIn":null,"codeOptOut":null,"codeOnPageLoad":null,"language_code":null,"shopengine_template__post_meta__type":null,"shopengine_template__post_meta":null,"shopengine_template__post_meta__edit_with":null,"origin":null,"_enabled":null,"_filters":null,"_layout":null,"_elementor_import_session_id":null,"_wp_trash_meta_status":null,"_wp_trash_meta_time":null,"_edit_lock":"1743526564:2","_elementor_floating_elements_type":null,"_elementor_edit_mode":null,"_elementor_template_type":null,"tc-thumb-fld":{"_thumb_id":4985,"_thumb_type":"thumb"},"_wp_page_template":"default","_elementor_version":null,"_elementor_pro_version":null,"_elementor_page_settings":null,"_elementor_data":null,"_elementor_conditions":null,"_elementor_popup_display_settings":null,"_edit_last":"2","_elementor_template_sub_type":null,"_elementor_controls_usage":null,"_elementor_screenshot":null,"_elementor_css":null,"_elementor_page_assets":[],"_elementor_element_cache":null,"_elementor_screenshot_failed":null,"_elementor_source":null,"_wp_old_date":null,"layout_key":"","post_slider_check_key":"0","_links":{"self":[{"href":"https:\/\/snoeck.de\/en\/wp-json\/wp\/v2\/product\/3570","targetHints":{"allow":["GET"]}}],"collection":[{"href":"https:\/\/snoeck.de\/en\/wp-json\/wp\/v2\/product"}],"about":[{"href":"https:\/\/snoeck.de\/en\/wp-json\/wp\/v2\/types\/product"}],"wp:featuredmedia":[{"embeddable":true,"href":"https:\/\/snoeck.de\/en\/wp-json\/wp\/v2\/media\/4985"}],"wp:attachment":[{"href":"https:\/\/snoeck.de\/en\/wp-json\/wp\/v2\/media?parent=3570"}],"wp:term":[{"taxonomy":"product_brand","embeddable":true,"href":"https:\/\/snoeck.de\/en\/wp-json\/wp\/v2\/product_brand?post=3570"},{"taxonomy":"product_cat","embeddable":true,"href":"https:\/\/snoeck.de\/en\/wp-json\/wp\/v2\/product_cat?post=3570"},{"taxonomy":"product_tag","embeddable":true,"href":"https:\/\/snoeck.de\/en\/wp-json\/wp\/v2\/product_tag?post=3570"}],"curies":[{"name":"wp","href":"https:\/\/api.w.org\/{rel}","templated":true}]}}