{"id":3584,"date":"2025-01-31T11:30:36","date_gmt":"2025-01-31T11:30:36","guid":{"rendered":"https:\/\/snoeck.process-vision.de\/shop\/thierry-geoffroy-colonel-a-propulsive-retrospective\/"},"modified":"2025-04-01T16:30:59","modified_gmt":"2025-04-01T16:30:59","slug":"thierry-geoffroy-colonel-a-propulsive-retrospective","status":"publish","type":"product","link":"https:\/\/snoeck.de\/en\/shop\/thierry-geoffroy-colonel-a-propulsive-retrospective\/","title":{"rendered":"Thierry Geoffroy | Colonel: A PROPULSIVE RETROSPECTIVE. Format Art | Awareness Muscle | Emergency Art | Ultracontemporary | Biennalist | Moving Exhibitions | Critical Run | Delay Museum | Apathy Lab | Extracteur"},"content":{"rendered":"<p>Following his solo exhibition, THE AWARENESS MUSCLE TRAINING CENTER, Villa Stuck and Snoeck are delighted to present the first comprehensive monograph of THIERRY GEOFFROY \/ COLONEL. The multifaceted work of the conceptual artist, who was born in Nancy (France) in 1961, can be traced here over more than four decades. He is probably best known for the formats of his EMERGENCY ART.<br \/>\n\"Thierry Geoffroy\/ Colonel: A Propulsive Retrospective\" presents 22 different Art Formats, including EMERGENCY ROOM, CRITICAL RUN and BIENNALIST, which he has presented in institutions around the world. Geoffroy describes his Format Art as an artistic response to globalisation, offering the individual a form of self-expression that can be called up again and again, enabling everyone to respond to emergencies and real problems in the here and now.<br \/>\nThrough format art and other ULTRACONTEMPORARY art concepts, Geoffroy has attempted to address social and political grievances and has also shown how artists can find solutions. This monograph analyses the forms that Geoffroy's art has taken from its beginnings to the present day, with chapters devoted to his photography, painting, language-based works, media art and exhibition platforms.<br \/>\nIn this monograph, art historians and long-time collaborators of the artist offer in-depth analyses of his artistic practice, i.e. his mobility and flexibility as well as his constant endeavour to be one step \"ahead\" of chance and his time. Accompanied by more than 1,000 illustrations, their contributions show how carefully Geoffroy conceived his works to convey and channel messages on the themes of identity, migration, war, propaganda or climate change. A comprehensive chronology of Geoffroy's work, listing his numerous exhibitions and interventions at countless institutions and events, reveals the artist's breadth and ongoing ambition to sensitise people to their true potential for action in the face of crises.<br \/>\nGeoffroy's prolific output, strongly driven by a sense of urgency, is nevertheless characterised by conviviality, generosity and, above all, a sense of harmony. Geoffroy's work is strategically frontal, poetic, humorous, critical of himself and institutions, but also deeply personal. His irrepressible energy has led to an art movement of his own, centred on \"Emergency Art\", which questions the state of \"delay\" that paralyses contemporary art and the world around it.<br \/>\nThe subtitle of this monograph, \"A Propulsive Retrospective\", stands for the \"forward-looking\" character of this publication, with which the past is condensed and analysed and at the same time wants to contribute to further advancing the mission of combating apathy in the future. The publication will be accompanied by a series of international presentations and seminars in which the theses of Geoffroy's work will be presented, further promoted, researched and deepened.<\/p>","protected":false},"excerpt":{"rendered":"<p>Exhibition catalogue, Villa Stuck Munich, edited by Michael Buhrs and Christian Ganzenberg<br \/>\nTexts (eng.) by Sebastian Baden, Michael Buhrs, Jonatan Habib Engqvist, Carsten Friberg, Morten Friis, Christian Ganzenberg, Elena Hansen, S\u00e9amus Kealy, Tijana Mi\u0161kovi\u0107, Susana Puente Matos, Marie-France Rafael, Johanne Schr\u00f8der, Inka Schube and contributions by Mikkel B\u00f8gh, Raphael Chikukwa, Julia Draganovi\u0107, Mascha Faurschou, \u00c5smund Boye Kverneland, Christopher Lew, Madeleine Park, Holger Reenberg<br \/>\n608 pp. with approx. 1,000 colour illustrations<br \/>\nFormat 31.2 x 24.5 cm, hardcover<\/p>","protected":false},"featured_media":4999,"template":"","meta":[],"product_brand":[],"product_cat":[88,60,64,73],"product_tag":[],"class_list":{"0":"post-3584","1":"product","2":"type-product","3":"status-publish","4":"has-post-thumbnail","6":"product_cat-88","7":"product_cat-c","8":"product_cat-g","9":"product_cat-p","11":"first","12":"instock","13":"taxable","14":"shipping-taxable","15":"purchasable","16":"product-type-simple"},"aioseo_notices":[],"_wp_attached_file":null,"_wp_attachment_metadata":null,"_wc_attachment_source":null,"_elementor_inline_svg":null,"_elementor_is_screenshot":null,"_elementor_source_image_hash":null,"_source_url":null,"_wp_attachment_context":null,"_menu_item_type":null,"_menu_item_menu_item_parent":null,"_menu_item_object_id":null,"_menu_item_object":null,"_menu_item_target":null,"_menu_item_classes":null,"_menu_item_xfn":null,"_menu_item_url":null,"__elementor_forms_snapshot":null,"_unit":"","_unit_base":"","_unit_product":"","_unit_price_auto":"no","_unit_price_regular":"","_unit_price":"","_unit_price_sale":"","_sale_price_label":"","_sale_price_regular_label":"","_manufacturer_slug":"","_mini_desc":"","_defect_description":"","_safety_instructions":"","_allergen_ids":[],"_warranty_attachment_id":"","_safety_attachment_ids":[],"_min_age":"","_ts_gtin":"","_ts_mpn":"","_delivery_time_countries":[],"_free_shipping":"no","_service":"no","_photovoltaic_system":"no","_used_good":"no","_defective_copy":"no","_wireless_electronic_device":"no","_device_contains_power_supply":"no","_device_charging_supports_usb_pd":"no","_device_charging_watt_min":"0","_device_charging_watt_max":"0","_is_food":"no","_differential_taxation":"no","_gzd_version":"3.18.7","_hs_code":"","_customs_description":"","_manufacture_country":"0","_is_non_returnable":"no","_shipping_length":"","_shipping_width":"","_shipping_height":"","_sku":"ISBN 978-3-86442-395-6","_global_unique_id":"978-3-86442-395-6","_regular_price":"78","total_sales":"0","_tax_status":"taxable","_tax_class":"","_manage_stock":"no","_backorders":"no","_sold_individually":"no","_weight":"3","_virtual":"no","_downloadable":"no","_download_limit":"-1","_download_expiry":"-1","_stock":"","_stock_status":"instock","_wc_average_rating":"0","_wc_review_count":"0","_product_version":"9.7.1","_price":"78","shopengine_product_views_count":"3193","_thumbnail_id":"4999","_product_attributes":{"erscheinungsdatum":{"name":"Publication date","value":"02.04.2024","position":0,"is_visible":1,"is_variation":0,"is_taxonomy":0,"checkout_visible":0}},"_nutrient_ids":[],"_upsell_ids":null,"pswc_subtitle":null,"_default_delivery_time":null,"_wp_desired_post_slug":null,"_isbn":null,"pageType":null,"isExternalUrl":null,"pageId":null,"externalUrl":null,"hideCookieBanner":null,"isTargetBlank":null,"isProviderCurrentWebsite":null,"isEmbeddingOnlyExternalResources":null,"legalBasis":null,"dataProcessingInCountries":null,"dataProcessingInCountriesSpecialTreatments":null,"technicalDefinitions":null,"googleConsentModeConsentTypes":null,"executePriority":null,"executeCodeOptInWhenNoTagManagerConsentIsGiven":null,"executeCodeOptOutWhenNoTagManagerConsentIsGiven":null,"deleteTechnicalDefinitionsAfterOptOut":null,"presetId":null,"presetVersion":null,"provider":null,"providerContactPhone":null,"providerContactEmail":null,"providerContactLink":null,"uniqueName":null,"providerPrivacyPolicyUrl":null,"providerLegalNoticeUrl":null,"codeOptIn":null,"codeOptOut":null,"codeOnPageLoad":null,"language_code":null,"shopengine_template__post_meta__type":null,"shopengine_template__post_meta":null,"shopengine_template__post_meta__edit_with":null,"origin":null,"_enabled":null,"_filters":null,"_layout":null,"_elementor_import_session_id":null,"_wp_trash_meta_status":null,"_wp_trash_meta_time":null,"_edit_lock":"1743524922:2","_elementor_floating_elements_type":null,"_elementor_edit_mode":null,"_elementor_template_type":null,"tc-thumb-fld":{"_thumb_id":4999,"_thumb_type":"thumb"},"_wp_page_template":"default","_elementor_version":null,"_elementor_pro_version":null,"_elementor_page_settings":null,"_elementor_data":null,"_elementor_conditions":null,"_elementor_popup_display_settings":null,"_edit_last":"2","_elementor_template_sub_type":null,"_elementor_controls_usage":null,"_elementor_screenshot":null,"_elementor_css":null,"_elementor_page_assets":[],"_elementor_element_cache":null,"_elementor_screenshot_failed":null,"_elementor_source":null,"_wp_old_date":null,"layout_key":"","post_slider_check_key":"0","_links":{"self":[{"href":"https:\/\/snoeck.de\/en\/wp-json\/wp\/v2\/product\/3584","targetHints":{"allow":["GET"]}}],"collection":[{"href":"https:\/\/snoeck.de\/en\/wp-json\/wp\/v2\/product"}],"about":[{"href":"https:\/\/snoeck.de\/en\/wp-json\/wp\/v2\/types\/product"}],"wp:featuredmedia":[{"embeddable":true,"href":"https:\/\/snoeck.de\/en\/wp-json\/wp\/v2\/media\/4999"}],"wp:attachment":[{"href":"https:\/\/snoeck.de\/en\/wp-json\/wp\/v2\/media?parent=3584"}],"wp:term":[{"taxonomy":"product_brand","embeddable":true,"href":"https:\/\/snoeck.de\/en\/wp-json\/wp\/v2\/product_brand?post=3584"},{"taxonomy":"product_cat","embeddable":true,"href":"https:\/\/snoeck.de\/en\/wp-json\/wp\/v2\/product_cat?post=3584"},{"taxonomy":"product_tag","embeddable":true,"href":"https:\/\/snoeck.de\/en\/wp-json\/wp\/v2\/product_tag?post=3584"}],"curies":[{"name":"wp","href":"https:\/\/api.w.org\/{rel}","templated":true}]}}