{"id":3586,"date":"2025-01-31T11:30:37","date_gmt":"2025-01-31T11:30:37","guid":{"rendered":"https:\/\/snoeck.process-vision.de\/shop\/siegfried-gohr-begegnungen\/"},"modified":"2025-04-01T16:24:06","modified_gmt":"2025-04-01T16:24:06","slug":"siegfried-gohr-begegnungen","status":"publish","type":"product","link":"https:\/\/snoeck.de\/en\/shop\/siegfried-gohr-begegnungen\/","title":{"rendered":"Siegfried Gohr: Encounters"},"content":{"rendered":"<h3>A mosaic of colourful, differently sized stones<\/h3>\n<p>Siegfried Gohr looks back on 50 years full of encounters in the art world, in which he worked as a museum director (1978-1985 Kunsthalle K\u00f6ln, then Museum Ludwig K\u00f6ln until 1991) as well as a professor of art history and media history in Karlsruhe (1993-2004) and art history in D\u00fcsseldorf (2006-2014). The major survey exhibition \"Bilderstreit\" (The Picture Controversy) in the Cologne exhibition halls in 1989, which he curated together with Johannes Gachnang, has become legendary. In our volume, he guides the reader anecdotally through his areas of interest - beginning with an account of a seminar trip to the USA as a young art student with a visit to Quappi Beckmann, followed by his stays in Paris, where he was captivated by the international scene of museums, dealers and collectors - an interest that also brought him into contact with the major collector Peter Ludwig until the 1990s. His memories of his meetings with artists and his frequent friendships with them occupy a prominent place: He devotes individual chapters to Georg Baselitz, Joseph Beuys, Anthony Cragg, G\u00fcnther F\u00f6rg, Renato Guttuso, Antonius H\u00f6ckelmann, J\u00f6rg Immendorff, Konrad Klapheck, Per Kirkeby, Markus L\u00fcpertz, A. R. Penck and Sigmar Polke. His diverse connections have placed him in the front rank of post-war art publicists; his publications include countless catalogue contributions, monographs on Pablo Picasso, Ren\u00e9 Magritte and Markus L\u00fcpertz as well as the editorship of the catalogues raisonn\u00e9s of Ernst Wilhelm Nay, Max Beckmann and J\u00f6rg Immendorff. Siegfried Gohr's preface states: \"These memories concern a vanished world that was still characterised by optimism and zest for action in the Rhineland. At that time, people felt they were at the centre of a cultural change, which found visible expression not least in the new museum buildings. When there was talk of a new 'confusion' in the 1980s, few people could have guessed that this situation would continue to grow to this day.\" The new, it could be concluded, only has a solid foundation if it is based on historical knowledge, i.e. stands on the shoulders of the old, so to speak.<\/p>\n<p>With individual chapters on: Quappi Beckmann, Georg Baselitz, Joseph Beuys, Anthony Cragg, G\u00fcnther F\u00f6rg, Johannes Gachnang, Renato Guttuso, Wolfgang Hahn, Antonius H\u00f6ckelmann, J\u00f6rg Immendorff, Fred Jahn, Knud W. Jensen, Konrad Klapheck, Per Kirkeby, Peter and Irene Ludwig, Markus L\u00fcpertz, Elisabeth Nay-Scheibler, A. R. Penck, Sigmar Polke, Wolfgang Rihm, Isabelle Rouault, Johannes Wasmuth<\/p>","protected":false},"excerpt":{"rendered":"<p>With photographs by Benjamin Katz and others.<br \/>\n160 p. with 25 b\/w illustrations<br \/>\nFormat 20.7 x 13.5 cm, paperback<\/p>","protected":false},"featured_media":5001,"template":"","meta":[],"product_brand":[],"product_cat":[84,64],"product_tag":[],"class_list":{"0":"post-3586","1":"product","2":"type-product","3":"status-publish","4":"has-post-thumbnail","6":"product_cat-84","7":"product_cat-g","9":"first","10":"instock","11":"taxable","12":"shipping-taxable","13":"purchasable","14":"product-type-simple"},"aioseo_notices":[],"_wp_attached_file":null,"_wp_attachment_metadata":null,"_wc_attachment_source":null,"_elementor_inline_svg":null,"_elementor_is_screenshot":null,"_elementor_source_image_hash":null,"_source_url":null,"_wp_attachment_context":null,"_menu_item_type":null,"_menu_item_menu_item_parent":null,"_menu_item_object_id":null,"_menu_item_object":null,"_menu_item_target":null,"_menu_item_classes":null,"_menu_item_xfn":null,"_menu_item_url":null,"__elementor_forms_snapshot":null,"_unit":"","_unit_base":"","_unit_product":"","_unit_price_auto":"no","_unit_price_regular":"","_unit_price":"","_unit_price_sale":"","_sale_price_label":"","_sale_price_regular_label":"","_manufacturer_slug":"","_mini_desc":"","_defect_description":"","_safety_instructions":"","_allergen_ids":[],"_warranty_attachment_id":"","_safety_attachment_ids":[],"_min_age":"","_ts_gtin":"","_ts_mpn":"","_delivery_time_countries":[],"_free_shipping":"no","_service":"no","_photovoltaic_system":"no","_used_good":"no","_defective_copy":"no","_wireless_electronic_device":"no","_device_contains_power_supply":"no","_device_charging_supports_usb_pd":"no","_device_charging_watt_min":"0","_device_charging_watt_max":"0","_is_food":"no","_differential_taxation":"no","_gzd_version":"3.18.7","_hs_code":"","_customs_description":"","_manufacture_country":"0","_is_non_returnable":"no","_shipping_length":"","_shipping_width":"","_shipping_height":"","_sku":"ISBN 978-3-86442-376-5","_global_unique_id":"978-3-86442-376-5","_regular_price":"24.8","total_sales":"0","_tax_status":"taxable","_tax_class":"","_manage_stock":"no","_backorders":"no","_sold_individually":"no","_weight":"1","_virtual":"no","_downloadable":"no","_download_limit":"-1","_download_expiry":"-1","_stock":"","_stock_status":"instock","_wc_average_rating":"0","_wc_review_count":"0","_product_version":"9.7.1","_price":"24.8","shopengine_product_views_count":"2511","_thumbnail_id":"5001","_product_attributes":{"erscheinungsdatum":{"name":"Publication date","value":"03.01.2020","position":0,"is_visible":1,"is_variation":0,"is_taxonomy":0,"checkout_visible":0}},"_nutrient_ids":[],"_upsell_ids":null,"pswc_subtitle":null,"_default_delivery_time":null,"_wp_desired_post_slug":null,"_isbn":null,"pageType":null,"isExternalUrl":null,"pageId":null,"externalUrl":null,"hideCookieBanner":null,"isTargetBlank":null,"isProviderCurrentWebsite":null,"isEmbeddingOnlyExternalResources":null,"legalBasis":null,"dataProcessingInCountries":null,"dataProcessingInCountriesSpecialTreatments":null,"technicalDefinitions":null,"googleConsentModeConsentTypes":null,"executePriority":null,"executeCodeOptInWhenNoTagManagerConsentIsGiven":null,"executeCodeOptOutWhenNoTagManagerConsentIsGiven":null,"deleteTechnicalDefinitionsAfterOptOut":null,"presetId":null,"presetVersion":null,"provider":null,"providerContactPhone":null,"providerContactEmail":null,"providerContactLink":null,"uniqueName":null,"providerPrivacyPolicyUrl":null,"providerLegalNoticeUrl":null,"codeOptIn":null,"codeOptOut":null,"codeOnPageLoad":null,"language_code":null,"shopengine_template__post_meta__type":null,"shopengine_template__post_meta":null,"shopengine_template__post_meta__edit_with":null,"origin":null,"_enabled":null,"_filters":null,"_layout":null,"_elementor_import_session_id":null,"_wp_trash_meta_status":null,"_wp_trash_meta_time":null,"_edit_lock":"1743524507:2","_elementor_floating_elements_type":null,"_elementor_edit_mode":null,"_elementor_template_type":null,"tc-thumb-fld":{"_thumb_id":5001,"_thumb_type":"thumb"},"_wp_page_template":"default","_elementor_version":null,"_elementor_pro_version":null,"_elementor_page_settings":null,"_elementor_data":null,"_elementor_conditions":null,"_elementor_popup_display_settings":null,"_edit_last":"2","_elementor_template_sub_type":null,"_elementor_controls_usage":null,"_elementor_screenshot":null,"_elementor_css":null,"_elementor_page_assets":[],"_elementor_element_cache":null,"_elementor_screenshot_failed":null,"_elementor_source":null,"_wp_old_date":null,"layout_key":"","post_slider_check_key":"0","_links":{"self":[{"href":"https:\/\/snoeck.de\/en\/wp-json\/wp\/v2\/product\/3586","targetHints":{"allow":["GET"]}}],"collection":[{"href":"https:\/\/snoeck.de\/en\/wp-json\/wp\/v2\/product"}],"about":[{"href":"https:\/\/snoeck.de\/en\/wp-json\/wp\/v2\/types\/product"}],"wp:featuredmedia":[{"embeddable":true,"href":"https:\/\/snoeck.de\/en\/wp-json\/wp\/v2\/media\/5001"}],"wp:attachment":[{"href":"https:\/\/snoeck.de\/en\/wp-json\/wp\/v2\/media?parent=3586"}],"wp:term":[{"taxonomy":"product_brand","embeddable":true,"href":"https:\/\/snoeck.de\/en\/wp-json\/wp\/v2\/product_brand?post=3586"},{"taxonomy":"product_cat","embeddable":true,"href":"https:\/\/snoeck.de\/en\/wp-json\/wp\/v2\/product_cat?post=3586"},{"taxonomy":"product_tag","embeddable":true,"href":"https:\/\/snoeck.de\/en\/wp-json\/wp\/v2\/product_tag?post=3586"}],"curies":[{"name":"wp","href":"https:\/\/api.w.org\/{rel}","templated":true}]}}