{"id":3639,"date":"2025-01-31T11:31:08","date_gmt":"2025-01-31T11:31:08","guid":{"rendered":"https:\/\/snoeck.process-vision.de\/shop\/die-kraefte-hinter-den-formen\/"},"modified":"2026-04-08T15:09:04","modified_gmt":"2026-04-08T14:09:04","slug":"die-kraefte-hinter-den-formen","status":"publish","type":"product","link":"https:\/\/snoeck.de\/en\/shop\/die-kraefte-hinter-den-formen\/","title":{"rendered":"The forces behind the moulds"},"content":{"rendered":"<h3>The forces of the Anthropocene<\/h3>\n<p>The power of imagination that lies in the visualisation of natural processes has recently gained renewed relevance. The widespread debate as to whether we live primarily in a man-made environment is heightening our awareness of nature and the forces behind its phenomena, as well as the effects of our actions on the environment. The exhibition and book \"The Forces Behind the Forms\" - a title that goes back to the artist and geologist Per Kirkeby - are dedicated to the examination of matter and form processes in contemporary art. They bring together works that reflect on the processes of creation and the forces of form in nature, translate them into an artistic form and explore their relationship to human beings. What the artistic positions have in common is the interweaving of the urge to explore and the will to form. The artists develop a geology of our present in found objects and new conglomerates. They use geological history as a space for thought and imagination in order to explore our understanding of time and our relationship to a constantly changing environment, and they deal with the consequences of our dealings with nature, matter and thus ultimately with ourselves. Not without a humorous component, they play with a longing for wholeness, with the urge to want to understand the world, with reverence for creation and faith in one's own creative power.artists:<br \/>\nJonathan Bragdon, Nina Canell, Julian Charri\u00e8re, Olafur Eliasson, Ilana Halperin, Roger Hiorns, Per Kirkeby, Katie Paterson, Giuseppe Penone, Jens Risch &amp; Guests, Hans Schabus, George Steinmann<\/p>\n<p>Exhibitions:<br \/>\nGallery in the Taxispalais Innsbruck, 12\/12\/2015 - 28\/2\/2016<br \/>\nKunstmuseen Krefeld, Museums Haus Lange &amp; Haus Esters, 20\/3 - 7\/8\/2016<br \/>\nThun Art Museum, 26\/8 - 20\/11\/2016<\/p>","protected":false},"excerpt":{"rendered":"<p>Exhibition catalogue, Galerie im Taxispalais Innsbruck, Kunstmuseen Krefeld\/Museen Haus Lange &amp; Haus Esters, Kunstmuseum Thun, edited by Beate Ermacora et al.<br \/>\nTexts (German\/English) by Monika Bakke, Hartmut B\u00f6hme, Julia Brennacher, Beate Ermacora, Helen Hirsch, Magdaleny Holzhey, Lena Nievers, Thomas P\u00f6hler, Anja Seiler, Katrin Sperry, J\u00fcrgen Tabor<br \/>\n224 p. with 150 colour illustrations<br \/>\nFormat 27 x 19 cm, embossed cloth binding<\/p>","protected":false},"featured_media":5052,"template":"","meta":[],"product_brand":[],"product_cat":[95],"product_tag":[],"class_list":{"0":"post-3639","1":"product","2":"type-product","3":"status-publish","4":"has-post-thumbnail","6":"product_cat-vergriffen","8":"first","9":"outofstock","10":"taxable","11":"shipping-taxable","12":"product-type-simple"},"aioseo_notices":[],"_wp_attached_file":null,"_wp_attachment_metadata":null,"_wc_attachment_source":null,"_elementor_inline_svg":null,"_elementor_is_screenshot":null,"_elementor_source_image_hash":null,"_source_url":null,"_wp_attachment_context":null,"_menu_item_type":null,"_menu_item_menu_item_parent":null,"_menu_item_object_id":null,"_menu_item_object":null,"_menu_item_target":null,"_menu_item_classes":null,"_menu_item_xfn":null,"_menu_item_url":null,"__elementor_forms_snapshot":null,"_unit":"","_unit_base":"","_unit_product":"","_unit_price_auto":"no","_unit_price_regular":"","_unit_price":"","_unit_price_sale":"","_sale_price_label":"","_sale_price_regular_label":"","_manufacturer_slug":"","_mini_desc":"","_defect_description":"","_safety_instructions":"","_allergen_ids":[],"_warranty_attachment_id":"","_safety_attachment_ids":[],"_min_age":"","_ts_gtin":"","_ts_mpn":"","_delivery_time_countries":[],"_free_shipping":"no","_service":"no","_photovoltaic_system":"no","_used_good":"no","_defective_copy":"no","_wireless_electronic_device":"no","_device_contains_power_supply":"no","_device_charging_supports_usb_pd":"no","_device_charging_watt_min":"0","_device_charging_watt_max":"0","_is_food":"no","_differential_taxation":"no","_gzd_version":"3.18.7","_hs_code":"","_customs_description":"","_manufacture_country":"0","_is_non_returnable":"no","_shipping_length":"","_shipping_width":"","_shipping_height":"","_sku":"ISBN 978-3-86442-171-6","_global_unique_id":"978-3-86442-171-6","_regular_price":null,"total_sales":"0","_tax_status":"taxable","_tax_class":"","_manage_stock":"no","_backorders":"no","_sold_individually":"no","_weight":"1","_virtual":"no","_downloadable":"no","_download_limit":"-1","_download_expiry":"-1","_stock":"","_stock_status":"outofstock","_wc_average_rating":"0","_wc_review_count":"0","_product_version":"10.1.4","_price":"","shopengine_product_views_count":"2960","_thumbnail_id":"5052","_product_attributes":{"erscheinungsdatum":{"name":"Publication date","value":"23.02.2016","position":0,"is_visible":1,"is_variation":0,"is_taxonomy":0,"checkout_visible":0}},"_nutrient_ids":[],"_upsell_ids":null,"pswc_subtitle":null,"_default_delivery_time":null,"_wp_desired_post_slug":null,"_isbn":null,"pageType":null,"isExternalUrl":null,"pageId":null,"externalUrl":null,"hideCookieBanner":null,"isTargetBlank":null,"isProviderCurrentWebsite":null,"isEmbeddingOnlyExternalResources":null,"legalBasis":null,"dataProcessingInCountries":null,"dataProcessingInCountriesSpecialTreatments":null,"technicalDefinitions":null,"googleConsentModeConsentTypes":null,"executePriority":null,"executeCodeOptInWhenNoTagManagerConsentIsGiven":null,"executeCodeOptOutWhenNoTagManagerConsentIsGiven":null,"deleteTechnicalDefinitionsAfterOptOut":null,"presetId":null,"presetVersion":null,"provider":null,"providerContactPhone":null,"providerContactEmail":null,"providerContactLink":null,"uniqueName":null,"providerPrivacyPolicyUrl":null,"providerLegalNoticeUrl":null,"codeOptIn":null,"codeOptOut":null,"codeOnPageLoad":null,"language_code":null,"shopengine_template__post_meta__type":null,"shopengine_template__post_meta":null,"shopengine_template__post_meta__edit_with":null,"origin":null,"_enabled":null,"_filters":null,"_layout":null,"_elementor_import_session_id":null,"_wp_trash_meta_status":null,"_wp_trash_meta_time":null,"_edit_lock":"1743515116:2","_elementor_floating_elements_type":null,"_elementor_edit_mode":null,"_elementor_template_type":null,"tc-thumb-fld":{"_thumb_id":5052,"_thumb_type":"thumb"},"_wp_page_template":"default","_elementor_version":null,"_elementor_pro_version":null,"_elementor_page_settings":null,"_elementor_data":null,"_elementor_conditions":null,"_elementor_popup_display_settings":null,"_edit_last":"2","_elementor_template_sub_type":null,"_elementor_controls_usage":null,"_elementor_screenshot":null,"_elementor_css":null,"_elementor_page_assets":[],"_elementor_element_cache":null,"_elementor_screenshot_failed":null,"_elementor_source":null,"_wp_old_date":null,"layout_key":"","post_slider_check_key":"0","_links":{"self":[{"href":"https:\/\/snoeck.de\/en\/wp-json\/wp\/v2\/product\/3639","targetHints":{"allow":["GET"]}}],"collection":[{"href":"https:\/\/snoeck.de\/en\/wp-json\/wp\/v2\/product"}],"about":[{"href":"https:\/\/snoeck.de\/en\/wp-json\/wp\/v2\/types\/product"}],"wp:featuredmedia":[{"embeddable":true,"href":"https:\/\/snoeck.de\/en\/wp-json\/wp\/v2\/media\/5052"}],"wp:attachment":[{"href":"https:\/\/snoeck.de\/en\/wp-json\/wp\/v2\/media?parent=3639"}],"wp:term":[{"taxonomy":"product_brand","embeddable":true,"href":"https:\/\/snoeck.de\/en\/wp-json\/wp\/v2\/product_brand?post=3639"},{"taxonomy":"product_cat","embeddable":true,"href":"https:\/\/snoeck.de\/en\/wp-json\/wp\/v2\/product_cat?post=3639"},{"taxonomy":"product_tag","embeddable":true,"href":"https:\/\/snoeck.de\/en\/wp-json\/wp\/v2\/product_tag?post=3639"}],"curies":[{"name":"wp","href":"https:\/\/api.w.org\/{rel}","templated":true}]}}