{"id":3657,"date":"2025-01-31T11:31:18","date_gmt":"2025-01-31T11:31:18","guid":{"rendered":"https:\/\/snoeck.process-vision.de\/shop\/produktion-made-in-germany-drei\/"},"modified":"2026-04-08T15:12:50","modified_gmt":"2026-04-08T14:12:50","slug":"produktion-made-in-germany-drei","status":"publish","type":"product","link":"https:\/\/snoeck.de\/en\/shop\/produktion-made-in-germany-drei\/","title":{"rendered":"Production. Made in Germany Three"},"content":{"rendered":"<h3>Production. Made in Germany Three is open!<\/h3>\n<p>This summer 2017, \"Produktion. Made in Germany Three\" at the three art institutions Kestner Gesellschaft, Kunstverein Hannover and Sprengel Museum Hannover takes a look at the multifaceted and diverse art scene in Germany. The third edition of \"Made in Germany\" focuses on the production conditions of art in Germany and the question of how geographic, political and institutional structures as well as new technologies create decisive conditions for the production of art. By focussing on current production conditions, the show asks to what extent artistic production is being rede\ufb01ned. In the five years since the last exhibition, a post-digital generation has grown up that has radically changed art with new networks, apps and DIY instructions. In an art landscape with a still internationally unique density of institutions (art academies, art colleges, art associations and museums), the scene in Germany is one of the most agile production centres for this latest art. However, three central aspects are at the forefront of the exhibition and book: 1. space in the sense of production site, location and environment; 2. time in the sense of work process, narrative and speed; 3. the production structure in the sense of co-operation and network. Ephemeral art forms and site-specific installations are booming, artists are creating blogs, offspaces and free spaces for all kinds of activities. The expansion of their global mobility, membership of various artists' groups and participation in a demanding art market are aspects of a much accelerated creative process.<\/p>\n<p>Artists:<br \/>\nKetuta Alexi-Meskhishvili, Olga Balema, Julius von Bismarck, Juliette Blightman, Katinka Bock, BPA- Berlin Programme for Artists, Carina Brandes, Das Numen, Henning Fehr &amp; Philipp R\u00fchr, Kasia Fudakoswki, Sascha Hahn, Lena Henke, Calla Henkel &amp; Max Pitegoff, IMPURE FICTION, Daniel Knorr, Schirin Kretschmann, Veit Laurenz Kurz, Oliver Laric, Amy Lien &amp; Enzo Camacho, Lotte Lindner &amp; Till Steinbrenner, lonelyfingers, Peles Empire, Willem de Rooij, Thomas Ruff, Yorgos Sapountzis, Timur Si-Qin, Hito Steyrl, Studio for Propositional Cinema, Raphaela Vogel<\/p>\n<p>Exhibitions:<br \/>\nKestner Gesellschaft, Kunstverein Hannover, Sprengel Museum Hannover, 3\/6 - 3\/9\/2017<\/p>\n<p>&nbsp;<\/p>","protected":false},"excerpt":{"rendered":"<p>Exhibition catalogue, published by Kestner Gesellschaft, Kunstverein Hannover and Sprengel Museum Hannover<br \/>\nTexts (German\/English) by Tenzing Barshee, Nikola Dietrich, Timo Feldhaus, Jana Franze, Stefan Gronert, Hans-J\u00fcrgen Hafner, Lisa Mattheis, Dominikus M\u00fcller, Carina Plath, Kathleen Rahn, Gabriele Sand, Elmas Senol, Noemi Smolik, Maik Schl\u00fcter, Ute Stuffer, Milan Ther, Kristina Thieke, Christina V\u00e9gh<br \/>\n308 p. with 180 colour illustrations<br \/>\nFormat 27.9 x 21 cm, softcover in polymailer<\/p>","protected":false},"featured_media":5070,"template":"","meta":[],"product_brand":[],"product_cat":[95],"product_tag":[],"class_list":{"0":"post-3657","1":"product","2":"type-product","3":"status-publish","4":"has-post-thumbnail","6":"product_cat-vergriffen","8":"first","9":"outofstock","10":"taxable","11":"shipping-taxable","12":"product-type-simple"},"aioseo_notices":[],"_wp_attached_file":null,"_wp_attachment_metadata":null,"_wc_attachment_source":null,"_elementor_inline_svg":null,"_elementor_is_screenshot":null,"_elementor_source_image_hash":null,"_source_url":null,"_wp_attachment_context":null,"_menu_item_type":null,"_menu_item_menu_item_parent":null,"_menu_item_object_id":null,"_menu_item_object":null,"_menu_item_target":null,"_menu_item_classes":null,"_menu_item_xfn":null,"_menu_item_url":null,"__elementor_forms_snapshot":null,"_unit":"","_unit_base":"","_unit_product":"","_unit_price_auto":"no","_unit_price_regular":"","_unit_price":"","_unit_price_sale":"","_sale_price_label":"","_sale_price_regular_label":"","_manufacturer_slug":"","_mini_desc":"","_defect_description":"","_safety_instructions":"","_allergen_ids":[],"_warranty_attachment_id":"","_safety_attachment_ids":[],"_min_age":"","_ts_gtin":"","_ts_mpn":"","_delivery_time_countries":[],"_free_shipping":"no","_service":"no","_photovoltaic_system":"no","_used_good":"no","_defective_copy":"no","_wireless_electronic_device":"no","_device_contains_power_supply":"no","_device_charging_supports_usb_pd":"no","_device_charging_watt_min":"0","_device_charging_watt_max":"0","_is_food":"no","_differential_taxation":"no","_gzd_version":"3.18.7","_hs_code":"","_customs_description":"","_manufacture_country":"0","_is_non_returnable":"no","_shipping_length":"","_shipping_width":"","_shipping_height":"","_sku":"ISBN 978-3-86442-208-9","_global_unique_id":"978-3-86442-208-9","_regular_price":null,"total_sales":"0","_tax_status":"taxable","_tax_class":"","_manage_stock":"no","_backorders":"no","_sold_individually":"no","_weight":"2","_virtual":"no","_downloadable":"no","_download_limit":"-1","_download_expiry":"-1","_stock":"","_stock_status":"outofstock","_wc_average_rating":"0","_wc_review_count":"0","_product_version":"10.1.4","_price":"","shopengine_product_views_count":"2553","_thumbnail_id":"5070","_product_attributes":{"erscheinungsdatum":{"name":"Publication date","value":"02.06.2017","position":0,"is_visible":1,"is_variation":0,"is_taxonomy":0,"checkout_visible":0}},"_nutrient_ids":[],"_upsell_ids":null,"pswc_subtitle":null,"_default_delivery_time":null,"_wp_desired_post_slug":null,"_isbn":null,"pageType":null,"isExternalUrl":null,"pageId":null,"externalUrl":null,"hideCookieBanner":null,"isTargetBlank":null,"isProviderCurrentWebsite":null,"isEmbeddingOnlyExternalResources":null,"legalBasis":null,"dataProcessingInCountries":null,"dataProcessingInCountriesSpecialTreatments":null,"technicalDefinitions":null,"googleConsentModeConsentTypes":null,"executePriority":null,"executeCodeOptInWhenNoTagManagerConsentIsGiven":null,"executeCodeOptOutWhenNoTagManagerConsentIsGiven":null,"deleteTechnicalDefinitionsAfterOptOut":null,"presetId":null,"presetVersion":null,"provider":null,"providerContactPhone":null,"providerContactEmail":null,"providerContactLink":null,"uniqueName":null,"providerPrivacyPolicyUrl":null,"providerLegalNoticeUrl":null,"codeOptIn":null,"codeOptOut":null,"codeOnPageLoad":null,"language_code":null,"shopengine_template__post_meta__type":null,"shopengine_template__post_meta":null,"shopengine_template__post_meta__edit_with":null,"origin":null,"_enabled":null,"_filters":null,"_layout":null,"_elementor_import_session_id":null,"_wp_trash_meta_status":null,"_wp_trash_meta_time":null,"_edit_lock":"1743520620:2","_elementor_floating_elements_type":null,"_elementor_edit_mode":null,"_elementor_template_type":null,"tc-thumb-fld":{"_thumb_id":5070,"_thumb_type":"thumb"},"_wp_page_template":"default","_elementor_version":null,"_elementor_pro_version":null,"_elementor_page_settings":null,"_elementor_data":null,"_elementor_conditions":null,"_elementor_popup_display_settings":null,"_edit_last":"2","_elementor_template_sub_type":null,"_elementor_controls_usage":null,"_elementor_screenshot":null,"_elementor_css":null,"_elementor_page_assets":[],"_elementor_element_cache":null,"_elementor_screenshot_failed":null,"_elementor_source":null,"_wp_old_date":null,"layout_key":"","post_slider_check_key":"0","_links":{"self":[{"href":"https:\/\/snoeck.de\/en\/wp-json\/wp\/v2\/product\/3657","targetHints":{"allow":["GET"]}}],"collection":[{"href":"https:\/\/snoeck.de\/en\/wp-json\/wp\/v2\/product"}],"about":[{"href":"https:\/\/snoeck.de\/en\/wp-json\/wp\/v2\/types\/product"}],"wp:featuredmedia":[{"embeddable":true,"href":"https:\/\/snoeck.de\/en\/wp-json\/wp\/v2\/media\/5070"}],"wp:attachment":[{"href":"https:\/\/snoeck.de\/en\/wp-json\/wp\/v2\/media?parent=3657"}],"wp:term":[{"taxonomy":"product_brand","embeddable":true,"href":"https:\/\/snoeck.de\/en\/wp-json\/wp\/v2\/product_brand?post=3657"},{"taxonomy":"product_cat","embeddable":true,"href":"https:\/\/snoeck.de\/en\/wp-json\/wp\/v2\/product_cat?post=3657"},{"taxonomy":"product_tag","embeddable":true,"href":"https:\/\/snoeck.de\/en\/wp-json\/wp\/v2\/product_tag?post=3657"}],"curies":[{"name":"wp","href":"https:\/\/api.w.org\/{rel}","templated":true}]}}