{"id":3705,"date":"2025-01-31T11:31:46","date_gmt":"2025-01-31T11:31:46","guid":{"rendered":"https:\/\/snoeck.process-vision.de\/shop\/phaenomen-grossmann-trifft-auf-kuenstlerische-fotografie\/"},"modified":"2025-03-30T15:15:57","modified_gmt":"2025-03-30T15:15:57","slug":"phaenomen-grossmann-trifft-auf-kuenstlerische-fotografie","status":"publish","type":"product","link":"https:\/\/snoeck.de\/en\/shop\/phaenomen-grossmann-trifft-auf-kuenstlerische-fotografie\/","title":{"rendered":"The Gro\u00dfmann phenomenon meets artistic photography"},"content":{"rendered":"<h3>Rescuing from oblivion<\/h3>\n<p>Rudolf Gro\u00dfmann (1882-1941) was a renowned painter and graphic artist and also a feared chronicler due to his sharp pen. In portraits and caf\u00e9 and street scenes, he depicted life in the big city in a very multifaceted way, publishing texts and illustrations in magazines such as Simplicissimus in the 1910s and 20s; he also illustrated books for authors such as Joachim Ringelnatz and Erich K\u00e4stner. Today, Rudolf Gro\u00dfmann is only known to those interested in and specialised in the 1920s. Against the background of the question of why he has been largely forgotten, the exhibition and book juxtapose his work with photographic works by contemporary artists. His graphic and painterly works from the collection of the Museum f\u00fcr Neue Kunst Freiburg are combined with photographic positions from the collection of the DZ BANK Art Foundation. Rudolf Gro\u00dfmann's portrait drawings in particular, which are characterised by a photographic gaze, prove to be useful counterparts to the works of Wolfgang Tillmans, Sven Johne, Nan Goldin or Gis\u00e8le Freund, for example. The multi-perspective view of Barbara Probst or the spatial constructions of Beate G\u00fctschow also show, when they meet Rudolf Gro\u00dfmann's graphic scenes, that despite the leap in time of over 100 years, there is an enormous atmospheric closeness. Rudolf Gro\u00dfmann possessed a certain equidistance to the familiar styles of his time, which makes his work incomparable and at the same time creates a proximity to photography. However, this could not protect him from persecution under National Socialism, so that his art was also branded as degenerate and he increasingly withdrew from his native Freiburg.<\/p>\n<p>Exhibition:<br \/>\nMuseum of Contemporary Art Freiburg, 28\/10\/2022 - 19\/2\/2023<\/p>","protected":false},"excerpt":{"rendered":"<p>Exhibition catalogue, Museum f\u00fcr Neue Kunst Freiburg in cooperation with Kunststiftung DZ BANK, edited by Lisa Bauer-Zhao and Isabel Herda<br \/>\nTexts (German\/English) by Lisa Bauer-Zhao and Isabel Herda, Andreas Greulich, Christina Leber, Christine Litz, Dietmar Mezler, Christine M\u00fcller, Olaf Peters<br \/>\n208 p. with 375 colour illustrations<br \/>\nFormat 28 x 23 cm, gatefold brochure<\/p>","protected":false},"featured_media":5120,"template":"","meta":[],"product_brand":[],"product_cat":[86,64,73],"product_tag":[],"class_list":{"0":"post-3705","1":"product","2":"type-product","3":"status-publish","4":"has-post-thumbnail","6":"product_cat-86","7":"product_cat-g","8":"product_cat-p","10":"first","11":"instock","12":"taxable","13":"shipping-taxable","14":"purchasable","15":"product-type-simple"},"aioseo_notices":[],"_wp_attached_file":null,"_wp_attachment_metadata":null,"_wc_attachment_source":null,"_elementor_inline_svg":null,"_elementor_is_screenshot":null,"_elementor_source_image_hash":null,"_source_url":null,"_wp_attachment_context":null,"_menu_item_type":null,"_menu_item_menu_item_parent":null,"_menu_item_object_id":null,"_menu_item_object":null,"_menu_item_target":null,"_menu_item_classes":null,"_menu_item_xfn":null,"_menu_item_url":null,"__elementor_forms_snapshot":null,"_unit":"","_unit_base":"","_unit_product":"","_unit_price_auto":"no","_unit_price_regular":"","_unit_price":"","_unit_price_sale":"","_sale_price_label":"","_sale_price_regular_label":"","_manufacturer_slug":"","_mini_desc":"","_defect_description":"","_safety_instructions":"","_allergen_ids":[],"_warranty_attachment_id":"","_safety_attachment_ids":[],"_min_age":"","_ts_gtin":"","_ts_mpn":"","_delivery_time_countries":[],"_free_shipping":"no","_service":"no","_photovoltaic_system":"no","_used_good":"no","_defective_copy":"no","_wireless_electronic_device":"no","_device_contains_power_supply":"no","_device_charging_supports_usb_pd":"no","_device_charging_watt_min":"0","_device_charging_watt_max":"0","_is_food":"no","_differential_taxation":"no","_gzd_version":"3.18.7","_hs_code":"","_customs_description":"","_manufacture_country":"0","_is_non_returnable":"no","_shipping_length":"","_shipping_width":"","_shipping_height":"","_sku":"ISBN 978-3-86442-398-7","_global_unique_id":"978-3-86442-398-7","_regular_price":"48","total_sales":"0","_tax_status":"taxable","_tax_class":"","_manage_stock":"no","_backorders":"no","_sold_individually":"no","_weight":"2","_virtual":"no","_downloadable":"no","_download_limit":"-1","_download_expiry":"-1","_stock":"","_stock_status":"instock","_wc_average_rating":"0","_wc_review_count":"0","_product_version":"9.7.1","_price":"48","shopengine_product_views_count":"2840","_thumbnail_id":"5120","_product_attributes":{"erscheinungsdatum":{"name":"Publication date","value":"29.10.2022","position":0,"is_visible":1,"is_variation":0,"is_taxonomy":0,"checkout_visible":0}},"_nutrient_ids":[],"_upsell_ids":null,"pswc_subtitle":null,"_default_delivery_time":null,"_wp_desired_post_slug":null,"_isbn":null,"pageType":null,"isExternalUrl":null,"pageId":null,"externalUrl":null,"hideCookieBanner":null,"isTargetBlank":null,"isProviderCurrentWebsite":null,"isEmbeddingOnlyExternalResources":null,"legalBasis":null,"dataProcessingInCountries":null,"dataProcessingInCountriesSpecialTreatments":null,"technicalDefinitions":null,"googleConsentModeConsentTypes":null,"executePriority":null,"executeCodeOptInWhenNoTagManagerConsentIsGiven":null,"executeCodeOptOutWhenNoTagManagerConsentIsGiven":null,"deleteTechnicalDefinitionsAfterOptOut":null,"presetId":null,"presetVersion":null,"provider":null,"providerContactPhone":null,"providerContactEmail":null,"providerContactLink":null,"uniqueName":null,"providerPrivacyPolicyUrl":null,"providerLegalNoticeUrl":null,"codeOptIn":null,"codeOptOut":null,"codeOnPageLoad":null,"language_code":null,"shopengine_template__post_meta__type":null,"shopengine_template__post_meta":null,"shopengine_template__post_meta__edit_with":null,"origin":null,"_enabled":null,"_filters":null,"_layout":null,"_elementor_import_session_id":null,"_wp_trash_meta_status":null,"_wp_trash_meta_time":null,"_edit_lock":"1743347618:2","_elementor_floating_elements_type":null,"_elementor_edit_mode":null,"_elementor_template_type":null,"tc-thumb-fld":{"_thumb_id":5120,"_thumb_type":"thumb"},"_wp_page_template":"default","_elementor_version":null,"_elementor_pro_version":null,"_elementor_page_settings":null,"_elementor_data":null,"_elementor_conditions":null,"_elementor_popup_display_settings":null,"_edit_last":"2","_elementor_template_sub_type":null,"_elementor_controls_usage":null,"_elementor_screenshot":null,"_elementor_css":null,"_elementor_page_assets":[],"_elementor_element_cache":null,"_elementor_screenshot_failed":null,"_elementor_source":null,"_wp_old_date":null,"layout_key":"","post_slider_check_key":"0","_links":{"self":[{"href":"https:\/\/snoeck.de\/en\/wp-json\/wp\/v2\/product\/3705","targetHints":{"allow":["GET"]}}],"collection":[{"href":"https:\/\/snoeck.de\/en\/wp-json\/wp\/v2\/product"}],"about":[{"href":"https:\/\/snoeck.de\/en\/wp-json\/wp\/v2\/types\/product"}],"wp:featuredmedia":[{"embeddable":true,"href":"https:\/\/snoeck.de\/en\/wp-json\/wp\/v2\/media\/5120"}],"wp:attachment":[{"href":"https:\/\/snoeck.de\/en\/wp-json\/wp\/v2\/media?parent=3705"}],"wp:term":[{"taxonomy":"product_brand","embeddable":true,"href":"https:\/\/snoeck.de\/en\/wp-json\/wp\/v2\/product_brand?post=3705"},{"taxonomy":"product_cat","embeddable":true,"href":"https:\/\/snoeck.de\/en\/wp-json\/wp\/v2\/product_cat?post=3705"},{"taxonomy":"product_tag","embeddable":true,"href":"https:\/\/snoeck.de\/en\/wp-json\/wp\/v2\/product_tag?post=3705"}],"curies":[{"name":"wp","href":"https:\/\/api.w.org\/{rel}","templated":true}]}}