{"id":3756,"date":"2025-01-31T11:32:16","date_gmt":"2025-01-31T11:32:16","guid":{"rendered":"https:\/\/snoeck.process-vision.de\/shop\/schweizer-skulptur-seit-1945\/"},"modified":"2026-04-08T15:27:47","modified_gmt":"2026-04-08T14:27:47","slug":"schweizer-skulptur-seit-1945","status":"publish","type":"product","link":"https:\/\/snoeck.de\/en\/shop\/schweizer-skulptur-seit-1945\/","title":{"rendered":"Swiss sculpture since 1945"},"content":{"rendered":"<h3>A massive survey<\/h3>\n<p>For the first time, the exhibition and catalogue provide a comprehensive overview of the wide range of sculptural work in Switzerland since 1945, with 230 works by 150 artists from all parts of the country. It begins with the advanced positions of the immediate post-war period, such as those of Jean Arp, Max Bill, Alberto Giacometti and Germaine Richier, but also presents \"traditionalists\" such as Karl Geiser and Remo Rossi, who were still decisive for the Swiss art scene at the time. From the post-war period, the differentiation of the diverse trends in art of the 1960s is then traced. Parallel to the pronounced development of iron sculpture, the new avant-gardes emerged at this time, such as \"Nouveau R\u00e9alisme\", which was decisively characterised by Jean Tinguely, Niki de Saint Phalle and Daniel Spoerri. The plurality of styles continued to increase in the 1970s: construction, abstraction, conceptual dematerialisation, expressivity or inwardness - everything was now possible until, with an initial peak in the 1980s, the everyday broke into art and Fischli \/ Weiss or, subsequently, Sylvie Fleury conquered the international art scene with their works. Two different attitudes can be observed in the youngest generation: the (postmodern) desire to create out of the liberating realisation that all forms of sculpture have existed before, and a new interest in the material and its craftsmanship.<\/p>\n<p>Artists:<br \/>\nEva Aeppli, Maia Aeschbach, Hans Aeschbacher, J\u00fcrg Altherr, John Armleder, Jean Arp, Otto Charles B\u00e4nninger, Paolo Bellini, Raffael Benazzi, Ueli Berger, Daniel Berset, Max Bill, Vanessa Billy, Rudolf Bl\u00e4ttler, Walter Bodmer, Serge Brignoni, Heidi Bucher, Carl Bucher, Valentin Carron, Davide Cascio, Julian Charri\u00e8re, Claudia Comte, Louis Conne, Carlo Cotti, Martin Disler, Herbert Distel, Angel Duarte, Latifa Echakhch, Franz Eggenschwiler, Anton Egloff, Olivier Estoppey, Urs Fischer, Fischli \/ Weiss, Sylvie Fleury, Annemie Fontana, Corsin Fontana, Urs Frei, Gunter Frentzel, Karl Geiser, Giovanni Genucchi, Charlotte Germann-Jahn, Alberto Giacometti, H.R. Giger, Stefan Gritsch, Michael Grossert, Mariann Grunder, Fabrice Gygi, Peter H\u00e4chler, Eric Hattan, Barbara He\u00e9, Christian Herdeg, Thomas Hirschhorn, Gottfried Honegger, Schang Hutter, Leiko Ikemura, Hans Josephson, Zoltan Kemeny, Isabelle Krieg, James Licini, Walter Linck, Ingeborg L\u00fcscher, Bernhard Luginb\u00fchl, Urs L\u00fcthi, Christian Marclay, R\u00e9my Markowitsch, Nicole Martin-Lachat, Sara Mas\u00fcger, Silvio Mattioli, Jean Mauboul\u00e8s, Christian Megert, Wilfrid Moser, Josef Felix M\u00fcller, Otto M\u00fcller, Robert M\u00fcller, Yves Netzhammer, Edit Oderbolz, Josef Maria Odermatt, Marianne Olsen, Meret Oppenheim, Flavio Paolucci, Erica Pedretti, Mai-Thu Perret, Carmen Perrin, Fred Perrin, Antoine Poncet, Gilles Porret, V\u00e1clav Pozarek, Henri Presset, Markus Raetz, Augustin Rebetez, Peter Regli, Delphine Reist, Germaine Richier, Heiner Richner, Pipilotti Rist, Ugo Rondinone, Remo Rossi, Dieter Roth, Christian Rothacher, Nelly Rudin, Christoph R\u00fctimann, Marguerite Saegesser, Niki de Saint-Phalle, Katharina Sallenbach, Lucie Schenker, Klaudia Schifferle, Albert Siegenthaler, Roman Signer, Kurt Sigrist, Matias Spescha, Daniel Spoerri, J\u00fcrg St\u00e4uble, Anselm Stalder, Doris Stauffer, Gerda Steiner\/J\u00f6rg Lenzlinger, Rosa Studer-Koch, Hugo Suter, Andr\u00e9 Thomkins, Jean Tinguely, Ben Vautier, Not Vital, Isabelle Waldberg, Aldo Walker, Hugo Weber, Thea Weltner, Gillian White, Oscar Wiggli, Eva Wipf, Andrea Wolfensberger, Ren\u00e9 Z\u00e4ch, Beat Zoderer, Pierre-Alain Zuber and many more.many more<\/p>\n<p>Exhibition:<br \/>\nAarauer Kunsthaus, Aarau, 12\/6 - 26\/9\/2021<\/p>\n<p>&nbsp;<\/p>","protected":false},"excerpt":{"rendered":"<p>Exhibition catalogue, Aarauer Kunsthaus, edited by Peter Fischer<br \/>\nTexts (German\/French) by Katharina Ammann, Marianne Burki, Christoph Doswald, Peter Fischer, Franz M\u00fcller, Anouchka Panchard, Peter J. Schneemann, Simone Soldini, Walter Tschopp<br \/>\nas well as a general bibliography on sculpture and biographies\/bibliographies<br \/>\n360 p. with 190 colour illustrations<br \/>\nFormat 30 x 23 cm, hardcover<\/p>","protected":false},"featured_media":5171,"template":"","meta":[],"product_brand":[],"product_cat":[95],"product_tag":[],"class_list":{"0":"post-3756","1":"product","2":"type-product","3":"status-publish","4":"has-post-thumbnail","6":"product_cat-vergriffen","8":"first","9":"outofstock","10":"taxable","11":"shipping-taxable","12":"product-type-simple"},"aioseo_notices":[],"_wp_attached_file":null,"_wp_attachment_metadata":null,"_wc_attachment_source":null,"_elementor_inline_svg":null,"_elementor_is_screenshot":null,"_elementor_source_image_hash":null,"_source_url":null,"_wp_attachment_context":null,"_menu_item_type":null,"_menu_item_menu_item_parent":null,"_menu_item_object_id":null,"_menu_item_object":null,"_menu_item_target":null,"_menu_item_classes":null,"_menu_item_xfn":null,"_menu_item_url":null,"__elementor_forms_snapshot":null,"_unit":"","_unit_base":"","_unit_product":"","_unit_price_auto":"no","_unit_price_regular":"","_unit_price":"","_unit_price_sale":"","_sale_price_label":"","_sale_price_regular_label":"","_manufacturer_slug":"","_mini_desc":"","_defect_description":"","_safety_instructions":"","_allergen_ids":[],"_warranty_attachment_id":"","_safety_attachment_ids":[],"_min_age":"","_ts_gtin":"","_ts_mpn":"","_delivery_time_countries":[],"_free_shipping":"no","_service":"no","_photovoltaic_system":"no","_used_good":"no","_defective_copy":"no","_wireless_electronic_device":"no","_device_contains_power_supply":"no","_device_charging_supports_usb_pd":"no","_device_charging_watt_min":"0","_device_charging_watt_max":"0","_is_food":"no","_differential_taxation":"no","_gzd_version":"3.18.7","_hs_code":"","_customs_description":"","_manufacture_country":"0","_is_non_returnable":"no","_shipping_length":"","_shipping_width":"","_shipping_height":"","_sku":"ISBN 978-3-86442-354-3","_global_unique_id":"978-3-86442-354-3","_regular_price":null,"total_sales":"0","_tax_status":"taxable","_tax_class":"","_manage_stock":"no","_backorders":"no","_sold_individually":"no","_weight":"3","_virtual":"no","_downloadable":"no","_download_limit":"-1","_download_expiry":"-1","_stock":"","_stock_status":"outofstock","_wc_average_rating":"0","_wc_review_count":"0","_product_version":"10.1.4","_price":"","shopengine_product_views_count":"2450","_thumbnail_id":"5171","_product_attributes":{"erscheinungsdatum":{"name":"Publication date","value":"23.08.2021","position":0,"is_visible":1,"is_variation":0,"is_taxonomy":0,"checkout_visible":0}},"_nutrient_ids":[],"_upsell_ids":null,"pswc_subtitle":null,"_default_delivery_time":null,"_wp_desired_post_slug":null,"_isbn":null,"pageType":null,"isExternalUrl":null,"pageId":null,"externalUrl":null,"hideCookieBanner":null,"isTargetBlank":null,"isProviderCurrentWebsite":null,"isEmbeddingOnlyExternalResources":null,"legalBasis":null,"dataProcessingInCountries":null,"dataProcessingInCountriesSpecialTreatments":null,"technicalDefinitions":null,"googleConsentModeConsentTypes":null,"executePriority":null,"executeCodeOptInWhenNoTagManagerConsentIsGiven":null,"executeCodeOptOutWhenNoTagManagerConsentIsGiven":null,"deleteTechnicalDefinitionsAfterOptOut":null,"presetId":null,"presetVersion":null,"provider":null,"providerContactPhone":null,"providerContactEmail":null,"providerContactLink":null,"uniqueName":null,"providerPrivacyPolicyUrl":null,"providerLegalNoticeUrl":null,"codeOptIn":null,"codeOptOut":null,"codeOnPageLoad":null,"language_code":null,"shopengine_template__post_meta__type":null,"shopengine_template__post_meta":null,"shopengine_template__post_meta__edit_with":null,"origin":null,"_enabled":null,"_filters":null,"_layout":null,"_elementor_import_session_id":null,"_wp_trash_meta_status":null,"_wp_trash_meta_time":null,"_edit_lock":"1743338544:2","_elementor_floating_elements_type":null,"_elementor_edit_mode":null,"_elementor_template_type":null,"tc-thumb-fld":{"_thumb_id":5171,"_thumb_type":"thumb"},"_wp_page_template":"default","_elementor_version":null,"_elementor_pro_version":null,"_elementor_page_settings":null,"_elementor_data":null,"_elementor_conditions":null,"_elementor_popup_display_settings":null,"_edit_last":"2","_elementor_template_sub_type":null,"_elementor_controls_usage":null,"_elementor_screenshot":null,"_elementor_css":null,"_elementor_page_assets":[],"_elementor_element_cache":null,"_elementor_screenshot_failed":null,"_elementor_source":null,"_wp_old_date":null,"layout_key":"","post_slider_check_key":"0","_links":{"self":[{"href":"https:\/\/snoeck.de\/en\/wp-json\/wp\/v2\/product\/3756","targetHints":{"allow":["GET"]}}],"collection":[{"href":"https:\/\/snoeck.de\/en\/wp-json\/wp\/v2\/product"}],"about":[{"href":"https:\/\/snoeck.de\/en\/wp-json\/wp\/v2\/types\/product"}],"wp:featuredmedia":[{"embeddable":true,"href":"https:\/\/snoeck.de\/en\/wp-json\/wp\/v2\/media\/5171"}],"wp:attachment":[{"href":"https:\/\/snoeck.de\/en\/wp-json\/wp\/v2\/media?parent=3756"}],"wp:term":[{"taxonomy":"product_brand","embeddable":true,"href":"https:\/\/snoeck.de\/en\/wp-json\/wp\/v2\/product_brand?post=3756"},{"taxonomy":"product_cat","embeddable":true,"href":"https:\/\/snoeck.de\/en\/wp-json\/wp\/v2\/product_cat?post=3756"},{"taxonomy":"product_tag","embeddable":true,"href":"https:\/\/snoeck.de\/en\/wp-json\/wp\/v2\/product_tag?post=3756"}],"curies":[{"name":"wp","href":"https:\/\/api.w.org\/{rel}","templated":true}]}}