{"id":3795,"date":"2025-01-31T11:32:39","date_gmt":"2025-01-31T11:32:39","guid":{"rendered":"https:\/\/snoeck.process-vision.de\/shop\/von-becher-bis-blume\/"},"modified":"2026-04-08T15:23:47","modified_gmt":"2026-04-08T14:23:47","slug":"von-becher-bis-blume","status":"publish","type":"product","link":"https:\/\/snoeck.de\/en\/shop\/von-becher-bis-blume\/","title":{"rendered":"From cup to flower"},"content":{"rendered":"<h3>Photographs from the Garnatz Collection<\/h3>\n<p>The Cologne-based couple Ute and Eberhard Garnatz impressively demonstrate how inspiring and contemporary a private art collection can be with their collection. Over decades, they have amassed a collection of works that celebrates both painting and photography. Sculptural works are also included. The Garnatz collection is a testament to their enthusiasm and sense of quality. In all of this, proximity to the artists is always important to them. They are not interested in owning a single work, but rather in following the artistic development, sometimes in dialogue over many years. This publication focuses on the photographic focus of the Garnatz Collection and places selected positions in an exciting dialogue with those from the Photographic Collection\/SK Stiftung Kultur. It is in particular the documentary conceptual direction, as represented by Bernd and Hilla Becher, for example, that invites this dialogue. The Cologne institution is in charge of the Becher archive, and the Garnatz Collection also contains striking photographs by the artist couple. Stylistically related works by Candida H\u00f6fer, Thomas Ruff and Thomas Struth are added in this context and expand the artistic discourse. In addition, Ute and Eberhard have collected works by experimental and cross-media artists such as Sigmar Polke. The collector couple has pursued visual languages that congenially combine photographic, painterly and sculptural forms of expression with great interest. An item from the holdings of the Photographic Collection\/SK Stiftung Kultur also ties in here: The painter, draughtsman and sculptor Jim Dine has donated his extensive photographic work to the collection. This publication and the exhibition of the same name impressively demonstrate how two collections of different origins enter into an exciting dialogue - creating an expressive visual soundscape.<\/p>\n<p>Artists:<br \/>\nBernd and Hilla Becher, Boris Becker, Anna and Bernhard Blume, Chargesheimer, Jim Dine, Frank D\u00f6mer, Gina Lee Felber, Candida H\u00f6fer, Benjamin Katz, J\u00fcrgen Klauke, Astrid Klein, Werner Mantz, Augustina von Nagel, Floris Neus\u00fcss, Sigmar Polke, Albert Renger-Patzsch, Arnulf Rainer, Hugo Schm\u00f6lz, Wilhelm Sch\u00fcrmann, Tata Ronkholz, Thomas Ruff, Thomas Struth<\/p>\n<p>Exhibition:<br \/>\nThe Photographic Collection\/SK Stiftung Kultur, Cologne, 26\/11\/2020 - 25\/4\/2021<\/p>","protected":false},"excerpt":{"rendered":"<p>Exhibition catalogue, The Photographic Collection\/SK Stiftung Kultur Cologne<br \/>\nTexts (German\/English) by Gabriele Conrath-Scholl, Klaus Honnef, Claudia Schubert<br \/>\n192 p. with 110 colour and 155 b\/w illustrations<br \/>\nFormat 27.5 x 22 cm, gatefold brochure<\/p>","protected":false},"featured_media":5210,"template":"","meta":[],"product_brand":[],"product_cat":[95],"product_tag":[],"class_list":{"0":"post-3795","1":"product","2":"type-product","3":"status-publish","4":"has-post-thumbnail","6":"product_cat-vergriffen","8":"first","9":"outofstock","10":"taxable","11":"shipping-taxable","12":"product-type-simple"},"aioseo_notices":[],"_wp_attached_file":null,"_wp_attachment_metadata":null,"_wc_attachment_source":null,"_elementor_inline_svg":null,"_elementor_is_screenshot":null,"_elementor_source_image_hash":null,"_source_url":null,"_wp_attachment_context":null,"_menu_item_type":null,"_menu_item_menu_item_parent":null,"_menu_item_object_id":null,"_menu_item_object":null,"_menu_item_target":null,"_menu_item_classes":null,"_menu_item_xfn":null,"_menu_item_url":null,"__elementor_forms_snapshot":null,"_unit":"","_unit_base":"","_unit_product":"","_unit_price_auto":"no","_unit_price_regular":"","_unit_price":"","_unit_price_sale":"","_sale_price_label":"","_sale_price_regular_label":"","_manufacturer_slug":"","_mini_desc":"","_defect_description":"","_safety_instructions":"","_allergen_ids":[],"_warranty_attachment_id":"","_safety_attachment_ids":[],"_min_age":"","_ts_gtin":"","_ts_mpn":"","_delivery_time_countries":[],"_free_shipping":"no","_service":"no","_photovoltaic_system":"no","_used_good":"no","_defective_copy":"no","_wireless_electronic_device":"no","_device_contains_power_supply":"no","_device_charging_supports_usb_pd":"no","_device_charging_watt_min":"0","_device_charging_watt_max":"0","_is_food":"no","_differential_taxation":"no","_gzd_version":"3.18.7","_hs_code":"","_customs_description":"","_manufacture_country":"0","_is_non_returnable":"no","_shipping_length":"","_shipping_width":"","_shipping_height":"","_sku":"ISBN 978-3-86442-323-9","_global_unique_id":"978-3-86442-323-9","_regular_price":null,"total_sales":"0","_tax_status":"taxable","_tax_class":"","_manage_stock":"no","_backorders":"no","_sold_individually":"no","_weight":"1","_virtual":"no","_downloadable":"no","_download_limit":"-1","_download_expiry":"-1","_stock":"","_stock_status":"outofstock","_wc_average_rating":"0","_wc_review_count":"0","_product_version":"10.1.4","_price":"","shopengine_product_views_count":"2921","_thumbnail_id":"5210","_product_attributes":{"erscheinungsdatum":{"name":"Publication date","value":"04.12.2020","position":0,"is_visible":1,"is_variation":0,"is_taxonomy":0,"checkout_visible":0}},"_nutrient_ids":[],"_upsell_ids":null,"pswc_subtitle":null,"_default_delivery_time":null,"_wp_desired_post_slug":null,"_isbn":null,"pageType":null,"isExternalUrl":null,"pageId":null,"externalUrl":null,"hideCookieBanner":null,"isTargetBlank":null,"isProviderCurrentWebsite":null,"isEmbeddingOnlyExternalResources":null,"legalBasis":null,"dataProcessingInCountries":null,"dataProcessingInCountriesSpecialTreatments":null,"technicalDefinitions":null,"googleConsentModeConsentTypes":null,"executePriority":null,"executeCodeOptInWhenNoTagManagerConsentIsGiven":null,"executeCodeOptOutWhenNoTagManagerConsentIsGiven":null,"deleteTechnicalDefinitionsAfterOptOut":null,"presetId":null,"presetVersion":null,"provider":null,"providerContactPhone":null,"providerContactEmail":null,"providerContactLink":null,"uniqueName":null,"providerPrivacyPolicyUrl":null,"providerLegalNoticeUrl":null,"codeOptIn":null,"codeOptOut":null,"codeOnPageLoad":null,"language_code":null,"shopengine_template__post_meta__type":null,"shopengine_template__post_meta":null,"shopengine_template__post_meta__edit_with":null,"origin":null,"_enabled":null,"_filters":null,"_layout":null,"_elementor_import_session_id":null,"_wp_trash_meta_status":null,"_wp_trash_meta_time":null,"_edit_lock":"1743238235:2","_elementor_floating_elements_type":null,"_elementor_edit_mode":null,"_elementor_template_type":null,"tc-thumb-fld":{"_thumb_id":5210,"_thumb_type":"thumb"},"_wp_page_template":"default","_elementor_version":null,"_elementor_pro_version":null,"_elementor_page_settings":null,"_elementor_data":null,"_elementor_conditions":null,"_elementor_popup_display_settings":null,"_edit_last":"2","_elementor_template_sub_type":null,"_elementor_controls_usage":null,"_elementor_screenshot":null,"_elementor_css":null,"_elementor_page_assets":[],"_elementor_element_cache":null,"_elementor_screenshot_failed":null,"_elementor_source":null,"_wp_old_date":null,"layout_key":"","post_slider_check_key":"0","_links":{"self":[{"href":"https:\/\/snoeck.de\/en\/wp-json\/wp\/v2\/product\/3795","targetHints":{"allow":["GET"]}}],"collection":[{"href":"https:\/\/snoeck.de\/en\/wp-json\/wp\/v2\/product"}],"about":[{"href":"https:\/\/snoeck.de\/en\/wp-json\/wp\/v2\/types\/product"}],"wp:featuredmedia":[{"embeddable":true,"href":"https:\/\/snoeck.de\/en\/wp-json\/wp\/v2\/media\/5210"}],"wp:attachment":[{"href":"https:\/\/snoeck.de\/en\/wp-json\/wp\/v2\/media?parent=3795"}],"wp:term":[{"taxonomy":"product_brand","embeddable":true,"href":"https:\/\/snoeck.de\/en\/wp-json\/wp\/v2\/product_brand?post=3795"},{"taxonomy":"product_cat","embeddable":true,"href":"https:\/\/snoeck.de\/en\/wp-json\/wp\/v2\/product_cat?post=3795"},{"taxonomy":"product_tag","embeddable":true,"href":"https:\/\/snoeck.de\/en\/wp-json\/wp\/v2\/product_tag?post=3795"}],"curies":[{"name":"wp","href":"https:\/\/api.w.org\/{rel}","templated":true}]}}