{"id":3808,"date":"2025-01-31T11:32:46","date_gmt":"2025-01-31T11:32:46","guid":{"rendered":"https:\/\/snoeck.process-vision.de\/shop\/thilo-westermann-souvenir-de-baden-baden\/"},"modified":"2025-03-29T08:12:13","modified_gmt":"2025-03-29T08:12:13","slug":"thilo-westermann-souvenir-de-baden-baden","status":"publish","type":"product","link":"https:\/\/snoeck.de\/en\/shop\/thilo-westermann-souvenir-de-baden-baden\/","title":{"rendered":"Thilo Westermann: Souvenir de Baden-Baden"},"content":{"rendered":"<h3>Writing, dotting, exposing and the montage of time - Thilo Westermann's poetic survey between nature, scientific exploration and history<\/h3>\n<p>\"Souvenir de Baden-Baden\" by Thilo Westermann provides an insight into the letters that the artist and art historian has been writing to Napoleon's adopted daughter and former Grand Duchess of Baden, St\u00e9phanie de Beauharnais (1789-1860), since 2018. As if she were a living art collector, he wrote to her about his work. The handwritten letters go far beyond discussing his own work: they deal with political and social events of recent years and sometimes take the form of cultural studies treatises, for example on the colonial background to the garden at Malmaison Palace near Paris or the consequences of Napoleon's expansionist policies. Westermann's own media are reverse glass paintings and photomontages. With his \"Correspondance avec St\u00e9phanie\", he now presents a work that is as precise as it is perceptive, critically reflecting on history and the present. Text contributions by renowned scholars such as Markus A. Castor (Deutsches Forum f\u00fcr Kunstgeschichte Paris) introduce Westermann's oeuvre; Dominique de Font-R\u00e9aulx (Louvre Paris) examines the interface between painting and photography; Magali Nachtergael (Universit\u00e9 Bordeaux-Montaigne) and Anne Reverseau (UCLouvain) investigate the relevance of the written word between visual art and literature; Harriet Zilch (Kunsthalle N\u00fcrnberg) concludes by asking what it would mean if we could think of history in a circular rather than a linear way and thus continue to add to our image of the past. Full-page illustrations and reproductions of the handwritten letters emphasise the bibliophile aspect of this project, in which previously unpublished letters by St\u00e9phanie de Beauharnais herself are also published for the first time.<\/p>\n<p>Exhibition: Thilo Westermann et l'art de dessiner sous verre<br \/>\nVitromus\u00e9e Romont, Suisse: 6\/3 - 25\/9\/2022<\/p>","protected":false},"excerpt":{"rendered":"<p>Edited by Markus A. Castor and Heike Kronenwett<br \/>\nTexts (German\/French) by Markus A. Castor, Dominique de Font-R\u00e9aulx, Magali Nachtergael, Anne Reverseau and Harriet Zilch<br \/>\n336 p. with 160 colour illustrations<br \/>\nFormat 24 x 18 cm, softcover with dust jacket<\/p>","protected":false},"featured_media":5223,"template":"","meta":[],"product_brand":[],"product_cat":[84,80],"product_tag":[],"class_list":{"0":"post-3808","1":"product","2":"type-product","3":"status-publish","4":"has-post-thumbnail","6":"product_cat-84","7":"product_cat-w","9":"first","10":"instock","11":"taxable","12":"shipping-taxable","13":"purchasable","14":"product-type-simple"},"aioseo_notices":[],"_wp_attached_file":null,"_wp_attachment_metadata":null,"_wc_attachment_source":null,"_elementor_inline_svg":null,"_elementor_is_screenshot":null,"_elementor_source_image_hash":null,"_source_url":null,"_wp_attachment_context":null,"_menu_item_type":null,"_menu_item_menu_item_parent":null,"_menu_item_object_id":null,"_menu_item_object":null,"_menu_item_target":null,"_menu_item_classes":null,"_menu_item_xfn":null,"_menu_item_url":null,"__elementor_forms_snapshot":null,"_unit":"","_unit_base":"","_unit_product":"","_unit_price_auto":"no","_unit_price_regular":"","_unit_price":"","_unit_price_sale":"","_sale_price_label":"","_sale_price_regular_label":"","_manufacturer_slug":"","_mini_desc":"","_defect_description":"","_safety_instructions":"","_allergen_ids":[],"_warranty_attachment_id":"","_safety_attachment_ids":[],"_min_age":"","_ts_gtin":"","_ts_mpn":"","_delivery_time_countries":[],"_free_shipping":"no","_service":"no","_photovoltaic_system":"no","_used_good":"no","_defective_copy":"no","_wireless_electronic_device":"no","_device_contains_power_supply":"no","_device_charging_supports_usb_pd":"no","_device_charging_watt_min":"0","_device_charging_watt_max":"0","_is_food":"no","_differential_taxation":"no","_gzd_version":"3.18.7","_hs_code":"","_customs_description":"","_manufacture_country":"0","_is_non_returnable":"no","_shipping_length":"","_shipping_width":"","_shipping_height":"","_sku":"ISBN 978-3-86442-379-6","_global_unique_id":"978-3-86442-379-6","_regular_price":"39.8","total_sales":"0","_tax_status":"taxable","_tax_class":"","_manage_stock":"no","_backorders":"no","_sold_individually":"no","_weight":"2","_virtual":"no","_downloadable":"no","_download_limit":"-1","_download_expiry":"-1","_stock":"","_stock_status":"instock","_wc_average_rating":"0","_wc_review_count":"0","_product_version":"9.7.1","_price":"39.8","shopengine_product_views_count":"2336","_thumbnail_id":"5223","_product_attributes":{"erscheinungsdatum":{"name":"Publication date","value":"01.04.2020","position":0,"is_visible":1,"is_variation":0,"is_taxonomy":0,"checkout_visible":0}},"_nutrient_ids":[],"_upsell_ids":null,"pswc_subtitle":null,"_default_delivery_time":null,"_wp_desired_post_slug":null,"_isbn":null,"pageType":null,"isExternalUrl":null,"pageId":null,"externalUrl":null,"hideCookieBanner":null,"isTargetBlank":null,"isProviderCurrentWebsite":null,"isEmbeddingOnlyExternalResources":null,"legalBasis":null,"dataProcessingInCountries":null,"dataProcessingInCountriesSpecialTreatments":null,"technicalDefinitions":null,"googleConsentModeConsentTypes":null,"executePriority":null,"executeCodeOptInWhenNoTagManagerConsentIsGiven":null,"executeCodeOptOutWhenNoTagManagerConsentIsGiven":null,"deleteTechnicalDefinitionsAfterOptOut":null,"presetId":null,"presetVersion":null,"provider":null,"providerContactPhone":null,"providerContactEmail":null,"providerContactLink":null,"uniqueName":null,"providerPrivacyPolicyUrl":null,"providerLegalNoticeUrl":null,"codeOptIn":null,"codeOptOut":null,"codeOnPageLoad":null,"language_code":null,"shopengine_template__post_meta__type":null,"shopengine_template__post_meta":null,"shopengine_template__post_meta__edit_with":null,"origin":null,"_enabled":null,"_filters":null,"_layout":null,"_elementor_import_session_id":null,"_wp_trash_meta_status":null,"_wp_trash_meta_time":null,"_edit_lock":"1743235795:2","_elementor_floating_elements_type":null,"_elementor_edit_mode":null,"_elementor_template_type":null,"tc-thumb-fld":{"_thumb_id":5223,"_thumb_type":"thumb"},"_wp_page_template":"default","_elementor_version":null,"_elementor_pro_version":null,"_elementor_page_settings":null,"_elementor_data":null,"_elementor_conditions":null,"_elementor_popup_display_settings":null,"_edit_last":"2","_elementor_template_sub_type":null,"_elementor_controls_usage":null,"_elementor_screenshot":null,"_elementor_css":null,"_elementor_page_assets":[],"_elementor_element_cache":null,"_elementor_screenshot_failed":null,"_elementor_source":null,"_wp_old_date":null,"layout_key":"","post_slider_check_key":"0","_links":{"self":[{"href":"https:\/\/snoeck.de\/en\/wp-json\/wp\/v2\/product\/3808","targetHints":{"allow":["GET"]}}],"collection":[{"href":"https:\/\/snoeck.de\/en\/wp-json\/wp\/v2\/product"}],"about":[{"href":"https:\/\/snoeck.de\/en\/wp-json\/wp\/v2\/types\/product"}],"wp:featuredmedia":[{"embeddable":true,"href":"https:\/\/snoeck.de\/en\/wp-json\/wp\/v2\/media\/5223"}],"wp:attachment":[{"href":"https:\/\/snoeck.de\/en\/wp-json\/wp\/v2\/media?parent=3808"}],"wp:term":[{"taxonomy":"product_brand","embeddable":true,"href":"https:\/\/snoeck.de\/en\/wp-json\/wp\/v2\/product_brand?post=3808"},{"taxonomy":"product_cat","embeddable":true,"href":"https:\/\/snoeck.de\/en\/wp-json\/wp\/v2\/product_cat?post=3808"},{"taxonomy":"product_tag","embeddable":true,"href":"https:\/\/snoeck.de\/en\/wp-json\/wp\/v2\/product_tag?post=3808"}],"curies":[{"name":"wp","href":"https:\/\/api.w.org\/{rel}","templated":true}]}}