{"id":3817,"date":"2025-01-31T11:32:51","date_gmt":"2025-01-31T11:32:51","guid":{"rendered":"https:\/\/snoeck.process-vision.de\/shop\/michel-wuerthle-le-cinema-de-la-vie\/"},"modified":"2025-03-29T07:48:49","modified_gmt":"2025-03-29T07:48:49","slug":"michel-wuerthle-le-cinema-de-la-vie","status":"publish","type":"product","link":"https:\/\/snoeck.de\/en\/shop\/michel-wuerthle-le-cinema-de-la-vie\/","title":{"rendered":"Michel W\u00fcrthle: le cin\u00e9ma de la vie"},"content":{"rendered":"<h3>Hollywood Big Shots<\/h3>\n<p>In 1972, Michel W\u00fcrthle opened the EXIL restaurant in Kreuzberg together with his friends Ingrid and Oswald Wiener. I don't know why EXIL quickly became the most important restaurant on the Berlin scene - perhaps simply because many an exiled artist was given a special welcome here. German and foreign artists, actors and directors met there on the Landwehr Canal without being asked about their origins or papers; it was there that the transformation from a local, almost provincial scene to an international one took place. EXIL thus became one of the most interesting and lively places in the city, enabling Berlin to regain its reputation as a cosmopolitan city for night owls that was open to all.<br \/>\nThe circle of artists who socialised there included Joseph Beuys, Dieter Roth, G\u00fcnter Brus, Walter Pichler, Richard Hamilton, Eduardo Paolozzi, Georg Baselitz, Markus L\u00fcpertz, Maria Lassnig and Martin Kippenberger, to name but a few of the hundreds of drawings that W\u00fcrthle created over 25 years. He cultivated a kind of professional relationship with them - most of them were friends - because he obviously couldn't afford to just eat and drink with them all the time. W\u00fcrthle ran the business and made sure that everything ran smoothly, combining business with that special ambience that they were looking for. We mustn't forget that the catering trade is one of the most strenuous, truly gruelling professions. This did not stop W\u00fcrthle from observing his guests and being infected by the magic of this unusual clientele, who - paradoxically - found their promised land in EXIL.<br \/>\nBusiness flourishes. In 1979, W\u00fcrthle sold the EXIL to take over the more centrally located PARIS BAR together with Reinald Nohal, which quickly became the mythical place it still is today. Michel W\u00fcrthle's personality acts like a magnet. The best artists continue to swap drinks and meals for works that quickly cover the walls from floor to ceiling. You go there to see this new Alibaba cave, to admire this caf\u00e9 that combines the principle of the Colombe d'Or in Saint-Paul de Vence or the Kronenhalle in Zurich with the mockery and self-irony of the punk movement that is sweeping the planet. The punk flair will never completely evaporate from the PARIS BAR - a persistence that is puzzling, but can probably be found in Michel W\u00fcrthle's personality. He is not only a professional landlord with skin and hair, he is also - behind the mask of modesty, the genuinely embarrassed smile - an artist.<\/p>\n<p>Exhibition:<br \/>\nCFA Contemporary Fine Arts, Berlin, 8 - 22\/9\/2018<\/p>","protected":false},"excerpt":{"rendered":"<p>Exhibition catalogue, Contemporary Fine Arts CFA Berlin<br \/>\nCompiled by Fabrice Hergott<br \/>\nText (French\/German\/English) by Fabrice Hergott<br \/>\n120 pages with 104 b\/w and 16 colour illustrations<br \/>\nFormat 25 x 18 cm, softcover<\/p>","protected":false},"featured_media":5232,"template":"","meta":[],"product_brand":[],"product_cat":[111,80],"product_tag":[],"class_list":{"0":"post-3817","1":"product","2":"type-product","3":"status-publish","4":"has-post-thumbnail","6":"product_cat-111","7":"product_cat-w","9":"first","10":"instock","11":"taxable","12":"shipping-taxable","13":"purchasable","14":"product-type-simple"},"aioseo_notices":[],"_wp_attached_file":null,"_wp_attachment_metadata":null,"_wc_attachment_source":null,"_elementor_inline_svg":null,"_elementor_is_screenshot":null,"_elementor_source_image_hash":null,"_source_url":null,"_wp_attachment_context":null,"_menu_item_type":null,"_menu_item_menu_item_parent":null,"_menu_item_object_id":null,"_menu_item_object":null,"_menu_item_target":null,"_menu_item_classes":null,"_menu_item_xfn":null,"_menu_item_url":null,"__elementor_forms_snapshot":null,"_unit":"","_unit_base":"","_unit_product":"","_unit_price_auto":"no","_unit_price_regular":"","_unit_price":"","_unit_price_sale":"","_sale_price_label":"","_sale_price_regular_label":"","_manufacturer_slug":"","_mini_desc":"","_defect_description":"","_safety_instructions":"","_allergen_ids":[],"_warranty_attachment_id":"","_safety_attachment_ids":[],"_min_age":"","_ts_gtin":"","_ts_mpn":"","_delivery_time_countries":[],"_free_shipping":"no","_service":"no","_photovoltaic_system":"no","_used_good":"no","_defective_copy":"no","_wireless_electronic_device":"no","_device_contains_power_supply":"no","_device_charging_supports_usb_pd":"no","_device_charging_watt_min":"0","_device_charging_watt_max":"0","_is_food":"no","_differential_taxation":"no","_gzd_version":"3.18.7","_hs_code":"","_customs_description":"","_manufacture_country":"0","_is_non_returnable":"no","_shipping_length":"","_shipping_width":"","_shipping_height":"","_sku":"ISBN 978-3-86442-270-6","_global_unique_id":"978-3-86442-270-6","_regular_price":"20","total_sales":"0","_tax_status":"taxable","_tax_class":"","_manage_stock":"no","_backorders":"no","_sold_individually":"no","_weight":"1","_virtual":"no","_downloadable":"no","_download_limit":"-1","_download_expiry":"-1","_stock":"","_stock_status":"instock","_wc_average_rating":"0","_wc_review_count":"0","_product_version":"9.7.1","_price":"20","shopengine_product_views_count":"2564","_thumbnail_id":"5232","_product_attributes":{"erscheinungsdatum":{"name":"Publication date","value":"05.09.2018","position":0,"is_visible":1,"is_variation":0,"is_taxonomy":0,"checkout_visible":0}},"_nutrient_ids":[],"_upsell_ids":null,"pswc_subtitle":null,"_default_delivery_time":null,"_wp_desired_post_slug":null,"_isbn":null,"pageType":null,"isExternalUrl":null,"pageId":null,"externalUrl":null,"hideCookieBanner":null,"isTargetBlank":null,"isProviderCurrentWebsite":null,"isEmbeddingOnlyExternalResources":null,"legalBasis":null,"dataProcessingInCountries":null,"dataProcessingInCountriesSpecialTreatments":null,"technicalDefinitions":null,"googleConsentModeConsentTypes":null,"executePriority":null,"executeCodeOptInWhenNoTagManagerConsentIsGiven":null,"executeCodeOptOutWhenNoTagManagerConsentIsGiven":null,"deleteTechnicalDefinitionsAfterOptOut":null,"presetId":null,"presetVersion":null,"provider":null,"providerContactPhone":null,"providerContactEmail":null,"providerContactLink":null,"uniqueName":null,"providerPrivacyPolicyUrl":null,"providerLegalNoticeUrl":null,"codeOptIn":null,"codeOptOut":null,"codeOnPageLoad":null,"language_code":null,"shopengine_template__post_meta__type":null,"shopengine_template__post_meta":null,"shopengine_template__post_meta__edit_with":null,"origin":null,"_enabled":null,"_filters":null,"_layout":null,"_elementor_import_session_id":null,"_wp_trash_meta_status":null,"_wp_trash_meta_time":null,"_edit_lock":"1743234421:2","_elementor_floating_elements_type":null,"_elementor_edit_mode":null,"_elementor_template_type":null,"tc-thumb-fld":{"_thumb_id":5232,"_thumb_type":"thumb"},"_wp_page_template":"default","_elementor_version":null,"_elementor_pro_version":null,"_elementor_page_settings":null,"_elementor_data":null,"_elementor_conditions":null,"_elementor_popup_display_settings":null,"_edit_last":"2","_elementor_template_sub_type":null,"_elementor_controls_usage":null,"_elementor_screenshot":null,"_elementor_css":null,"_elementor_page_assets":[],"_elementor_element_cache":null,"_elementor_screenshot_failed":null,"_elementor_source":null,"_wp_old_date":null,"layout_key":"","post_slider_check_key":"0","_links":{"self":[{"href":"https:\/\/snoeck.de\/en\/wp-json\/wp\/v2\/product\/3817","targetHints":{"allow":["GET"]}}],"collection":[{"href":"https:\/\/snoeck.de\/en\/wp-json\/wp\/v2\/product"}],"about":[{"href":"https:\/\/snoeck.de\/en\/wp-json\/wp\/v2\/types\/product"}],"wp:featuredmedia":[{"embeddable":true,"href":"https:\/\/snoeck.de\/en\/wp-json\/wp\/v2\/media\/5232"}],"wp:attachment":[{"href":"https:\/\/snoeck.de\/en\/wp-json\/wp\/v2\/media?parent=3817"}],"wp:term":[{"taxonomy":"product_brand","embeddable":true,"href":"https:\/\/snoeck.de\/en\/wp-json\/wp\/v2\/product_brand?post=3817"},{"taxonomy":"product_cat","embeddable":true,"href":"https:\/\/snoeck.de\/en\/wp-json\/wp\/v2\/product_cat?post=3817"},{"taxonomy":"product_tag","embeddable":true,"href":"https:\/\/snoeck.de\/en\/wp-json\/wp\/v2\/product_tag?post=3817"}],"curies":[{"name":"wp","href":"https:\/\/api.w.org\/{rel}","templated":true}]}}