{"id":3823,"date":"2025-01-31T11:32:55","date_gmt":"2025-01-31T11:32:55","guid":{"rendered":"https:\/\/snoeck.process-vision.de\/shop\/zeit-von-duerer-bis-bonvicini\/"},"modified":"2025-03-29T07:34:42","modified_gmt":"2025-03-29T07:34:42","slug":"zeit-von-duerer-bis-bonvicini","status":"publish","type":"product","link":"https:\/\/snoeck.de\/en\/shop\/zeit-von-duerer-bis-bonvicini\/","title":{"rendered":"ZEIT - From D\u00fcrer to Bonvicini"},"content":{"rendered":"<h3>Time - the great mystery<\/h3>\n<p>Time is one of the great mysteries of the history of civilisation, its definitions are numerous and can be found in a wide variety of disciplines, from religion to biology to economics, above all, of course, in physics and as a traditional subject in art. It is surprising that in Switzerland, a watchmaking nation, time has so far only been the subject of a cross-epochal and transdisciplinary exhibition in a few art museums. The sensual approach of the Kunsthaus Z\u00fcrich, curated by Cath\u00e9rine Hug, traces the history of time, presenting paintings, films, installations, performances and real objects (especially clocks) from the last 600 years. And even if the clock as a timepiece is the starting point, temporal perspectives such as biological, palaeontological and personal perceptions are also examined in detail alongside the physical. Including works by Sinzo Aanza, Giacomo Balla, Black Qantum Futurism, Manon de Boer &amp; George van Dam, Abraham-Louis Breguet, Pieter Claesz, Honor\u00e9 Daumier, Jean Dubuffet, William Hogarth, Roni Horn, Monica Ursina J\u00e4ger, On Kawara, Herlinde Koelbl, Alicja Kwade, MANON, Jonathan Monk, Sophie Nys, Dieter Roth, Cyril Sch\u00e4ublin, Una Szeemann.<\/p>\n<p>Exhibition:<br \/>\nKunsthaus Zurich, 22\/9\/2023 - 14\/1\/2024<\/p>","protected":false},"excerpt":{"rendered":"<p>Exhibition catalogue Kunsthaus Z\u00fcrich, in collaboration with the Mus\u00e9e international d'Horologie, La Chaux-de-Fonds and Arts at CERN<br \/>\nTexts (German\/English) by M\u00f3nica Bello, Estelle Fallet, Cath\u00e9rine Hug, R\u00e9gis Huguenin-Dumittan, Monika Leonhardt, Nathalie Marielloni, S\u00e9bastian Vivas as well as three conversations between Cath\u00e9rine Hug and Josef Teichmann, Helga Nowotny and Anna Elsner, Stefan Zweifel and R\u00fcdiger Safranski<br \/>\n320 p. with 180 colour illustrations<br \/>\nFormat 26 x 21 cm, two-colour embossed linen cover<\/p>","protected":false},"featured_media":5238,"template":"","meta":[],"product_brand":[],"product_cat":[87,83],"product_tag":[],"class_list":{"0":"post-3823","1":"product","2":"type-product","3":"status-publish","4":"has-post-thumbnail","6":"product_cat-87","7":"product_cat-z","9":"first","10":"instock","11":"taxable","12":"shipping-taxable","13":"purchasable","14":"product-type-simple"},"aioseo_notices":[],"_wp_attached_file":null,"_wp_attachment_metadata":null,"_wc_attachment_source":null,"_elementor_inline_svg":null,"_elementor_is_screenshot":null,"_elementor_source_image_hash":null,"_source_url":null,"_wp_attachment_context":null,"_menu_item_type":null,"_menu_item_menu_item_parent":null,"_menu_item_object_id":null,"_menu_item_object":null,"_menu_item_target":null,"_menu_item_classes":null,"_menu_item_xfn":null,"_menu_item_url":null,"__elementor_forms_snapshot":null,"_unit":"","_unit_base":"","_unit_product":"","_unit_price_auto":"no","_unit_price_regular":"","_unit_price":"","_unit_price_sale":"","_sale_price_label":"","_sale_price_regular_label":"","_manufacturer_slug":"","_mini_desc":"","_defect_description":"","_safety_instructions":"","_allergen_ids":[],"_warranty_attachment_id":"","_safety_attachment_ids":[],"_min_age":"","_ts_gtin":"","_ts_mpn":"","_delivery_time_countries":[],"_free_shipping":"no","_service":"no","_photovoltaic_system":"no","_used_good":"no","_defective_copy":"no","_wireless_electronic_device":"no","_device_contains_power_supply":"no","_device_charging_supports_usb_pd":"no","_device_charging_watt_min":"0","_device_charging_watt_max":"0","_is_food":"no","_differential_taxation":"no","_gzd_version":"3.18.7","_hs_code":"","_customs_description":"","_manufacture_country":"0","_is_non_returnable":"no","_shipping_length":"","_shipping_width":"","_shipping_height":"","_sku":"ISBN 978-3-86442-423-6","_global_unique_id":"978-3-86442-423-6","_regular_price":"58","total_sales":"0","_tax_status":"taxable","_tax_class":"","_manage_stock":"no","_backorders":"no","_sold_individually":"no","_weight":"2","_virtual":"no","_downloadable":"no","_download_limit":"-1","_download_expiry":"-1","_stock":"","_stock_status":"instock","_wc_average_rating":"0","_wc_review_count":"0","_product_version":"9.7.1","_price":"58","shopengine_product_views_count":"3649","_thumbnail_id":"5238","_product_attributes":{"erscheinungsdatum":{"name":"Publication date","value":"08.09.2023","position":0,"is_visible":1,"is_variation":0,"is_taxonomy":0,"checkout_visible":0}},"_nutrient_ids":[],"_upsell_ids":null,"pswc_subtitle":null,"_default_delivery_time":null,"_wp_desired_post_slug":null,"_isbn":null,"pageType":null,"isExternalUrl":null,"pageId":null,"externalUrl":null,"hideCookieBanner":null,"isTargetBlank":null,"isProviderCurrentWebsite":null,"isEmbeddingOnlyExternalResources":null,"legalBasis":null,"dataProcessingInCountries":null,"dataProcessingInCountriesSpecialTreatments":null,"technicalDefinitions":null,"googleConsentModeConsentTypes":null,"executePriority":null,"executeCodeOptInWhenNoTagManagerConsentIsGiven":null,"executeCodeOptOutWhenNoTagManagerConsentIsGiven":null,"deleteTechnicalDefinitionsAfterOptOut":null,"presetId":null,"presetVersion":null,"provider":null,"providerContactPhone":null,"providerContactEmail":null,"providerContactLink":null,"uniqueName":null,"providerPrivacyPolicyUrl":null,"providerLegalNoticeUrl":null,"codeOptIn":null,"codeOptOut":null,"codeOnPageLoad":null,"language_code":null,"shopengine_template__post_meta__type":null,"shopengine_template__post_meta":null,"shopengine_template__post_meta__edit_with":null,"origin":null,"_enabled":null,"_filters":null,"_layout":null,"_elementor_import_session_id":null,"_wp_trash_meta_status":null,"_wp_trash_meta_time":null,"_edit_lock":"1743233557:2","_elementor_floating_elements_type":null,"_elementor_edit_mode":null,"_elementor_template_type":null,"tc-thumb-fld":{"_thumb_id":5238,"_thumb_type":"thumb"},"_wp_page_template":"default","_elementor_version":null,"_elementor_pro_version":null,"_elementor_page_settings":null,"_elementor_data":null,"_elementor_conditions":null,"_elementor_popup_display_settings":null,"_edit_last":"2","_elementor_template_sub_type":null,"_elementor_controls_usage":null,"_elementor_screenshot":null,"_elementor_css":null,"_elementor_page_assets":[],"_elementor_element_cache":null,"_elementor_screenshot_failed":null,"_elementor_source":null,"_wp_old_date":null,"layout_key":"","post_slider_check_key":"0","_links":{"self":[{"href":"https:\/\/snoeck.de\/en\/wp-json\/wp\/v2\/product\/3823","targetHints":{"allow":["GET"]}}],"collection":[{"href":"https:\/\/snoeck.de\/en\/wp-json\/wp\/v2\/product"}],"about":[{"href":"https:\/\/snoeck.de\/en\/wp-json\/wp\/v2\/types\/product"}],"wp:featuredmedia":[{"embeddable":true,"href":"https:\/\/snoeck.de\/en\/wp-json\/wp\/v2\/media\/5238"}],"wp:attachment":[{"href":"https:\/\/snoeck.de\/en\/wp-json\/wp\/v2\/media?parent=3823"}],"wp:term":[{"taxonomy":"product_brand","embeddable":true,"href":"https:\/\/snoeck.de\/en\/wp-json\/wp\/v2\/product_brand?post=3823"},{"taxonomy":"product_cat","embeddable":true,"href":"https:\/\/snoeck.de\/en\/wp-json\/wp\/v2\/product_cat?post=3823"},{"taxonomy":"product_tag","embeddable":true,"href":"https:\/\/snoeck.de\/en\/wp-json\/wp\/v2\/product_tag?post=3823"}],"curies":[{"name":"wp","href":"https:\/\/api.w.org\/{rel}","templated":true}]}}