{"id":6863,"date":"2025-11-14T08:00:00","date_gmt":"2025-11-14T06:00:00","guid":{"rendered":"https:\/\/snoeck.de\/?post_type=product&#038;p=6863"},"modified":"2025-12-27T15:55:36","modified_gmt":"2025-12-27T14:55:36","slug":"ben-de-biel-elegantly-wasted-ritter-butzke-berlin","status":"publish","type":"product","link":"https:\/\/snoeck.de\/en\/shop\/ben-de-biel-elegantly-wasted-ritter-butzke-berlin\/","title":{"rendered":"Ben de Biel: Elegantly Wasted \/ Ritter Butzke Berlin"},"content":{"rendered":"<p><iframe hcb-fetch-image-from=\"https:\/\/www.youtube.com\/watch?v=EPkoUcEr9w4\" title=\"Elegantly wasted\" width=\"800\" height=\"450\" src=\"https:\/\/www.youtube.com\/embed\/EPkoUcEr9w4?feature=oembed\" frameborder=\"0\" allow=\"accelerometer; autoplay; clipboard-write; encrypted-media; gyroscope; picture-in-picture; web-share\" referrerpolicy=\"strict-origin-when-cross-origin\" allowfullscreen><\/iframe><\/p>\n<h4><\/h4>\n<p class=\"MsoNormal\" style=\"line-height: 150%;\">\u00bbTanz mal dr\u00fcber nach\u00ab oder \u00bbkomm vorbei und lass Dich gehen\u00ab und \u00bbDein Gehirn braucht dringend Urlaub\u00ab! So hie\u00df es auf den Flyern des Ritter Butzke und das Resultat lautet nat\u00fcrlich \u00bbVon euphorisch bis ersch\u00f6pft\u00ab. Aufgebaut hat das Ritter Butzke Johannes von Jena, nachdem er 2006 auf seiner Suche nach einer tempo\u00adr\u00e4ren Partylocation auf das leerstehende Fabrikgel\u00e4nde der Aqua Butzke Werke in der Ritterstra\u00dfe in Kreuzberg ge\u00adsto\u00dfen war. Der Club ist dann von Anfang 2007 bis 2009 illegal in \u00adBetrieb gewesen, von den Beh\u00f6rden geschlossen und 2010 \u00adwieder legal er\u00f6ffnet worden. \u00bbEs war ver\u00admutlich der gr\u00f6\u00dfte illegale Club der Welt\u00ab, so Johannes von Jena. In den 2010er-Jahren gilt \u00bbBerlin als die Stadt, in der die Partykultur des 21. Jahrhunderts neu erfunden wurde\u00ab, wie Max Dax in \u00adseinem Interview mit Johannes von Jena und Ben de Biel feth\u00e4lt. Von Ben de Biel stammen die Fotoserien des vorliegenden Bandes, er hat seit den Anf\u00e4ngen im Ritter Butzke fotografiert. Das war in den Clubs nicht nur verp\u00f6nt, sondern \u00adeigentlich auch untersagt. Mit Ben de Biel aber, dem Betreiber des legend\u00e4ren Maria am Ostbahnhof, fotografierte hier jemand das Geschehen, der tief in dieser Szene verwurzelt war und den diese akzeptierte, zumal es allen Besucher*innen bewusst war, dass sie von ihm fotografiert wurden. In den 1990er-Jahren hatte er zun\u00e4chst die Haus\u00adbesetzerszene in Friedrichshain \u00adfotografiert: \u00bb10 Jahre sp\u00e4ter meine n\u00e4chtlichen Taxifahrten vom Club Maria nach Hause. Im \u00adRitter Butzke habe ich dann angefangen, Partys selbst zu fotogra\u00adfieren, denn die Clubkultur war es ja gewesen, wegen der ich vor \u00fcber 35 Jahren nach Berlin gegangen bin. Ich wusste zudem, dass niemand vor mir in \u00addiesem Umfang in Berliner Clubs fotografiert hatte, und ich hatte ich einen ganz pers\u00f6nlichen Zugang \u2026 Ich wusste, dass die Clubkultur ein wesentlicher Teil von Berlin ist.\u00ab Zur Ausstellung \u00bbElegantly Wasted\u00ab im Urban Spree (14\/11 \u2013 20\/12\/25) schrieb denn auch Thomas Wochnick am 21\/11\/25 im TAGESSPIEGEL: \u00bbSteht man in der Ausstellung in der Galerie Urban Spree \u2026 schaut man grunds\u00e4tzlich von au\u00dfen in diese Welt hinein. Und man tut es, da es gar nicht \u00adanders geht, mit einem voyeuris\u00adtischen Blick \u2026 Man sp\u00fcrt also einerseits, wie der eigene Blick zum Eindringling wird. Anderer\u00adseits sp\u00fcrt man aber auch die Gelassenheit, mit der sich der \u00adFotograf durch diese Welt bewegt, nicht als Fremdk\u00f6rper, sondern als Teil der \u00adtanzenden Menschen. Keinem anderen Foto\u00adgrafen ist das je in vergleichbarer Weise ge\u00adlungen.\u00ab<\/p>\n<p>&nbsp;<\/p>","protected":false},"excerpt":{"rendered":"<p>edited by Johannes von Jena<br \/>\nConversation (German\/English) by Max Dax with Ben de Biel and Johannes von Jena<br \/>\n256 p. with 120 illus. double-page. Illus. in colour<br \/>\nFormat 28 x 24 cm, softcover<\/p>","protected":false},"featured_media":6864,"template":"","meta":[],"product_brand":[],"product_cat":[89,59,61,62,80],"product_tag":[],"class_list":{"0":"post-6863","1":"product","2":"type-product","3":"status-publish","4":"has-post-thumbnail","6":"product_cat-89","7":"product_cat-b","8":"product_cat-d","9":"product_cat-e","10":"product_cat-w","12":"first","13":"instock","14":"taxable","15":"shipping-taxable","16":"purchasable","17":"product-type-simple"},"aioseo_notices":[],"_wp_attached_file":null,"_wp_attachment_metadata":null,"_wc_attachment_source":null,"_elementor_inline_svg":null,"_elementor_is_screenshot":null,"_elementor_source_image_hash":null,"_source_url":null,"_wp_attachment_context":null,"_menu_item_type":null,"_menu_item_menu_item_parent":null,"_menu_item_object_id":null,"_menu_item_object":null,"_menu_item_target":null,"_menu_item_classes":null,"_menu_item_xfn":null,"_menu_item_url":null,"__elementor_forms_snapshot":null,"_unit":"","_unit_base":"","_unit_product":"","_unit_price_auto":"no","_unit_price_regular":"","_unit_price":"","_unit_price_sale":"","_sale_price_label":"","_sale_price_regular_label":"","_manufacturer_slug":"","_mini_desc":"","_defect_description":"","_safety_instructions":"","_allergen_ids":[],"_warranty_attachment_id":"","_safety_attachment_ids":[],"_min_age":"","_ts_gtin":"","_ts_mpn":"","_delivery_time_countries":[],"_free_shipping":"no","_service":"no","_photovoltaic_system":"no","_used_good":"no","_defective_copy":"no","_wireless_electronic_device":"no","_device_contains_power_supply":"no","_device_charging_supports_usb_pd":"no","_device_charging_watt_min":"","_device_charging_watt_max":"","_is_food":"no","_differential_taxation":"no","_gzd_version":"3.20.1","_hs_code":"","_customs_description":"","_manufacture_country":"0","_is_non_returnable":"no","_shipping_length":"","_shipping_width":"","_shipping_height":"","_sku":"ISBN 978-3-86442-471-7","_global_unique_id":null,"_regular_price":"39.8","total_sales":"2","_tax_status":"taxable","_tax_class":"","_manage_stock":"no","_backorders":"no","_sold_individually":"no","_weight":"2.1","_virtual":"no","_downloadable":"no","_download_limit":"-1","_download_expiry":"-1","_stock":"","_stock_status":"instock","_wc_average_rating":"0","_wc_review_count":"0","_product_version":"10.1.3","_price":"39.8","shopengine_product_views_count":"2161","_thumbnail_id":"6864","_product_attributes":null,"_nutrient_ids":null,"_upsell_ids":null,"pswc_subtitle":null,"_default_delivery_time":"","_wp_desired_post_slug":null,"_isbn":"9783864424717","pageType":null,"isExternalUrl":null,"pageId":null,"externalUrl":null,"hideCookieBanner":null,"isTargetBlank":null,"isProviderCurrentWebsite":null,"isEmbeddingOnlyExternalResources":null,"legalBasis":null,"dataProcessingInCountries":null,"dataProcessingInCountriesSpecialTreatments":null,"technicalDefinitions":null,"googleConsentModeConsentTypes":null,"executePriority":null,"executeCodeOptInWhenNoTagManagerConsentIsGiven":null,"executeCodeOptOutWhenNoTagManagerConsentIsGiven":null,"deleteTechnicalDefinitionsAfterOptOut":null,"presetId":null,"presetVersion":null,"provider":null,"providerContactPhone":null,"providerContactEmail":null,"providerContactLink":null,"uniqueName":null,"providerPrivacyPolicyUrl":null,"providerLegalNoticeUrl":null,"codeOptIn":null,"codeOptOut":null,"codeOnPageLoad":null,"language_code":null,"shopengine_template__post_meta__type":null,"shopengine_template__post_meta":null,"shopengine_template__post_meta__edit_with":null,"origin":null,"_enabled":null,"_filters":null,"_layout":null,"_elementor_import_session_id":null,"_wp_trash_meta_status":null,"_wp_trash_meta_time":null,"_edit_lock":"1766847339:2","_elementor_floating_elements_type":null,"_elementor_edit_mode":null,"_elementor_template_type":null,"tc-thumb-fld":null,"_wp_page_template":null,"_elementor_version":null,"_elementor_pro_version":null,"_elementor_page_settings":null,"_elementor_data":null,"_elementor_conditions":null,"_elementor_popup_display_settings":null,"_edit_last":"2","_elementor_template_sub_type":null,"_elementor_controls_usage":null,"_elementor_screenshot":null,"_elementor_css":null,"_elementor_page_assets":[],"_elementor_element_cache":null,"_elementor_screenshot_failed":null,"_elementor_source":null,"_wp_old_date":null,"layout_key":null,"post_slider_check_key":null,"_links":{"self":[{"href":"https:\/\/snoeck.de\/en\/wp-json\/wp\/v2\/product\/6863","targetHints":{"allow":["GET"]}}],"collection":[{"href":"https:\/\/snoeck.de\/en\/wp-json\/wp\/v2\/product"}],"about":[{"href":"https:\/\/snoeck.de\/en\/wp-json\/wp\/v2\/types\/product"}],"wp:featuredmedia":[{"embeddable":true,"href":"https:\/\/snoeck.de\/en\/wp-json\/wp\/v2\/media\/6864"}],"wp:attachment":[{"href":"https:\/\/snoeck.de\/en\/wp-json\/wp\/v2\/media?parent=6863"}],"wp:term":[{"taxonomy":"product_brand","embeddable":true,"href":"https:\/\/snoeck.de\/en\/wp-json\/wp\/v2\/product_brand?post=6863"},{"taxonomy":"product_cat","embeddable":true,"href":"https:\/\/snoeck.de\/en\/wp-json\/wp\/v2\/product_cat?post=6863"},{"taxonomy":"product_tag","embeddable":true,"href":"https:\/\/snoeck.de\/en\/wp-json\/wp\/v2\/product_tag?post=6863"}],"curies":[{"name":"wp","href":"https:\/\/api.w.org\/{rel}","templated":true}]}}