{"id":7163,"date":"2026-01-05T09:00:00","date_gmt":"2026-01-05T08:00:00","guid":{"rendered":"https:\/\/snoeck.de\/?post_type=product&p=7163"},"modified":"2025-12-26T14:28:31","modified_gmt":"2025-12-26T13:28:31","slug":"daniel-spoerri-i-liebe-widersprueche-i-like-contradictions","status":"publish","type":"product","link":"https:\/\/snoeck.de\/en\/shop\/daniel-spoerri-i-liebe-widersprueche-i-like-contradictions\/","title":{"rendered":"Daniel Spoerri: I love contradictions"},"content":{"rendered":"<h3>Out of the pictures and into life<\/h3>\n<p>The exhibition \"I Love Contradictions\" at the Falckenberg Collection opens up a new perspective on the work of Daniel Spoerri (1930-2024) and the unbroken relevance of his artistic thinking. After his first career as a classical dancer, Spoerri founded the Nouveaux R\u00e9alistes group in Paris in 1960 together with Yves Klein, Jean Tinguely, Niki de Saint-Phalle and other artist friends and developed into a formative representative of object art. In contrast to abstract art and following on from the readymades and neo-Dada of the 1960s, Spoerri created his own art genre with his \"trap pictures\" and founded Eat Art in the 1970s. In dialogue with works from the Falckenberg Collection, the diverse references between Daniel Spoerri's artistic approach and the consumerist and socially critical attitudes found in the collection unfold. Artists such as Dieter Roth and Emmett Williams were Spoerri's companions in the 1960s and 70s; Gianfranco Baruchello, \u00d6yvind Fahlstr\u00f6m and Spoerri exhibited together with the Nouveaux R\u00e9alistes for the first time in New York in 1962. Material aesthetic and conceptual parallels can in turn be found in the work of Mark Dion, Mariella Mosler, Pope.L, Thomas Gr\u00fcnfeld, Cosima von Bonin and John Miller - for example, Spoerri's typical play with everyday materials, his criticism of the concept of the work and his ironic approach to the meaning of authorship. The works in the Falckenberg Collection reflect interdisciplinary links with Spoerri's art, which have developed across national borders via Fluxus, Nouveau R\u00e9alisme and Conceptual Art right up to the present day.<\/p>\n<p>Exhibition: Falckenberg Collection \/ Deichtorhallen Hamburg: until 26 April 2026<\/p>","protected":false},"excerpt":{"rendered":"<p>Cat. Falckenberg Collection \/ Deichtorhallen Hamburg<br \/>\nedited by Dirk Luckow and Goesta Diercks<br \/>\nText (German\/English) by Beatrice von Bismarck, Belinda Grace Gardener, Barbara R\u00e4derscheidt, Foreword by Dirk Luckow<br \/>\n192 pp. with 100 col. and 10 b\/w, mostly full-page or double-page illus.<br \/>\nFormat 24 x 18 cm, Softcover<\/p>","protected":false},"featured_media":7164,"template":"","meta":[],"product_brand":[],"product_cat":[157,76],"product_tag":[],"class_list":{"0":"post-7163","1":"product","2":"type-product","3":"status-publish","4":"has-post-thumbnail","6":"product_cat-157","7":"product_cat-s","9":"first","10":"instock","11":"taxable","12":"shipping-taxable","13":"purchasable","14":"product-type-simple"},"aioseo_notices":[],"_wp_attached_file":null,"_wp_attachment_metadata":null,"_wc_attachment_source":null,"_elementor_inline_svg":null,"_elementor_is_screenshot":null,"_elementor_source_image_hash":null,"_source_url":null,"_wp_attachment_context":null,"_menu_item_type":null,"_menu_item_menu_item_parent":null,"_menu_item_object_id":null,"_menu_item_object":null,"_menu_item_target":null,"_menu_item_classes":null,"_menu_item_xfn":null,"_menu_item_url":null,"__elementor_forms_snapshot":null,"_unit":null,"_unit_base":null,"_unit_product":null,"_unit_price_auto":null,"_unit_price_regular":null,"_unit_price":null,"_unit_price_sale":null,"_sale_price_label":null,"_sale_price_regular_label":null,"_manufacturer_slug":null,"_mini_desc":null,"_defect_description":null,"_safety_instructions":null,"_allergen_ids":null,"_warranty_attachment_id":null,"_safety_attachment_ids":null,"_min_age":null,"_ts_gtin":null,"_ts_mpn":null,"_delivery_time_countries":null,"_free_shipping":null,"_service":null,"_photovoltaic_system":null,"_used_good":null,"_defective_copy":null,"_wireless_electronic_device":null,"_device_contains_power_supply":null,"_device_charging_supports_usb_pd":null,"_device_charging_watt_min":null,"_device_charging_watt_max":null,"_is_food":null,"_differential_taxation":null,"_gzd_version":null,"_hs_code":null,"_customs_description":null,"_manufacture_country":null,"_is_non_returnable":null,"_shipping_length":null,"_shipping_width":null,"_shipping_height":null,"_sku":"ISBN 978-3-86442-477-9","_global_unique_id":null,"_regular_price":"39.9","total_sales":"0","_tax_status":"taxable","_tax_class":"","_manage_stock":"no","_backorders":"no","_sold_individually":"no","_weight":"0.75","_virtual":"no","_downloadable":"no","_download_limit":"-1","_download_expiry":"-1","_stock":"","_stock_status":"instock","_wc_average_rating":"0","_wc_review_count":"0","_product_version":"10.1.3","_price":"39.9","shopengine_product_views_count":"2442","_thumbnail_id":"7164","_product_attributes":null,"_nutrient_ids":null,"_upsell_ids":null,"pswc_subtitle":null,"_default_delivery_time":null,"_wp_desired_post_slug":null,"_isbn":"9783864424779","pageType":null,"isExternalUrl":null,"pageId":null,"externalUrl":null,"hideCookieBanner":null,"isTargetBlank":null,"isProviderCurrentWebsite":null,"isEmbeddingOnlyExternalResources":null,"legalBasis":null,"dataProcessingInCountries":null,"dataProcessingInCountriesSpecialTreatments":null,"technicalDefinitions":null,"googleConsentModeConsentTypes":null,"executePriority":null,"executeCodeOptInWhenNoTagManagerConsentIsGiven":null,"executeCodeOptOutWhenNoTagManagerConsentIsGiven":null,"deleteTechnicalDefinitionsAfterOptOut":null,"presetId":null,"presetVersion":null,"provider":null,"providerContactPhone":null,"providerContactEmail":null,"providerContactLink":null,"uniqueName":null,"providerPrivacyPolicyUrl":null,"providerLegalNoticeUrl":null,"codeOptIn":null,"codeOptOut":null,"codeOnPageLoad":null,"language_code":null,"shopengine_template__post_meta__type":null,"shopengine_template__post_meta":null,"shopengine_template__post_meta__edit_with":null,"origin":null,"_enabled":null,"_filters":null,"_layout":null,"_elementor_import_session_id":null,"_wp_trash_meta_status":null,"_wp_trash_meta_time":null,"_edit_lock":null,"_elementor_floating_elements_type":null,"_elementor_edit_mode":null,"_elementor_template_type":null,"tc-thumb-fld":null,"_wp_page_template":null,"_elementor_version":null,"_elementor_pro_version":null,"_elementor_page_settings":null,"_elementor_data":null,"_elementor_conditions":null,"_elementor_popup_display_settings":null,"_edit_last":null,"_elementor_template_sub_type":null,"_elementor_controls_usage":null,"_elementor_screenshot":null,"_elementor_css":null,"_elementor_page_assets":[],"_elementor_element_cache":null,"_elementor_screenshot_failed":null,"_elementor_source":null,"_wp_old_date":null,"layout_key":null,"post_slider_check_key":null,"_links":{"self":[{"href":"https:\/\/snoeck.de\/en\/wp-json\/wp\/v2\/product\/7163","targetHints":{"allow":["GET"]}}],"collection":[{"href":"https:\/\/snoeck.de\/en\/wp-json\/wp\/v2\/product"}],"about":[{"href":"https:\/\/snoeck.de\/en\/wp-json\/wp\/v2\/types\/product"}],"wp:featuredmedia":[{"embeddable":true,"href":"https:\/\/snoeck.de\/en\/wp-json\/wp\/v2\/media\/7164"}],"wp:attachment":[{"href":"https:\/\/snoeck.de\/en\/wp-json\/wp\/v2\/media?parent=7163"}],"wp:term":[{"taxonomy":"product_brand","embeddable":true,"href":"https:\/\/snoeck.de\/en\/wp-json\/wp\/v2\/product_brand?post=7163"},{"taxonomy":"product_cat","embeddable":true,"href":"https:\/\/snoeck.de\/en\/wp-json\/wp\/v2\/product_cat?post=7163"},{"taxonomy":"product_tag","embeddable":true,"href":"https:\/\/snoeck.de\/en\/wp-json\/wp\/v2\/product_tag?post=7163"}],"curies":[{"name":"wp","href":"https:\/\/api.w.org\/{rel}","templated":true}]}}