{"id":7191,"date":"2026-02-27T09:00:00","date_gmt":"2026-02-27T08:00:00","guid":{"rendered":"https:\/\/snoeck.de\/?post_type=product&p=7191"},"modified":"2026-02-26T19:45:23","modified_gmt":"2026-02-26T18:45:23","slug":"radenko-milak-post-millennium-tension","status":"publish","type":"product","link":"https:\/\/snoeck.de\/en\/shop\/radenko-milak-post-millennium-tension\/","title":{"rendered":"Radenko Milak: Post-Millennium Tension"},"content":{"rendered":"<p>Wenn wir eines der Aquarelle von Radenko Milak (*1980 Travnik bei Banja Luka) zum ersten Mal sehen, meinen wir, es zu \u00bberkennen\u00ab, denn es gibt stets ein Vorher und ein Nachher, wie in einer Filmschleife, und das ist eine einzigartige Qualit\u00e4t dieses Werks, schreibt Udo Kittelmann in seinem Beitrag. Vor einem Bild von Radenko Milak, glauben wir, einen Ausschnitt von etwas Gr\u00f6\u00dferem zu sehen, einem gr\u00f6\u00dferen Ganzen, von der Welt, dem Universum, so wie eine Fotografie immer ein Ausschnitt eines theoretisch endlosen Bildes ist. Dazu kommt, dass fast jedes seiner Motive auf ein Bild zur\u00fcckgreift, das wir bereits kennen, weil wir es schon gesehen und gespeichert haben. Viele Faktoren spielen daher in seiner Arbeit eine Rolle, der Wechsel des Mediums, von der Fotografie zum Aquarell, die Frage nach Original und Reproduktion, die Wahl der Sujets, die Art und Weise, wie seine Bilder unser eigenes und das kollektive Unterbewusstsein ansprechen, denn unser Ged\u00e4chtnis ist nicht nur durch Sprache, sondern vor allem durch Bilder bestimmt. Es ist diese kongeniale Beherrschung des Mediums, die Illusion die bei der Betrachtung von Fotografien entsteht, vor allem aber die Erfahrung, Zeuge eines Medienwechsels zu werden. Das urspr\u00fcngliche Foto wird zum Aquarell, welches vom menschlichen Auge zun\u00e4chst als Fotografie und erst im Fortgang als Gem\u00e4lde wahrgenommen wird. Wir wollen seine Entstehung greifen, selbst sehen, und treten stets so nah heran, dass wir direkt davor sind: vor Strich, Geste, Abstraktion, Handwerk. Im Lauf der Jahre hat Radenko Milak verschiedene Serien entwickelt: Architektur- und Stadtansichten, Technologien der Zukunft, Schl\u00fcsselmomente der Musikgeschichte, des Feminismus, der \u00dcberwachung, von Big Data, Einsamkeit und Isolation w\u00e4hrend der Corona-Pandemie, Film-Stills. Diese Aquarellserien treibt Radenko Milak asymmetrisch seit 20 Jahren voran und durch den Einsatz der immer gleichen schwarzen Tinte auf wei\u00dfem Papier entwickeln die Bilder eine serielle Gestalt, die ihnen etwas absolut Zeitloses verleiht.<\/p>\n<p>Exhibition:<br \/>\nHaus am L\u00fctzowplatz, Berlin, 16\/1 \u2013 8\/3\/2026<\/p>\n<p>K\u00fcnstlergespr\u00e4ch und Buchpr\u00e4sentation: 27\/2\/2026, 19 Uhr<br \/>\nGespr\u00e4ch mit Udo Kittelmann: 6\/3\/2026, 19 Uhr<\/p>","protected":false},"excerpt":{"rendered":"<p>Kat. Haus am L\u00fctzowplatz Berlin, hrsg. von Max Dax, Marc Wellmann<br \/>\nTexte (eng.) von Udo Kittelmann, Marc Wellmann, Gespr\u00e4ch mit dem K\u00fcnstler von Max Dax<br \/>\n304 S. mit 210 Abb. in Duotone und 20 farb. Abb.<br \/>\nFormat 28 x 24 cm, hardcover<\/p>","protected":false},"featured_media":7192,"template":"","meta":[],"product_brand":[],"product_cat":[157,70],"product_tag":[],"class_list":{"0":"post-7191","1":"product","2":"type-product","3":"status-publish","4":"has-post-thumbnail","6":"product_cat-157","7":"product_cat-m","9":"first","10":"instock","11":"taxable","12":"shipping-taxable","13":"purchasable","14":"product-type-simple"},"aioseo_notices":[],"_wp_attached_file":null,"_wp_attachment_metadata":null,"_wc_attachment_source":null,"_elementor_inline_svg":null,"_elementor_is_screenshot":null,"_elementor_source_image_hash":null,"_source_url":null,"_wp_attachment_context":null,"_menu_item_type":null,"_menu_item_menu_item_parent":null,"_menu_item_object_id":null,"_menu_item_object":null,"_menu_item_target":null,"_menu_item_classes":null,"_menu_item_xfn":null,"_menu_item_url":null,"__elementor_forms_snapshot":null,"_unit":null,"_unit_base":null,"_unit_product":null,"_unit_price_auto":null,"_unit_price_regular":null,"_unit_price":null,"_unit_price_sale":null,"_sale_price_label":null,"_sale_price_regular_label":null,"_manufacturer_slug":null,"_mini_desc":null,"_defect_description":null,"_safety_instructions":null,"_allergen_ids":null,"_warranty_attachment_id":null,"_safety_attachment_ids":null,"_min_age":null,"_ts_gtin":null,"_ts_mpn":null,"_delivery_time_countries":null,"_free_shipping":null,"_service":null,"_photovoltaic_system":null,"_used_good":null,"_defective_copy":null,"_wireless_electronic_device":null,"_device_contains_power_supply":null,"_device_charging_supports_usb_pd":null,"_device_charging_watt_min":null,"_device_charging_watt_max":null,"_is_food":null,"_differential_taxation":null,"_gzd_version":null,"_hs_code":null,"_customs_description":null,"_manufacture_country":null,"_is_non_returnable":null,"_shipping_length":null,"_shipping_width":null,"_shipping_height":null,"_sku":"ISBN 978-386442-470-0","_global_unique_id":null,"_regular_price":"78","total_sales":"1","_tax_status":"taxable","_tax_class":"","_manage_stock":"no","_backorders":"no","_sold_individually":"no","_weight":"1.95","_virtual":"no","_downloadable":"no","_download_limit":"-1","_download_expiry":"-1","_stock":"","_stock_status":"instock","_wc_average_rating":"0","_wc_review_count":"0","_product_version":"10.1.3","_price":"78","shopengine_product_views_count":"1206","_thumbnail_id":"7192","_product_attributes":null,"_nutrient_ids":null,"_upsell_ids":null,"pswc_subtitle":null,"_default_delivery_time":null,"_wp_desired_post_slug":null,"_isbn":"9783864424700","pageType":null,"isExternalUrl":null,"pageId":null,"externalUrl":null,"hideCookieBanner":null,"isTargetBlank":null,"isProviderCurrentWebsite":null,"isEmbeddingOnlyExternalResources":null,"legalBasis":null,"dataProcessingInCountries":null,"dataProcessingInCountriesSpecialTreatments":null,"technicalDefinitions":null,"googleConsentModeConsentTypes":null,"executePriority":null,"executeCodeOptInWhenNoTagManagerConsentIsGiven":null,"executeCodeOptOutWhenNoTagManagerConsentIsGiven":null,"deleteTechnicalDefinitionsAfterOptOut":null,"presetId":null,"presetVersion":null,"provider":null,"providerContactPhone":null,"providerContactEmail":null,"providerContactLink":null,"uniqueName":null,"providerPrivacyPolicyUrl":null,"providerLegalNoticeUrl":null,"codeOptIn":null,"codeOptOut":null,"codeOnPageLoad":null,"language_code":null,"shopengine_template__post_meta__type":null,"shopengine_template__post_meta":null,"shopengine_template__post_meta__edit_with":null,"origin":null,"_enabled":null,"_filters":null,"_layout":null,"_elementor_import_session_id":null,"_wp_trash_meta_status":null,"_wp_trash_meta_time":null,"_edit_lock":"1772131626:2","_elementor_floating_elements_type":null,"_elementor_edit_mode":null,"_elementor_template_type":null,"tc-thumb-fld":null,"_wp_page_template":null,"_elementor_version":null,"_elementor_pro_version":null,"_elementor_page_settings":null,"_elementor_data":null,"_elementor_conditions":null,"_elementor_popup_display_settings":null,"_edit_last":null,"_elementor_template_sub_type":null,"_elementor_controls_usage":null,"_elementor_screenshot":null,"_elementor_css":null,"_elementor_page_assets":[],"_elementor_element_cache":null,"_elementor_screenshot_failed":null,"_elementor_source":null,"_wp_old_date":null,"layout_key":null,"post_slider_check_key":null,"_links":{"self":[{"href":"https:\/\/snoeck.de\/en\/wp-json\/wp\/v2\/product\/7191","targetHints":{"allow":["GET"]}}],"collection":[{"href":"https:\/\/snoeck.de\/en\/wp-json\/wp\/v2\/product"}],"about":[{"href":"https:\/\/snoeck.de\/en\/wp-json\/wp\/v2\/types\/product"}],"wp:featuredmedia":[{"embeddable":true,"href":"https:\/\/snoeck.de\/en\/wp-json\/wp\/v2\/media\/7192"}],"wp:attachment":[{"href":"https:\/\/snoeck.de\/en\/wp-json\/wp\/v2\/media?parent=7191"}],"wp:term":[{"taxonomy":"product_brand","embeddable":true,"href":"https:\/\/snoeck.de\/en\/wp-json\/wp\/v2\/product_brand?post=7191"},{"taxonomy":"product_cat","embeddable":true,"href":"https:\/\/snoeck.de\/en\/wp-json\/wp\/v2\/product_cat?post=7191"},{"taxonomy":"product_tag","embeddable":true,"href":"https:\/\/snoeck.de\/en\/wp-json\/wp\/v2\/product_tag?post=7191"}],"curies":[{"name":"wp","href":"https:\/\/api.w.org\/{rel}","templated":true}]}}