{"id":3461,"date":"2025-01-31T11:29:21","date_gmt":"2025-01-31T11:29:21","guid":{"rendered":"https:\/\/snoeck.process-vision.de\/shop\/1914-die-avantgarden-im-kampf\/"},"modified":"2025-06-20T12:00:56","modified_gmt":"2025-06-20T11:00:56","slug":"1914-die-avantgarden-im-kampf","status":"publish","type":"product","link":"https:\/\/snoeck.de\/es\/shop\/1914-die-avantgarden-im-kampf\/","title":{"rendered":"1914 Las vanguardias en la batalla"},"content":{"rendered":"<h3>Una gran revisi\u00f3n en el a\u00f1o del aniversario<\/h3>\n<p>Debido al uso sin precedentes de tecnolog\u00eda y materiales, la Primera Guerra Mundial se considera la \"cat\u00e1strofe primigenia del siglo XX\", un siglo cuyo punto moral m\u00e1s bajo iba a ser la pol\u00edtica nacionalsocialista de guerra y exterminio. Pero los mundos que se derrumbaron en 1914, cuando 70 millones de soldados de Europa, \u00c1frica y Asia fueron a la guerra, que posteriormente cost\u00f3 la vida a 17 millones de personas, esos mundos ya se hab\u00edan vuelto fr\u00e1giles en los a\u00f1os anteriores, y no pocos escritores, m\u00fasicos y artistas hac\u00eda tiempo que se hab\u00edan cansado de ellos y por eso, como muchos de sus conciudadanos, vitorearon el estallido de la guerra. Franz Marc resumi\u00f3 este zeitgeist -en consonancia con innumerables declaraciones de sus contempor\u00e1neos- de la siguiente manera: \"En nuestra \u00e9poca de la gran lucha por el arte nuevo, luchamos como \"salvajes\", personas no organizadas contra un poder antiguo y organizado. La batalla parece desigual; pero en cuestiones intelectuales, nunca son los n\u00fameros sino la fuerza de las ideas lo que vence\". Sin embargo, la exposici\u00f3n de la Bundeskunsthalle de Bonn y el cat\u00e1logo cuidadosamente editado por el comisario Uwe M. Schneede no se limitan a reunir las fuentes y los protagonistas conocidos, sino que dan un paso decisivo al trazar los procesos de transmisi\u00f3n en los movimientos art\u00edsticos internacionales de la \u00e9poca. \u00bfC\u00f3mo entraron, pasaron y salieron de la guerra? \u00bfQu\u00e9 qued\u00f3, c\u00f3mo se transformaron o remodelaron las vanguardias y se convirtieron en el punto de partida de una autoimagen completamente nueva en el arte? \u00bfQu\u00e9 pasos intermedios pueden rastrearse, en qu\u00e9 condiciones hist\u00f3ricas y cu\u00e1l es la relaci\u00f3n entre el expresionismo, el cubismo, el dada\u00edsmo y otros conceptos art\u00edsticos rivales hasta la d\u00e9cada de 1930? Este enorme, casi se podr\u00eda decir: humano-hist\u00f3rico paso cultural, que condujo al siglo XX a trav\u00e9s de todos sus altibajos, se presenta de diversas maneras utilizando obras, fotograf\u00edas y testimonios personales. Una peque\u00f1a sensaci\u00f3n es el hecho de que casi todos los protagonistas se hicieran fotografiar de uniforme en sus estudios, aunque algunos de los cuadros que pueden verse en las paredes al fondo de estas fotos tambi\u00e9n se muestran en el libro y en la exposici\u00f3n.<\/p>\n<p>Obras en la exposici\u00f3n de: Jean Arp, Roberto Marcello Iras Baldessari, Ernst Barlach, Max Beckmann, Carlo Carr\u00e0, Lovis Corinth, Robert Delaunay, Otto Dix, Marcel Duchamp, Raoul Dufy, Heinrich Ehmsen, Conrad Felixm\u00fcller, Andr\u00e9 Fraye, August Gaul, Albert Gleizes, Natalia Goncharova, Walter Gramatt\u00e9, George Grosz, Otto Gutfreund, Raoul Hausmann, Erich Heckel, Richard Huelsenbeck, Willy Jaeckel, Marcel Janco, Alexej von Jawlensky, Wassily Kandinsky, Ernst Ludwig Kirchner, Paul Klee, Oskar Kokoschka, K\u00e4the Kollwitz, Alfred Kubin, Franti\u0161ek Kupka, Fernand L\u00e9ger, Wilhelm Lehmbruck, Aristarkh Lentulov, Max Liebermann, August Macke, Vladimir Majakovsky, Kasimir Malevich, Franz Marc, Andr\u00e9 Mare, Frans Masereel, Ludwig Meidner, Jean Metzinger, Gabriele M\u00fcnter, Christopher Richard Wynne Nevinson, Emil Nolde, Francis Picabia, Pablo Picasso, Hans Richter, Luigi Russolo, Egon Schiele, Gino Severini, Max Slevogt, Jacob Steinhardt, Franz von Stuck, Vladimir Tatlin, Leon Underwood, Henry Valensi, Theo van Doesburg, \u00c9douard Vuillard, Albert Weisgerber, Ossip Zadkine<\/p>\n<p>Exposici\u00f3n:<br \/>\nBundeskunsthalle Bonn, 8\/11\/2013 - 23\/2\/2014<\/p>","protected":false},"excerpt":{"rendered":"<p>Cat\u00e1logo de la exposici\u00f3n, publicado por la Bundeskunsthalle Bonn, comisariada por Uwe M. Schneede<br \/>\nTextos (alem\u00e1n) de R\u00e9gine Bonnefoit y Gertrud Held, Uwe Fleckner, Eckhart Gillen, Christine Hopfengart, Lucian H\u00f6lscher, Friederike Kitschen, Joes Segal, Uwe M. Schneede, Jay Winter, as\u00ed como informaci\u00f3n biogr\u00e1fica sobre los artistas de los a\u00f1os 1914 a 1918 por Natascha Bolle.<br \/>\n352 p. con 400 ilustraciones en color<br \/>\nFormato 28 x 24,5 cm, tapa dura con sobrecubierta<\/p>","protected":false},"featured_media":4879,"template":"","meta":[],"product_brand":[],"product_cat":[101,58,68],"product_tag":[],"class_list":{"0":"post-3461","1":"product","2":"type-product","3":"status-publish","4":"has-post-thumbnail","6":"product_cat-101","7":"product_cat-a","8":"product_cat-k","10":"first","11":"instock","12":"taxable","13":"shipping-taxable","14":"purchasable","15":"product-type-simple"},"aioseo_notices":[],"_wp_attached_file":null,"_wp_attachment_metadata":null,"_wc_attachment_source":null,"_elementor_inline_svg":null,"_elementor_is_screenshot":null,"_elementor_source_image_hash":null,"_source_url":null,"_wp_attachment_context":null,"_menu_item_type":null,"_menu_item_menu_item_parent":null,"_menu_item_object_id":null,"_menu_item_object":null,"_menu_item_target":null,"_menu_item_classes":null,"_menu_item_xfn":null,"_menu_item_url":null,"__elementor_forms_snapshot":null,"_unit":"","_unit_base":"","_unit_product":"","_unit_price_auto":"no","_unit_price_regular":"","_unit_price":"","_unit_price_sale":"","_sale_price_label":"","_sale_price_regular_label":"","_manufacturer_slug":"","_mini_desc":"","_defect_description":"","_safety_instructions":"","_allergen_ids":[],"_warranty_attachment_id":"","_safety_attachment_ids":[],"_min_age":"","_ts_gtin":"","_ts_mpn":"","_delivery_time_countries":[],"_free_shipping":"no","_service":"no","_photovoltaic_system":"no","_used_good":"no","_defective_copy":"no","_wireless_electronic_device":"no","_device_contains_power_supply":"no","_device_charging_supports_usb_pd":"no","_device_charging_watt_min":"0","_device_charging_watt_max":"0","_is_food":"no","_differential_taxation":"no","_gzd_version":"3.18.7","_hs_code":"","_customs_description":"","_manufacture_country":"0","_is_non_returnable":"no","_shipping_length":"","_shipping_width":"","_shipping_height":"","_sku":"ISBN 978-3-86442-052-8","_global_unique_id":"978-3-86442-052-8","_regular_price":"98","total_sales":"1","_tax_status":"taxable","_tax_class":"","_manage_stock":"no","_backorders":"no","_sold_individually":"no","_weight":"3","_virtual":"no","_downloadable":"no","_download_limit":"-1","_download_expiry":"-1","_stock":"","_stock_status":"instock","_wc_average_rating":"0","_wc_review_count":"0","_product_version":"9.8.3","_price":"98","shopengine_product_views_count":"3390","_thumbnail_id":"4879","_product_attributes":{"erscheinungsdatum":{"name":"Erscheinungsdatum","value":"08.11.2013","position":0,"is_visible":1,"is_variation":0,"is_taxonomy":0,"checkout_visible":0}},"_nutrient_ids":[],"_upsell_ids":null,"pswc_subtitle":null,"_default_delivery_time":null,"_wp_desired_post_slug":null,"_isbn":null,"pageType":null,"isExternalUrl":null,"pageId":null,"externalUrl":null,"hideCookieBanner":null,"isTargetBlank":null,"isProviderCurrentWebsite":null,"isEmbeddingOnlyExternalResources":null,"legalBasis":null,"dataProcessingInCountries":null,"dataProcessingInCountriesSpecialTreatments":null,"technicalDefinitions":null,"googleConsentModeConsentTypes":null,"executePriority":null,"executeCodeOptInWhenNoTagManagerConsentIsGiven":null,"executeCodeOptOutWhenNoTagManagerConsentIsGiven":null,"deleteTechnicalDefinitionsAfterOptOut":null,"presetId":null,"presetVersion":null,"provider":null,"providerContactPhone":null,"providerContactEmail":null,"providerContactLink":null,"uniqueName":null,"providerPrivacyPolicyUrl":null,"providerLegalNoticeUrl":null,"codeOptIn":null,"codeOptOut":null,"codeOnPageLoad":null,"language_code":null,"shopengine_template__post_meta__type":null,"shopengine_template__post_meta":null,"shopengine_template__post_meta__edit_with":null,"origin":null,"_enabled":null,"_filters":null,"_layout":null,"_elementor_import_session_id":null,"_wp_trash_meta_status":null,"_wp_trash_meta_time":null,"_edit_lock":"1750416091:1","_elementor_floating_elements_type":null,"_elementor_edit_mode":null,"_elementor_template_type":null,"tc-thumb-fld":{"_thumb_id":4879,"_thumb_type":"thumb"},"_wp_page_template":"default","_elementor_version":null,"_elementor_pro_version":null,"_elementor_page_settings":null,"_elementor_data":null,"_elementor_conditions":null,"_elementor_popup_display_settings":null,"_edit_last":"2","_elementor_template_sub_type":null,"_elementor_controls_usage":null,"_elementor_screenshot":null,"_elementor_css":null,"_elementor_page_assets":[],"_elementor_element_cache":null,"_elementor_screenshot_failed":null,"_elementor_source":null,"_wp_old_date":null,"layout_key":"","post_slider_check_key":"0","_links":{"self":[{"href":"https:\/\/snoeck.de\/es\/wp-json\/wp\/v2\/product\/3461","targetHints":{"allow":["GET"]}}],"collection":[{"href":"https:\/\/snoeck.de\/es\/wp-json\/wp\/v2\/product"}],"about":[{"href":"https:\/\/snoeck.de\/es\/wp-json\/wp\/v2\/types\/product"}],"wp:featuredmedia":[{"embeddable":true,"href":"https:\/\/snoeck.de\/es\/wp-json\/wp\/v2\/media\/4879"}],"wp:attachment":[{"href":"https:\/\/snoeck.de\/es\/wp-json\/wp\/v2\/media?parent=3461"}],"wp:term":[{"taxonomy":"product_brand","embeddable":true,"href":"https:\/\/snoeck.de\/es\/wp-json\/wp\/v2\/product_brand?post=3461"},{"taxonomy":"product_cat","embeddable":true,"href":"https:\/\/snoeck.de\/es\/wp-json\/wp\/v2\/product_cat?post=3461"},{"taxonomy":"product_tag","embeddable":true,"href":"https:\/\/snoeck.de\/es\/wp-json\/wp\/v2\/product_tag?post=3461"}],"curies":[{"name":"wp","href":"https:\/\/api.w.org\/{rel}","templated":true}]}}