{"id":3463,"date":"2025-01-31T11:29:22","date_gmt":"2025-01-31T11:29:22","guid":{"rendered":"https:\/\/snoeck.process-vision.de\/shop\/sonja-alhaeuser\/"},"modified":"2025-04-02T14:29:03","modified_gmt":"2025-04-02T14:29:03","slug":"sonja-alhaeuser","status":"publish","type":"product","link":"https:\/\/snoeck.de\/es\/shop\/sonja-alhaeuser\/","title":{"rendered":"Sonja Alh\u00e4user"},"content":{"rendered":"<h3>Ciclos y transiciones<\/h3>\n<p>Sonja Alh\u00e4user persigue consideraciones existenciales en su obra. Aqu\u00ed uno se encuentra con el drama de la vida en toda su plenitud, que se manifiesta en una exuberante sensualidad, fiestas colectivas e incluso un oscuro metabolismo. Adem\u00e1s de sus hermosos dibujos de gran formato y sutilmente coloreados, que tambi\u00e9n pueden leerse como instrucciones o recetas, la artista berlinesa se ha dado a conocer a un p\u00fablico m\u00e1s amplio con sus \"m\u00e1quinas de chocolate\" y esculturas de margarina en vitrinas refrigeradas. Para sus banquetes o \"6 banquetes sin causa\", invit\u00f3 entonces a los comensales a devorar sus instalaciones, cada una dedicada a un tema espec\u00edfico, de forma casi orgi\u00e1stica. La estructura exuberante y sensualmente excitante de las instalaciones de las mesas, con esculturas, banderines pintados a mano, crust\u00e1ceos como langostas o cangrejos, pescados capitales o grandes trozos de venado, no s\u00f3lo pretende fomentar el disfrute epic\u00fareo, sino que tambi\u00e9n representa en general la contradicci\u00f3n que define todas nuestras vidas entre la b\u00fasqueda constante del placer y la b\u00fasqueda constante de la autooptimizaci\u00f3n. De este modo, el arte de Sonja Alh\u00e4user nos confronta de forma inquietante con la visi\u00f3n epic\u00farea del mundo antes de que volvamos estoicamente a las tierras bajas del fitness y la gesti\u00f3n del cuerpo.<\/p>","protected":false},"excerpt":{"rendered":"<p>Textos (alem\u00e1n\/ingl\u00e9s) de Dirk Dobke, Annett Reckert, entrevista con la artista por Ina Jessen<br \/>\n168 p. con 190 ilustraciones en color<br \/>\nFormato 32,5 x 24,5 cm, tapa blanda con ribete plateado<\/p>","protected":false},"featured_media":4875,"template":"","meta":[],"product_brand":[],"product_cat":[85,58],"product_tag":[],"class_list":{"0":"post-3463","1":"product","2":"type-product","3":"status-publish","4":"has-post-thumbnail","6":"product_cat-85","7":"product_cat-a","9":"first","10":"instock","11":"taxable","12":"shipping-taxable","13":"purchasable","14":"product-type-simple"},"aioseo_notices":[],"_wp_attached_file":null,"_wp_attachment_metadata":null,"_wc_attachment_source":null,"_elementor_inline_svg":null,"_elementor_is_screenshot":null,"_elementor_source_image_hash":null,"_source_url":null,"_wp_attachment_context":null,"_menu_item_type":null,"_menu_item_menu_item_parent":null,"_menu_item_object_id":null,"_menu_item_object":null,"_menu_item_target":null,"_menu_item_classes":null,"_menu_item_xfn":null,"_menu_item_url":null,"__elementor_forms_snapshot":null,"_unit":"","_unit_base":"","_unit_product":"","_unit_price_auto":"no","_unit_price_regular":"","_unit_price":"","_unit_price_sale":"","_sale_price_label":"","_sale_price_regular_label":"","_manufacturer_slug":"","_mini_desc":"","_defect_description":"","_safety_instructions":"","_allergen_ids":[],"_warranty_attachment_id":"","_safety_attachment_ids":[],"_min_age":"","_ts_gtin":"","_ts_mpn":"","_delivery_time_countries":[],"_free_shipping":"no","_service":"no","_photovoltaic_system":"no","_used_good":"no","_defective_copy":"no","_wireless_electronic_device":"no","_device_contains_power_supply":"no","_device_charging_supports_usb_pd":"no","_device_charging_watt_min":"0","_device_charging_watt_max":"0","_is_food":"no","_differential_taxation":"no","_gzd_version":"3.18.7","_hs_code":"","_customs_description":"","_manufacture_country":"0","_is_non_returnable":"no","_shipping_length":"","_shipping_width":"","_shipping_height":"","_sku":"ISBN 978-3-86442-338-3","_global_unique_id":"978-3-86442-338-3","_regular_price":"39.8","total_sales":"0","_tax_status":"taxable","_tax_class":"","_manage_stock":"no","_backorders":"no","_sold_individually":"no","_weight":"2","_virtual":"no","_downloadable":"no","_download_limit":"-1","_download_expiry":"-1","_stock":"","_stock_status":"instock","_wc_average_rating":"0","_wc_review_count":"0","_product_version":"9.7.1","_price":"39.8","shopengine_product_views_count":"2709","_thumbnail_id":"4875","_product_attributes":{"erscheinungsdatum":{"name":"Fecha de publicaci\u00f3n","value":"09.08.2021","position":0,"is_visible":1,"is_variation":0,"is_taxonomy":0,"checkout_visible":0}},"_nutrient_ids":[],"_upsell_ids":null,"pswc_subtitle":null,"_default_delivery_time":null,"_wp_desired_post_slug":null,"_isbn":null,"pageType":null,"isExternalUrl":null,"pageId":null,"externalUrl":null,"hideCookieBanner":null,"isTargetBlank":null,"isProviderCurrentWebsite":null,"isEmbeddingOnlyExternalResources":null,"legalBasis":null,"dataProcessingInCountries":null,"dataProcessingInCountriesSpecialTreatments":null,"technicalDefinitions":null,"googleConsentModeConsentTypes":null,"executePriority":null,"executeCodeOptInWhenNoTagManagerConsentIsGiven":null,"executeCodeOptOutWhenNoTagManagerConsentIsGiven":null,"deleteTechnicalDefinitionsAfterOptOut":null,"presetId":null,"presetVersion":null,"provider":null,"providerContactPhone":null,"providerContactEmail":null,"providerContactLink":null,"uniqueName":null,"providerPrivacyPolicyUrl":null,"providerLegalNoticeUrl":null,"codeOptIn":null,"codeOptOut":null,"codeOnPageLoad":null,"language_code":null,"shopengine_template__post_meta__type":null,"shopengine_template__post_meta":null,"shopengine_template__post_meta__edit_with":null,"origin":null,"_enabled":null,"_filters":null,"_layout":null,"_elementor_import_session_id":null,"_wp_trash_meta_status":null,"_wp_trash_meta_time":null,"_edit_lock":"1743604004:2","_elementor_floating_elements_type":null,"_elementor_edit_mode":null,"_elementor_template_type":null,"tc-thumb-fld":{"_thumb_id":4875,"_thumb_type":"thumb"},"_wp_page_template":"default","_elementor_version":null,"_elementor_pro_version":null,"_elementor_page_settings":null,"_elementor_data":null,"_elementor_conditions":null,"_elementor_popup_display_settings":null,"_edit_last":"2","_elementor_template_sub_type":null,"_elementor_controls_usage":null,"_elementor_screenshot":null,"_elementor_css":null,"_elementor_page_assets":[],"_elementor_element_cache":null,"_elementor_screenshot_failed":null,"_elementor_source":null,"_wp_old_date":null,"layout_key":"","post_slider_check_key":"0","_links":{"self":[{"href":"https:\/\/snoeck.de\/es\/wp-json\/wp\/v2\/product\/3463","targetHints":{"allow":["GET"]}}],"collection":[{"href":"https:\/\/snoeck.de\/es\/wp-json\/wp\/v2\/product"}],"about":[{"href":"https:\/\/snoeck.de\/es\/wp-json\/wp\/v2\/types\/product"}],"wp:featuredmedia":[{"embeddable":true,"href":"https:\/\/snoeck.de\/es\/wp-json\/wp\/v2\/media\/4875"}],"wp:attachment":[{"href":"https:\/\/snoeck.de\/es\/wp-json\/wp\/v2\/media?parent=3463"}],"wp:term":[{"taxonomy":"product_brand","embeddable":true,"href":"https:\/\/snoeck.de\/es\/wp-json\/wp\/v2\/product_brand?post=3463"},{"taxonomy":"product_cat","embeddable":true,"href":"https:\/\/snoeck.de\/es\/wp-json\/wp\/v2\/product_cat?post=3463"},{"taxonomy":"product_tag","embeddable":true,"href":"https:\/\/snoeck.de\/es\/wp-json\/wp\/v2\/product_tag?post=3463"}],"curies":[{"name":"wp","href":"https:\/\/api.w.org\/{rel}","templated":true}]}}