{"id":3464,"date":"2025-01-31T11:29:22","date_gmt":"2025-01-31T11:29:22","guid":{"rendered":"https:\/\/snoeck.process-vision.de\/shop\/darren-almond-nocturne\/"},"modified":"2026-04-08T15:38:49","modified_gmt":"2026-04-08T14:38:49","slug":"darren-almond-nocturne","status":"publish","type":"product","link":"https:\/\/snoeck.de\/es\/shop\/darren-almond-nocturne\/","title":{"rendered":"Darren Almond: Nocturno"},"content":{"rendered":"<h3>Nacido en 1971, Darren Almond es sin duda uno de los artistas contempor\u00e1neos m\u00e1s destacados de Inglaterra.<\/h3>\n<p>Esto comenz\u00f3 con su participaci\u00f3n en la legendaria exposici\u00f3n Sensation en 1997, el inicio de los J\u00f3venes Artistas Brit\u00e1nicos, llev\u00f3 a su inclusi\u00f3n en el pabell\u00f3n de la Bienal de Venecia en 2003 y su nominaci\u00f3n al Premio Turner en 2005. Quienes tuvieron la suerte de ver la sensible y centrada exposici\u00f3n en la Villa Merkel de Esslingen en el verano de 2011 pueden decir, por tanto, que tuvieron suerte. Nachtst\u00fccke (2004-2010), de gran formato, prestan su t\u00edtulo a la publicaci\u00f3n, al igual que la exposici\u00f3n con Nocturne, y muestran paisajes fotografiados bajo la luna llena con largas exposiciones, que en sus variantes europeas evocan los paisajes de los rom\u00e1nticos y en sus motivos asi\u00e1ticos la pintura paisaj\u00edstica cl\u00e1sica japonesa y china. La ausencia de sombras en estas fotograf\u00edas es la prueba visible de un tiempo que parece congelado, cuya luz totalizada no ilumina el paisaje, sino que yace sobre las superficies abiertas como una emanaci\u00f3n del paisaje, una sustancia fugaz. Estas fotograf\u00edas ocupan as\u00ed un lugar en una peculiar intersecci\u00f3n de la pintura y la fotograf\u00eda, as\u00ed como de la percepci\u00f3n y la imaginaci\u00f3n. Mientras que las obras fotogr\u00e1ficas permiten que el tiempo se convierta en la medida de su perfecta creaci\u00f3n, el artista formula la experiencia del tiempo en la enorme obra de v\u00eddeo Sometimes Still (2010) como una repetici\u00f3n interminable de extenuantes y duraderas retiradas. A Darren Almond se le permiti\u00f3 seguir con su c\u00e1mara a un monje novicio de la escuela budista Tendai en una carrera nocturna de larga distancia de 30 kil\u00f3metros a trav\u00e9s de una zona boscosa a lo largo de la monta\u00f1a sagrada de Hiei, un ejercicio asc\u00e9tico, tanto f\u00edsico como espiritual, del m\u00e1ximo rigor, que el novicio tiene que repetir 1.000 veces a lo largo de siete a\u00f1os. Tiene que detenerse una y otra vez en puntos designados con precisi\u00f3n y rezar oraciones, que termina aplaudiendo dos veces. La particularidad de esta publicaci\u00f3n en forma de casete es la realizaci\u00f3n individual de cada una de las obras, a veces en forma de desplegable, a veces como un simple cuadernillo. De este modo, todas las fotos expuestas se reproducen adecuadamente y la pel\u00edcula en particular recibe una forma de publicaci\u00f3n que puede entenderse como un reflejo de las experiencias del artista.<\/p>\n<p>Exposici\u00f3n:<br \/>\nVilla Merkel, Galer\u00edas municipales de la ciudad de Esslingen, 29\/5 - 21\/8\/2011<\/p>","protected":false},"excerpt":{"rendered":"<p>Cassette, Villa Merkel Esslingen, editado por Andreas Baur<br \/>\nTextos (alem\u00e1n\/ingl\u00e9s) de Andreas Baur, Tim Ingold, Johannes Meinhardt<br \/>\n3 leporelos de 18, 6 y 32 p., dos cuadernillos grapados de 44 p. cada uno, 400 ilustraciones en color en total<br \/>\n31 x 30,5 cm, casete<\/p>","protected":false},"featured_media":4876,"template":"","meta":[],"product_brand":[],"product_cat":[95],"product_tag":[],"class_list":{"0":"post-3464","1":"product","2":"type-product","3":"status-publish","4":"has-post-thumbnail","6":"product_cat-vergriffen","8":"first","9":"outofstock","10":"taxable","11":"shipping-taxable","12":"product-type-simple"},"aioseo_notices":[],"_wp_attached_file":null,"_wp_attachment_metadata":null,"_wc_attachment_source":null,"_elementor_inline_svg":null,"_elementor_is_screenshot":null,"_elementor_source_image_hash":null,"_source_url":null,"_wp_attachment_context":null,"_menu_item_type":null,"_menu_item_menu_item_parent":null,"_menu_item_object_id":null,"_menu_item_object":null,"_menu_item_target":null,"_menu_item_classes":null,"_menu_item_xfn":null,"_menu_item_url":null,"__elementor_forms_snapshot":null,"_unit":"","_unit_base":"","_unit_product":"","_unit_price_auto":"no","_unit_price_regular":"","_unit_price":"","_unit_price_sale":"","_sale_price_label":"","_sale_price_regular_label":"","_manufacturer_slug":"","_mini_desc":"","_defect_description":"","_safety_instructions":"","_allergen_ids":[],"_warranty_attachment_id":"","_safety_attachment_ids":[],"_min_age":"","_ts_gtin":"","_ts_mpn":"","_delivery_time_countries":[],"_free_shipping":"no","_service":"no","_photovoltaic_system":"no","_used_good":"no","_defective_copy":"no","_wireless_electronic_device":"no","_device_contains_power_supply":"no","_device_charging_supports_usb_pd":"no","_device_charging_watt_min":"0","_device_charging_watt_max":"0","_is_food":"no","_differential_taxation":"no","_gzd_version":"3.18.7","_hs_code":"","_customs_description":"","_manufacture_country":"0","_is_non_returnable":"no","_shipping_length":"","_shipping_width":"","_shipping_height":"","_sku":"ISBN 978-3-940953-91-9","_global_unique_id":"978-3-940953-91-9","_regular_price":null,"total_sales":"1","_tax_status":"taxable","_tax_class":"","_manage_stock":"no","_backorders":"no","_sold_individually":"no","_weight":"2","_virtual":"no","_downloadable":"no","_download_limit":"-1","_download_expiry":"-1","_stock":"","_stock_status":"outofstock","_wc_average_rating":"0","_wc_review_count":"0","_product_version":"10.1.4","_price":"","shopengine_product_views_count":"3061","_thumbnail_id":"4876","_product_attributes":{"erscheinungsdatum":{"name":"Fecha de publicaci\u00f3n","value":"20.04.2012","position":0,"is_visible":1,"is_variation":0,"is_taxonomy":0,"checkout_visible":0}},"_nutrient_ids":[],"_upsell_ids":null,"pswc_subtitle":"","_default_delivery_time":null,"_wp_desired_post_slug":null,"_isbn":null,"pageType":null,"isExternalUrl":null,"pageId":null,"externalUrl":null,"hideCookieBanner":null,"isTargetBlank":null,"isProviderCurrentWebsite":null,"isEmbeddingOnlyExternalResources":null,"legalBasis":null,"dataProcessingInCountries":null,"dataProcessingInCountriesSpecialTreatments":null,"technicalDefinitions":null,"googleConsentModeConsentTypes":null,"executePriority":null,"executeCodeOptInWhenNoTagManagerConsentIsGiven":null,"executeCodeOptOutWhenNoTagManagerConsentIsGiven":null,"deleteTechnicalDefinitionsAfterOptOut":null,"presetId":null,"presetVersion":null,"provider":null,"providerContactPhone":null,"providerContactEmail":null,"providerContactLink":null,"uniqueName":null,"providerPrivacyPolicyUrl":null,"providerLegalNoticeUrl":null,"codeOptIn":null,"codeOptOut":null,"codeOnPageLoad":null,"language_code":null,"shopengine_template__post_meta__type":null,"shopengine_template__post_meta":null,"shopengine_template__post_meta__edit_with":null,"origin":null,"_enabled":null,"_filters":null,"_layout":null,"_elementor_import_session_id":null,"_wp_trash_meta_status":null,"_wp_trash_meta_time":null,"_edit_lock":"1743603927:2","_elementor_floating_elements_type":null,"_elementor_edit_mode":null,"_elementor_template_type":null,"tc-thumb-fld":{"_thumb_id":4876,"_thumb_type":"thumb"},"_wp_page_template":"default","_elementor_version":null,"_elementor_pro_version":null,"_elementor_page_settings":null,"_elementor_data":null,"_elementor_conditions":null,"_elementor_popup_display_settings":null,"_edit_last":"2","_elementor_template_sub_type":null,"_elementor_controls_usage":null,"_elementor_screenshot":null,"_elementor_css":null,"_elementor_page_assets":[],"_elementor_element_cache":null,"_elementor_screenshot_failed":null,"_elementor_source":null,"_wp_old_date":null,"layout_key":"","post_slider_check_key":"0","_links":{"self":[{"href":"https:\/\/snoeck.de\/es\/wp-json\/wp\/v2\/product\/3464","targetHints":{"allow":["GET"]}}],"collection":[{"href":"https:\/\/snoeck.de\/es\/wp-json\/wp\/v2\/product"}],"about":[{"href":"https:\/\/snoeck.de\/es\/wp-json\/wp\/v2\/types\/product"}],"wp:featuredmedia":[{"embeddable":true,"href":"https:\/\/snoeck.de\/es\/wp-json\/wp\/v2\/media\/4876"}],"wp:attachment":[{"href":"https:\/\/snoeck.de\/es\/wp-json\/wp\/v2\/media?parent=3464"}],"wp:term":[{"taxonomy":"product_brand","embeddable":true,"href":"https:\/\/snoeck.de\/es\/wp-json\/wp\/v2\/product_brand?post=3464"},{"taxonomy":"product_cat","embeddable":true,"href":"https:\/\/snoeck.de\/es\/wp-json\/wp\/v2\/product_cat?post=3464"},{"taxonomy":"product_tag","embeddable":true,"href":"https:\/\/snoeck.de\/es\/wp-json\/wp\/v2\/product_tag?post=3464"}],"curies":[{"name":"wp","href":"https:\/\/api.w.org\/{rel}","templated":true}]}}