{"id":3465,"date":"2025-01-31T11:29:23","date_gmt":"2025-01-31T11:29:23","guid":{"rendered":"https:\/\/snoeck.process-vision.de\/shop\/darren-almond-the-giverny-polaroids\/"},"modified":"2026-04-08T14:21:58","modified_gmt":"2026-04-08T13:21:58","slug":"darren-almond-the-giverny-polaroids","status":"publish","type":"product","link":"https:\/\/snoeck.de\/es\/shop\/darren-almond-the-giverny-polaroids\/","title":{"rendered":"Darren Almond: Las Polaroids de Giverny"},"content":{"rendered":"<h3>El proyecto Giverny de Darren Almond<\/h3>\n<p>\"Aparte de la pintura y la jardiner\u00eda, no sirvo para nada\", escribi\u00f3 Claude Monet a un amigo, decant\u00e1ndose por una vida en Giverny, a 3 km de Vernon, a orillas del Sena, viniendo de Par\u00eds. Hab\u00eda llegado aqu\u00ed en 1883, remodelando en un principio la casa y el jard\u00edn de forma extensiva y convirtiendo el Clos Normand en un jard\u00edn ornamental. M\u00e1s tarde, en 1893, compr\u00f3 un gran terreno sobre la calle, el actual Chemin du Roy, donde cre\u00f3 su famoso estanque de nen\u00fafares con el puente japon\u00e9s, que dominar\u00eda su obra desde 1897 hasta su muerte, el 5 de diciembre de 1926. La carretera es una de las razones por las que no existe ninguna otra vista del puente de Monet; tambi\u00e9n se dice que sus jardineros limpiaban los nen\u00fafares del polvo de la carretera todos los d\u00edas siguiendo sus instrucciones, hasta que finalmente se limit\u00f3 a asfaltar la carretera a sus expensas. Darren Almond, nacido en 1971, vive actualmente en Londres y se dedica a la fotograf\u00eda bajo la luna llena. Su participaci\u00f3n en la legendaria exposici\u00f3n \"Sensation\" en 1997, su trabajo en el pabell\u00f3n de la Bienal de Venecia de 2003 y, por \u00faltimo, su nominaci\u00f3n al Premio Turner en 2005 le han convertido en uno de los artistas ingleses contempor\u00e1neos m\u00e1s destacados. Tras su exposici\u00f3n en la Villa Merkel y la casete \"Nocturne\" que la acompa\u00f1aba, esta publicaci\u00f3n con las nuevas fotograf\u00edas de motivos florales en el jard\u00edn de Monet subraya el aspecto escult\u00f3rico de la obra fotogr\u00e1fica de Darren Almond. Por ello, las fotograf\u00edas individuales de las flores tambi\u00e9n pueden separarse del bloque del libro, que est\u00e1 protegido por una cubierta de pl\u00e1stico transl\u00facido en la que se inserta una peque\u00f1a imagen Polaroid firmada del famoso estanque de nen\u00fafares.<\/p>","protected":false},"excerpt":{"rendered":"<p>Una serie de Polaroids de 8 x 10 tomadas por Darren Almond al final de la noche en el jard\u00edn de Monet en Giverny, Francia.<br \/>\n60 p\u00e1ginas con 31 reproducciones fotogr\u00e1ficas en color lacado UV<br \/>\nFormato 23 x 18,5 cm, bloque de libro encolado e insertado en funda de PVC, el encarte de la cubierta, de 16,2 x 13,7 cm, fue firmado por Darren Almond<\/p>","protected":false},"featured_media":4880,"template":"","meta":[],"product_brand":[],"product_cat":[95],"product_tag":[],"class_list":{"0":"post-3465","1":"product","2":"type-product","3":"status-publish","4":"has-post-thumbnail","6":"product_cat-vergriffen","8":"first","9":"outofstock","10":"taxable","11":"shipping-taxable","12":"product-type-simple"},"aioseo_notices":[],"_wp_attached_file":null,"_wp_attachment_metadata":null,"_wc_attachment_source":null,"_elementor_inline_svg":null,"_elementor_is_screenshot":null,"_elementor_source_image_hash":null,"_source_url":null,"_wp_attachment_context":null,"_menu_item_type":null,"_menu_item_menu_item_parent":null,"_menu_item_object_id":null,"_menu_item_object":null,"_menu_item_target":null,"_menu_item_classes":null,"_menu_item_xfn":null,"_menu_item_url":null,"__elementor_forms_snapshot":null,"_unit":"","_unit_base":"","_unit_product":"","_unit_price_auto":"no","_unit_price_regular":"","_unit_price":"","_unit_price_sale":"","_sale_price_label":"","_sale_price_regular_label":"","_manufacturer_slug":"","_mini_desc":"","_defect_description":"","_safety_instructions":"","_allergen_ids":[],"_warranty_attachment_id":"","_safety_attachment_ids":[],"_min_age":"","_ts_gtin":"","_ts_mpn":"","_delivery_time_countries":[],"_free_shipping":"no","_service":"no","_photovoltaic_system":"no","_used_good":"no","_defective_copy":"no","_wireless_electronic_device":"no","_device_contains_power_supply":"no","_device_charging_supports_usb_pd":"no","_device_charging_watt_min":"0","_device_charging_watt_max":"0","_is_food":"no","_differential_taxation":"no","_gzd_version":"3.18.7","_hs_code":"","_customs_description":"","_manufacture_country":"0","_is_non_returnable":"no","_shipping_length":"","_shipping_width":"","_shipping_height":"","_sku":"ISBN 978-3-86442-044-3","_global_unique_id":"978-3-86442-044-3","_regular_price":null,"total_sales":"2","_tax_status":"taxable","_tax_class":"","_manage_stock":"no","_backorders":"no","_sold_individually":"no","_weight":"1","_virtual":"no","_downloadable":"no","_download_limit":"-1","_download_expiry":"-1","_stock":"","_stock_status":"outofstock","_wc_average_rating":"0","_wc_review_count":"0","_product_version":"10.1.4","_price":"","shopengine_product_views_count":"3124","_thumbnail_id":"4880","_product_attributes":{"erscheinungsdatum":{"name":"Fecha de publicaci\u00f3n","value":"15.07.2014","position":0,"is_visible":1,"is_variation":0,"is_taxonomy":0,"checkout_visible":0}},"_nutrient_ids":[],"_upsell_ids":null,"pswc_subtitle":null,"_default_delivery_time":null,"_wp_desired_post_slug":null,"_isbn":null,"pageType":null,"isExternalUrl":null,"pageId":null,"externalUrl":null,"hideCookieBanner":null,"isTargetBlank":null,"isProviderCurrentWebsite":null,"isEmbeddingOnlyExternalResources":null,"legalBasis":null,"dataProcessingInCountries":null,"dataProcessingInCountriesSpecialTreatments":null,"technicalDefinitions":null,"googleConsentModeConsentTypes":null,"executePriority":null,"executeCodeOptInWhenNoTagManagerConsentIsGiven":null,"executeCodeOptOutWhenNoTagManagerConsentIsGiven":null,"deleteTechnicalDefinitionsAfterOptOut":null,"presetId":null,"presetVersion":null,"provider":null,"providerContactPhone":null,"providerContactEmail":null,"providerContactLink":null,"uniqueName":null,"providerPrivacyPolicyUrl":null,"providerLegalNoticeUrl":null,"codeOptIn":null,"codeOptOut":null,"codeOnPageLoad":null,"language_code":null,"shopengine_template__post_meta__type":null,"shopengine_template__post_meta":null,"shopengine_template__post_meta__edit_with":null,"origin":null,"_enabled":null,"_filters":null,"_layout":null,"_elementor_import_session_id":null,"_wp_trash_meta_status":null,"_wp_trash_meta_time":null,"_edit_lock":"1743603673:2","_elementor_floating_elements_type":null,"_elementor_edit_mode":null,"_elementor_template_type":null,"tc-thumb-fld":{"_thumb_id":4880,"_thumb_type":"thumb"},"_wp_page_template":"default","_elementor_version":null,"_elementor_pro_version":null,"_elementor_page_settings":null,"_elementor_data":null,"_elementor_conditions":null,"_elementor_popup_display_settings":null,"_edit_last":"2","_elementor_template_sub_type":null,"_elementor_controls_usage":null,"_elementor_screenshot":null,"_elementor_css":null,"_elementor_page_assets":[],"_elementor_element_cache":null,"_elementor_screenshot_failed":null,"_elementor_source":null,"_wp_old_date":null,"layout_key":"","post_slider_check_key":"0","_links":{"self":[{"href":"https:\/\/snoeck.de\/es\/wp-json\/wp\/v2\/product\/3465","targetHints":{"allow":["GET"]}}],"collection":[{"href":"https:\/\/snoeck.de\/es\/wp-json\/wp\/v2\/product"}],"about":[{"href":"https:\/\/snoeck.de\/es\/wp-json\/wp\/v2\/types\/product"}],"wp:featuredmedia":[{"embeddable":true,"href":"https:\/\/snoeck.de\/es\/wp-json\/wp\/v2\/media\/4880"}],"wp:attachment":[{"href":"https:\/\/snoeck.de\/es\/wp-json\/wp\/v2\/media?parent=3465"}],"wp:term":[{"taxonomy":"product_brand","embeddable":true,"href":"https:\/\/snoeck.de\/es\/wp-json\/wp\/v2\/product_brand?post=3465"},{"taxonomy":"product_cat","embeddable":true,"href":"https:\/\/snoeck.de\/es\/wp-json\/wp\/v2\/product_cat?post=3465"},{"taxonomy":"product_tag","embeddable":true,"href":"https:\/\/snoeck.de\/es\/wp-json\/wp\/v2\/product_tag?post=3465"}],"curies":[{"name":"wp","href":"https:\/\/api.w.org\/{rel}","templated":true}]}}