{"id":3466,"date":"2025-01-31T11:29:23","date_gmt":"2025-01-31T11:29:23","guid":{"rendered":"https:\/\/snoeck.process-vision.de\/shop\/siegfried-anzinger\/"},"modified":"2026-04-08T15:36:35","modified_gmt":"2026-04-08T14:36:35","slug":"siegfried-anzinger","status":"publish","type":"product","link":"https:\/\/snoeck.de\/es\/shop\/siegfried-anzinger\/","title":{"rendered":"Siegfried Anzinger"},"content":{"rendered":"<h3>Nuevas obras brillantes<\/h3>\n<p>Con sus nuevos \u00f3leos y esculturas, Siegfried Anzinger hace una ruptura radical. En concreto, rompe con su t\u00edpico proceso de aplicaci\u00f3n del color impasto en sus cuadros, su particular estilo art\u00edstico de apariencia figurativa, una paleta de colores que a veces parece del norte de Italia, en resumen, el concepto pict\u00f3rico de la pintura. Y esto tiene el efecto de una luz que brilla de repente. Por ahora Siegfried Anzinger aplica los tonos de fondo con rapidez y en colores diluidos, y a partir del detalle, como un movimiento en bucle en una cordillera, se construye una epopeya claramente escalonada en diferentes niveles pict\u00f3ricos. Por el contrario, las figuras y las escenas se han mostrado hasta ahora en todo su esplendor en un espacio que parece cerrado, m\u00e1s o menos como una obra de c\u00e1mara. Con su nuevo cuadro, Siegfried Anzinger ha abierto el tel\u00f3n de par en par y ha preparado el escenario. No s\u00f3lo es fant\u00e1stico c\u00f3mo las im\u00e1genes procedentes de todo tipo de t\u00e9cnicas culturales (rock, pop, c\u00f3mic, renacimiento y western) compiten entre s\u00ed por conquistar el tren del oro, sino tambi\u00e9n c\u00f3mo se abre un panorama pict\u00f3rico con dramatismo dirigido, en el que las epopeyas de David, Delacroix o Gerricault ya hab\u00edan hecho so\u00f1ar.<\/p>\n<p>Exposici\u00f3n:<br \/>\nMuseo de Arte Lentos de Linz, 26\/11\/2010 - 6\/3\/2011<\/p>","protected":false},"excerpt":{"rendered":"<p>Cat\u00e1logo de la exposici\u00f3n, Museo de Arte Lentos de Linz<br \/>\nTextos (alem\u00e1n\/ingl\u00e9s) de Elisabeth Nowak-Thaller, Guido Reuter, Stella Rollig<br \/>\n194 p. con 120 ilustraciones en color<br \/>\nFormato 30 x 24 cm, tapa dura<\/p>","protected":false},"featured_media":4881,"template":"","meta":[],"product_brand":[],"product_cat":[95],"product_tag":[],"class_list":{"0":"post-3466","1":"product","2":"type-product","3":"status-publish","4":"has-post-thumbnail","6":"product_cat-vergriffen","8":"first","9":"outofstock","10":"taxable","11":"shipping-taxable","12":"product-type-simple"},"aioseo_notices":[],"_wp_attached_file":null,"_wp_attachment_metadata":null,"_wc_attachment_source":null,"_elementor_inline_svg":null,"_elementor_is_screenshot":null,"_elementor_source_image_hash":null,"_source_url":null,"_wp_attachment_context":null,"_menu_item_type":null,"_menu_item_menu_item_parent":null,"_menu_item_object_id":null,"_menu_item_object":null,"_menu_item_target":null,"_menu_item_classes":null,"_menu_item_xfn":null,"_menu_item_url":null,"__elementor_forms_snapshot":null,"_unit":"","_unit_base":"","_unit_product":"","_unit_price_auto":"no","_unit_price_regular":"","_unit_price":"","_unit_price_sale":"","_sale_price_label":"","_sale_price_regular_label":"","_manufacturer_slug":"","_mini_desc":"","_defect_description":"","_safety_instructions":"","_allergen_ids":[],"_warranty_attachment_id":"","_safety_attachment_ids":[],"_min_age":"","_ts_gtin":"","_ts_mpn":"","_delivery_time_countries":[],"_free_shipping":"no","_service":"no","_photovoltaic_system":"no","_used_good":"no","_defective_copy":"no","_wireless_electronic_device":"no","_device_contains_power_supply":"no","_device_charging_supports_usb_pd":"no","_device_charging_watt_min":"0","_device_charging_watt_max":"0","_is_food":"no","_differential_taxation":"no","_gzd_version":"3.18.7","_hs_code":"","_customs_description":"","_manufacture_country":"0","_is_non_returnable":"no","_shipping_length":"","_shipping_width":"","_shipping_height":"","_sku":"ISBN 978-3-940953-63-6","_global_unique_id":"978-3-940953-63-6","_regular_price":null,"total_sales":"1","_tax_status":"taxable","_tax_class":"","_manage_stock":"no","_backorders":"no","_sold_individually":"no","_weight":"1","_virtual":"no","_downloadable":"no","_download_limit":"-1","_download_expiry":"-1","_stock":"","_stock_status":"outofstock","_wc_average_rating":"0","_wc_review_count":"0","_product_version":"10.1.4","_price":"","shopengine_product_views_count":"2815","_thumbnail_id":"4881","_product_attributes":{"erscheinungsdatum":{"name":"Fecha de publicaci\u00f3n","value":"26.11.2010","position":0,"is_visible":1,"is_variation":0,"is_taxonomy":0,"checkout_visible":0}},"_nutrient_ids":[],"_upsell_ids":null,"pswc_subtitle":null,"_default_delivery_time":null,"_wp_desired_post_slug":null,"_isbn":null,"pageType":null,"isExternalUrl":null,"pageId":null,"externalUrl":null,"hideCookieBanner":null,"isTargetBlank":null,"isProviderCurrentWebsite":null,"isEmbeddingOnlyExternalResources":null,"legalBasis":null,"dataProcessingInCountries":null,"dataProcessingInCountriesSpecialTreatments":null,"technicalDefinitions":null,"googleConsentModeConsentTypes":null,"executePriority":null,"executeCodeOptInWhenNoTagManagerConsentIsGiven":null,"executeCodeOptOutWhenNoTagManagerConsentIsGiven":null,"deleteTechnicalDefinitionsAfterOptOut":null,"presetId":null,"presetVersion":null,"provider":null,"providerContactPhone":null,"providerContactEmail":null,"providerContactLink":null,"uniqueName":null,"providerPrivacyPolicyUrl":null,"providerLegalNoticeUrl":null,"codeOptIn":null,"codeOptOut":null,"codeOnPageLoad":null,"language_code":null,"shopengine_template__post_meta__type":null,"shopengine_template__post_meta":null,"shopengine_template__post_meta__edit_with":null,"origin":null,"_enabled":null,"_filters":null,"_layout":null,"_elementor_import_session_id":null,"_wp_trash_meta_status":null,"_wp_trash_meta_time":null,"_edit_lock":"1743603755:2","_elementor_floating_elements_type":null,"_elementor_edit_mode":null,"_elementor_template_type":null,"tc-thumb-fld":{"_thumb_id":4881,"_thumb_type":"thumb"},"_wp_page_template":"default","_elementor_version":null,"_elementor_pro_version":null,"_elementor_page_settings":null,"_elementor_data":null,"_elementor_conditions":null,"_elementor_popup_display_settings":null,"_edit_last":"2","_elementor_template_sub_type":null,"_elementor_controls_usage":null,"_elementor_screenshot":null,"_elementor_css":null,"_elementor_page_assets":[],"_elementor_element_cache":null,"_elementor_screenshot_failed":null,"_elementor_source":null,"_wp_old_date":null,"layout_key":"","post_slider_check_key":"0","_links":{"self":[{"href":"https:\/\/snoeck.de\/es\/wp-json\/wp\/v2\/product\/3466","targetHints":{"allow":["GET"]}}],"collection":[{"href":"https:\/\/snoeck.de\/es\/wp-json\/wp\/v2\/product"}],"about":[{"href":"https:\/\/snoeck.de\/es\/wp-json\/wp\/v2\/types\/product"}],"wp:featuredmedia":[{"embeddable":true,"href":"https:\/\/snoeck.de\/es\/wp-json\/wp\/v2\/media\/4881"}],"wp:attachment":[{"href":"https:\/\/snoeck.de\/es\/wp-json\/wp\/v2\/media?parent=3466"}],"wp:term":[{"taxonomy":"product_brand","embeddable":true,"href":"https:\/\/snoeck.de\/es\/wp-json\/wp\/v2\/product_brand?post=3466"},{"taxonomy":"product_cat","embeddable":true,"href":"https:\/\/snoeck.de\/es\/wp-json\/wp\/v2\/product_cat?post=3466"},{"taxonomy":"product_tag","embeddable":true,"href":"https:\/\/snoeck.de\/es\/wp-json\/wp\/v2\/product_tag?post=3466"}],"curies":[{"name":"wp","href":"https:\/\/api.w.org\/{rel}","templated":true}]}}