{"id":3467,"date":"2025-01-31T11:29:24","date_gmt":"2025-01-31T11:29:24","guid":{"rendered":"https:\/\/snoeck.process-vision.de\/shop\/siegfried-anzinger-werke-auf-papier\/"},"modified":"2025-04-02T14:22:14","modified_gmt":"2025-04-02T14:22:14","slug":"siegfried-anzinger-werke-auf-papier","status":"publish","type":"product","link":"https:\/\/snoeck.de\/es\/shop\/siegfried-anzinger-werke-auf-papier\/","title":{"rendered":"Siegfried Anzinger: Obras sobre papel"},"content":{"rendered":"<h3>Flotando lleno de ligereza entre una profunda seriedad y una gran alegr\u00eda<\/h3>\n<p>Con el \"Gran Premio del Estado Austriaco 2003\", la obra de Siegfried Anzinger ha recibido los m\u00e1s altos honores estatales de la Rep\u00fablica Alpina. Al mismo tiempo, se trata del reconocimiento de un artista muy reservado, sobre todo de la pintura de los a\u00f1os ochenta y noventa, que siempre ha sido algo dif\u00edcil de tratar en Viena, tanto oficial como art\u00edsticamente - el fracaso de las instituciones parece demasiado abrumador, el esc\u00e1ndalo del accionismo parece a\u00fan demasiado sentido. Tal vez por ello, Siegfried Anzinger abandon\u00f3 la escena local en 1982 y se traslad\u00f3 a Renania, donde ense\u00f1a como profesor en la Academia de D\u00fcsseldorf desde 1997. Este es el centro de su vida, donde, lejos del mundo vien\u00e9s, crea una obra formalmente madura, rigurosa, pero tambi\u00e9n incre\u00edblemente estricta y al mismo tiempo muy sorprendente. En los fragmentos, las figuras mitol\u00f3gicas se encuentran con la sensibilidad contempor\u00e1nea, la formaci\u00f3n de leyendas se mide con el desnudo y el falo. Porque incluso en el mundo de los mitos, lo real no parece existir en lo falso, la voluntad absoluta sigue triunfando sobre cualquier forma. Esta es la contradicci\u00f3n que Siegfried Anzinger combate en su magn\u00edfica serie de acuarelas: la escena se ve r\u00e1pidamente arruinada por lo sexual, se encuentran r\u00e1pidamente devaluaciones all\u00ed donde el sentimiento no reconoce ninguna salida. Sin embargo, la capacidad de Siegfried Anzinger para lograr un equilibrio magistral queda demostrada en sus obras m\u00e1s recientes, creadas entre 2001 y 2004: oscilan ligeramente entre una profunda seriedad y una gran alegr\u00eda.<\/p>\n<p>Exposiciones:<br \/>\nAlbertina, Viena, 17\/5 - 29\/8\/2004<br \/>\nGemeentemuseum La Haya, 5\/2 - 16\/5\/2005<\/p>","protected":false},"excerpt":{"rendered":"<p>Cat\u00e1logo de la exposici\u00f3n, editado por Klaus Thoman<br \/>\nTextos (alem\u00e1n\/ingl\u00e9s) de Siegfried Gohr y Antonia Hoerschelmann<br \/>\n224 p. con 99 ilustraciones en color<br \/>\nFormato 24,2 x 32,5 cm, tapa dura con sobrecubierta<\/p>","protected":false},"featured_media":4882,"template":"","meta":[],"product_brand":[],"product_cat":[106,58,90],"product_tag":[],"class_list":{"0":"post-3467","1":"product","2":"type-product","3":"status-publish","4":"has-post-thumbnail","6":"product_cat-106","7":"product_cat-a","8":"product_cat-rare-books","10":"first","11":"instock","12":"taxable","13":"shipping-taxable","14":"purchasable","15":"product-type-simple"},"aioseo_notices":[],"_wp_attached_file":null,"_wp_attachment_metadata":null,"_wc_attachment_source":null,"_elementor_inline_svg":null,"_elementor_is_screenshot":null,"_elementor_source_image_hash":null,"_source_url":null,"_wp_attachment_context":null,"_menu_item_type":null,"_menu_item_menu_item_parent":null,"_menu_item_object_id":null,"_menu_item_object":null,"_menu_item_target":null,"_menu_item_classes":null,"_menu_item_xfn":null,"_menu_item_url":null,"__elementor_forms_snapshot":null,"_unit":"","_unit_base":"","_unit_product":"","_unit_price_auto":"no","_unit_price_regular":"","_unit_price":"","_unit_price_sale":"","_sale_price_label":"","_sale_price_regular_label":"","_manufacturer_slug":"","_mini_desc":"","_defect_description":"","_safety_instructions":"","_allergen_ids":[],"_warranty_attachment_id":"","_safety_attachment_ids":[],"_min_age":"","_ts_gtin":"","_ts_mpn":"","_delivery_time_countries":[],"_free_shipping":"no","_service":"no","_photovoltaic_system":"no","_used_good":"no","_defective_copy":"no","_wireless_electronic_device":"no","_device_contains_power_supply":"no","_device_charging_supports_usb_pd":"no","_device_charging_watt_min":"0","_device_charging_watt_max":"0","_is_food":"no","_differential_taxation":"no","_gzd_version":"3.18.7","_hs_code":"","_customs_description":"","_manufacture_country":"0","_is_non_returnable":"no","_shipping_length":"","_shipping_width":"","_shipping_height":"","_sku":"ISBN 978-3-936859-11-9","_global_unique_id":"978-3-936859-11-9","_regular_price":"98","total_sales":"0","_tax_status":"taxable","_tax_class":"","_manage_stock":"no","_backorders":"no","_sold_individually":"no","_weight":"2","_virtual":"no","_downloadable":"no","_download_limit":"-1","_download_expiry":"-1","_stock":"","_stock_status":"instock","_wc_average_rating":"0","_wc_review_count":"0","_product_version":"9.7.1","_price":"98","shopengine_product_views_count":"2681","_thumbnail_id":"4882","_product_attributes":{"erscheinungsdatum":{"name":"Erscheinungsdatum","value":"17.05.2004","position":0,"is_visible":1,"is_variation":0,"is_taxonomy":0,"checkout_visible":0}},"_nutrient_ids":[],"_upsell_ids":null,"pswc_subtitle":null,"_default_delivery_time":"","_wp_desired_post_slug":null,"_isbn":null,"pageType":null,"isExternalUrl":null,"pageId":null,"externalUrl":null,"hideCookieBanner":null,"isTargetBlank":null,"isProviderCurrentWebsite":null,"isEmbeddingOnlyExternalResources":null,"legalBasis":null,"dataProcessingInCountries":null,"dataProcessingInCountriesSpecialTreatments":null,"technicalDefinitions":null,"googleConsentModeConsentTypes":null,"executePriority":null,"executeCodeOptInWhenNoTagManagerConsentIsGiven":null,"executeCodeOptOutWhenNoTagManagerConsentIsGiven":null,"deleteTechnicalDefinitionsAfterOptOut":null,"presetId":null,"presetVersion":null,"provider":null,"providerContactPhone":null,"providerContactEmail":null,"providerContactLink":null,"uniqueName":null,"providerPrivacyPolicyUrl":null,"providerLegalNoticeUrl":null,"codeOptIn":null,"codeOptOut":null,"codeOnPageLoad":null,"language_code":null,"shopengine_template__post_meta__type":null,"shopengine_template__post_meta":null,"shopengine_template__post_meta__edit_with":null,"origin":null,"_enabled":null,"_filters":null,"_layout":null,"_elementor_import_session_id":null,"_wp_trash_meta_status":null,"_wp_trash_meta_time":null,"_edit_lock":"1743603595:2","_elementor_floating_elements_type":null,"_elementor_edit_mode":null,"_elementor_template_type":null,"tc-thumb-fld":{"_thumb_id":4882,"_thumb_type":"thumb"},"_wp_page_template":"default","_elementor_version":null,"_elementor_pro_version":null,"_elementor_page_settings":null,"_elementor_data":null,"_elementor_conditions":null,"_elementor_popup_display_settings":null,"_edit_last":"2","_elementor_template_sub_type":null,"_elementor_controls_usage":null,"_elementor_screenshot":null,"_elementor_css":null,"_elementor_page_assets":[],"_elementor_element_cache":null,"_elementor_screenshot_failed":null,"_elementor_source":null,"_wp_old_date":null,"layout_key":"","post_slider_check_key":"0","_links":{"self":[{"href":"https:\/\/snoeck.de\/es\/wp-json\/wp\/v2\/product\/3467","targetHints":{"allow":["GET"]}}],"collection":[{"href":"https:\/\/snoeck.de\/es\/wp-json\/wp\/v2\/product"}],"about":[{"href":"https:\/\/snoeck.de\/es\/wp-json\/wp\/v2\/types\/product"}],"wp:featuredmedia":[{"embeddable":true,"href":"https:\/\/snoeck.de\/es\/wp-json\/wp\/v2\/media\/4882"}],"wp:attachment":[{"href":"https:\/\/snoeck.de\/es\/wp-json\/wp\/v2\/media?parent=3467"}],"wp:term":[{"taxonomy":"product_brand","embeddable":true,"href":"https:\/\/snoeck.de\/es\/wp-json\/wp\/v2\/product_brand?post=3467"},{"taxonomy":"product_cat","embeddable":true,"href":"https:\/\/snoeck.de\/es\/wp-json\/wp\/v2\/product_cat?post=3467"},{"taxonomy":"product_tag","embeddable":true,"href":"https:\/\/snoeck.de\/es\/wp-json\/wp\/v2\/product_tag?post=3467"}],"curies":[{"name":"wp","href":"https:\/\/api.w.org\/{rel}","templated":true}]}}