{"id":3469,"date":"2025-01-31T11:29:25","date_gmt":"2025-01-31T11:29:25","guid":{"rendered":"https:\/\/snoeck.process-vision.de\/shop\/arch-of-hysteria-zwischen-wahnsinn-und-ekstase\/"},"modified":"2026-04-08T15:31:58","modified_gmt":"2026-04-08T14:31:58","slug":"arch-of-hysteria-zwischen-wahnsinn-und-ekstase","status":"publish","type":"product","link":"https:\/\/snoeck.de\/es\/shop\/arch-of-hysteria-zwischen-wahnsinn-und-ekstase\/","title":{"rendered":"ARCH OF HYSTERIA - Entre la locura y el \u00e9xtasis"},"content":{"rendered":"<h3>EL GRAN ARCO<\/h3>\n<p>El \"gran arco\" o \"arco de cerco\" (Arch of Hysteria), con su ambivalencia de p\u00e9rdida de control y dominio, es un motivo seductor que cuenta con una larga tradici\u00f3n en la historia del arte y la cultura. Puede encontrarse en representaciones de danza y acrobacias, pero tambi\u00e9n describe enfermedades f\u00edsicas o mentales: El cuerpo (femenino) sobredimensionado expresa el \u00e9xtasis o un trastorno psic\u00f3tico. En la danza, en cambio, simboliza el virtuosismo del control corporal y la expresividad. Con \"Arco de histeria\", el Museum der Moderne de Salzburgo dedica una exposici\u00f3n a este motivo de gran fuerza visual y muestra obras de arte de los \u00faltimos 100 a\u00f1os procedentes de contextos muy diversos, explorando as\u00ed la diversidad de posibilidades expresivas inherentes a la pose, hasta su transformaci\u00f3n en formas abstractas, pero expresivas y, por tanto, inconfundibles. El libro y la exposici\u00f3n arrojan luz sobre las ra\u00edces (art\u00edsticas) hist\u00f3ricas del motivo, as\u00ed como sobre la evoluci\u00f3n actual de la pintura, el dibujo, la escultura, la fotograf\u00eda, el v\u00eddeo y las artes esc\u00e9nicas. Entre los protagonistas figuran Denis Darzacq, Max Ernst, Georg Herold, Gustav Klimt, Alfred Kubin, Auguste Rodin, pero tambi\u00e9n Alexandra Bircken, Louise Bourgeois, Ronit Porat, Barbis Ruder, Charlotte Rudolph, Valerie Schmidt y VALIE EXPORT; muchas de las obras fueron creadas especialmente para la exposici\u00f3n y se ilustran en este libro por primera vez.<\/p>\n<p>Exposici\u00f3n:<br \/>\nMuseo de Arte Moderno de Salzburgo, 21\/7\/2023 - 14\/1\/2024<\/p>","protected":false},"excerpt":{"rendered":"<p>Cat\u00e1logo de la exposici\u00f3n, Museum der Moderne Salzburg, editado por Harald Krejci, Lena Nievers, Kerstin Stremmel<br \/>\nTextos (alem\u00e1n\/ingl\u00e9s) de Christina von Braun, Mariama Diagne, Esther Freud, Harald Krejci, Lena Nievers, Kerstin Stremmel, Paul Verhaeghe<br \/>\n192 p. con 216 ilustraciones en color<br \/>\nFormato 22 x 16,8 cm, folleto desplegable<\/p>","protected":false},"featured_media":4884,"template":"","meta":[],"product_brand":[],"product_cat":[95],"product_tag":[],"class_list":{"0":"post-3469","1":"product","2":"type-product","3":"status-publish","4":"has-post-thumbnail","6":"product_cat-vergriffen","8":"first","9":"outofstock","10":"taxable","11":"shipping-taxable","12":"product-type-simple"},"aioseo_notices":[],"_wp_attached_file":null,"_wp_attachment_metadata":null,"_wc_attachment_source":null,"_elementor_inline_svg":null,"_elementor_is_screenshot":null,"_elementor_source_image_hash":null,"_source_url":null,"_wp_attachment_context":null,"_menu_item_type":null,"_menu_item_menu_item_parent":null,"_menu_item_object_id":null,"_menu_item_object":null,"_menu_item_target":null,"_menu_item_classes":null,"_menu_item_xfn":null,"_menu_item_url":null,"__elementor_forms_snapshot":null,"_unit":"","_unit_base":"","_unit_product":"","_unit_price_auto":"no","_unit_price_regular":"","_unit_price":"","_unit_price_sale":"","_sale_price_label":"","_sale_price_regular_label":"","_manufacturer_slug":"","_mini_desc":"","_defect_description":"","_safety_instructions":"","_allergen_ids":[],"_warranty_attachment_id":"","_safety_attachment_ids":[],"_min_age":"","_ts_gtin":"","_ts_mpn":"","_delivery_time_countries":[],"_free_shipping":"no","_service":"no","_photovoltaic_system":"no","_used_good":"no","_defective_copy":"no","_wireless_electronic_device":"no","_device_contains_power_supply":"no","_device_charging_supports_usb_pd":"no","_device_charging_watt_min":"0","_device_charging_watt_max":"0","_is_food":"no","_differential_taxation":"no","_gzd_version":"3.18.7","_hs_code":"","_customs_description":"","_manufacture_country":"0","_is_non_returnable":"no","_shipping_length":"","_shipping_width":"","_shipping_height":"","_sku":"ISBN 978-3-86442-419-9","_global_unique_id":"978-3-86442-419-9","_regular_price":null,"total_sales":"1","_tax_status":"taxable","_tax_class":"","_manage_stock":"no","_backorders":"no","_sold_individually":"no","_weight":"1","_virtual":"no","_downloadable":"no","_download_limit":"-1","_download_expiry":"-1","_stock":"","_stock_status":"outofstock","_wc_average_rating":"0","_wc_review_count":"0","_product_version":"10.1.4","_price":"","shopengine_product_views_count":"2643","_thumbnail_id":"4884","_product_attributes":{"erscheinungsdatum":{"name":"Erscheinungsdatum","value":"14.07.2023","position":0,"is_visible":1,"is_variation":0,"is_taxonomy":0,"checkout_visible":0}},"_nutrient_ids":[],"_upsell_ids":null,"pswc_subtitle":null,"_default_delivery_time":null,"_wp_desired_post_slug":null,"_isbn":null,"pageType":null,"isExternalUrl":null,"pageId":null,"externalUrl":null,"hideCookieBanner":null,"isTargetBlank":null,"isProviderCurrentWebsite":null,"isEmbeddingOnlyExternalResources":null,"legalBasis":null,"dataProcessingInCountries":null,"dataProcessingInCountriesSpecialTreatments":null,"technicalDefinitions":null,"googleConsentModeConsentTypes":null,"executePriority":null,"executeCodeOptInWhenNoTagManagerConsentIsGiven":null,"executeCodeOptOutWhenNoTagManagerConsentIsGiven":null,"deleteTechnicalDefinitionsAfterOptOut":null,"presetId":null,"presetVersion":null,"provider":null,"providerContactPhone":null,"providerContactEmail":null,"providerContactLink":null,"uniqueName":null,"providerPrivacyPolicyUrl":null,"providerLegalNoticeUrl":null,"codeOptIn":null,"codeOptOut":null,"codeOnPageLoad":null,"language_code":null,"shopengine_template__post_meta__type":null,"shopengine_template__post_meta":null,"shopengine_template__post_meta__edit_with":null,"origin":null,"_enabled":null,"_filters":null,"_layout":null,"_elementor_import_session_id":null,"_wp_trash_meta_status":null,"_wp_trash_meta_time":null,"_edit_lock":"1743603428:2","_elementor_floating_elements_type":null,"_elementor_edit_mode":null,"_elementor_template_type":null,"tc-thumb-fld":{"_thumb_id":4884,"_thumb_type":"thumb"},"_wp_page_template":"default","_elementor_version":null,"_elementor_pro_version":null,"_elementor_page_settings":null,"_elementor_data":null,"_elementor_conditions":null,"_elementor_popup_display_settings":null,"_edit_last":"2","_elementor_template_sub_type":null,"_elementor_controls_usage":null,"_elementor_screenshot":null,"_elementor_css":null,"_elementor_page_assets":[],"_elementor_element_cache":null,"_elementor_screenshot_failed":null,"_elementor_source":null,"_wp_old_date":null,"layout_key":"","post_slider_check_key":"0","_links":{"self":[{"href":"https:\/\/snoeck.de\/es\/wp-json\/wp\/v2\/product\/3469","targetHints":{"allow":["GET"]}}],"collection":[{"href":"https:\/\/snoeck.de\/es\/wp-json\/wp\/v2\/product"}],"about":[{"href":"https:\/\/snoeck.de\/es\/wp-json\/wp\/v2\/types\/product"}],"wp:featuredmedia":[{"embeddable":true,"href":"https:\/\/snoeck.de\/es\/wp-json\/wp\/v2\/media\/4884"}],"wp:attachment":[{"href":"https:\/\/snoeck.de\/es\/wp-json\/wp\/v2\/media?parent=3469"}],"wp:term":[{"taxonomy":"product_brand","embeddable":true,"href":"https:\/\/snoeck.de\/es\/wp-json\/wp\/v2\/product_brand?post=3469"},{"taxonomy":"product_cat","embeddable":true,"href":"https:\/\/snoeck.de\/es\/wp-json\/wp\/v2\/product_cat?post=3469"},{"taxonomy":"product_tag","embeddable":true,"href":"https:\/\/snoeck.de\/es\/wp-json\/wp\/v2\/product_tag?post=3469"}],"curies":[{"name":"wp","href":"https:\/\/api.w.org\/{rel}","templated":true}]}}