{"id":3470,"date":"2025-01-31T11:29:25","date_gmt":"2025-01-31T11:29:25","guid":{"rendered":"https:\/\/snoeck.process-vision.de\/shop\/otto-arnold-von-siegen-aus\/"},"modified":"2025-04-02T14:17:53","modified_gmt":"2025-04-02T14:17:53","slug":"otto-arnold-von-siegen-aus","status":"publish","type":"product","link":"https:\/\/snoeck.de\/es\/shop\/otto-arnold-von-siegen-aus\/","title":{"rendered":"Otto Arnold: Desde Siegen - Expediciones fotogr\u00e1ficas por el paisaje cultural y el mundo laboral"},"content":{"rendered":"<h3>Otto Arnold - Pionero de la fotograf\u00eda en la regi\u00f3n de Siegerland<\/h3>\n<p>En 1905, Otto Arnold (1881-1944) lleg\u00f3 a Siegen como profesor, donde m\u00e1s tarde fue director de la Nordschule y la Siegh\u00fctter Hauptschule. A mediados de la d\u00e9cada de 1920 compr\u00f3 una c\u00e1mara de placas Zeiss-Ikon y comenz\u00f3 a documentar fotogr\u00e1ficamente la regi\u00f3n de Siegerland. En numerosas excursiones, a pie, en autob\u00fas o en tren, con la familia o los amigos, con colegas y con sus compa\u00f1eros de clase, sigui\u00f3 intensamente la pista de las conexiones entre paisaje y trabajo. Sus fotos hablan de la Haubergswirtschaft, una forma sostenible de gesti\u00f3n forestal comunal, del curtido de pieles, de la quema de carb\u00f3n, del trabajo en minas y fundiciones, en la industria y del trabajo a domicilio en la producci\u00f3n textil. Su objetivo era educativo, ya que utilizaba las fotograf\u00edas para sus proyecciones de diapositivas en clase para ilustrar la vida regional a sus alumnos. Hoy, su archivo fotogr\u00e1fico ofrece una imagen \u00fanica de la cambiante regi\u00f3n de Siegerland en las d\u00e9cadas de 1920 y 1930. La obra de Otto Arnold fue analizada y expuesta por primera vez por su nuera y su nieto en la d\u00e9cada de 1980. 40 a\u00f1os despu\u00e9s, la exposici\u00f3n de 2024 con motivo del 800 aniversario de Siegen volver\u00e1 a centrarse en la visi\u00f3n que Otto Arnold ten\u00eda de las gentes, la arquitectura y el paisaje y sus conexiones con los procesos de trabajo tradicionales e industriales. Los textos del libro \"Von Siegen aus - Photographische Streifz\u00fcge durch Kulturlandschaft und Arbeitswelt\" han sido recopilados y editados por Eva Schmidt, e incluyen a Dieter Pfau, historiador de la regi\u00f3n de Siegerland, que explora los motivos de Otto Arnold, y Joseph Imorde, catedr\u00e1tico de Historia del Arte en la Academia de Arte Wei\u00dfensee de Berl\u00edn, que escribe sobre las series de im\u00e1genes de Arnold y sobre el medio fotogr\u00e1fico en la ense\u00f1anza de los a\u00f1os veinte y treinta, por Gabriele Conrath-Scholl, directora de la Colecci\u00f3n Fotogr\u00e1fica\/Fundaci\u00f3n SK Colonia, que aventura una comparaci\u00f3n entre Otto Arnold y contempor\u00e1neos como August Sander, y por el editor, que habla con Detlev Arnold sobre la historia del archivo de su abuelo.<\/p>\n<p>Exposici\u00f3n:<br \/>\nGaler\u00eda Municipal Haus Seel, Siegen, 11\/7 - 25\/8\/2024<\/p>","protected":false},"excerpt":{"rendered":"<p>Cat\u00e1logo de la exposici\u00f3n, St\u00e4dtische Galerie Haus Seel Siegen, editado por Eva Schmidt<br \/>\nCon motivo del 800 aniversario de la ciudad de Siegen<br \/>\nTextos (alem\u00e1n) Gabriele Conrath-Scholl, Joseph Imorde, Dieter Pfau, conversaci\u00f3n de Eva Schmidt con Detlev Arnold<br \/>\n200 p. con 146 ilustraciones en d\u00faplex<br \/>\nFormato 29 x 24 cm, folleto desplegable<\/p>","protected":false},"featured_media":4885,"template":"","meta":[],"product_brand":[],"product_cat":[88,58],"product_tag":[],"class_list":{"0":"post-3470","1":"product","2":"type-product","3":"status-publish","4":"has-post-thumbnail","6":"product_cat-88","7":"product_cat-a","9":"first","10":"instock","11":"taxable","12":"shipping-taxable","13":"purchasable","14":"product-type-simple"},"aioseo_notices":[],"_wp_attached_file":null,"_wp_attachment_metadata":null,"_wc_attachment_source":null,"_elementor_inline_svg":null,"_elementor_is_screenshot":null,"_elementor_source_image_hash":null,"_source_url":null,"_wp_attachment_context":null,"_menu_item_type":null,"_menu_item_menu_item_parent":null,"_menu_item_object_id":null,"_menu_item_object":null,"_menu_item_target":null,"_menu_item_classes":null,"_menu_item_xfn":null,"_menu_item_url":null,"__elementor_forms_snapshot":null,"_unit":"","_unit_base":"","_unit_product":"","_unit_price_auto":"no","_unit_price_regular":"","_unit_price":"","_unit_price_sale":"","_sale_price_label":"","_sale_price_regular_label":"","_manufacturer_slug":"","_mini_desc":"","_defect_description":"","_safety_instructions":"","_allergen_ids":[],"_warranty_attachment_id":"","_safety_attachment_ids":[],"_min_age":"","_ts_gtin":"","_ts_mpn":"","_delivery_time_countries":[],"_free_shipping":"no","_service":"no","_photovoltaic_system":"no","_used_good":"no","_defective_copy":"no","_wireless_electronic_device":"no","_device_contains_power_supply":"no","_device_charging_supports_usb_pd":"no","_device_charging_watt_min":"0","_device_charging_watt_max":"0","_is_food":"no","_differential_taxation":"no","_gzd_version":"3.18.7","_hs_code":"","_customs_description":"","_manufacture_country":"0","_is_non_returnable":"no","_shipping_length":"","_shipping_width":"","_shipping_height":"","_sku":"ISBN 978-3-86442-438-0","_global_unique_id":"978-3-86442-438-0","_regular_price":"48","total_sales":"0","_tax_status":"taxable","_tax_class":"","_manage_stock":"no","_backorders":"no","_sold_individually":"no","_weight":"2","_virtual":"no","_downloadable":"no","_download_limit":"-1","_download_expiry":"-1","_stock":"","_stock_status":"instock","_wc_average_rating":"0","_wc_review_count":"0","_product_version":"9.7.1","_price":"48","shopengine_product_views_count":"2453","_thumbnail_id":"4885","_product_attributes":{"erscheinungsdatum":{"name":"Erscheinungsdatum","value":"04.07.2024","position":0,"is_visible":1,"is_variation":0,"is_taxonomy":0,"checkout_visible":0}},"_nutrient_ids":[],"_upsell_ids":null,"pswc_subtitle":null,"_default_delivery_time":null,"_wp_desired_post_slug":null,"_isbn":null,"pageType":null,"isExternalUrl":null,"pageId":null,"externalUrl":null,"hideCookieBanner":null,"isTargetBlank":null,"isProviderCurrentWebsite":null,"isEmbeddingOnlyExternalResources":null,"legalBasis":null,"dataProcessingInCountries":null,"dataProcessingInCountriesSpecialTreatments":null,"technicalDefinitions":null,"googleConsentModeConsentTypes":null,"executePriority":null,"executeCodeOptInWhenNoTagManagerConsentIsGiven":null,"executeCodeOptOutWhenNoTagManagerConsentIsGiven":null,"deleteTechnicalDefinitionsAfterOptOut":null,"presetId":null,"presetVersion":null,"provider":null,"providerContactPhone":null,"providerContactEmail":null,"providerContactLink":null,"uniqueName":null,"providerPrivacyPolicyUrl":null,"providerLegalNoticeUrl":null,"codeOptIn":null,"codeOptOut":null,"codeOnPageLoad":null,"language_code":null,"shopengine_template__post_meta__type":null,"shopengine_template__post_meta":null,"shopengine_template__post_meta__edit_with":null,"origin":null,"_enabled":null,"_filters":null,"_layout":null,"_elementor_import_session_id":null,"_wp_trash_meta_status":null,"_wp_trash_meta_time":null,"_edit_lock":"1743603334:2","_elementor_floating_elements_type":null,"_elementor_edit_mode":null,"_elementor_template_type":null,"tc-thumb-fld":{"_thumb_id":4885,"_thumb_type":"thumb"},"_wp_page_template":"default","_elementor_version":null,"_elementor_pro_version":null,"_elementor_page_settings":null,"_elementor_data":null,"_elementor_conditions":null,"_elementor_popup_display_settings":null,"_edit_last":"2","_elementor_template_sub_type":null,"_elementor_controls_usage":null,"_elementor_screenshot":null,"_elementor_css":null,"_elementor_page_assets":[],"_elementor_element_cache":null,"_elementor_screenshot_failed":null,"_elementor_source":null,"_wp_old_date":null,"layout_key":"","post_slider_check_key":"0","_links":{"self":[{"href":"https:\/\/snoeck.de\/es\/wp-json\/wp\/v2\/product\/3470","targetHints":{"allow":["GET"]}}],"collection":[{"href":"https:\/\/snoeck.de\/es\/wp-json\/wp\/v2\/product"}],"about":[{"href":"https:\/\/snoeck.de\/es\/wp-json\/wp\/v2\/types\/product"}],"wp:featuredmedia":[{"embeddable":true,"href":"https:\/\/snoeck.de\/es\/wp-json\/wp\/v2\/media\/4885"}],"wp:attachment":[{"href":"https:\/\/snoeck.de\/es\/wp-json\/wp\/v2\/media?parent=3470"}],"wp:term":[{"taxonomy":"product_brand","embeddable":true,"href":"https:\/\/snoeck.de\/es\/wp-json\/wp\/v2\/product_brand?post=3470"},{"taxonomy":"product_cat","embeddable":true,"href":"https:\/\/snoeck.de\/es\/wp-json\/wp\/v2\/product_cat?post=3470"},{"taxonomy":"product_tag","embeddable":true,"href":"https:\/\/snoeck.de\/es\/wp-json\/wp\/v2\/product_tag?post=3470"}],"curies":[{"name":"wp","href":"https:\/\/api.w.org\/{rel}","templated":true}]}}