{"id":3472,"date":"2025-01-31T11:29:26","date_gmt":"2025-01-31T11:29:26","guid":{"rendered":"https:\/\/snoeck.process-vision.de\/shop\/silvia-baechli-dass-eins-zum-andern-wurde-welches-welches-ist\/"},"modified":"2025-04-02T14:08:22","modified_gmt":"2025-04-02T14:08:22","slug":"silvia-baechli-dass-eins-zum-andern-wurde-welches-welches-ist","status":"publish","type":"product","link":"https:\/\/snoeck.de\/es\/shop\/silvia-baechli-dass-eins-zum-andern-wurde-welches-welches-ist\/","title":{"rendered":"Silvia B\u00e4chli: Que una cosa llev\u00f3 a la otra. \u00bfCu\u00e1l es cu\u00e1l?"},"content":{"rendered":"<h3>Dibujar es abrir nuevos caminos y andar por ellos<\/h3>\n<p>Desde finales de la d\u00e9cada de 1970, Silvia B\u00e4chli (*1956) ha desarrollado su obra gr\u00e1fica de forma cuidadosa y coherente. El enfoque expresivo de la fisicalidad ha dado paso a una visi\u00f3n casi introspectiva de la realidad. La percepci\u00f3n cotidiana constituye el punto de partida del proceso art\u00edstico de Silvia B\u00e4chli, en el curso del cual se apropia de las cosas para darles una forma gr\u00e1fica aut\u00f3noma. Desde 1984, combina sus dibujos de peque\u00f1o formato en composiciones murales de varias partes. A partir de 2001, trabaja en obras de gran formato sobre papel con l\u00edneas delicadas y superpuestas; en los \u00faltimos a\u00f1os, la superficie de color tambi\u00e9n se ha relacionado con el fondo del cuadro. La obra silenciosa de Silvia B\u00e4chli goza ya de reconocimiento mundial, como demuestran las exposiciones de 2007 en el Centro Pompidou de Par\u00eds, 2014 en la Staatliche Graphische Sammlung de M\u00fanich, 2022 en el Museo Weserburg de Bremen y 2024 en el Centro Bot\u00edn de Santander. En 2009, represent\u00f3 a Suiza en la 53\u00aa Bienal de Venecia. La exposici\u00f3n en el Kunst Museum Winterthur titulada \"dass eins zum andern wurde. \u00bfCu\u00e1l es cu\u00e1l?\" se basa en una cita de la poetisa estadounidense Elizabeth Bishop, y el libro ilustrado dise\u00f1ado por Silvia B\u00e4chli ofrece una visi\u00f3n general de esta polifac\u00e9tica obra art\u00edstica, la primera vez que se presenta en Suiza una serie de esculturas de peque\u00f1o formato. \"Mi obra es una aproximaci\u00f3n a algo que no conozco exactamente y que s\u00f3lo descubro haciendo\", afirma.<\/p>\n<p>Exposiciones:<br \/>\nMuseo de Arte de Winterthur, 25\/5 - 18\/8\/2024<br \/>\nCentro Bot\u00cdn, Santander 11\/5 - 20\/10\/2024<\/p>","protected":false},"excerpt":{"rendered":"<p>Cat\u00e1logo de la exposici\u00f3n, Kunst Museum Winterthur, editado por Konrad Bitterli<br \/>\nTexto (alem\u00e1n\/ingl\u00e9s) de Konrad Bitterli y con un poema de Elizabeth Bishop<br \/>\nFormato 32 x 24 cm, bloque cosido con hilo y sobrecubierta suelta<\/p>","protected":false},"featured_media":4887,"template":"","meta":[],"product_brand":[],"product_cat":[88,59],"product_tag":[],"class_list":{"0":"post-3472","1":"product","2":"type-product","3":"status-publish","4":"has-post-thumbnail","6":"product_cat-88","7":"product_cat-b","9":"first","10":"instock","11":"taxable","12":"shipping-taxable","13":"purchasable","14":"product-type-simple"},"aioseo_notices":[],"_wp_attached_file":null,"_wp_attachment_metadata":null,"_wc_attachment_source":null,"_elementor_inline_svg":null,"_elementor_is_screenshot":null,"_elementor_source_image_hash":null,"_source_url":null,"_wp_attachment_context":null,"_menu_item_type":null,"_menu_item_menu_item_parent":null,"_menu_item_object_id":null,"_menu_item_object":null,"_menu_item_target":null,"_menu_item_classes":null,"_menu_item_xfn":null,"_menu_item_url":null,"__elementor_forms_snapshot":null,"_unit":"","_unit_base":"","_unit_product":"","_unit_price_auto":"no","_unit_price_regular":"","_unit_price":"","_unit_price_sale":"","_sale_price_label":"","_sale_price_regular_label":"","_manufacturer_slug":"","_mini_desc":"","_defect_description":"","_safety_instructions":"","_allergen_ids":[],"_warranty_attachment_id":"","_safety_attachment_ids":[],"_min_age":"","_ts_gtin":"","_ts_mpn":"","_delivery_time_countries":[],"_free_shipping":"no","_service":"no","_photovoltaic_system":"no","_used_good":"no","_defective_copy":"no","_wireless_electronic_device":"no","_device_contains_power_supply":"no","_device_charging_supports_usb_pd":"no","_device_charging_watt_min":"0","_device_charging_watt_max":"0","_is_food":"no","_differential_taxation":"no","_gzd_version":"3.18.7","_hs_code":"","_customs_description":"","_manufacture_country":"0","_is_non_returnable":"no","_shipping_length":"","_shipping_width":"","_shipping_height":"","_sku":"ISBN 978-3-86442-436-6","_global_unique_id":"978-3-86442-436-6","_regular_price":"29.8","total_sales":"1","_tax_status":"taxable","_tax_class":"","_manage_stock":"no","_backorders":"no","_sold_individually":"no","_weight":"1","_virtual":"no","_downloadable":"no","_download_limit":"-1","_download_expiry":"-1","_stock":"","_stock_status":"instock","_wc_average_rating":"0","_wc_review_count":"0","_product_version":"9.7.1","_price":"29.8","shopengine_product_views_count":"3158","_thumbnail_id":"4887","_product_attributes":{"erscheinungsdatum":{"name":"Fecha de publicaci\u00f3n","value":"13.05.2024","position":0,"is_visible":1,"is_variation":0,"is_taxonomy":0,"checkout_visible":0}},"_nutrient_ids":[],"_upsell_ids":null,"pswc_subtitle":null,"_default_delivery_time":null,"_wp_desired_post_slug":null,"_isbn":null,"pageType":null,"isExternalUrl":null,"pageId":null,"externalUrl":null,"hideCookieBanner":null,"isTargetBlank":null,"isProviderCurrentWebsite":null,"isEmbeddingOnlyExternalResources":null,"legalBasis":null,"dataProcessingInCountries":null,"dataProcessingInCountriesSpecialTreatments":null,"technicalDefinitions":null,"googleConsentModeConsentTypes":null,"executePriority":null,"executeCodeOptInWhenNoTagManagerConsentIsGiven":null,"executeCodeOptOutWhenNoTagManagerConsentIsGiven":null,"deleteTechnicalDefinitionsAfterOptOut":null,"presetId":null,"presetVersion":null,"provider":null,"providerContactPhone":null,"providerContactEmail":null,"providerContactLink":null,"uniqueName":null,"providerPrivacyPolicyUrl":null,"providerLegalNoticeUrl":null,"codeOptIn":null,"codeOptOut":null,"codeOnPageLoad":null,"language_code":null,"shopengine_template__post_meta__type":null,"shopengine_template__post_meta":null,"shopengine_template__post_meta__edit_with":null,"origin":null,"_enabled":null,"_filters":null,"_layout":null,"_elementor_import_session_id":null,"_wp_trash_meta_status":null,"_wp_trash_meta_time":null,"_edit_lock":"1743602765:2","_elementor_floating_elements_type":null,"_elementor_edit_mode":null,"_elementor_template_type":null,"tc-thumb-fld":{"_thumb_id":4887,"_thumb_type":"thumb"},"_wp_page_template":"default","_elementor_version":null,"_elementor_pro_version":null,"_elementor_page_settings":null,"_elementor_data":null,"_elementor_conditions":null,"_elementor_popup_display_settings":null,"_edit_last":"2","_elementor_template_sub_type":null,"_elementor_controls_usage":null,"_elementor_screenshot":null,"_elementor_css":null,"_elementor_page_assets":[],"_elementor_element_cache":null,"_elementor_screenshot_failed":null,"_elementor_source":null,"_wp_old_date":null,"layout_key":"","post_slider_check_key":"0","_links":{"self":[{"href":"https:\/\/snoeck.de\/es\/wp-json\/wp\/v2\/product\/3472","targetHints":{"allow":["GET"]}}],"collection":[{"href":"https:\/\/snoeck.de\/es\/wp-json\/wp\/v2\/product"}],"about":[{"href":"https:\/\/snoeck.de\/es\/wp-json\/wp\/v2\/types\/product"}],"wp:featuredmedia":[{"embeddable":true,"href":"https:\/\/snoeck.de\/es\/wp-json\/wp\/v2\/media\/4887"}],"wp:attachment":[{"href":"https:\/\/snoeck.de\/es\/wp-json\/wp\/v2\/media?parent=3472"}],"wp:term":[{"taxonomy":"product_brand","embeddable":true,"href":"https:\/\/snoeck.de\/es\/wp-json\/wp\/v2\/product_brand?post=3472"},{"taxonomy":"product_cat","embeddable":true,"href":"https:\/\/snoeck.de\/es\/wp-json\/wp\/v2\/product_cat?post=3472"},{"taxonomy":"product_tag","embeddable":true,"href":"https:\/\/snoeck.de\/es\/wp-json\/wp\/v2\/product_tag?post=3472"}],"curies":[{"name":"wp","href":"https:\/\/api.w.org\/{rel}","templated":true}]}}