{"id":3473,"date":"2025-01-31T11:29:27","date_gmt":"2025-01-31T11:29:27","guid":{"rendered":"https:\/\/snoeck.process-vision.de\/shop\/stephan-balkenhol\/"},"modified":"2026-04-08T15:33:42","modified_gmt":"2026-04-08T14:33:42","slug":"stephan-balkenhol","status":"publish","type":"product","link":"https:\/\/snoeck.de\/es\/shop\/stephan-balkenhol\/","title":{"rendered":"Stephan Balkenhol"},"content":{"rendered":"<h3>Stephan Balkenhol: Escultor<\/h3>\n<p>Nacido en 1957, es uno de los escultores alemanes pioneros que tambi\u00e9n han dado un importante impulso internacional en las dos \u00faltimas d\u00e9cadas. La Staatliche Kunsthalle Baden-Baden dedica una amplia exposici\u00f3n a la obra del escultor, profesor de la Academia de Arte de Karlsruhe desde 1992. La obra de Balkenhol se caracteriza por un trabajo artesanal y por la diversidad de sus referencias intelectuales e hist\u00f3rico-culturales. Balkenhol elige la forma humana, la cabeza, los animales y la arquitectura como motivos de sus esculturas, relieves, dibujos y fotograf\u00edas. En algunos aspectos, el enfoque art\u00edstico de Balkenhol es una respuesta a las estrategias minimalistas de Ullrich R\u00fcckriem, que fue su profesor en la Hochschule f\u00fcr bildende K\u00fcnste de Hamburgo de 1976 a 1982. Desde principios de la d\u00e9cada de 1980, Stephan Balkenhol explora lo que se puede mostrar, sentir y ver hoy a trav\u00e9s de la escultura estatuaria en un examen actualizador de la tradici\u00f3n de la escultura cl\u00e1sica. La figura humana es el centro de la obra de Stephan Balkenhol. Esculpe sus figuras a partir de un tronco de \u00e1rbol con un cincel; las marcas de las herramientas, los nudos y las grietas permanecen visibles. Utiliza el color para estructurar la escultura. Las figuras parecen personales y an\u00f3nimas al mismo tiempo. Los gestos, la postura y la expresi\u00f3n facial sugieren tanto distancia interior como una actitud atentamente abierta hacia el espectador. Las figuras de Balkenhol no son \"narradores\" expresivos. M\u00e1s bien parece buscar un concentrado de fisonom\u00eda y apariencia humanas. As\u00ed, sus figuras aparecen sin pretensiones, discretas y, al mismo tiempo, destemporalizadas: \"No quiero figuras parlanchinas, expresivas. Por eso busco la expresi\u00f3n abierta, a partir de la cual todos los estados son posibles\". La apertura de sus figuras, la renuncia a la gestualidad y a un contexto narrativo, es una contraposici\u00f3n a la figuraci\u00f3n deliberadamente presente o ilustrativa, que tematiza un aspecto individual, pero restringe as\u00ed, en una especie de instant\u00e1nea, toda diversidad de interpretaci\u00f3n. Adem\u00e1s de las esculturas y relieves dedicados a la figura humana, el animal, los motivos m\u00edticos y la arquitectura, las numerosas facetas, a menudo menos conocidas, de su obra escult\u00f3rica se ilustran en este exhaustivo libro junto con grandes dibujos y obras fotogr\u00e1ficas.<\/p>\n<p>Exposiciones:<br \/>\nKunsthalle Baden-Baden, 15\/07 - 17\/09\/06<br \/>\nMuseo K\u00fcppersm\u00fchle de arte moderno, Duisburgo, 28\/09 - 03\/12\/06<br \/>\nMuseo de Arte Moderno de Salzburgo, M\u00f6nchsberg, 17\/02 - 24\/06\/07<\/p>","protected":false},"excerpt":{"rendered":"<p>Cat\u00e1logo de la exposici\u00f3n, Kunsthalle Baden-Baden, editado por Matthias Winzen<br \/>\nTextos (alem\u00e1n\/ingl\u00e9s) de Matthias Winzen, Harriet Zilch<br \/>\n304 p. con 400 ilustraciones en color<br \/>\nFormato 29 x 23 cm, tapa dura<\/p>","protected":false},"featured_media":4888,"template":"","meta":[],"product_brand":[],"product_cat":[95],"product_tag":[],"class_list":{"0":"post-3473","1":"product","2":"type-product","3":"status-publish","4":"has-post-thumbnail","6":"product_cat-vergriffen","8":"first","9":"outofstock","10":"taxable","11":"shipping-taxable","12":"product-type-simple"},"aioseo_notices":[],"_wp_attached_file":null,"_wp_attachment_metadata":null,"_wc_attachment_source":null,"_elementor_inline_svg":null,"_elementor_is_screenshot":null,"_elementor_source_image_hash":null,"_source_url":null,"_wp_attachment_context":null,"_menu_item_type":null,"_menu_item_menu_item_parent":null,"_menu_item_object_id":null,"_menu_item_object":null,"_menu_item_target":null,"_menu_item_classes":null,"_menu_item_xfn":null,"_menu_item_url":null,"__elementor_forms_snapshot":null,"_unit":"","_unit_base":"","_unit_product":"","_unit_price_auto":"no","_unit_price_regular":"","_unit_price":"","_unit_price_sale":"","_sale_price_label":"","_sale_price_regular_label":"","_manufacturer_slug":"","_mini_desc":"","_defect_description":"","_safety_instructions":"","_allergen_ids":[],"_warranty_attachment_id":"","_safety_attachment_ids":[],"_min_age":"","_ts_gtin":"","_ts_mpn":"","_delivery_time_countries":[],"_free_shipping":"no","_service":"no","_photovoltaic_system":"no","_used_good":"no","_defective_copy":"no","_wireless_electronic_device":"no","_device_contains_power_supply":"no","_device_charging_supports_usb_pd":"no","_device_charging_watt_min":"0","_device_charging_watt_max":"0","_is_food":"no","_differential_taxation":"no","_gzd_version":"3.18.7","_hs_code":"","_customs_description":"","_manufacture_country":"0","_is_non_returnable":"no","_shipping_length":"","_shipping_width":"","_shipping_height":"","_sku":"ISBN 978-3-936859-46-1","_global_unique_id":"978-3-936859-46-1","_regular_price":null,"total_sales":"0","_tax_status":"taxable","_tax_class":"","_manage_stock":"no","_backorders":"no","_sold_individually":"no","_weight":"2","_virtual":"no","_downloadable":"no","_download_limit":"-1","_download_expiry":"-1","_stock":"","_stock_status":"outofstock","_wc_average_rating":"0","_wc_review_count":"0","_product_version":"10.1.4","_price":"","shopengine_product_views_count":"2886","_thumbnail_id":"4888","_product_attributes":{"erscheinungsdatum":{"name":"Fecha de publicaci\u00f3n","value":"15.07.2006","position":0,"is_visible":1,"is_variation":0,"is_taxonomy":0,"checkout_visible":0}},"_nutrient_ids":[],"_upsell_ids":null,"pswc_subtitle":null,"_default_delivery_time":"","_wp_desired_post_slug":null,"_isbn":null,"pageType":null,"isExternalUrl":null,"pageId":null,"externalUrl":null,"hideCookieBanner":null,"isTargetBlank":null,"isProviderCurrentWebsite":null,"isEmbeddingOnlyExternalResources":null,"legalBasis":null,"dataProcessingInCountries":null,"dataProcessingInCountriesSpecialTreatments":null,"technicalDefinitions":null,"googleConsentModeConsentTypes":null,"executePriority":null,"executeCodeOptInWhenNoTagManagerConsentIsGiven":null,"executeCodeOptOutWhenNoTagManagerConsentIsGiven":null,"deleteTechnicalDefinitionsAfterOptOut":null,"presetId":null,"presetVersion":null,"provider":null,"providerContactPhone":null,"providerContactEmail":null,"providerContactLink":null,"uniqueName":null,"providerPrivacyPolicyUrl":null,"providerLegalNoticeUrl":null,"codeOptIn":null,"codeOptOut":null,"codeOnPageLoad":null,"language_code":null,"shopengine_template__post_meta__type":null,"shopengine_template__post_meta":null,"shopengine_template__post_meta__edit_with":null,"origin":null,"_enabled":null,"_filters":null,"_layout":null,"_elementor_import_session_id":null,"_wp_trash_meta_status":null,"_wp_trash_meta_time":null,"_edit_lock":"1743602684:2","_elementor_floating_elements_type":null,"_elementor_edit_mode":null,"_elementor_template_type":null,"tc-thumb-fld":{"_thumb_id":4888,"_thumb_type":"thumb"},"_wp_page_template":"default","_elementor_version":null,"_elementor_pro_version":null,"_elementor_page_settings":null,"_elementor_data":null,"_elementor_conditions":null,"_elementor_popup_display_settings":null,"_edit_last":"2","_elementor_template_sub_type":null,"_elementor_controls_usage":null,"_elementor_screenshot":null,"_elementor_css":null,"_elementor_page_assets":[],"_elementor_element_cache":null,"_elementor_screenshot_failed":null,"_elementor_source":null,"_wp_old_date":null,"layout_key":"","post_slider_check_key":"0","_links":{"self":[{"href":"https:\/\/snoeck.de\/es\/wp-json\/wp\/v2\/product\/3473","targetHints":{"allow":["GET"]}}],"collection":[{"href":"https:\/\/snoeck.de\/es\/wp-json\/wp\/v2\/product"}],"about":[{"href":"https:\/\/snoeck.de\/es\/wp-json\/wp\/v2\/types\/product"}],"wp:featuredmedia":[{"embeddable":true,"href":"https:\/\/snoeck.de\/es\/wp-json\/wp\/v2\/media\/4888"}],"wp:attachment":[{"href":"https:\/\/snoeck.de\/es\/wp-json\/wp\/v2\/media?parent=3473"}],"wp:term":[{"taxonomy":"product_brand","embeddable":true,"href":"https:\/\/snoeck.de\/es\/wp-json\/wp\/v2\/product_brand?post=3473"},{"taxonomy":"product_cat","embeddable":true,"href":"https:\/\/snoeck.de\/es\/wp-json\/wp\/v2\/product_cat?post=3473"},{"taxonomy":"product_tag","embeddable":true,"href":"https:\/\/snoeck.de\/es\/wp-json\/wp\/v2\/product_tag?post=3473"}],"curies":[{"name":"wp","href":"https:\/\/api.w.org\/{rel}","templated":true}]}}