{"id":3475,"date":"2025-01-31T11:29:28","date_gmt":"2025-01-31T11:29:28","guid":{"rendered":"https:\/\/snoeck.process-vision.de\/shop\/georg-baselitz-akademie-rousseau\/"},"modified":"2025-04-02T13:59:47","modified_gmt":"2025-04-02T13:59:47","slug":"georg-baselitz-akademie-rousseau","status":"publish","type":"product","link":"https:\/\/snoeck.de\/es\/shop\/georg-baselitz-akademie-rousseau\/","title":{"rendered":"Georg Baselitz: Academia Rousseau"},"content":{"rendered":"<h3>Academia Rousseau de Georg Baselitz<\/h3>\n<p>\"En la Sala Picasso del Museo de Arte de Basilea cuelga un cuadro especial, un retrato de cuerpo entero de Guillaume Apollinaire con su musa Marie Laurencin. Henri Rousseau pint\u00f3 este maravilloso cuadro. Sin embargo, yo siempre lo record\u00e9 como un retrato del propio Rousseau con Madame Rousseau. Marie Laurencin era la musa de Apollinaire, Cl\u00e9mence Rousseau era la musa de Rousseau. A su vez, Franz Marc pint\u00f3 un retrato de Rousseau para el Jinete Azul. Y Picasso tambi\u00e9n ten\u00eda un autorretrato de Henri. Existe una foto \u00edntima, tomada por Andr\u00e9 Gom\u00e9s, en la que se ve a Picasso sosteniendo el autorretrato de Rousseau en la mano derecha y el retrato de su esposa en la izquierda. Picasso, el dise\u00f1ador de objetos novedosos e im\u00e1genes atrevidas, amaba a Rousseau, el pintor de las cosas en gracia congelada. La mirada del pintor en su autorretrato tambi\u00e9n est\u00e1 congelada. Se dirige a su propia obra, en la que los objetos que tambi\u00e9n reconocemos pueden verse de un modo desconocido, g\u00f3tico, bizantino, de alg\u00fan modo diferente a lo que hemos conocido antes. No s\u00f3lo el egipcio Picasso, sino tambi\u00e9n otros constructores de cuadros, por ejemplo Kandinsky, ten\u00eda cuadros de Rousseau; Wassily el peque\u00f1o cuadro El pintor y su mujer. De Chirico dibuja a Picasso con amigos bajo el autorretrato de Rousseau con una paleta. \u00bfNo pint\u00f3 Beckmann el globo y la avenida de Rousseau? Tengo la litograf\u00eda roja La guerra de Rousseau, hacia 1895, que tambi\u00e9n existe de Ensor, de Uccello, algo parecido de B\u00f6cklin y tambi\u00e9n de Stefano della Bella. En los \u00faltimos a\u00f1os he pintado muchos retratos de mi mujer y m\u00edos, incluidos muchos de estos retratos de los dos disfrazados de otras personas, a veces como mis padres, a veces como Lenin y Stalin, pero sobre todo como los padres de Otto Dix. Este retrato doble de los padres de Dix es tambi\u00e9n una imagen del Museo de Basilea, con una variaci\u00f3n en Hannover. Se supon\u00eda que era otro retrato doble de Elke y yo, transformados en Marie Laurencin y Apollinaire, por lo que el hermoso marco de este cuadro de Basilea tambi\u00e9n era importante -en mi memoria, no en la cara-. El a\u00f1o pasado compr\u00e9 un mont\u00f3n de viejos marcos italianos e hice retratos de Winfried Dierske, de m\u00ed mismo, de mi mujer y tambi\u00e9n variaciones de los viejos cuadros de Rayski de 1960. Hasta aqu\u00ed todo bien. Al final, no puse estos retratos en los viejos marcos, pero el retrato doble de Rousseau en Basilea en el viejo marco pintado segu\u00eda rondando mi mente. Todos estos retratos y marcos y el pintor antirrealista Rousseau me daban vueltas en la cabeza. Finalmente, en Italia, nos pint\u00e9 a Elke y a m\u00ed desnudos y nos puse los rostros de Madame Rousseau y Henri. Se convirti\u00f3 en una construcci\u00f3n en el sentido de una plancha y un caballo de carreras, que no era lo que yo quer\u00eda. As\u00ed que me deshice de \u00e9l y empec\u00e9 de nuevo, desde cero, sin est\u00edmulos, con sobriedad, sencillez, modestia, pero con obstinaci\u00f3n, con el maravilloso autorretrato de Rousseau, 1902-1903, con la barba de sierra bajo la nariz, el autorretrato que ten\u00eda Picasso. Sali\u00f3 bien, result\u00f3 bien, y el romanticismo hab\u00eda ganado. Despu\u00e9s dej\u00e9 brevemente el camino y pint\u00e9 Madame Rousseau, pero no era el autorretrato de un artista, sino el retrato de su musa. Hay un libro en mi biblioteca, F\u00fcnfhundert Selbstportraits von der Antike bis zur Gegenwart, 1936, de Ludwig Goldscheider. Lo he hojeado, pero he encontrado pocas cosas \u00fatiles. Una rese\u00f1a del Saarbr\u00fccker Zeitung dec\u00eda de este libro: \"Un libro ilustrado para gente adulta, en el mejor sentido de la palabra, un libro para ojos cansados que ya no quieren leer, s\u00f3lo mirar\". Y por \u00faltimo: \"Un recordatorio de modestia y humildad\". As\u00ed es, as\u00ed fue. \u00bfD\u00f3nde estaba mi cabeza, mi amor? \u00bfQu\u00e9 artistas, qu\u00e9 autorretratos? \u00bfHab\u00eda siquiera un autorretrato de Pollock, por ejemplo? Hay un peque\u00f1o retrato de un ni\u00f1o mexicano, colgado hace poco en una exposici\u00f3n, junto a un autorretrato muy peque\u00f1o de Rothko. As\u00ed empezaron los siguientes meses en el estudio: Rousseau, Madame, Munch, Kirchner, Heckel, Schmidt-Rottluff. Franz Marc pint\u00f3 el retrato de Rousseau, yo pinto a Marc, de Kooning, Tracey Emin, Modersohn-Becker, Clyfford Still, etc. Tambi\u00e9n me encanta el autorretrato de Arnold Sch\u00f6nberg y su m\u00fasica. Por desgracia, Wolfgang Rihm no pinta. Los retratos deben ser como apliques sobre el lienzo, es decir, el fondo negro y lo m\u00e1s plano posible, sin espacio, la cabeza encima, normalmente con mucho color blanco, aplicado de forma bastante espesa como en los \u00faltimos a\u00f1os, pero siempre con Rousseau en mente, sin deslizarse hacia la torpeza, ni hacia la realidad, ni hacia la verdad de Ingres, sino manteni\u00e9ndose en el Romanticismo, incluida la humildad. La risa est\u00e1 permitida\". (Georg Baselitz)<\/p>","protected":false},"excerpt":{"rendered":"<p>Cat\u00e1logo de la exposici\u00f3n, Contemporary Fine Arts CFA Berl\u00edn, editado por Bruno Brunnet y Nicole Hackert<br \/>\nTextos (alem\u00e1n\/ingl\u00e9s) de Georg Baselitz, Siegfried Gohr<br \/>\n64 p. con 44 ilustraciones en color<br \/>\nFormato 28 x 20 cm, folleto<\/p>","protected":false},"featured_media":4890,"template":"","meta":[],"product_brand":[],"product_cat":[84,59],"product_tag":[],"class_list":{"0":"post-3475","1":"product","2":"type-product","3":"status-publish","4":"has-post-thumbnail","6":"product_cat-84","7":"product_cat-b","9":"first","10":"instock","11":"taxable","12":"shipping-taxable","13":"purchasable","14":"product-type-simple"},"aioseo_notices":[],"_wp_attached_file":null,"_wp_attachment_metadata":null,"_wc_attachment_source":null,"_elementor_inline_svg":null,"_elementor_is_screenshot":null,"_elementor_source_image_hash":null,"_source_url":null,"_wp_attachment_context":null,"_menu_item_type":null,"_menu_item_menu_item_parent":null,"_menu_item_object_id":null,"_menu_item_object":null,"_menu_item_target":null,"_menu_item_classes":null,"_menu_item_xfn":null,"_menu_item_url":null,"__elementor_forms_snapshot":null,"_unit":"","_unit_base":"","_unit_product":"","_unit_price_auto":"no","_unit_price_regular":"","_unit_price":"","_unit_price_sale":"","_sale_price_label":"","_sale_price_regular_label":"","_manufacturer_slug":"","_mini_desc":"","_defect_description":"","_safety_instructions":"","_allergen_ids":[],"_warranty_attachment_id":"","_safety_attachment_ids":[],"_min_age":"","_ts_gtin":"","_ts_mpn":"","_delivery_time_countries":[],"_free_shipping":"no","_service":"no","_photovoltaic_system":"no","_used_good":"no","_defective_copy":"no","_wireless_electronic_device":"no","_device_contains_power_supply":"no","_device_charging_supports_usb_pd":"no","_device_charging_watt_min":"0","_device_charging_watt_max":"0","_is_food":"no","_differential_taxation":"no","_gzd_version":"3.18.7","_hs_code":"","_customs_description":"","_manufacture_country":"0","_is_non_returnable":"no","_shipping_length":"","_shipping_width":"","_shipping_height":"","_sku":"ISBN 978-3-86442-316-1","_global_unique_id":"978-3-86442-316-1","_regular_price":"24.8","total_sales":"0","_tax_status":"taxable","_tax_class":"","_manage_stock":"no","_backorders":"no","_sold_individually":"no","_weight":"1","_virtual":"no","_downloadable":"no","_download_limit":"-1","_download_expiry":"-1","_stock":"","_stock_status":"instock","_wc_average_rating":"0","_wc_review_count":"0","_product_version":"9.7.1","_price":"24.8","shopengine_product_views_count":"3380","_thumbnail_id":"4890","_product_attributes":{"erscheinungsdatum":{"name":"Fecha de publicaci\u00f3n","value":"13.03.2020","position":0,"is_visible":1,"is_variation":0,"is_taxonomy":0,"checkout_visible":0}},"_nutrient_ids":[],"_upsell_ids":null,"pswc_subtitle":null,"_default_delivery_time":null,"_wp_desired_post_slug":null,"_isbn":null,"pageType":null,"isExternalUrl":null,"pageId":null,"externalUrl":null,"hideCookieBanner":null,"isTargetBlank":null,"isProviderCurrentWebsite":null,"isEmbeddingOnlyExternalResources":null,"legalBasis":null,"dataProcessingInCountries":null,"dataProcessingInCountriesSpecialTreatments":null,"technicalDefinitions":null,"googleConsentModeConsentTypes":null,"executePriority":null,"executeCodeOptInWhenNoTagManagerConsentIsGiven":null,"executeCodeOptOutWhenNoTagManagerConsentIsGiven":null,"deleteTechnicalDefinitionsAfterOptOut":null,"presetId":null,"presetVersion":null,"provider":null,"providerContactPhone":null,"providerContactEmail":null,"providerContactLink":null,"uniqueName":null,"providerPrivacyPolicyUrl":null,"providerLegalNoticeUrl":null,"codeOptIn":null,"codeOptOut":null,"codeOnPageLoad":null,"language_code":null,"shopengine_template__post_meta__type":null,"shopengine_template__post_meta":null,"shopengine_template__post_meta__edit_with":null,"origin":null,"_enabled":null,"_filters":null,"_layout":null,"_elementor_import_session_id":null,"_wp_trash_meta_status":null,"_wp_trash_meta_time":null,"_edit_lock":"1743602248:2","_elementor_floating_elements_type":null,"_elementor_edit_mode":null,"_elementor_template_type":null,"tc-thumb-fld":{"_thumb_id":4890,"_thumb_type":"thumb"},"_wp_page_template":"default","_elementor_version":null,"_elementor_pro_version":null,"_elementor_page_settings":null,"_elementor_data":null,"_elementor_conditions":null,"_elementor_popup_display_settings":null,"_edit_last":"2","_elementor_template_sub_type":null,"_elementor_controls_usage":null,"_elementor_screenshot":null,"_elementor_css":null,"_elementor_page_assets":[],"_elementor_element_cache":null,"_elementor_screenshot_failed":null,"_elementor_source":null,"_wp_old_date":null,"layout_key":"","post_slider_check_key":"0","_links":{"self":[{"href":"https:\/\/snoeck.de\/es\/wp-json\/wp\/v2\/product\/3475","targetHints":{"allow":["GET"]}}],"collection":[{"href":"https:\/\/snoeck.de\/es\/wp-json\/wp\/v2\/product"}],"about":[{"href":"https:\/\/snoeck.de\/es\/wp-json\/wp\/v2\/types\/product"}],"wp:featuredmedia":[{"embeddable":true,"href":"https:\/\/snoeck.de\/es\/wp-json\/wp\/v2\/media\/4890"}],"wp:attachment":[{"href":"https:\/\/snoeck.de\/es\/wp-json\/wp\/v2\/media?parent=3475"}],"wp:term":[{"taxonomy":"product_brand","embeddable":true,"href":"https:\/\/snoeck.de\/es\/wp-json\/wp\/v2\/product_brand?post=3475"},{"taxonomy":"product_cat","embeddable":true,"href":"https:\/\/snoeck.de\/es\/wp-json\/wp\/v2\/product_cat?post=3475"},{"taxonomy":"product_tag","embeddable":true,"href":"https:\/\/snoeck.de\/es\/wp-json\/wp\/v2\/product_tag?post=3475"}],"curies":[{"name":"wp","href":"https:\/\/api.w.org\/{rel}","templated":true}]}}