{"id":3476,"date":"2025-01-31T11:29:28","date_gmt":"2025-01-31T11:29:28","guid":{"rendered":"https:\/\/snoeck.process-vision.de\/shop\/georg-baselitz-peintre-graveur-iii\/"},"modified":"2025-04-02T13:56:41","modified_gmt":"2025-04-02T13:56:41","slug":"georg-baselitz-peintre-graveur-iii","status":"publish","type":"product","link":"https:\/\/snoeck.de\/es\/shop\/georg-baselitz-peintre-graveur-iii\/","title":{"rendered":"Georg Baselitz: Pintor - Grabador III"},"content":{"rendered":"<h3>Virtuosismo en la primera fila del arte moderno de posguerra<\/h3>\n<p>El inter\u00e9s de Georg Baselitz por el grabado se remonta a los inicios de su carrera art\u00edstica. Como becario de la Villa Romana de Florencia, empez\u00f3 a coleccionar al manierista italiano Parmigianino en 1965. En una entrevista declar\u00f3: \"Me gustaba el grabado por dos razones: En primer lugar, es la forma fija m\u00e1s sencilla de reproducir una idea art\u00edstica. En segundo lugar, tambi\u00e9n estaba hecho para el bolsillo peque\u00f1o, para la gente peque\u00f1a\". Sus primeros aguafuertes datan de 1963\/64, las primeras xilograf\u00edas de 1966 y los linograbados de 1977, obras que han sido publicadas por Fred Jahn y Johannes Gachnang en un cat\u00e1logo razonado en dos vol\u00famenes, principalmente en blanco y negro (Vol. I: 1963-1974; Vol. II: 1974-1982). La obra de Johannes Gachnanung y Fred Jahn ha sido retomada ahora por Rainer Michael Mason y Detlev Gretenkort y continuada durante el periodo comprendido entre noviembre de 1982 y julio de 1989. Al igual que en sus pinturas y esculturas, sus grabados tambi\u00e9n tratan temas como h\u00e9roes, pastores, \u00e1guilas, \u00e1rboles y mucho m\u00e1s. Este volumen re\u00fane los n\u00fameros de obra de los a\u00f1os 1983-1989, ilustrados a todo color y con una brillantez t\u00e9cnica \u00fanica. No cabe duda de que la obra de grabados de Georg Baselitz se sit\u00faa independientemente al lado de sus pinturas y esculturas. El artista no s\u00f3lo ha impregnado el medio durante d\u00e9cadas en la diversidad de sus diversos enfoques y soluciones t\u00e9cnicas, sino que tambi\u00e9n lo ha situado a la vanguardia del arte moderno de posguerra gracias a su virtuosismo sin igual. El tercer volumen del cat\u00e1logo razonado de los grabados de Georg Baselitz ya est\u00e1 disponible aqu\u00ed.<\/p>","protected":false},"excerpt":{"rendered":"<p>Editado por Rainer Michael Mason y Detlev Gretenkort<br \/>\nTextos (alem\u00e1n\/ingl\u00e9s\/franc\u00e9s) de Rainer Michael Mason<br \/>\n368 p. con 300 ilustraciones en color<br \/>\nFormato 34 x 24,5 cm, lino con sobrecubierta<\/p>","protected":false},"featured_media":4891,"template":"","meta":[],"product_brand":[],"product_cat":[110,59],"product_tag":[],"class_list":{"0":"post-3476","1":"product","2":"type-product","3":"status-publish","4":"has-post-thumbnail","6":"product_cat-110","7":"product_cat-b","9":"first","10":"instock","11":"taxable","12":"shipping-taxable","13":"purchasable","14":"product-type-simple"},"aioseo_notices":[],"_wp_attached_file":null,"_wp_attachment_metadata":null,"_wc_attachment_source":null,"_elementor_inline_svg":null,"_elementor_is_screenshot":null,"_elementor_source_image_hash":null,"_source_url":null,"_wp_attachment_context":null,"_menu_item_type":null,"_menu_item_menu_item_parent":null,"_menu_item_object_id":null,"_menu_item_object":null,"_menu_item_target":null,"_menu_item_classes":null,"_menu_item_xfn":null,"_menu_item_url":null,"__elementor_forms_snapshot":null,"_unit":"","_unit_base":"","_unit_product":"","_unit_price_auto":"no","_unit_price_regular":"","_unit_price":"","_unit_price_sale":"","_sale_price_label":"","_sale_price_regular_label":"","_manufacturer_slug":"","_mini_desc":"","_defect_description":"","_safety_instructions":"","_allergen_ids":[],"_warranty_attachment_id":"","_safety_attachment_ids":[],"_min_age":"","_ts_gtin":"","_ts_mpn":"","_delivery_time_countries":[],"_free_shipping":"no","_service":"no","_photovoltaic_system":"no","_used_good":"no","_defective_copy":"no","_wireless_electronic_device":"no","_device_contains_power_supply":"no","_device_charging_supports_usb_pd":"no","_device_charging_watt_min":"0","_device_charging_watt_max":"0","_is_food":"no","_differential_taxation":"no","_gzd_version":"3.18.7","_hs_code":"","_customs_description":"","_manufacture_country":"0","_is_non_returnable":"no","_shipping_length":"","_shipping_width":"","_shipping_height":"","_sku":"ISBN 978-3-86442-185-3","_global_unique_id":"978-3-86442-185-3","_regular_price":"148","total_sales":"0","_tax_status":"taxable","_tax_class":"","_manage_stock":"no","_backorders":"no","_sold_individually":"no","_weight":"3","_virtual":"no","_downloadable":"no","_download_limit":"-1","_download_expiry":"-1","_stock":"","_stock_status":"instock","_wc_average_rating":"0","_wc_review_count":"0","_product_version":"9.7.1","_price":"148","shopengine_product_views_count":"2826","_thumbnail_id":"4891","_product_attributes":{"erscheinungsdatum":{"name":"Fecha de publicaci\u00f3n","value":"18.04.2019","position":0,"is_visible":1,"is_variation":0,"is_taxonomy":0,"checkout_visible":0}},"_nutrient_ids":[],"_upsell_ids":null,"pswc_subtitle":null,"_default_delivery_time":null,"_wp_desired_post_slug":null,"_isbn":null,"pageType":null,"isExternalUrl":null,"pageId":null,"externalUrl":null,"hideCookieBanner":null,"isTargetBlank":null,"isProviderCurrentWebsite":null,"isEmbeddingOnlyExternalResources":null,"legalBasis":null,"dataProcessingInCountries":null,"dataProcessingInCountriesSpecialTreatments":null,"technicalDefinitions":null,"googleConsentModeConsentTypes":null,"executePriority":null,"executeCodeOptInWhenNoTagManagerConsentIsGiven":null,"executeCodeOptOutWhenNoTagManagerConsentIsGiven":null,"deleteTechnicalDefinitionsAfterOptOut":null,"presetId":null,"presetVersion":null,"provider":null,"providerContactPhone":null,"providerContactEmail":null,"providerContactLink":null,"uniqueName":null,"providerPrivacyPolicyUrl":null,"providerLegalNoticeUrl":null,"codeOptIn":null,"codeOptOut":null,"codeOnPageLoad":null,"language_code":null,"shopengine_template__post_meta__type":null,"shopengine_template__post_meta":null,"shopengine_template__post_meta__edit_with":null,"origin":null,"_enabled":null,"_filters":null,"_layout":null,"_elementor_import_session_id":null,"_wp_trash_meta_status":null,"_wp_trash_meta_time":null,"_edit_lock":"1743602070:2","_elementor_floating_elements_type":null,"_elementor_edit_mode":null,"_elementor_template_type":null,"tc-thumb-fld":{"_thumb_id":4891,"_thumb_type":"thumb"},"_wp_page_template":"default","_elementor_version":null,"_elementor_pro_version":null,"_elementor_page_settings":null,"_elementor_data":null,"_elementor_conditions":null,"_elementor_popup_display_settings":null,"_edit_last":"2","_elementor_template_sub_type":null,"_elementor_controls_usage":null,"_elementor_screenshot":null,"_elementor_css":null,"_elementor_page_assets":[],"_elementor_element_cache":null,"_elementor_screenshot_failed":null,"_elementor_source":null,"_wp_old_date":null,"layout_key":"","post_slider_check_key":"0","_links":{"self":[{"href":"https:\/\/snoeck.de\/es\/wp-json\/wp\/v2\/product\/3476","targetHints":{"allow":["GET"]}}],"collection":[{"href":"https:\/\/snoeck.de\/es\/wp-json\/wp\/v2\/product"}],"about":[{"href":"https:\/\/snoeck.de\/es\/wp-json\/wp\/v2\/types\/product"}],"wp:featuredmedia":[{"embeddable":true,"href":"https:\/\/snoeck.de\/es\/wp-json\/wp\/v2\/media\/4891"}],"wp:attachment":[{"href":"https:\/\/snoeck.de\/es\/wp-json\/wp\/v2\/media?parent=3476"}],"wp:term":[{"taxonomy":"product_brand","embeddable":true,"href":"https:\/\/snoeck.de\/es\/wp-json\/wp\/v2\/product_brand?post=3476"},{"taxonomy":"product_cat","embeddable":true,"href":"https:\/\/snoeck.de\/es\/wp-json\/wp\/v2\/product_cat?post=3476"},{"taxonomy":"product_tag","embeddable":true,"href":"https:\/\/snoeck.de\/es\/wp-json\/wp\/v2\/product_tag?post=3476"}],"curies":[{"name":"wp","href":"https:\/\/api.w.org\/{rel}","templated":true}]}}