{"id":3478,"date":"2025-01-31T11:29:30","date_gmt":"2025-01-31T11:29:30","guid":{"rendered":"https:\/\/snoeck.process-vision.de\/shop\/georg-baselitz-peintre-graveur-iv\/"},"modified":"2025-04-02T13:46:56","modified_gmt":"2025-04-02T13:46:56","slug":"georg-baselitz-peintre-graveur-iv","status":"publish","type":"product","link":"https:\/\/snoeck.de\/es\/shop\/georg-baselitz-peintre-graveur-iv\/","title":{"rendered":"Georg Baselitz: Pintor - Grabador IV"},"content":{"rendered":"<h3>\"El partisano de la pintura\"<\/h3>\n<p>Cornelius Tittel llam\u00f3 a Georg Baselitz \"el partisano de la pintura\" en una rese\u00f1a (3.11.2021) en Die Welt de la gran retrospectiva en el Centro Pompidou. Para Heiner M\u00fcller (1991), en una conversaci\u00f3n con Alexander Kluge, el partisano era \"en una estructura moderna, es decir, tecnocr\u00e1ticamente definida, algo as\u00ed como un perro en la autopista\". Y en este estatus de outsider, Tittel ve al artista Georg Baselitz convertido en un monolito a lo largo de las d\u00e9cadas, a quien \"la Acad\u00e9mie des Beaux-Arts ha aceptado ahora en sus filas como el \u00fanico alem\u00e1n\". La espada que se le entreg\u00f3 durante la ceremonia pretende simbolizar su inmortalidad. Ya no era necesaria\". Junto con los editores Rainer Michael Mason y Detlev Gretenkort, anunciamos ahora la publicaci\u00f3n del Volumen IV (1989-1992) de la obra gr\u00e1fica; contiene las obras n\u00ba 718-1010. Como ya se dijo cuando se public\u00f3 el Volumen III, no cabe duda de que la obra gr\u00e1fica de Georg Baselitz se sit\u00faa independientemente junto a sus pinturas y esculturas. El artista no s\u00f3lo ha caracterizado el medio durante d\u00e9cadas por la diversidad de sus diversos enfoques y soluciones t\u00e9cnicas, sino que tambi\u00e9n lo ha situado en la vanguardia del arte moderno de posguerra gracias a su virtuosismo sin parang\u00f3n.<\/p>","protected":false},"excerpt":{"rendered":"<p>Editado por Rainer Michael Mason y Detlev Gretenkort<br \/>\nTexto (alem\u00e1n\/ingl\u00e9s) de Rainer Michael Mason<br \/>\n376 p. con 340 ilustraciones en color<br \/>\nFormato 34 x 24,5 cm, lino con sobrecubierta<\/p>","protected":false},"featured_media":4893,"template":"","meta":[],"product_brand":[],"product_cat":[88,59],"product_tag":[],"class_list":{"0":"post-3478","1":"product","2":"type-product","3":"status-publish","4":"has-post-thumbnail","6":"product_cat-88","7":"product_cat-b","9":"first","10":"instock","11":"taxable","12":"shipping-taxable","13":"purchasable","14":"product-type-simple"},"aioseo_notices":[],"_wp_attached_file":null,"_wp_attachment_metadata":null,"_wc_attachment_source":null,"_elementor_inline_svg":null,"_elementor_is_screenshot":null,"_elementor_source_image_hash":null,"_source_url":null,"_wp_attachment_context":null,"_menu_item_type":null,"_menu_item_menu_item_parent":null,"_menu_item_object_id":null,"_menu_item_object":null,"_menu_item_target":null,"_menu_item_classes":null,"_menu_item_xfn":null,"_menu_item_url":null,"__elementor_forms_snapshot":null,"_unit":"","_unit_base":"","_unit_product":"","_unit_price_auto":"no","_unit_price_regular":"","_unit_price":"","_unit_price_sale":"","_sale_price_label":"","_sale_price_regular_label":"","_manufacturer_slug":"","_mini_desc":"","_defect_description":"","_safety_instructions":"","_allergen_ids":[],"_warranty_attachment_id":"","_safety_attachment_ids":[],"_min_age":"","_ts_gtin":"","_ts_mpn":"","_delivery_time_countries":[],"_free_shipping":"no","_service":"no","_photovoltaic_system":"no","_used_good":"no","_defective_copy":"no","_wireless_electronic_device":"no","_device_contains_power_supply":"no","_device_charging_supports_usb_pd":"no","_device_charging_watt_min":"0","_device_charging_watt_max":"0","_is_food":"no","_differential_taxation":"no","_gzd_version":"3.18.7","_hs_code":"","_customs_description":"","_manufacture_country":"0","_is_non_returnable":"no","_shipping_length":"","_shipping_width":"","_shipping_height":"","_sku":"ISBN 978-3-86442-380-2","_global_unique_id":"978-3-86442-380-2","_regular_price":"98","total_sales":"1","_tax_status":"taxable","_tax_class":"","_manage_stock":"no","_backorders":"no","_sold_individually":"no","_weight":"4","_virtual":"no","_downloadable":"no","_download_limit":"-1","_download_expiry":"-1","_stock":"","_stock_status":"instock","_wc_average_rating":"0","_wc_review_count":"0","_product_version":"9.7.1","_price":"98","shopengine_product_views_count":"2859","_thumbnail_id":"4893","_product_attributes":{"erscheinungsdatum":{"name":"Fecha de publicaci\u00f3n","value":"20.04.2024","position":0,"is_visible":1,"is_variation":0,"is_taxonomy":0,"checkout_visible":0}},"_nutrient_ids":[],"_upsell_ids":null,"pswc_subtitle":null,"_default_delivery_time":null,"_wp_desired_post_slug":null,"_isbn":null,"pageType":null,"isExternalUrl":null,"pageId":null,"externalUrl":null,"hideCookieBanner":null,"isTargetBlank":null,"isProviderCurrentWebsite":null,"isEmbeddingOnlyExternalResources":null,"legalBasis":null,"dataProcessingInCountries":null,"dataProcessingInCountriesSpecialTreatments":null,"technicalDefinitions":null,"googleConsentModeConsentTypes":null,"executePriority":null,"executeCodeOptInWhenNoTagManagerConsentIsGiven":null,"executeCodeOptOutWhenNoTagManagerConsentIsGiven":null,"deleteTechnicalDefinitionsAfterOptOut":null,"presetId":null,"presetVersion":null,"provider":null,"providerContactPhone":null,"providerContactEmail":null,"providerContactLink":null,"uniqueName":null,"providerPrivacyPolicyUrl":null,"providerLegalNoticeUrl":null,"codeOptIn":null,"codeOptOut":null,"codeOnPageLoad":null,"language_code":null,"shopengine_template__post_meta__type":null,"shopengine_template__post_meta":null,"shopengine_template__post_meta__edit_with":null,"origin":null,"_enabled":null,"_filters":null,"_layout":null,"_elementor_import_session_id":null,"_wp_trash_meta_status":null,"_wp_trash_meta_time":null,"_edit_lock":"1743601479:2","_elementor_floating_elements_type":null,"_elementor_edit_mode":null,"_elementor_template_type":null,"tc-thumb-fld":{"_thumb_id":4893,"_thumb_type":"thumb"},"_wp_page_template":"default","_elementor_version":null,"_elementor_pro_version":null,"_elementor_page_settings":null,"_elementor_data":null,"_elementor_conditions":null,"_elementor_popup_display_settings":null,"_edit_last":"2","_elementor_template_sub_type":null,"_elementor_controls_usage":null,"_elementor_screenshot":null,"_elementor_css":null,"_elementor_page_assets":[],"_elementor_element_cache":null,"_elementor_screenshot_failed":null,"_elementor_source":null,"_wp_old_date":null,"layout_key":"","post_slider_check_key":"0","_links":{"self":[{"href":"https:\/\/snoeck.de\/es\/wp-json\/wp\/v2\/product\/3478","targetHints":{"allow":["GET"]}}],"collection":[{"href":"https:\/\/snoeck.de\/es\/wp-json\/wp\/v2\/product"}],"about":[{"href":"https:\/\/snoeck.de\/es\/wp-json\/wp\/v2\/types\/product"}],"wp:featuredmedia":[{"embeddable":true,"href":"https:\/\/snoeck.de\/es\/wp-json\/wp\/v2\/media\/4893"}],"wp:attachment":[{"href":"https:\/\/snoeck.de\/es\/wp-json\/wp\/v2\/media?parent=3478"}],"wp:term":[{"taxonomy":"product_brand","embeddable":true,"href":"https:\/\/snoeck.de\/es\/wp-json\/wp\/v2\/product_brand?post=3478"},{"taxonomy":"product_cat","embeddable":true,"href":"https:\/\/snoeck.de\/es\/wp-json\/wp\/v2\/product_cat?post=3478"},{"taxonomy":"product_tag","embeddable":true,"href":"https:\/\/snoeck.de\/es\/wp-json\/wp\/v2\/product_tag?post=3478"}],"curies":[{"name":"wp","href":"https:\/\/api.w.org\/{rel}","templated":true}]}}