{"id":3479,"date":"2025-01-31T11:29:30","date_gmt":"2025-01-31T11:29:30","guid":{"rendered":"https:\/\/snoeck.process-vision.de\/shop\/georg-baselitz-sigmunds-hoehle\/"},"modified":"2025-04-02T13:48:35","modified_gmt":"2025-04-02T13:48:35","slug":"georg-baselitz-sigmunds-hoehle","status":"publish","type":"product","link":"https:\/\/snoeck.de\/es\/shop\/georg-baselitz-sigmunds-hoehle\/","title":{"rendered":"Georg Baselitz: La cueva de Sigmund"},"content":{"rendered":"<h3>Pintando a lo perrito, por as\u00ed decirlo.<\/h3>\n<p>El ensayo de Anselm Wagner, que merece la pena leer, comienza inmediatamente con un paseo cultural e hist\u00f3ricamente muy interesante y con tintes sat\u00edricos por el mundo pict\u00f3rico del pensamiento del gran pintor alem\u00e1n Georg Baselitz, y sobre todo por todos los enredos e historias que forman el tema de su \u00faltima serie de obras: \"La cueva de Sigmund\". S\u00f3lo el t\u00edtulo ya sugiere una historia espeluznante. En 1938, el padre del psicoan\u00e1lisis, enfermo de c\u00e1ncer, con 82 a\u00f1os y bajo arresto domiciliario por la Gestapo, tradujo al alem\u00e1n, junto con su hija Anna, un libro franc\u00e9s sobre una perra Chow Chow que, como \u00e9l, padec\u00eda un carcinoma en la cavidad far\u00edngea derecha y tuvo que someterse a m\u00faltiples operaciones y radioterapia hasta que finalmente se cur\u00f3; un final feliz que a Freud se le neg\u00f3 c\u00e9lebremente. El original franc\u00e9s del libro fue escrito por la paciente, amiga y mecenas de Freud, Marie Bonaparte, que luego le ayud\u00f3 a \u00e9l y a la familia a emigrar. Como ocurre con muchos propietarios de perros, las relaciones de los Freud con sus amigos de cuatro patas son contradictorias: Freud tuvo tres Chow Chow seguidos, Anna un pastor alem\u00e1n. Por un lado, seg\u00fan Wagner, \"encarnan una existencia casi paradis\u00edaca, a salvo de la cultura y de las molestias que provoca\"; por otro, Freud y con \u00e9l el psicoan\u00e1lisis \"se inscribe en la tradici\u00f3n materialista de los c\u00ednicos, los fil\u00f3sofos caninos... que hac\u00edan sus necesidades f\u00edsicas como perros en p\u00fablico, despreciaban los logros y tab\u00faes de la civilizaci\u00f3n y combat\u00edan el idealismo plat\u00f3nico con un tosco accionismo\". E incluso cuando Georg Baselitz, \u00e9l mismo propietario de perros, \"pinta perros u otros animales, como documentan algunas de las fotos de este libro, pertenecen inicialmente, como los paisajes, las naturalezas muertas, los desnudos y los retratos, a los temas convencionales, 'banales', que pretenden distraer lo menos posible del cuadro como tal\". Pero, por otra parte, el pintor juega todo tipo de bazas con ideas tan grandiosas como una especie de \"agujero del cuadro\" en el centro de estos retratos de perros o el adorno de cinta de nubes que ata alrededor del abdomen de los perros a modo de delantal, \"cuyo dibujo recuerda por algo a un ano o una vulva\".<\/p>\n<p>Exposici\u00f3n:<br \/>\nCFA Contemporary Fine Arts Berl\u00edn, 1\/10 - 14\/11\/2015<\/p>","protected":false},"excerpt":{"rendered":"<p>Cat\u00e1logo de la exposici\u00f3n, Contemporary Fine Arts CFA Berl\u00edn, editado por Bruno Brunnet y Nicole Hackert<br \/>\nTexto (alem\u00e1n\/ingl\u00e9s) de Anselm Wagner<br \/>\n48 p. con 32 ilustraciones en color<br \/>\nFormato 32,5 x 23,5 cm, tapa dura<\/p>","protected":false},"featured_media":4894,"template":"","meta":[],"product_brand":[],"product_cat":[102,59],"product_tag":[],"class_list":{"0":"post-3479","1":"product","2":"type-product","3":"status-publish","4":"has-post-thumbnail","6":"product_cat-102","7":"product_cat-b","9":"first","10":"instock","11":"taxable","12":"shipping-taxable","13":"purchasable","14":"product-type-simple"},"aioseo_notices":[],"_wp_attached_file":null,"_wp_attachment_metadata":null,"_wc_attachment_source":null,"_elementor_inline_svg":null,"_elementor_is_screenshot":null,"_elementor_source_image_hash":null,"_source_url":null,"_wp_attachment_context":null,"_menu_item_type":null,"_menu_item_menu_item_parent":null,"_menu_item_object_id":null,"_menu_item_object":null,"_menu_item_target":null,"_menu_item_classes":null,"_menu_item_xfn":null,"_menu_item_url":null,"__elementor_forms_snapshot":null,"_unit":"","_unit_base":"","_unit_product":"","_unit_price_auto":"no","_unit_price_regular":"","_unit_price":"","_unit_price_sale":"","_sale_price_label":"","_sale_price_regular_label":"","_manufacturer_slug":"","_mini_desc":"","_defect_description":"","_safety_instructions":"","_allergen_ids":[],"_warranty_attachment_id":"","_safety_attachment_ids":[],"_min_age":"","_ts_gtin":"","_ts_mpn":"","_delivery_time_countries":[],"_free_shipping":"no","_service":"no","_photovoltaic_system":"no","_used_good":"no","_defective_copy":"no","_wireless_electronic_device":"no","_device_contains_power_supply":"no","_device_charging_supports_usb_pd":"no","_device_charging_watt_min":"0","_device_charging_watt_max":"0","_is_food":"no","_differential_taxation":"no","_gzd_version":"3.18.7","_hs_code":"","_customs_description":"","_manufacture_country":"0","_is_non_returnable":"no","_shipping_length":"","_shipping_width":"","_shipping_height":"","_sku":"ISBN 978-3-86442-154-9","_global_unique_id":"978-3-86442-154-9","_regular_price":"29.8","total_sales":"0","_tax_status":"taxable","_tax_class":"","_manage_stock":"no","_backorders":"no","_sold_individually":"no","_weight":"1","_virtual":"no","_downloadable":"no","_download_limit":"-1","_download_expiry":"-1","_stock":"","_stock_status":"instock","_wc_average_rating":"0","_wc_review_count":"0","_product_version":"9.7.1","_price":"29.8","shopengine_product_views_count":"2822","_thumbnail_id":"4894","_product_attributes":{"erscheinungsdatum":{"name":"Fecha de publicaci\u00f3n","value":"28.09.2015","position":0,"is_visible":1,"is_variation":0,"is_taxonomy":0,"checkout_visible":0}},"_nutrient_ids":[],"_upsell_ids":null,"pswc_subtitle":null,"_default_delivery_time":null,"_wp_desired_post_slug":null,"_isbn":null,"pageType":null,"isExternalUrl":null,"pageId":null,"externalUrl":null,"hideCookieBanner":null,"isTargetBlank":null,"isProviderCurrentWebsite":null,"isEmbeddingOnlyExternalResources":null,"legalBasis":null,"dataProcessingInCountries":null,"dataProcessingInCountriesSpecialTreatments":null,"technicalDefinitions":null,"googleConsentModeConsentTypes":null,"executePriority":null,"executeCodeOptInWhenNoTagManagerConsentIsGiven":null,"executeCodeOptOutWhenNoTagManagerConsentIsGiven":null,"deleteTechnicalDefinitionsAfterOptOut":null,"presetId":null,"presetVersion":null,"provider":null,"providerContactPhone":null,"providerContactEmail":null,"providerContactLink":null,"uniqueName":null,"providerPrivacyPolicyUrl":null,"providerLegalNoticeUrl":null,"codeOptIn":null,"codeOptOut":null,"codeOnPageLoad":null,"language_code":null,"shopengine_template__post_meta__type":null,"shopengine_template__post_meta":null,"shopengine_template__post_meta__edit_with":null,"origin":null,"_enabled":null,"_filters":null,"_layout":null,"_elementor_import_session_id":null,"_wp_trash_meta_status":null,"_wp_trash_meta_time":null,"_edit_lock":"1743601577:2","_elementor_floating_elements_type":null,"_elementor_edit_mode":null,"_elementor_template_type":null,"tc-thumb-fld":{"_thumb_id":4894,"_thumb_type":"thumb"},"_wp_page_template":"default","_elementor_version":null,"_elementor_pro_version":null,"_elementor_page_settings":null,"_elementor_data":null,"_elementor_conditions":null,"_elementor_popup_display_settings":null,"_edit_last":"2","_elementor_template_sub_type":null,"_elementor_controls_usage":null,"_elementor_screenshot":null,"_elementor_css":null,"_elementor_page_assets":[],"_elementor_element_cache":null,"_elementor_screenshot_failed":null,"_elementor_source":null,"_wp_old_date":null,"layout_key":"","post_slider_check_key":"0","_links":{"self":[{"href":"https:\/\/snoeck.de\/es\/wp-json\/wp\/v2\/product\/3479","targetHints":{"allow":["GET"]}}],"collection":[{"href":"https:\/\/snoeck.de\/es\/wp-json\/wp\/v2\/product"}],"about":[{"href":"https:\/\/snoeck.de\/es\/wp-json\/wp\/v2\/types\/product"}],"wp:featuredmedia":[{"embeddable":true,"href":"https:\/\/snoeck.de\/es\/wp-json\/wp\/v2\/media\/4894"}],"wp:attachment":[{"href":"https:\/\/snoeck.de\/es\/wp-json\/wp\/v2\/media?parent=3479"}],"wp:term":[{"taxonomy":"product_brand","embeddable":true,"href":"https:\/\/snoeck.de\/es\/wp-json\/wp\/v2\/product_brand?post=3479"},{"taxonomy":"product_cat","embeddable":true,"href":"https:\/\/snoeck.de\/es\/wp-json\/wp\/v2\/product_cat?post=3479"},{"taxonomy":"product_tag","embeddable":true,"href":"https:\/\/snoeck.de\/es\/wp-json\/wp\/v2\/product_tag?post=3479"}],"curies":[{"name":"wp","href":"https:\/\/api.w.org\/{rel}","templated":true}]}}