{"id":3480,"date":"2025-01-31T11:29:31","date_gmt":"2025-01-31T11:29:31","guid":{"rendered":"https:\/\/snoeck.process-vision.de\/shop\/boris-becker-bunker-1984-89\/"},"modified":"2025-04-02T13:45:18","modified_gmt":"2025-04-02T13:45:18","slug":"boris-becker-bunker-1984-89","status":"publish","type":"product","link":"https:\/\/snoeck.de\/es\/shop\/boris-becker-bunker-1984-89\/","title":{"rendered":"Boris Becker: Bunker 1984-89"},"content":{"rendered":"<h3>700 b\u00fankeres en m\u00e1s de 40 ciudades de Alemania Occidental<\/h3>\n<p>A la vez libro de artista y libro de archivo, esta publicaci\u00f3n arroja luz sobre un aspecto importante y conmovedor de la historia alemana. Muestra los m\u00e1s diversos tipos de b\u00fankeres de gran altura, construidos en particular durante la Segunda Guerra Mundial 1940-1944 y centrados en el periodo 1984-1989 por el artista y fot\u00f3grafo Boris Becker. Cuando comenz\u00f3 su proyecto documental, la Guerra Fr\u00eda estaba a punto de terminar y los edificios de hormig\u00f3n se iban liberando gradualmente de las restricciones de defensa civil. A\u00fan m\u00e1s que antes, aparec\u00edan como cuerpos extra\u00f1os y espeluznantes monstruosidades en el paisaje urbano; su funci\u00f3n parec\u00eda haber quedado desfasada en el tiempo y ninguna persona sensata quer\u00eda tener nada que ver con la ideolog\u00eda asesina que evocaban y que hab\u00eda dado origen a los edificios. \"\u00a1Nunca m\u00e1s la guerra!\" reza una pintada en uno de los b\u00fankeres fotografiados por Boris Becker. Si nos fijamos en sus documentos fotogr\u00e1ficos registrados objetivamente, no s\u00f3lo nos encontramos con edificios de hormig\u00f3n monstruosos y poco convencionales, sino que tambi\u00e9n aprendemos sobre el alcance de las actividades de construcci\u00f3n relacionadas durante la Segunda Guerra Mundial. Boris Becker ha fotografiado alrededor de 700 b\u00fankeres en m\u00e1s de 40 ciudades de Alemania Occidental. Boris Becker ha basado su serie de obras en un m\u00e9todo relacionado con el enfoque conceptual de la pareja de artistas Bernd e Hilla Becher. La comparabilidad de las im\u00e1genes es tan intencionada como un punto de vista neutral y una representaci\u00f3n detallada y ajustada a la realidad de la estructura del edificio. La colecci\u00f3n de im\u00e1genes ofrece una visi\u00f3n ejemplar de un tema que se desarroll\u00f3 en muchas facetas en el c\u00edrculo de la llamada Escuela Becher y represent\u00f3 un punto de partida esencial para el trabajo posterior de Boris Becker con el medio fotogr\u00e1fico. Desde entonces, su atenci\u00f3n se ha centrado en la arquitectura, el paisaje, los objetos y las naturalezas muertas, as\u00ed como en la compleja cuesti\u00f3n central de la realidad que se esconde tras lo visualmente perceptible.<\/p>\n<p>Exposici\u00f3n en:<br \/>\nLa Colecci\u00f3n Fotogr\u00e1fica\/ SK Stiftung Kultur, Colonia, 6\/9\/2019 - 9\/2\/2020<br \/>\nSaarlandmuseum - Galer\u00eda Moderna, Saarbr\u00fccken, 18\/7\/2020 - 31\/1\/2021<\/p>","protected":false},"excerpt":{"rendered":"<p>Cat\u00e1logo de la exposici\u00f3n, publicado por Die Photographische Sammlung\/ SK Stiftung Kultur K\u00f6ln, Saarlandmuseum - Moderne Galerie Saarbr\u00fccken<br \/>\nTextos (alem\u00e1n\/ingl\u00e9s\/franc\u00e9s) de Roland Augustin, Marcel Beyer, Gabriele Conrath-Scholl<br \/>\n352 pp. con 850 ilustraciones en duotono y 45 en color<br \/>\nFormato 27,5 x 22,5 cm, tapa dura<\/p>","protected":false},"featured_media":4895,"template":"","meta":[],"product_brand":[],"product_cat":[104,59,90],"product_tag":[],"class_list":{"0":"post-3480","1":"product","2":"type-product","3":"status-publish","4":"has-post-thumbnail","6":"product_cat-104","7":"product_cat-b","8":"product_cat-rare-books","10":"first","11":"instock","12":"taxable","13":"shipping-taxable","14":"purchasable","15":"product-type-simple"},"aioseo_notices":[],"_wp_attached_file":null,"_wp_attachment_metadata":null,"_wc_attachment_source":null,"_elementor_inline_svg":null,"_elementor_is_screenshot":null,"_elementor_source_image_hash":null,"_source_url":null,"_wp_attachment_context":null,"_menu_item_type":null,"_menu_item_menu_item_parent":null,"_menu_item_object_id":null,"_menu_item_object":null,"_menu_item_target":null,"_menu_item_classes":null,"_menu_item_xfn":null,"_menu_item_url":null,"__elementor_forms_snapshot":null,"_unit":"","_unit_base":"","_unit_product":"","_unit_price_auto":"no","_unit_price_regular":"","_unit_price":"","_unit_price_sale":"","_sale_price_label":"","_sale_price_regular_label":"","_manufacturer_slug":"","_mini_desc":"","_defect_description":"","_safety_instructions":"","_allergen_ids":[],"_warranty_attachment_id":"","_safety_attachment_ids":[],"_min_age":"","_ts_gtin":"","_ts_mpn":"","_delivery_time_countries":[],"_free_shipping":"no","_service":"no","_photovoltaic_system":"no","_used_good":"no","_defective_copy":"no","_wireless_electronic_device":"no","_device_contains_power_supply":"no","_device_charging_supports_usb_pd":"no","_device_charging_watt_min":"0","_device_charging_watt_max":"0","_is_food":"no","_differential_taxation":"no","_gzd_version":"3.18.7","_hs_code":"","_customs_description":"","_manufacture_country":"0","_is_non_returnable":"no","_shipping_length":"","_shipping_width":"","_shipping_height":"","_sku":"ISBN 978-3-86442-289-8","_global_unique_id":"978-3-86442-289-8","_regular_price":"148","total_sales":"0","_tax_status":"taxable","_tax_class":"","_manage_stock":"no","_backorders":"no","_sold_individually":"no","_weight":"2","_virtual":"no","_downloadable":"no","_download_limit":"-1","_download_expiry":"-1","_stock":"","_stock_status":"instock","_wc_average_rating":"0","_wc_review_count":"0","_product_version":"9.7.1","_price":"148","shopengine_product_views_count":"3267","_thumbnail_id":"4895","_product_attributes":{"erscheinungsdatum":{"name":"Fecha de publicaci\u00f3n","value":"04.09.2014","position":0,"is_visible":1,"is_variation":0,"is_taxonomy":0,"checkout_visible":0}},"_nutrient_ids":[],"_upsell_ids":null,"pswc_subtitle":null,"_default_delivery_time":"","_wp_desired_post_slug":null,"_isbn":null,"pageType":null,"isExternalUrl":null,"pageId":null,"externalUrl":null,"hideCookieBanner":null,"isTargetBlank":null,"isProviderCurrentWebsite":null,"isEmbeddingOnlyExternalResources":null,"legalBasis":null,"dataProcessingInCountries":null,"dataProcessingInCountriesSpecialTreatments":null,"technicalDefinitions":null,"googleConsentModeConsentTypes":null,"executePriority":null,"executeCodeOptInWhenNoTagManagerConsentIsGiven":null,"executeCodeOptOutWhenNoTagManagerConsentIsGiven":null,"deleteTechnicalDefinitionsAfterOptOut":null,"presetId":null,"presetVersion":null,"provider":null,"providerContactPhone":null,"providerContactEmail":null,"providerContactLink":null,"uniqueName":null,"providerPrivacyPolicyUrl":null,"providerLegalNoticeUrl":null,"codeOptIn":null,"codeOptOut":null,"codeOnPageLoad":null,"language_code":null,"shopengine_template__post_meta__type":null,"shopengine_template__post_meta":null,"shopengine_template__post_meta__edit_with":null,"origin":null,"_enabled":null,"_filters":null,"_layout":null,"_elementor_import_session_id":null,"_wp_trash_meta_status":null,"_wp_trash_meta_time":null,"_edit_lock":"1743601378:2","_elementor_floating_elements_type":null,"_elementor_edit_mode":null,"_elementor_template_type":null,"tc-thumb-fld":{"_thumb_id":4895,"_thumb_type":"thumb"},"_wp_page_template":"default","_elementor_version":null,"_elementor_pro_version":null,"_elementor_page_settings":null,"_elementor_data":null,"_elementor_conditions":null,"_elementor_popup_display_settings":null,"_edit_last":"2","_elementor_template_sub_type":null,"_elementor_controls_usage":null,"_elementor_screenshot":null,"_elementor_css":null,"_elementor_page_assets":[],"_elementor_element_cache":null,"_elementor_screenshot_failed":null,"_elementor_source":null,"_wp_old_date":null,"layout_key":"","post_slider_check_key":"0","_links":{"self":[{"href":"https:\/\/snoeck.de\/es\/wp-json\/wp\/v2\/product\/3480","targetHints":{"allow":["GET"]}}],"collection":[{"href":"https:\/\/snoeck.de\/es\/wp-json\/wp\/v2\/product"}],"about":[{"href":"https:\/\/snoeck.de\/es\/wp-json\/wp\/v2\/types\/product"}],"wp:featuredmedia":[{"embeddable":true,"href":"https:\/\/snoeck.de\/es\/wp-json\/wp\/v2\/media\/4895"}],"wp:attachment":[{"href":"https:\/\/snoeck.de\/es\/wp-json\/wp\/v2\/media?parent=3480"}],"wp:term":[{"taxonomy":"product_brand","embeddable":true,"href":"https:\/\/snoeck.de\/es\/wp-json\/wp\/v2\/product_brand?post=3480"},{"taxonomy":"product_cat","embeddable":true,"href":"https:\/\/snoeck.de\/es\/wp-json\/wp\/v2\/product_cat?post=3480"},{"taxonomy":"product_tag","embeddable":true,"href":"https:\/\/snoeck.de\/es\/wp-json\/wp\/v2\/product_tag?post=3480"}],"curies":[{"name":"wp","href":"https:\/\/api.w.org\/{rel}","templated":true}]}}