{"id":3481,"date":"2025-01-31T11:29:31","date_gmt":"2025-01-31T11:29:31","guid":{"rendered":"https:\/\/snoeck.process-vision.de\/shop\/begriffslexikon-zur-zeitgenoessischen-kunst\/"},"modified":"2025-04-02T13:38:48","modified_gmt":"2025-04-02T13:38:48","slug":"begriffslexikon-zur-zeitgenoessischen-kunst","status":"publish","type":"product","link":"https:\/\/snoeck.de\/es\/shop\/begriffslexikon-zur-zeitgenoessischen-kunst\/","title":{"rendered":"Diccionario de t\u00e9rminos sobre arte contempor\u00e1neo"},"content":{"rendered":"<h3>Indispensable.<\/h3>\n<p>El \"Begriffslexikon zur zeitgen\u00f6ssischen Kunst\", de 376 p\u00e1ginas, sigue ofreciendo una visi\u00f3n compacta de los fen\u00f3menos m\u00e1s importantes del arte contempor\u00e1neo, desde mediados hasta finales de la d\u00e9cada de 2010. Destacados te\u00f3ricos de nuestro tiempo describen, analizan y eval\u00faan en 90 ensayos el desarrollo del arte desde 1960 hasta nuestros d\u00edas. Al mismo tiempo, se presentan los discursos influyentes para el arte y se ilumina y escudri\u00f1a su poder de definici\u00f3n cultural. La intelectualizaci\u00f3n de la historia del arte y la teor\u00eda del arte que se observa desde hace varias d\u00e9cadas se caracteriza, entre otras cosas, por su enfoque interdisciplinario: Adem\u00e1s de las cuestiones y los m\u00e9todos tradicionales, hace tiempo que se han establecido perspectivas anal\u00edticas del discurso, hist\u00f3rico-sociales, te\u00f3ricas del g\u00e9nero, anal\u00edticas de los medios de comunicaci\u00f3n, postcoloniales y cient\u00edficas de la imagen. Esto tambi\u00e9n se aplica al arte contempor\u00e1neo en particular, cuya sofisticada recepci\u00f3n requiere un conocimiento cada vez m\u00e1s amplio y una mayor conciencia de la teor\u00eda. Este l\u00e9xico de t\u00e9rminos pretende servir de orientaci\u00f3n: El lector puede hacerse una idea general tanto del arte contempor\u00e1neo como de los debates te\u00f3ricos que no pueden separarse de \u00e9l. Los textos no pretenden transmitir una visi\u00f3n establecida y canonizadora, sino que deben considerarse parte de los debates actuales, sobre todo porque muchos de los temas y discursos a\u00fan est\u00e1n desarroll\u00e1ndose. Por ello, las contribuciones se sit\u00faan entre la cl\u00e1sica entrada de enciclopedia y el ensayo cr\u00edtico. Al final de los textos, que contienen numerosas ilustraciones, se ofrece tambi\u00e9n una selecci\u00f3n de bibliograf\u00eda pertinente para profundizar en el estudio de los temas.<\/p>","protected":false},"excerpt":{"rendered":"<p>Editado por Hubertus Butin<br \/>\n376 p. con 150 ilustraciones en b\/n<br \/>\nFormato 28 x 21 cm, tapa blanda<\/p>","protected":false},"featured_media":4896,"template":"","meta":[],"product_brand":[],"product_cat":[104,59,68,83],"product_tag":[],"class_list":{"0":"post-3481","1":"product","2":"type-product","3":"status-publish","4":"has-post-thumbnail","6":"product_cat-104","7":"product_cat-b","8":"product_cat-k","9":"product_cat-z","11":"first","12":"instock","13":"taxable","14":"shipping-taxable","15":"purchasable","16":"product-type-simple"},"aioseo_notices":[],"_wp_attached_file":null,"_wp_attachment_metadata":null,"_wc_attachment_source":null,"_elementor_inline_svg":null,"_elementor_is_screenshot":null,"_elementor_source_image_hash":null,"_source_url":null,"_wp_attachment_context":null,"_menu_item_type":null,"_menu_item_menu_item_parent":null,"_menu_item_object_id":null,"_menu_item_object":null,"_menu_item_target":null,"_menu_item_classes":null,"_menu_item_xfn":null,"_menu_item_url":null,"__elementor_forms_snapshot":null,"_unit":"","_unit_base":"","_unit_product":"","_unit_price_auto":"no","_unit_price_regular":"","_unit_price":"","_unit_price_sale":"","_sale_price_label":"","_sale_price_regular_label":"","_manufacturer_slug":"","_mini_desc":"","_defect_description":"","_safety_instructions":"","_allergen_ids":[],"_warranty_attachment_id":"","_safety_attachment_ids":[],"_min_age":"","_ts_gtin":"","_ts_mpn":"","_delivery_time_countries":[],"_free_shipping":"no","_service":"no","_photovoltaic_system":"no","_used_good":"no","_defective_copy":"no","_wireless_electronic_device":"no","_device_contains_power_supply":"no","_device_charging_supports_usb_pd":"no","_device_charging_watt_min":"0","_device_charging_watt_max":"0","_is_food":"no","_differential_taxation":"no","_gzd_version":"3.18.7","_hs_code":"","_customs_description":"","_manufacture_country":"0","_is_non_returnable":"no","_shipping_length":"","_shipping_width":"","_shipping_height":"","_sku":"ISBN 978-3-86442-100-6","_global_unique_id":"978-3-86442-100-6","_regular_price":"24.8","total_sales":"0","_tax_status":"taxable","_tax_class":"","_manage_stock":"no","_backorders":"no","_sold_individually":"no","_weight":"2","_virtual":"no","_downloadable":"no","_download_limit":"-1","_download_expiry":"-1","_stock":"","_stock_status":"instock","_wc_average_rating":"0","_wc_review_count":"0","_product_version":"9.7.1","_price":"24.8","shopengine_product_views_count":"3244","_thumbnail_id":"4896","_product_attributes":{"erscheinungsdatum":{"name":"Fecha de publicaci\u00f3n","value":"15.12.2014","position":0,"is_visible":1,"is_variation":0,"is_taxonomy":0,"checkout_visible":0}},"_nutrient_ids":[],"_upsell_ids":null,"pswc_subtitle":null,"_default_delivery_time":null,"_wp_desired_post_slug":null,"_isbn":null,"pageType":null,"isExternalUrl":null,"pageId":null,"externalUrl":null,"hideCookieBanner":null,"isTargetBlank":null,"isProviderCurrentWebsite":null,"isEmbeddingOnlyExternalResources":null,"legalBasis":null,"dataProcessingInCountries":null,"dataProcessingInCountriesSpecialTreatments":null,"technicalDefinitions":null,"googleConsentModeConsentTypes":null,"executePriority":null,"executeCodeOptInWhenNoTagManagerConsentIsGiven":null,"executeCodeOptOutWhenNoTagManagerConsentIsGiven":null,"deleteTechnicalDefinitionsAfterOptOut":null,"presetId":null,"presetVersion":null,"provider":null,"providerContactPhone":null,"providerContactEmail":null,"providerContactLink":null,"uniqueName":null,"providerPrivacyPolicyUrl":null,"providerLegalNoticeUrl":null,"codeOptIn":null,"codeOptOut":null,"codeOnPageLoad":null,"language_code":null,"shopengine_template__post_meta__type":null,"shopengine_template__post_meta":null,"shopengine_template__post_meta__edit_with":null,"origin":null,"_enabled":null,"_filters":null,"_layout":null,"_elementor_import_session_id":null,"_wp_trash_meta_status":null,"_wp_trash_meta_time":null,"_edit_lock":"1743600989:2","_elementor_floating_elements_type":null,"_elementor_edit_mode":null,"_elementor_template_type":null,"tc-thumb-fld":{"_thumb_id":4896,"_thumb_type":"thumb"},"_wp_page_template":"default","_elementor_version":null,"_elementor_pro_version":null,"_elementor_page_settings":null,"_elementor_data":null,"_elementor_conditions":null,"_elementor_popup_display_settings":null,"_edit_last":"2","_elementor_template_sub_type":null,"_elementor_controls_usage":null,"_elementor_screenshot":null,"_elementor_css":null,"_elementor_page_assets":[],"_elementor_element_cache":null,"_elementor_screenshot_failed":null,"_elementor_source":null,"_wp_old_date":null,"layout_key":"","post_slider_check_key":"0","_links":{"self":[{"href":"https:\/\/snoeck.de\/es\/wp-json\/wp\/v2\/product\/3481","targetHints":{"allow":["GET"]}}],"collection":[{"href":"https:\/\/snoeck.de\/es\/wp-json\/wp\/v2\/product"}],"about":[{"href":"https:\/\/snoeck.de\/es\/wp-json\/wp\/v2\/types\/product"}],"wp:featuredmedia":[{"embeddable":true,"href":"https:\/\/snoeck.de\/es\/wp-json\/wp\/v2\/media\/4896"}],"wp:attachment":[{"href":"https:\/\/snoeck.de\/es\/wp-json\/wp\/v2\/media?parent=3481"}],"wp:term":[{"taxonomy":"product_brand","embeddable":true,"href":"https:\/\/snoeck.de\/es\/wp-json\/wp\/v2\/product_brand?post=3481"},{"taxonomy":"product_cat","embeddable":true,"href":"https:\/\/snoeck.de\/es\/wp-json\/wp\/v2\/product_cat?post=3481"},{"taxonomy":"product_tag","embeddable":true,"href":"https:\/\/snoeck.de\/es\/wp-json\/wp\/v2\/product_tag?post=3481"}],"curies":[{"name":"wp","href":"https:\/\/api.w.org\/{rel}","templated":true}]}}