{"id":3484,"date":"2025-01-31T11:29:33","date_gmt":"2025-01-31T11:29:33","guid":{"rendered":"https:\/\/snoeck.process-vision.de\/shop\/ella-bergmann-michel-und-robert-michel-ein-kuenstlerpaar-der-moderne\/"},"modified":"2025-04-02T13:23:05","modified_gmt":"2025-04-02T13:23:05","slug":"ella-bergmann-michel-und-robert-michel-ein-kuenstlerpaar-der-moderne","status":"publish","type":"product","link":"https:\/\/snoeck.de\/es\/shop\/ella-bergmann-michel-und-robert-michel-ein-kuenstlerpaar-der-moderne\/","title":{"rendered":"Ella Bergmann-Michel y Robert Michel. Una pareja de artistas del modernismo"},"content":{"rendered":"<h3>\"Heimatmuseum de Arte Moderno\"<\/h3>\n<p>Ella Bergmann-Michel (1895-1971) y Robert Michel (1897-1983) figuran entre los artistas m\u00e1s injustamente olvidados del modernismo de vanguardia, ya que el conjunto de sus pinturas, dibujos y collages es sin duda una de las s\u00edntesis m\u00e1s logradas de los planteamientos expresivos y dada\u00edstas y de las tendencias constructivistas. Ambos trabajaron intensamente con los nuevos medios de su \u00e9poca, es decir, la tipograf\u00eda, los letreros de ne\u00f3n, la fotograf\u00eda y el cine. En 1920, la pareja, que se conoci\u00f3 en 1917 mientras estudiaba en la Escuela de Artes y Oficios de Weimar, se traslad\u00f3 a Vockenhausen, en el Taunus, donde vivieron hasta el final. En 1926 se hicieron miembros de la asociaci\u00f3n \"das neue frankfurt\", trabajaron junto a Ernst May y dirigieron su propio estudio de gr\u00e1fica publicitaria, arquitectura y fotograf\u00eda publicitaria en Fr\u00e1ncfort. Al mismo tiempo, la pareja particip\u00f3 en exposiciones en la Kestner Gesellschaft de Hannover, el Nassauischer Kunstverein de Wiesbaden, la Sturm Galerie y la Galerie Nierendorf de Berl\u00edn. Eran amigos \u00edntimos de Kurt Schwitters desde 1921, viajaron juntos y participaron en una exposici\u00f3n itinerante de la Soci\u00e9t\u00e9 Anonyme por Estados Unidos a instancias de \u00e9ste. En 1928, Robert Michel fund\u00f3 el \"ring neuer werbegestalter\" con Schwitters, Willi Baumeister y Jan Tschichold, entre otros. Se les considera los \"pioneros del collage\", pero tambi\u00e9n son especialmente impresionantes sus dibujos y grabados gr\u00e1ficos, en los que lograron sobre todo una extraordinaria s\u00edntesis de caos org\u00e1nico y tecnolog\u00eda de m\u00e1quinas en serie. Al contemplar xilograf\u00edas de peces mec\u00e1nicos y delicados dibujos a l\u00e1piz de arquitecturas ut\u00f3picas, a veces da la sensaci\u00f3n de viajar de un lado a otro en un puente de conexi\u00f3n entre los talleres industriales y art\u00edsticos de vanguardia del modernismo. La exposici\u00f3n y el libro, dedicados a la obra vital de la pareja de artistas en todas sus interesantes facetas, se nutren de la totalidad de la fabulosa herencia, pr\u00e9stamo permanente al Museo Sprengel, con m\u00e1s de 2.000 collages, dibujos, bocetos, dise\u00f1os para publicidad y tipograf\u00eda.<\/p>\n<p>Exposici\u00f3n:<br \/>\nMuseo Sprengel Hannover, 26\/5 - 2\/9\/2018<\/p>","protected":false},"excerpt":{"rendered":"<p>Cat\u00e1logo de la exposici\u00f3n, editado para el Museo Sprengel de Hannover y el Patrimonio de Robert Michel y Ella Bergmann-Michel por Karin Orchard.<br \/>\nTextos (alem\u00e1n) de Megan R. Luke, Lisa Felicitas Mattheis, Philipp Michel, S\u00fcnke Michel, Karin Orchard, D\u00f6rte Wiegand<br \/>\n176 p. con 220 ilustraciones en color<br \/>\nFormato 26 x 22 cm, tapa dura<\/p>","protected":false},"featured_media":4899,"template":"","meta":[],"product_brand":[],"product_cat":[111,59,70],"product_tag":[],"class_list":{"0":"post-3484","1":"product","2":"type-product","3":"status-publish","4":"has-post-thumbnail","6":"product_cat-111","7":"product_cat-b","8":"product_cat-m","10":"first","11":"instock","12":"taxable","13":"shipping-taxable","14":"purchasable","15":"product-type-simple"},"aioseo_notices":[],"_wp_attached_file":null,"_wp_attachment_metadata":null,"_wc_attachment_source":null,"_elementor_inline_svg":null,"_elementor_is_screenshot":null,"_elementor_source_image_hash":null,"_source_url":null,"_wp_attachment_context":null,"_menu_item_type":null,"_menu_item_menu_item_parent":null,"_menu_item_object_id":null,"_menu_item_object":null,"_menu_item_target":null,"_menu_item_classes":null,"_menu_item_xfn":null,"_menu_item_url":null,"__elementor_forms_snapshot":null,"_unit":"","_unit_base":"","_unit_product":"","_unit_price_auto":"no","_unit_price_regular":"","_unit_price":"","_unit_price_sale":"","_sale_price_label":"","_sale_price_regular_label":"","_manufacturer_slug":"","_mini_desc":"","_defect_description":"","_safety_instructions":"","_allergen_ids":[],"_warranty_attachment_id":"","_safety_attachment_ids":[],"_min_age":"","_ts_gtin":"","_ts_mpn":"","_delivery_time_countries":[],"_free_shipping":"no","_service":"no","_photovoltaic_system":"no","_used_good":"no","_defective_copy":"no","_wireless_electronic_device":"no","_device_contains_power_supply":"no","_device_charging_supports_usb_pd":"no","_device_charging_watt_min":"0","_device_charging_watt_max":"0","_is_food":"no","_differential_taxation":"no","_gzd_version":"3.18.7","_hs_code":"","_customs_description":"","_manufacture_country":"0","_is_non_returnable":"no","_shipping_length":"","_shipping_width":"","_shipping_height":"","_sku":"ISBN 978-3-86442-249-2","_global_unique_id":"978-3-86442-249-2","_regular_price":"29.8","total_sales":"1","_tax_status":"taxable","_tax_class":"","_manage_stock":"no","_backorders":"no","_sold_individually":"no","_weight":"2","_virtual":"no","_downloadable":"no","_download_limit":"-1","_download_expiry":"-1","_stock":"","_stock_status":"instock","_wc_average_rating":"0","_wc_review_count":"0","_product_version":"9.7.1","_price":"29.8","shopengine_product_views_count":"3159","_thumbnail_id":"4899","_product_attributes":{"erscheinungsdatum":{"name":"Fecha de publicaci\u00f3n","value":"18.05.2018","position":0,"is_visible":1,"is_variation":0,"is_taxonomy":0,"checkout_visible":0}},"_nutrient_ids":[],"_upsell_ids":null,"pswc_subtitle":null,"_default_delivery_time":null,"_wp_desired_post_slug":null,"_isbn":null,"pageType":null,"isExternalUrl":null,"pageId":null,"externalUrl":null,"hideCookieBanner":null,"isTargetBlank":null,"isProviderCurrentWebsite":null,"isEmbeddingOnlyExternalResources":null,"legalBasis":null,"dataProcessingInCountries":null,"dataProcessingInCountriesSpecialTreatments":null,"technicalDefinitions":null,"googleConsentModeConsentTypes":null,"executePriority":null,"executeCodeOptInWhenNoTagManagerConsentIsGiven":null,"executeCodeOptOutWhenNoTagManagerConsentIsGiven":null,"deleteTechnicalDefinitionsAfterOptOut":null,"presetId":null,"presetVersion":null,"provider":null,"providerContactPhone":null,"providerContactEmail":null,"providerContactLink":null,"uniqueName":null,"providerPrivacyPolicyUrl":null,"providerLegalNoticeUrl":null,"codeOptIn":null,"codeOptOut":null,"codeOnPageLoad":null,"language_code":null,"shopengine_template__post_meta__type":null,"shopengine_template__post_meta":null,"shopengine_template__post_meta__edit_with":null,"origin":null,"_enabled":null,"_filters":null,"_layout":null,"_elementor_import_session_id":null,"_wp_trash_meta_status":null,"_wp_trash_meta_time":null,"_edit_lock":"1743600046:2","_elementor_floating_elements_type":null,"_elementor_edit_mode":null,"_elementor_template_type":null,"tc-thumb-fld":{"_thumb_id":4899,"_thumb_type":"thumb"},"_wp_page_template":"default","_elementor_version":null,"_elementor_pro_version":null,"_elementor_page_settings":null,"_elementor_data":null,"_elementor_conditions":null,"_elementor_popup_display_settings":null,"_edit_last":"2","_elementor_template_sub_type":null,"_elementor_controls_usage":null,"_elementor_screenshot":null,"_elementor_css":null,"_elementor_page_assets":[],"_elementor_element_cache":null,"_elementor_screenshot_failed":null,"_elementor_source":null,"_wp_old_date":null,"layout_key":"","post_slider_check_key":"0","_links":{"self":[{"href":"https:\/\/snoeck.de\/es\/wp-json\/wp\/v2\/product\/3484","targetHints":{"allow":["GET"]}}],"collection":[{"href":"https:\/\/snoeck.de\/es\/wp-json\/wp\/v2\/product"}],"about":[{"href":"https:\/\/snoeck.de\/es\/wp-json\/wp\/v2\/types\/product"}],"wp:featuredmedia":[{"embeddable":true,"href":"https:\/\/snoeck.de\/es\/wp-json\/wp\/v2\/media\/4899"}],"wp:attachment":[{"href":"https:\/\/snoeck.de\/es\/wp-json\/wp\/v2\/media?parent=3484"}],"wp:term":[{"taxonomy":"product_brand","embeddable":true,"href":"https:\/\/snoeck.de\/es\/wp-json\/wp\/v2\/product_brand?post=3484"},{"taxonomy":"product_cat","embeddable":true,"href":"https:\/\/snoeck.de\/es\/wp-json\/wp\/v2\/product_cat?post=3484"},{"taxonomy":"product_tag","embeddable":true,"href":"https:\/\/snoeck.de\/es\/wp-json\/wp\/v2\/product_tag?post=3484"}],"curies":[{"name":"wp","href":"https:\/\/api.w.org\/{rel}","templated":true}]}}