{"id":3487,"date":"2025-01-31T11:29:34","date_gmt":"2025-01-31T11:29:34","guid":{"rendered":"https:\/\/snoeck.process-vision.de\/shop\/bhqf-the-transubstantiation-of-bruce\/"},"modified":"2026-04-08T14:22:55","modified_gmt":"2026-04-08T13:22:55","slug":"bhqf-the-transubstantiation-of-bruce","status":"publish","type":"product","link":"https:\/\/snoeck.de\/es\/shop\/bhqf-the-transubstantiation-of-bruce\/","title":{"rendered":"BHQF: La transubstanciaci\u00f3n de Bruce"},"content":{"rendered":"<h3>El manifiesto de la Fundaci\u00f3n Bruce para la Alta Calidad<\/h3>\n<p>A muchos les sorprender\u00e1 que Bruce High Quality fuera a la iglesia una vez a la semana. Es dif\u00edcil imaginar al mayor ironista del mundo, y por tanto reh\u00e9n tanto de la izquierda radical como de la derecha religiosa, como creyente. Pero \u00c9l estaba all\u00ed, semana tras semana, informando al hombre de arriba. Aunque no podemos presumir de conocer su m\u00e1s sagrado coraz\u00f3n de corazones, ahora ha quedado claro, doce a\u00f1os despu\u00e9s de su fallecimiento, que Bruce High Quality pretend\u00eda dejar tras de s\u00ed piezas devocionales verdaderamente iconogr\u00e1ficas para una \u00e9poca verdaderamente secular. La exposici\u00f3n \"The Transubstantial Bruce\" es la primera dedicada a las preocupaciones espirituales de High Quality. Con \"Los Sacramentos\" -su magistral serie de reliquias moldeadas en plastilina-, as\u00ed como su enorme tr\u00edptico \"Padre, Hijo y Esp\u00edritu Santo\" -un autorretrato que representa la m\u00e1scara mortuoria de Bruce High Quality, una cruz improvisada y una rata canosa hinchable como una trinidad igual y eterna-, queda clara la intenci\u00f3n sin complejos de High Quality de confrontarnos directamente con el m\u00e1s all\u00e1. En ninguna parte es m\u00e1s evidente esta misi\u00f3n que en su obra maestra \"V\u00eda Crucis\". Ahora se muestran al p\u00fablico por primera vez: Los 14 paneles del V\u00eda Crucis narran el camino hacia la crucifixi\u00f3n. Cada tr\u00e1gico paso abre una par\u00e1bola sobre el sacrificio terrenal y la justicia. La exposici\u00f3n se completa con una cuidada selecci\u00f3n de autorretratos \u00edntimos de Bruce High Quality: escenas cotidianas en las que aparece rodeado de su familia y amigos: como en el cielo, as\u00ed en la tierra.<\/p>\n<p>Exposici\u00f3n:<br \/>\nMuseo de Brooklyn, Nueva York, 28\/6 - 22\/9\/2013<\/p>","protected":false},"excerpt":{"rendered":"<p>Cat\u00e1logo de la exposici\u00f3n, Contemporary Fine Arts CFA Berl\u00edn, editado por Bruno Brunnet y Nicole Hackert<br \/>\nCon un manifiesto (alem\u00e1n\/ingl\u00e9s)<br \/>\n32 p. con 50 ilustraciones en color<br \/>\nFormato 32 x 23,5 cm, folleto grapado<\/p>","protected":false},"featured_media":4902,"template":"","meta":[],"product_brand":[],"product_cat":[95],"product_tag":[],"class_list":{"0":"post-3487","1":"product","2":"type-product","3":"status-publish","4":"has-post-thumbnail","6":"product_cat-vergriffen","8":"first","9":"outofstock","10":"taxable","11":"shipping-taxable","12":"product-type-simple"},"aioseo_notices":[],"_wp_attached_file":null,"_wp_attachment_metadata":null,"_wc_attachment_source":null,"_elementor_inline_svg":null,"_elementor_is_screenshot":null,"_elementor_source_image_hash":null,"_source_url":null,"_wp_attachment_context":null,"_menu_item_type":null,"_menu_item_menu_item_parent":null,"_menu_item_object_id":null,"_menu_item_object":null,"_menu_item_target":null,"_menu_item_classes":null,"_menu_item_xfn":null,"_menu_item_url":null,"__elementor_forms_snapshot":null,"_unit":"","_unit_base":"","_unit_product":"","_unit_price_auto":"no","_unit_price_regular":"","_unit_price":"","_unit_price_sale":"","_sale_price_label":"","_sale_price_regular_label":"","_manufacturer_slug":"","_mini_desc":"","_defect_description":"","_safety_instructions":"","_allergen_ids":[],"_warranty_attachment_id":"","_safety_attachment_ids":[],"_min_age":"","_ts_gtin":"","_ts_mpn":"","_delivery_time_countries":[],"_free_shipping":"no","_service":"no","_photovoltaic_system":"no","_used_good":"no","_defective_copy":"no","_wireless_electronic_device":"no","_device_contains_power_supply":"no","_device_charging_supports_usb_pd":"no","_device_charging_watt_min":"0","_device_charging_watt_max":"0","_is_food":"no","_differential_taxation":"no","_gzd_version":"3.18.7","_hs_code":"","_customs_description":"","_manufacture_country":"0","_is_non_returnable":"no","_shipping_length":"","_shipping_width":"","_shipping_height":"","_sku":"ISBN 978-3-86442-050-4","_global_unique_id":"978-3-86442-050-4","_regular_price":null,"total_sales":"0","_tax_status":"taxable","_tax_class":"","_manage_stock":"no","_backorders":"no","_sold_individually":"no","_weight":"1","_virtual":"no","_downloadable":"no","_download_limit":"-1","_download_expiry":"-1","_stock":"","_stock_status":"outofstock","_wc_average_rating":"0","_wc_review_count":"0","_product_version":"10.1.4","_price":"","shopengine_product_views_count":"3162","_thumbnail_id":"4902","_product_attributes":{"erscheinungsdatum":{"name":"Fecha de publicaci\u00f3n","value":"30.05.2013","position":0,"is_visible":1,"is_variation":0,"is_taxonomy":0,"checkout_visible":0}},"_nutrient_ids":[],"_upsell_ids":null,"pswc_subtitle":null,"_default_delivery_time":"","_wp_desired_post_slug":null,"_isbn":null,"pageType":null,"isExternalUrl":null,"pageId":null,"externalUrl":null,"hideCookieBanner":null,"isTargetBlank":null,"isProviderCurrentWebsite":null,"isEmbeddingOnlyExternalResources":null,"legalBasis":null,"dataProcessingInCountries":null,"dataProcessingInCountriesSpecialTreatments":null,"technicalDefinitions":null,"googleConsentModeConsentTypes":null,"executePriority":null,"executeCodeOptInWhenNoTagManagerConsentIsGiven":null,"executeCodeOptOutWhenNoTagManagerConsentIsGiven":null,"deleteTechnicalDefinitionsAfterOptOut":null,"presetId":null,"presetVersion":null,"provider":null,"providerContactPhone":null,"providerContactEmail":null,"providerContactLink":null,"uniqueName":null,"providerPrivacyPolicyUrl":null,"providerLegalNoticeUrl":null,"codeOptIn":null,"codeOptOut":null,"codeOnPageLoad":null,"language_code":null,"shopengine_template__post_meta__type":null,"shopengine_template__post_meta":null,"shopengine_template__post_meta__edit_with":null,"origin":null,"_enabled":null,"_filters":null,"_layout":null,"_elementor_import_session_id":null,"_wp_trash_meta_status":null,"_wp_trash_meta_time":null,"_edit_lock":"1743599770:2","_elementor_floating_elements_type":null,"_elementor_edit_mode":null,"_elementor_template_type":null,"tc-thumb-fld":{"_thumb_id":4902,"_thumb_type":"thumb"},"_wp_page_template":"default","_elementor_version":null,"_elementor_pro_version":null,"_elementor_page_settings":null,"_elementor_data":null,"_elementor_conditions":null,"_elementor_popup_display_settings":null,"_edit_last":"2","_elementor_template_sub_type":null,"_elementor_controls_usage":null,"_elementor_screenshot":null,"_elementor_css":null,"_elementor_page_assets":[],"_elementor_element_cache":null,"_elementor_screenshot_failed":null,"_elementor_source":null,"_wp_old_date":null,"layout_key":"","post_slider_check_key":"0","_links":{"self":[{"href":"https:\/\/snoeck.de\/es\/wp-json\/wp\/v2\/product\/3487","targetHints":{"allow":["GET"]}}],"collection":[{"href":"https:\/\/snoeck.de\/es\/wp-json\/wp\/v2\/product"}],"about":[{"href":"https:\/\/snoeck.de\/es\/wp-json\/wp\/v2\/types\/product"}],"wp:featuredmedia":[{"embeddable":true,"href":"https:\/\/snoeck.de\/es\/wp-json\/wp\/v2\/media\/4902"}],"wp:attachment":[{"href":"https:\/\/snoeck.de\/es\/wp-json\/wp\/v2\/media?parent=3487"}],"wp:term":[{"taxonomy":"product_brand","embeddable":true,"href":"https:\/\/snoeck.de\/es\/wp-json\/wp\/v2\/product_brand?post=3487"},{"taxonomy":"product_cat","embeddable":true,"href":"https:\/\/snoeck.de\/es\/wp-json\/wp\/v2\/product_cat?post=3487"},{"taxonomy":"product_tag","embeddable":true,"href":"https:\/\/snoeck.de\/es\/wp-json\/wp\/v2\/product_tag?post=3487"}],"curies":[{"name":"wp","href":"https:\/\/api.w.org\/{rel}","templated":true}]}}