{"id":3490,"date":"2025-01-31T11:29:36","date_gmt":"2025-01-31T11:29:36","guid":{"rendered":"https:\/\/snoeck.process-vision.de\/shop\/biomorph\/"},"modified":"2026-04-08T15:38:00","modified_gmt":"2026-04-08T14:38:00","slug":"biomorph","status":"publish","type":"product","link":"https:\/\/snoeck.de\/es\/shop\/biomorph\/","title":{"rendered":"Biom\u00f3rfico"},"content":{"rendered":"<h3>En el gran taller de la naturaleza<\/h3>\n<p>Para Hans Arp, la naturaleza era la medida de todas las cosas, el cambio constante de las formas naturales y sus metamorfosis, o en palabras de Arp: \"Busc\u00e1bamos un arte elemental que curara al hombre de la locura del tiempo\". Hans Arp se convirti\u00f3 en pionero de la abstracci\u00f3n org\u00e1nica y, sobre todo a partir de los a\u00f1os treinta, sus esculturas biom\u00f3rficas alimentaron un debate que contin\u00faa hasta nuestros d\u00edas. Las obras de esta exposici\u00f3n, todas ellas ilustradas en el libro, no s\u00f3lo muestran la rica colecci\u00f3n de obras de Arp en el Museo Arp Bahnhof Rolandseck, sino que tambi\u00e9n las combinan con una visi\u00f3n general de importantes posturas contempor\u00e1neas, ya que tambi\u00e9n est\u00e1n recogidas en el Museo Arp, por ejemplo, de Angelika Arendt, Bonnie Collura, Tony Cragg, Louise Bourgeois, Jackie Brookner, J\u00e1chym Fleig, Julie Hayward, Bodo Korsig, Gerhard Mantz, Maix Mayer, Wilhelm Mundt, Ernesto Neto, Thomas Rentmeister, Laurent Mignonneau &amp; Christa Sommerer, venske &amp; sp\u00e4nle, Luis Vidal y Birgitta Weimer.<\/p>\n<p>Exposici\u00f3n:<br \/>\nMuseo Arp Bahnhof Rolandseck, Remagen, 27\/05\/2011 - 22\/01\/2012<\/p>","protected":false},"excerpt":{"rendered":"<p>Cat\u00e1logo de la exposici\u00f3n, Arp Museum Bahnhof Rolandseck Remagen, editado por Oliver Kornhoff<br \/>\nTextos (alem\u00e1n\/ingl\u00e9s) de Astrid von Asten, Oliver Kornhoff, Heike Strelow<br \/>\n120 p. con 120 ilustraciones en color<br \/>\nFormato 28 x 21 cm, tapa dura con t\u00edtulo en relieve<\/p>","protected":false},"featured_media":4905,"template":"","meta":[],"product_brand":[],"product_cat":[95],"product_tag":[],"class_list":{"0":"post-3490","1":"product","2":"type-product","3":"status-publish","4":"has-post-thumbnail","6":"product_cat-vergriffen","8":"first","9":"outofstock","10":"taxable","11":"shipping-taxable","12":"product-type-simple"},"aioseo_notices":[],"_wp_attached_file":null,"_wp_attachment_metadata":null,"_wc_attachment_source":null,"_elementor_inline_svg":null,"_elementor_is_screenshot":null,"_elementor_source_image_hash":null,"_source_url":null,"_wp_attachment_context":null,"_menu_item_type":null,"_menu_item_menu_item_parent":null,"_menu_item_object_id":null,"_menu_item_object":null,"_menu_item_target":null,"_menu_item_classes":null,"_menu_item_xfn":null,"_menu_item_url":null,"__elementor_forms_snapshot":null,"_unit":"","_unit_base":"","_unit_product":"","_unit_price_auto":"no","_unit_price_regular":"","_unit_price":"","_unit_price_sale":"","_sale_price_label":"","_sale_price_regular_label":"","_manufacturer_slug":"","_mini_desc":"","_defect_description":"","_safety_instructions":"","_allergen_ids":[],"_warranty_attachment_id":"","_safety_attachment_ids":[],"_min_age":"","_ts_gtin":"","_ts_mpn":"","_delivery_time_countries":[],"_free_shipping":"no","_service":"no","_photovoltaic_system":"no","_used_good":"no","_defective_copy":"no","_wireless_electronic_device":"no","_device_contains_power_supply":"no","_device_charging_supports_usb_pd":"no","_device_charging_watt_min":"0","_device_charging_watt_max":"0","_is_food":"no","_differential_taxation":"no","_gzd_version":"3.18.7","_hs_code":"","_customs_description":"","_manufacture_country":"0","_is_non_returnable":"no","_shipping_length":"","_shipping_width":"","_shipping_height":"","_sku":"ISBN 978-3-940953-83-4","_global_unique_id":"978-3-940953-83-4","_regular_price":null,"total_sales":"0","_tax_status":"taxable","_tax_class":"","_manage_stock":"no","_backorders":"no","_sold_individually":"no","_weight":"1","_virtual":"no","_downloadable":"no","_download_limit":"-1","_download_expiry":"-1","_stock":"","_stock_status":"outofstock","_wc_average_rating":"0","_wc_review_count":"0","_product_version":"10.1.4","_price":"","shopengine_product_views_count":"2996","_thumbnail_id":"4905","_product_attributes":{"erscheinungsdatum":{"name":"Fecha de publicaci\u00f3n","value":"27.05.2011","position":0,"is_visible":1,"is_variation":0,"is_taxonomy":0,"checkout_visible":0}},"_nutrient_ids":[],"_upsell_ids":null,"pswc_subtitle":null,"_default_delivery_time":null,"_wp_desired_post_slug":null,"_isbn":null,"pageType":null,"isExternalUrl":null,"pageId":null,"externalUrl":null,"hideCookieBanner":null,"isTargetBlank":null,"isProviderCurrentWebsite":null,"isEmbeddingOnlyExternalResources":null,"legalBasis":null,"dataProcessingInCountries":null,"dataProcessingInCountriesSpecialTreatments":null,"technicalDefinitions":null,"googleConsentModeConsentTypes":null,"executePriority":null,"executeCodeOptInWhenNoTagManagerConsentIsGiven":null,"executeCodeOptOutWhenNoTagManagerConsentIsGiven":null,"deleteTechnicalDefinitionsAfterOptOut":null,"presetId":null,"presetVersion":null,"provider":null,"providerContactPhone":null,"providerContactEmail":null,"providerContactLink":null,"uniqueName":null,"providerPrivacyPolicyUrl":null,"providerLegalNoticeUrl":null,"codeOptIn":null,"codeOptOut":null,"codeOnPageLoad":null,"language_code":null,"shopengine_template__post_meta__type":null,"shopengine_template__post_meta":null,"shopengine_template__post_meta__edit_with":null,"origin":null,"_enabled":null,"_filters":null,"_layout":null,"_elementor_import_session_id":null,"_wp_trash_meta_status":null,"_wp_trash_meta_time":null,"_edit_lock":"1743599281:2","_elementor_floating_elements_type":null,"_elementor_edit_mode":null,"_elementor_template_type":null,"tc-thumb-fld":{"_thumb_id":4905,"_thumb_type":"thumb"},"_wp_page_template":"default","_elementor_version":null,"_elementor_pro_version":null,"_elementor_page_settings":null,"_elementor_data":null,"_elementor_conditions":null,"_elementor_popup_display_settings":null,"_edit_last":"2","_elementor_template_sub_type":null,"_elementor_controls_usage":null,"_elementor_screenshot":null,"_elementor_css":null,"_elementor_page_assets":[],"_elementor_element_cache":null,"_elementor_screenshot_failed":null,"_elementor_source":null,"_wp_old_date":null,"layout_key":"","post_slider_check_key":"0","_links":{"self":[{"href":"https:\/\/snoeck.de\/es\/wp-json\/wp\/v2\/product\/3490","targetHints":{"allow":["GET"]}}],"collection":[{"href":"https:\/\/snoeck.de\/es\/wp-json\/wp\/v2\/product"}],"about":[{"href":"https:\/\/snoeck.de\/es\/wp-json\/wp\/v2\/types\/product"}],"wp:featuredmedia":[{"embeddable":true,"href":"https:\/\/snoeck.de\/es\/wp-json\/wp\/v2\/media\/4905"}],"wp:attachment":[{"href":"https:\/\/snoeck.de\/es\/wp-json\/wp\/v2\/media?parent=3490"}],"wp:term":[{"taxonomy":"product_brand","embeddable":true,"href":"https:\/\/snoeck.de\/es\/wp-json\/wp\/v2\/product_brand?post=3490"},{"taxonomy":"product_cat","embeddable":true,"href":"https:\/\/snoeck.de\/es\/wp-json\/wp\/v2\/product_cat?post=3490"},{"taxonomy":"product_tag","embeddable":true,"href":"https:\/\/snoeck.de\/es\/wp-json\/wp\/v2\/product_tag?post=3490"}],"curies":[{"name":"wp","href":"https:\/\/api.w.org\/{rel}","templated":true}]}}