{"id":3492,"date":"2025-01-31T11:29:39","date_gmt":"2025-01-31T11:29:39","guid":{"rendered":"https:\/\/snoeck.process-vision.de\/shop\/flurin-bisig-gestaltloses-verlangen\/"},"modified":"2025-04-02T13:06:37","modified_gmt":"2025-04-02T13:06:37","slug":"flurin-bisig-gestaltloses-verlangen","status":"publish","type":"product","link":"https:\/\/snoeck.de\/es\/shop\/flurin-bisig-gestaltloses-verlangen\/","title":{"rendered":"Flurin Bisig: Deseo sin forma"},"content":{"rendered":"<h3>El desesperado reino del amor<\/h3>\n<p>\"El enfoque art\u00edstico de Flurin Bisig es el de un buscador. Con una apertura impresionante, se enfrenta a la aventura que comienza con un l\u00e1piz sobre papel, luego se manifiesta en bricollages realizados con materiales de estudio, pero tambi\u00e9n toma forma en madera, chapa met\u00e1lica e incluso m\u00e1rmol. Al mismo tiempo, interesantes momentos escult\u00f3ricos del entorno del artista se revelan a la mirada errante del observador atento. Se hacen eco de su propia obra y, al mismo tiempo, proporcionan nuevos impulsos. Para Flurin Bisig, la yuxtaposici\u00f3n de estas actividades conduce a mucho m\u00e1s que una mera diferenciaci\u00f3n de posibilidades escult\u00f3ricas. Desde el principio, no entendi\u00f3 su obra en un sentido modernista como una continuaci\u00f3n de un discurso art\u00edstico, sino m\u00e1s bien como una reacci\u00f3n y una condensaci\u00f3n del mundo vivo - por eso le gusta equiparar sus obras con un \u00e1lbum de canciones de la historia del rock, un pasaje de una obra filos\u00f3fica o un poema. \u00bfQuiz\u00e1s sea mejor acercarse a la obra de Flurin Bisig desde fuera que desde dentro? Las formas surgen de la situaci\u00f3n, de la experiencia, y no se derivan de regularidades inmanentes al arte. En consecuencia, la obra hasta la fecha parece dispar en cuanto a forma, material y ejecuci\u00f3n. El contexto interior se deriva de la actitud de Flurin Bisig hacia el mundo, y no de una intenci\u00f3n art\u00edstica indispensable. Sus esculturas son su forma de expresarse, que se nutre de distintas fuentes, puede adoptar diferentes formas y da cabida a sus propias experiencias, tambi\u00e9n por parte del espectador. El camino hacia estas obras es todo menos sencillo\". Stephan Kunz<\/p>\n<p>Exposici\u00f3n:<br \/>\nB\u00fcndner Kunstmuseum Chur, 16\/3 - 18\/8\/2019<\/p>","protected":false},"excerpt":{"rendered":"<p>Cat\u00e1logo de la exposici\u00f3n, B\u00fcndner Kunstmuseum Chur, editado por Stephan Kunz y Lynn Kost<br \/>\nTextos (alem\u00e1n\/ingl\u00e9s) de Stephan Kunz, Lynn Kost<br \/>\n176 p. con 140 ilustraciones en color<br \/>\nFormato 23,5 x 17 cm, tapa blanda con sobrecubierta troquelada<\/p>","protected":false},"featured_media":4907,"template":"","meta":[],"product_brand":[],"product_cat":[86,59],"product_tag":[],"class_list":{"0":"post-3492","1":"product","2":"type-product","3":"status-publish","4":"has-post-thumbnail","6":"product_cat-86","7":"product_cat-b","9":"first","10":"instock","11":"taxable","12":"shipping-taxable","13":"purchasable","14":"product-type-simple"},"aioseo_notices":[],"_wp_attached_file":null,"_wp_attachment_metadata":null,"_wc_attachment_source":null,"_elementor_inline_svg":null,"_elementor_is_screenshot":null,"_elementor_source_image_hash":null,"_source_url":null,"_wp_attachment_context":null,"_menu_item_type":null,"_menu_item_menu_item_parent":null,"_menu_item_object_id":null,"_menu_item_object":null,"_menu_item_target":null,"_menu_item_classes":null,"_menu_item_xfn":null,"_menu_item_url":null,"__elementor_forms_snapshot":null,"_unit":"","_unit_base":"","_unit_product":"","_unit_price_auto":"no","_unit_price_regular":"","_unit_price":"","_unit_price_sale":"","_sale_price_label":"","_sale_price_regular_label":"","_manufacturer_slug":"","_mini_desc":"","_defect_description":"","_safety_instructions":"","_allergen_ids":[],"_warranty_attachment_id":"","_safety_attachment_ids":[],"_min_age":"","_ts_gtin":"","_ts_mpn":"","_delivery_time_countries":[],"_free_shipping":"no","_service":"no","_photovoltaic_system":"no","_used_good":"no","_defective_copy":"no","_wireless_electronic_device":"no","_device_contains_power_supply":"no","_device_charging_supports_usb_pd":"no","_device_charging_watt_min":"0","_device_charging_watt_max":"0","_is_food":"no","_differential_taxation":"no","_gzd_version":"3.18.7","_hs_code":"","_customs_description":"","_manufacture_country":"0","_is_non_returnable":"no","_shipping_length":"","_shipping_width":"","_shipping_height":"","_sku":"ISBN 978-3-86442-388-8","_global_unique_id":"978-3-86442-388-8","_regular_price":"39.8","total_sales":"0","_tax_status":"taxable","_tax_class":"","_manage_stock":"no","_backorders":"no","_sold_individually":"no","_weight":"1","_virtual":"no","_downloadable":"no","_download_limit":"-1","_download_expiry":"-1","_stock":"","_stock_status":"instock","_wc_average_rating":"0","_wc_review_count":"0","_product_version":"9.7.1","_price":"39.8","shopengine_product_views_count":"2633","_thumbnail_id":"4907","_product_attributes":{"erscheinungsdatum":{"name":"Fecha de publicaci\u00f3n","value":"24.06.2022","position":0,"is_visible":1,"is_variation":0,"is_taxonomy":0,"checkout_visible":0}},"_nutrient_ids":[],"_upsell_ids":null,"pswc_subtitle":null,"_default_delivery_time":null,"_wp_desired_post_slug":null,"_isbn":null,"pageType":null,"isExternalUrl":null,"pageId":null,"externalUrl":null,"hideCookieBanner":null,"isTargetBlank":null,"isProviderCurrentWebsite":null,"isEmbeddingOnlyExternalResources":null,"legalBasis":null,"dataProcessingInCountries":null,"dataProcessingInCountriesSpecialTreatments":null,"technicalDefinitions":null,"googleConsentModeConsentTypes":null,"executePriority":null,"executeCodeOptInWhenNoTagManagerConsentIsGiven":null,"executeCodeOptOutWhenNoTagManagerConsentIsGiven":null,"deleteTechnicalDefinitionsAfterOptOut":null,"presetId":null,"presetVersion":null,"provider":null,"providerContactPhone":null,"providerContactEmail":null,"providerContactLink":null,"uniqueName":null,"providerPrivacyPolicyUrl":null,"providerLegalNoticeUrl":null,"codeOptIn":null,"codeOptOut":null,"codeOnPageLoad":null,"language_code":null,"shopengine_template__post_meta__type":null,"shopengine_template__post_meta":null,"shopengine_template__post_meta__edit_with":null,"origin":null,"_enabled":null,"_filters":null,"_layout":null,"_elementor_import_session_id":null,"_wp_trash_meta_status":null,"_wp_trash_meta_time":null,"_edit_lock":"1743599198:2","_elementor_floating_elements_type":null,"_elementor_edit_mode":null,"_elementor_template_type":null,"tc-thumb-fld":{"_thumb_id":4907,"_thumb_type":"thumb"},"_wp_page_template":"default","_elementor_version":null,"_elementor_pro_version":null,"_elementor_page_settings":null,"_elementor_data":null,"_elementor_conditions":null,"_elementor_popup_display_settings":null,"_edit_last":"2","_elementor_template_sub_type":null,"_elementor_controls_usage":null,"_elementor_screenshot":null,"_elementor_css":null,"_elementor_page_assets":[],"_elementor_element_cache":null,"_elementor_screenshot_failed":null,"_elementor_source":null,"_wp_old_date":null,"layout_key":"","post_slider_check_key":"0","_links":{"self":[{"href":"https:\/\/snoeck.de\/es\/wp-json\/wp\/v2\/product\/3492","targetHints":{"allow":["GET"]}}],"collection":[{"href":"https:\/\/snoeck.de\/es\/wp-json\/wp\/v2\/product"}],"about":[{"href":"https:\/\/snoeck.de\/es\/wp-json\/wp\/v2\/types\/product"}],"wp:featuredmedia":[{"embeddable":true,"href":"https:\/\/snoeck.de\/es\/wp-json\/wp\/v2\/media\/4907"}],"wp:attachment":[{"href":"https:\/\/snoeck.de\/es\/wp-json\/wp\/v2\/media?parent=3492"}],"wp:term":[{"taxonomy":"product_brand","embeddable":true,"href":"https:\/\/snoeck.de\/es\/wp-json\/wp\/v2\/product_brand?post=3492"},{"taxonomy":"product_cat","embeddable":true,"href":"https:\/\/snoeck.de\/es\/wp-json\/wp\/v2\/product_cat?post=3492"},{"taxonomy":"product_tag","embeddable":true,"href":"https:\/\/snoeck.de\/es\/wp-json\/wp\/v2\/product_tag?post=3492"}],"curies":[{"name":"wp","href":"https:\/\/api.w.org\/{rel}","templated":true}]}}