{"id":3493,"date":"2025-01-31T11:29:39","date_gmt":"2025-01-31T11:29:39","guid":{"rendered":"https:\/\/snoeck.process-vision.de\/shop\/bodycheck-martin-kippenberger-maria-lassnig\/"},"modified":"2025-04-02T13:00:04","modified_gmt":"2025-04-02T13:00:04","slug":"bodycheck-martin-kippenberger-maria-lassnig","status":"publish","type":"product","link":"https:\/\/snoeck.de\/es\/shop\/bodycheck-martin-kippenberger-maria-lassnig\/","title":{"rendered":"Bodycheck - Martin Kippenberger - Maria Lassnig"},"content":{"rendered":"<h3>El yo, el propio cuerpo<\/h3>\n<p>Bajo el t\u00edtulo BODYCHECK, se muestran dos grandes personalidades art\u00edsticas de finales del siglo XX que, en la era de la abstracci\u00f3n pict\u00f3rica y la emergente \"correcci\u00f3n pol\u00edtica\", entendieron el trabajo art\u00edstico con el cuerpo como una puesta en escena grotesca del cuerpo femenino y masculino como una teatralidad del cuerpo y los miembros, as\u00ed como de la cabeza y los ojos. Maria Lassnig (1919-2014) revisit\u00f3 repetidamente este discurso humor\u00edsticamente grotesco como medio autoir\u00f3nico de expresi\u00f3n art\u00edstica y arma feminista en sus pinturas a lo largo de las d\u00e9cadas, present\u00e1ndose a s\u00ed misma como un torso, como un animal con pr\u00f3tesis y en permanente metamorfosis org\u00e1nica. Las pinturas, esculturas y dibujos de Martin Kippenberger (1953-1997) est\u00e1n constantemente apuntalados por un enigm\u00e1tico grotesco, en el que el humor c\u00f3mico y abismal son el medio de expresi\u00f3n de una dolorosa, incluso tr\u00e1gica experiencia del mundo, en la que \"nadie ayuda a nadie\". El yo, el propio cuerpo, est\u00e1 aleg\u00f3ricamente enredado o fragmentado en artefactos y construcciones ling\u00fc\u00edsticas. La salvaci\u00f3n sigue siendo una utop\u00eda. Lassnig y Kippenberger nunca se conocieron, pero la proximidad en la elecci\u00f3n de sus motivos es asombrosa. Es muy probable que Kippenberger viera las exposiciones de Lassnig (D\u00fcsseldorf 1985) y, a la inversa, es muy evidente que el artista austriaco se comprometi\u00f3 con su obra despu\u00e9s de su temprana muerte. La exposici\u00f3n, que s\u00f3lo puede verse en Bolzano, y el libro yuxtaponen im\u00e1genes corporales de ambos artistas de dos d\u00e9cadas y ofrecen as\u00ed una visi\u00f3n de la comprensi\u00f3n de los roles espec\u00edficos de cada g\u00e9nero en el arte de finales del siglo XX.<\/p>\n<p>Exposici\u00f3n:<br \/>\nMuseion Bolzano, 3\/2 - 6\/5\/2018<br \/>\nLenbachhaus M\u00fanich, 21\/5 - 15\/9\/2019<\/p>","protected":false},"excerpt":{"rendered":"<p>Cat\u00e1logo de la exposici\u00f3n, Museion Bolzano, editado por Veith Loers<br \/>\nTextos (alem\u00e1n\/ingl\u00e9s\/italiano) de Kristy Bell, Anna Fricke, Veit Loers, Peter Pakesch<br \/>\n176 p. con 137 ilustraciones en color<br \/>\nFormato 28 x 22 cm, tapa blanda<\/p>","protected":false},"featured_media":4908,"template":"","meta":[],"product_brand":[],"product_cat":[111,59,68,69],"product_tag":[],"class_list":{"0":"post-3493","1":"product","2":"type-product","3":"status-publish","4":"has-post-thumbnail","6":"product_cat-111","7":"product_cat-b","8":"product_cat-k","9":"product_cat-l","11":"first","12":"instock","13":"taxable","14":"shipping-taxable","15":"purchasable","16":"product-type-simple"},"aioseo_notices":[],"_wp_attached_file":null,"_wp_attachment_metadata":null,"_wc_attachment_source":null,"_elementor_inline_svg":null,"_elementor_is_screenshot":null,"_elementor_source_image_hash":null,"_source_url":null,"_wp_attachment_context":null,"_menu_item_type":null,"_menu_item_menu_item_parent":null,"_menu_item_object_id":null,"_menu_item_object":null,"_menu_item_target":null,"_menu_item_classes":null,"_menu_item_xfn":null,"_menu_item_url":null,"__elementor_forms_snapshot":null,"_unit":"","_unit_base":"","_unit_product":"","_unit_price_auto":"no","_unit_price_regular":"","_unit_price":"","_unit_price_sale":"","_sale_price_label":"","_sale_price_regular_label":"","_manufacturer_slug":"","_mini_desc":"","_defect_description":"","_safety_instructions":"","_allergen_ids":[],"_warranty_attachment_id":"","_safety_attachment_ids":[],"_min_age":"","_ts_gtin":"","_ts_mpn":"","_delivery_time_countries":[],"_free_shipping":"no","_service":"no","_photovoltaic_system":"no","_used_good":"no","_defective_copy":"no","_wireless_electronic_device":"no","_device_contains_power_supply":"no","_device_charging_supports_usb_pd":"no","_device_charging_watt_min":"0","_device_charging_watt_max":"0","_is_food":"no","_differential_taxation":"no","_gzd_version":"3.18.7","_hs_code":"","_customs_description":"","_manufacture_country":"0","_is_non_returnable":"no","_shipping_length":"","_shipping_width":"","_shipping_height":"","_sku":"ISBN 978-3-86442-234-8","_global_unique_id":"978-3-86442-234-8","_regular_price":"36","total_sales":"0","_tax_status":"taxable","_tax_class":"","_manage_stock":"no","_backorders":"no","_sold_individually":"no","_weight":"1","_virtual":"no","_downloadable":"no","_download_limit":"-1","_download_expiry":"-1","_stock":"","_stock_status":"instock","_wc_average_rating":"0","_wc_review_count":"0","_product_version":"9.7.1","_price":"36","shopengine_product_views_count":"3262","_thumbnail_id":"4908","_product_attributes":{"erscheinungsdatum":{"name":"Fecha de publicaci\u00f3n","value":"18.03.2018","position":0,"is_visible":1,"is_variation":0,"is_taxonomy":0,"checkout_visible":0}},"_nutrient_ids":[],"_upsell_ids":null,"pswc_subtitle":null,"_default_delivery_time":null,"_wp_desired_post_slug":null,"_isbn":null,"pageType":null,"isExternalUrl":null,"pageId":null,"externalUrl":null,"hideCookieBanner":null,"isTargetBlank":null,"isProviderCurrentWebsite":null,"isEmbeddingOnlyExternalResources":null,"legalBasis":null,"dataProcessingInCountries":null,"dataProcessingInCountriesSpecialTreatments":null,"technicalDefinitions":null,"googleConsentModeConsentTypes":null,"executePriority":null,"executeCodeOptInWhenNoTagManagerConsentIsGiven":null,"executeCodeOptOutWhenNoTagManagerConsentIsGiven":null,"deleteTechnicalDefinitionsAfterOptOut":null,"presetId":null,"presetVersion":null,"provider":null,"providerContactPhone":null,"providerContactEmail":null,"providerContactLink":null,"uniqueName":null,"providerPrivacyPolicyUrl":null,"providerLegalNoticeUrl":null,"codeOptIn":null,"codeOptOut":null,"codeOnPageLoad":null,"language_code":null,"shopengine_template__post_meta__type":null,"shopengine_template__post_meta":null,"shopengine_template__post_meta__edit_with":null,"origin":null,"_enabled":null,"_filters":null,"_layout":null,"_elementor_import_session_id":null,"_wp_trash_meta_status":null,"_wp_trash_meta_time":null,"_edit_lock":"1743598665:2","_elementor_floating_elements_type":null,"_elementor_edit_mode":null,"_elementor_template_type":null,"tc-thumb-fld":{"_thumb_id":4908,"_thumb_type":"thumb"},"_wp_page_template":"default","_elementor_version":null,"_elementor_pro_version":null,"_elementor_page_settings":null,"_elementor_data":null,"_elementor_conditions":null,"_elementor_popup_display_settings":null,"_edit_last":"2","_elementor_template_sub_type":null,"_elementor_controls_usage":null,"_elementor_screenshot":null,"_elementor_css":null,"_elementor_page_assets":[],"_elementor_element_cache":null,"_elementor_screenshot_failed":null,"_elementor_source":null,"_wp_old_date":null,"layout_key":"","post_slider_check_key":"0","_links":{"self":[{"href":"https:\/\/snoeck.de\/es\/wp-json\/wp\/v2\/product\/3493","targetHints":{"allow":["GET"]}}],"collection":[{"href":"https:\/\/snoeck.de\/es\/wp-json\/wp\/v2\/product"}],"about":[{"href":"https:\/\/snoeck.de\/es\/wp-json\/wp\/v2\/types\/product"}],"wp:featuredmedia":[{"embeddable":true,"href":"https:\/\/snoeck.de\/es\/wp-json\/wp\/v2\/media\/4908"}],"wp:attachment":[{"href":"https:\/\/snoeck.de\/es\/wp-json\/wp\/v2\/media?parent=3493"}],"wp:term":[{"taxonomy":"product_brand","embeddable":true,"href":"https:\/\/snoeck.de\/es\/wp-json\/wp\/v2\/product_brand?post=3493"},{"taxonomy":"product_cat","embeddable":true,"href":"https:\/\/snoeck.de\/es\/wp-json\/wp\/v2\/product_cat?post=3493"},{"taxonomy":"product_tag","embeddable":true,"href":"https:\/\/snoeck.de\/es\/wp-json\/wp\/v2\/product_tag?post=3493"}],"curies":[{"name":"wp","href":"https:\/\/api.w.org\/{rel}","templated":true}]}}