{"id":3494,"date":"2025-01-31T11:29:40","date_gmt":"2025-01-31T11:29:40","guid":{"rendered":"https:\/\/snoeck.process-vision.de\/shop\/monica-bonvicini\/"},"modified":"2025-04-02T12:53:11","modified_gmt":"2025-04-02T12:53:11","slug":"monica-bonvicini","status":"publish","type":"product","link":"https:\/\/snoeck.de\/es\/shop\/monica-bonvicini\/","title":{"rendered":"Monica Bonvicini"},"content":{"rendered":"<h3>Poder G\u00e9nero Espacio<\/h3>\n<p>Monica Bonvicini ha creado una obra multicapa de instalaciones, esculturas y dibujos reconocida internacionalmente, por la que fue galardonada con el Le\u00f3n de Oro de la Bienal de Venecia en 1999 y, en 2020, con el Premio Oskar Kokoschka de Viena. Este volumen presenta ahora dos series actuales de dibujos: Una contin\u00faa la serie \"Huracanes y otras cat\u00e1strofes\", iniciada en 2006 con motivo de la devastaci\u00f3n causada por el hurac\u00e1n Katrina, y ampl\u00eda la visi\u00f3n, centrada inicialmente en la repentina destrucci\u00f3n causada por el hurac\u00e1n en Nueva Orleans, para incluir vistas de casas que muestran da\u00f1os debidos al cambio clim\u00e1tico a largo plazo. La segunda serie -creada durante el encierro- da paso a paisajes de color gris oscuro y rosa dominados por vallas, cadenas y l\u00edneas de texto. Estas \u00faltimas contrastan con los fondos suaves y parecen asombrosamente reales y presentes. Monica Bonvicini ha pintado con aerosol palabras que originalmente proced\u00edan de Roland Barthes, Judith Butler, Natalie Diaz, Soraya Chemaly o Andrea Dworkin, aunque retorcidas, acortadas o alteradas de otro modo, creando una dimensi\u00f3n po\u00e9tica completamente nueva: \"Weep Me Crude\", \"Power Joy Humour &amp; Resistance\", \"I Never Tire\", etc.<\/p>\n<p>Exposici\u00f3n:<br \/>\nKunsthalle Bielefeld, Material para amantes, 10\/10\/2020 - 30\/5\/2021<\/p>","protected":false},"excerpt":{"rendered":"<p>Cat\u00e1logo de la exposici\u00f3n, Kunsthalle Bielefeld, editado por Christina V\u00e9gh<br \/>\nTextos (alem\u00e1n\/ingl\u00e9s) de Colin Lang, Christina V\u00e9gh<br \/>\n224 p. con 100 ilustraciones en color<br \/>\nFormato 31,5 x 24 cm, folleto desplegable<\/p>","protected":false},"featured_media":4909,"template":"","meta":[],"product_brand":[],"product_cat":[85,59],"product_tag":[],"class_list":{"0":"post-3494","1":"product","2":"type-product","3":"status-publish","4":"has-post-thumbnail","6":"product_cat-85","7":"product_cat-b","9":"first","10":"instock","11":"taxable","12":"shipping-taxable","13":"purchasable","14":"product-type-simple"},"aioseo_notices":[],"_wp_attached_file":null,"_wp_attachment_metadata":null,"_wc_attachment_source":null,"_elementor_inline_svg":null,"_elementor_is_screenshot":null,"_elementor_source_image_hash":null,"_source_url":null,"_wp_attachment_context":null,"_menu_item_type":null,"_menu_item_menu_item_parent":null,"_menu_item_object_id":null,"_menu_item_object":null,"_menu_item_target":null,"_menu_item_classes":null,"_menu_item_xfn":null,"_menu_item_url":null,"__elementor_forms_snapshot":null,"_unit":"","_unit_base":"","_unit_product":"","_unit_price_auto":"no","_unit_price_regular":"","_unit_price":"","_unit_price_sale":"","_sale_price_label":"","_sale_price_regular_label":"","_manufacturer_slug":"","_mini_desc":"","_defect_description":"","_safety_instructions":"","_allergen_ids":[],"_warranty_attachment_id":"","_safety_attachment_ids":[],"_min_age":"","_ts_gtin":"","_ts_mpn":"","_delivery_time_countries":[],"_free_shipping":"no","_service":"no","_photovoltaic_system":"no","_used_good":"no","_defective_copy":"no","_wireless_electronic_device":"no","_device_contains_power_supply":"no","_device_charging_supports_usb_pd":"no","_device_charging_watt_min":"0","_device_charging_watt_max":"0","_is_food":"no","_differential_taxation":"no","_gzd_version":"3.18.7","_hs_code":"","_customs_description":"","_manufacture_country":"0","_is_non_returnable":"no","_shipping_length":"","_shipping_width":"","_shipping_height":"","_sku":"ISBN 978-3-86442-336-9","_global_unique_id":"978-3-86442-336-9","_regular_price":"48","total_sales":"0","_tax_status":"taxable","_tax_class":"","_manage_stock":"no","_backorders":"no","_sold_individually":"no","_weight":"2","_virtual":"no","_downloadable":"no","_download_limit":"-1","_download_expiry":"-1","_stock":"","_stock_status":"instock","_wc_average_rating":"0","_wc_review_count":"0","_product_version":"9.7.1","_price":"48","shopengine_product_views_count":"3396","_thumbnail_id":"4909","_product_attributes":{"erscheinungsdatum":{"name":"Fecha de publicaci\u00f3n","value":"08.02.2021","position":0,"is_visible":1,"is_variation":0,"is_taxonomy":0,"checkout_visible":0}},"_nutrient_ids":[],"_upsell_ids":null,"pswc_subtitle":null,"_default_delivery_time":null,"_wp_desired_post_slug":null,"_isbn":null,"pageType":null,"isExternalUrl":null,"pageId":null,"externalUrl":null,"hideCookieBanner":null,"isTargetBlank":null,"isProviderCurrentWebsite":null,"isEmbeddingOnlyExternalResources":null,"legalBasis":null,"dataProcessingInCountries":null,"dataProcessingInCountriesSpecialTreatments":null,"technicalDefinitions":null,"googleConsentModeConsentTypes":null,"executePriority":null,"executeCodeOptInWhenNoTagManagerConsentIsGiven":null,"executeCodeOptOutWhenNoTagManagerConsentIsGiven":null,"deleteTechnicalDefinitionsAfterOptOut":null,"presetId":null,"presetVersion":null,"provider":null,"providerContactPhone":null,"providerContactEmail":null,"providerContactLink":null,"uniqueName":null,"providerPrivacyPolicyUrl":null,"providerLegalNoticeUrl":null,"codeOptIn":null,"codeOptOut":null,"codeOnPageLoad":null,"language_code":null,"shopengine_template__post_meta__type":null,"shopengine_template__post_meta":null,"shopengine_template__post_meta__edit_with":null,"origin":null,"_enabled":null,"_filters":null,"_layout":null,"_elementor_import_session_id":null,"_wp_trash_meta_status":null,"_wp_trash_meta_time":null,"_edit_lock":"1743598251:2","_elementor_floating_elements_type":null,"_elementor_edit_mode":null,"_elementor_template_type":null,"tc-thumb-fld":{"_thumb_id":4909,"_thumb_type":"thumb"},"_wp_page_template":"default","_elementor_version":null,"_elementor_pro_version":null,"_elementor_page_settings":null,"_elementor_data":null,"_elementor_conditions":null,"_elementor_popup_display_settings":null,"_edit_last":"2","_elementor_template_sub_type":null,"_elementor_controls_usage":null,"_elementor_screenshot":null,"_elementor_css":null,"_elementor_page_assets":[],"_elementor_element_cache":null,"_elementor_screenshot_failed":null,"_elementor_source":null,"_wp_old_date":null,"layout_key":"","post_slider_check_key":"0","_links":{"self":[{"href":"https:\/\/snoeck.de\/es\/wp-json\/wp\/v2\/product\/3494","targetHints":{"allow":["GET"]}}],"collection":[{"href":"https:\/\/snoeck.de\/es\/wp-json\/wp\/v2\/product"}],"about":[{"href":"https:\/\/snoeck.de\/es\/wp-json\/wp\/v2\/types\/product"}],"wp:featuredmedia":[{"embeddable":true,"href":"https:\/\/snoeck.de\/es\/wp-json\/wp\/v2\/media\/4909"}],"wp:attachment":[{"href":"https:\/\/snoeck.de\/es\/wp-json\/wp\/v2\/media?parent=3494"}],"wp:term":[{"taxonomy":"product_brand","embeddable":true,"href":"https:\/\/snoeck.de\/es\/wp-json\/wp\/v2\/product_brand?post=3494"},{"taxonomy":"product_cat","embeddable":true,"href":"https:\/\/snoeck.de\/es\/wp-json\/wp\/v2\/product_cat?post=3494"},{"taxonomy":"product_tag","embeddable":true,"href":"https:\/\/snoeck.de\/es\/wp-json\/wp\/v2\/product_tag?post=3494"}],"curies":[{"name":"wp","href":"https:\/\/api.w.org\/{rel}","templated":true}]}}