{"id":3495,"date":"2025-01-31T11:29:40","date_gmt":"2025-01-31T11:29:40","guid":{"rendered":"https:\/\/snoeck.process-vision.de\/shop\/tanja-boukal-haben-sie-auch-so-schoene-motive\/"},"modified":"2025-04-02T12:58:23","modified_gmt":"2025-04-02T12:58:23","slug":"tanja-boukal-haben-sie-auch-so-schoene-motive","status":"publish","type":"product","link":"https:\/\/snoeck.de\/es\/shop\/tanja-boukal-haben-sie-auch-so-schoene-motive\/","title":{"rendered":"Tanja Boukal: \u00bfUsted tambi\u00e9n tiene motivos tan bonitos?"},"content":{"rendered":"<h3>De levantamientos y huidas<\/h3>\n<p>Las obras de Tanja Boukal (*1976) se centran en las personas y sus interacciones en contextos sociales. A la artista no le interesa la impresi\u00f3n externa que suelen dar las personas, sino de qu\u00e9 son capaces cuando se enfrentan a situaciones extraordinarias: \u00bfC\u00f3mo llegan a soluciones, qu\u00e9 estrategias siguen y, por \u00faltimo pero no menos importante, cu\u00e1nta fuerza de voluntad tienen que reunir para lograr sus objetivos? Y: \u00bfes esto tambi\u00e9n parte de su alegr\u00eda de vivir, persiguen su felicidad en solitario o la buscan junto con los dem\u00e1s? Para Tanja Boukal, todo empieza con el concepto de dignidad humana; en su trabajo, se centra en personas que de otro modo permanecer\u00edan en la sombra. A menudo se trata de mujeres que combinan la artesan\u00eda tradicional con la creatividad y el entusiasmo por la vida. Tanja Boukal quiere dar a la gente espacio para sus actividades de este tipo, que sean recordadas por el espectador creando algo significativo; pero las propias personas retratadas tambi\u00e9n se benefician en su autoimagen contribuyendo al arte de Tanja Boukal - una situaci\u00f3n humanista en la que todos ganan y que en este caso realmente merece su nombre.<\/p>\n<p>Exposiciones:<br \/>\nGaler\u00eda Allerart Remise, Bludenz, 12\/11 - 30\/12\/2021<br \/>\nCasa de las Artes de Brno, Brno, 24\/11\/2021 - 6\/3\/2022<\/p>","protected":false},"excerpt":{"rendered":"<p>Texto (alem\u00e1n\/ingl\u00e9s) de Tina Teufel y conversaci\u00f3n entre Tanja Boukal y Sandrine Wyman<br \/>\n208 p. con 350 ilustraciones en color<br \/>\nFormato 28,5 x 24,5 cm, tapa dura<\/p>","protected":false},"featured_media":4910,"template":"","meta":[],"product_brand":[],"product_cat":[85,59],"product_tag":[],"class_list":{"0":"post-3495","1":"product","2":"type-product","3":"status-publish","4":"has-post-thumbnail","6":"product_cat-85","7":"product_cat-b","9":"first","10":"instock","11":"taxable","12":"shipping-taxable","13":"purchasable","14":"product-type-simple"},"aioseo_notices":[],"_wp_attached_file":null,"_wp_attachment_metadata":null,"_wc_attachment_source":null,"_elementor_inline_svg":null,"_elementor_is_screenshot":null,"_elementor_source_image_hash":null,"_source_url":null,"_wp_attachment_context":null,"_menu_item_type":null,"_menu_item_menu_item_parent":null,"_menu_item_object_id":null,"_menu_item_object":null,"_menu_item_target":null,"_menu_item_classes":null,"_menu_item_xfn":null,"_menu_item_url":null,"__elementor_forms_snapshot":null,"_unit":"","_unit_base":"","_unit_product":"","_unit_price_auto":"no","_unit_price_regular":"","_unit_price":"","_unit_price_sale":"","_sale_price_label":"","_sale_price_regular_label":"","_manufacturer_slug":"","_mini_desc":"","_defect_description":"","_safety_instructions":"","_allergen_ids":[],"_warranty_attachment_id":"","_safety_attachment_ids":[],"_min_age":"","_ts_gtin":"","_ts_mpn":"","_delivery_time_countries":[],"_free_shipping":"no","_service":"no","_photovoltaic_system":"no","_used_good":"no","_defective_copy":"no","_wireless_electronic_device":"no","_device_contains_power_supply":"no","_device_charging_supports_usb_pd":"no","_device_charging_watt_min":"0","_device_charging_watt_max":"0","_is_food":"no","_differential_taxation":"no","_gzd_version":"3.18.7","_hs_code":"","_customs_description":"","_manufacture_country":"0","_is_non_returnable":"no","_shipping_length":"","_shipping_width":"","_shipping_height":"","_sku":"ISBN 978-3-86442-368-0","_global_unique_id":"978-3-86442-368-0","_regular_price":"48","total_sales":"0","_tax_status":"taxable","_tax_class":"","_manage_stock":"no","_backorders":"no","_sold_individually":"no","_weight":"2","_virtual":"no","_downloadable":"no","_download_limit":"-1","_download_expiry":"-1","_stock":"","_stock_status":"instock","_wc_average_rating":"0","_wc_review_count":"0","_product_version":"9.7.1","_price":"48","shopengine_product_views_count":"2141","_thumbnail_id":"4910","_product_attributes":{"erscheinungsdatum":{"name":"Erscheinungsdatum","value":"09.11.2021","position":0,"is_visible":1,"is_variation":0,"is_taxonomy":0,"checkout_visible":0}},"_nutrient_ids":[],"_upsell_ids":null,"pswc_subtitle":null,"_default_delivery_time":null,"_wp_desired_post_slug":null,"_isbn":null,"pageType":null,"isExternalUrl":null,"pageId":null,"externalUrl":null,"hideCookieBanner":null,"isTargetBlank":null,"isProviderCurrentWebsite":null,"isEmbeddingOnlyExternalResources":null,"legalBasis":null,"dataProcessingInCountries":null,"dataProcessingInCountriesSpecialTreatments":null,"technicalDefinitions":null,"googleConsentModeConsentTypes":null,"executePriority":null,"executeCodeOptInWhenNoTagManagerConsentIsGiven":null,"executeCodeOptOutWhenNoTagManagerConsentIsGiven":null,"deleteTechnicalDefinitionsAfterOptOut":null,"presetId":null,"presetVersion":null,"provider":null,"providerContactPhone":null,"providerContactEmail":null,"providerContactLink":null,"uniqueName":null,"providerPrivacyPolicyUrl":null,"providerLegalNoticeUrl":null,"codeOptIn":null,"codeOptOut":null,"codeOnPageLoad":null,"language_code":null,"shopengine_template__post_meta__type":null,"shopengine_template__post_meta":null,"shopengine_template__post_meta__edit_with":null,"origin":null,"_enabled":null,"_filters":null,"_layout":null,"_elementor_import_session_id":null,"_wp_trash_meta_status":null,"_wp_trash_meta_time":null,"_edit_lock":"1743598703:2","_elementor_floating_elements_type":null,"_elementor_edit_mode":null,"_elementor_template_type":null,"tc-thumb-fld":{"_thumb_id":4910,"_thumb_type":"thumb"},"_wp_page_template":"default","_elementor_version":null,"_elementor_pro_version":null,"_elementor_page_settings":null,"_elementor_data":null,"_elementor_conditions":null,"_elementor_popup_display_settings":null,"_edit_last":"2","_elementor_template_sub_type":null,"_elementor_controls_usage":null,"_elementor_screenshot":null,"_elementor_css":null,"_elementor_page_assets":[],"_elementor_element_cache":null,"_elementor_screenshot_failed":null,"_elementor_source":null,"_wp_old_date":null,"layout_key":"","post_slider_check_key":"0","_links":{"self":[{"href":"https:\/\/snoeck.de\/es\/wp-json\/wp\/v2\/product\/3495","targetHints":{"allow":["GET"]}}],"collection":[{"href":"https:\/\/snoeck.de\/es\/wp-json\/wp\/v2\/product"}],"about":[{"href":"https:\/\/snoeck.de\/es\/wp-json\/wp\/v2\/types\/product"}],"wp:featuredmedia":[{"embeddable":true,"href":"https:\/\/snoeck.de\/es\/wp-json\/wp\/v2\/media\/4910"}],"wp:attachment":[{"href":"https:\/\/snoeck.de\/es\/wp-json\/wp\/v2\/media?parent=3495"}],"wp:term":[{"taxonomy":"product_brand","embeddable":true,"href":"https:\/\/snoeck.de\/es\/wp-json\/wp\/v2\/product_brand?post=3495"},{"taxonomy":"product_cat","embeddable":true,"href":"https:\/\/snoeck.de\/es\/wp-json\/wp\/v2\/product_cat?post=3495"},{"taxonomy":"product_tag","embeddable":true,"href":"https:\/\/snoeck.de\/es\/wp-json\/wp\/v2\/product_tag?post=3495"}],"curies":[{"name":"wp","href":"https:\/\/api.w.org\/{rel}","templated":true}]}}