{"id":3496,"date":"2025-01-31T11:29:41","date_gmt":"2025-01-31T11:29:41","guid":{"rendered":"https:\/\/snoeck.process-vision.de\/shop\/martin-boyce\/"},"modified":"2026-04-08T14:17:56","modified_gmt":"2026-04-08T13:17:56","slug":"martin-boyce","status":"publish","type":"product","link":"https:\/\/snoeck.de\/es\/shop\/martin-boyce\/","title":{"rendered":"Martin Boyce"},"content":{"rendered":"<h3>Premio Turner 2011<\/h3>\n<p>\u00bfPueden so\u00f1ar mis esculturas? Por sorprendente que pueda parecer esta pregunta, Martin Boyce va m\u00e1s all\u00e1: \"si las esculturas, como los replicantes de la pel\u00edcula Blade Runner, est\u00e1n dotadas de inteligencia artificial o si se les da vida propia a trav\u00e9s de su concepci\u00f3n y realizaci\u00f3n\". Tales preguntas nos conducen al centro de una sorprendente obra escult\u00f3rica que Martin Boyce, nacido en Glasgow en 1967 y que a\u00fan vive all\u00ed, desarrolla desde 2005 a partir de un alfabeto c\u00fabico de formas pentagonales para un sistema modular ampliamente ramificado. Martin Boyce desarroll\u00f3 las formas que componen las pantallas de las l\u00e1mparas, as\u00ed como esculturas de suelo, esculturas de exterior y cabinas telef\u00f3nicas, tras encontrar accidentalmente una foto de 1925 de una escultura de hormig\u00f3n en forma de \u00e1rbol de los hermanos Jo\u00ebl y Jan Martel: \"Coloqu\u00e9 formas cortadas en plano sobre la mesa y di con un patr\u00f3n lineal basado en la estructura b\u00e1sica de los \u00e1rboles. Poco a poco, empec\u00e9 a leer letras a partir de las l\u00edneas recurrentes\". Y no es s\u00f3lo esta regularidad la que subyace en sus obras y a la que se puede atribuir el \u00e9xito de Martin Boyce con sus inconfundibles esculturas; con su instalaci\u00f3n de 2009 en un pabell\u00f3n veneciano de la Bienal de Venecia, por ejemplo, tambi\u00e9n consigue crear una imbricaci\u00f3n casi simbi\u00f3tica de espacio interior y exterior, escultura abstracta y naturaleza que no puede pasar desapercibida para un p\u00fablico amplio. As\u00ed que es muy posible que Martin Boyce deba el Premio Turner 2011, en primer lugar, a un enfoque tan conmovedor de su obra.<\/p>\n<p>Exposici\u00f3n:<br \/>\nCentro B\u00e1ltico de Arte Contempor\u00e1neo, Gateshead, 21\/10\/2011 - 8\/1\/2012<\/p>","protected":false},"excerpt":{"rendered":"<p>Cat\u00e1logo de la exposici\u00f3n, publicado para la Colecci\u00f3n de Arte Daimler, por Renate Wiehager y Christian Ganzenberg<br \/>\nTexto (alem\u00e1n\/ingl\u00e9s) de Renate Wiehager y entrevista con el artista por Christian Ganzenberg<br \/>\n80 p. con 40 ilustraciones en color<br \/>\nFormato 19 x 25 cm, lino con t\u00edtulo y lomo en relieve<\/p>","protected":false},"featured_media":4911,"template":"","meta":[],"product_brand":[],"product_cat":[95],"product_tag":[],"class_list":{"0":"post-3496","1":"product","2":"type-product","3":"status-publish","4":"has-post-thumbnail","6":"product_cat-vergriffen","8":"first","9":"outofstock","10":"taxable","11":"shipping-taxable","12":"product-type-simple"},"aioseo_notices":[],"_wp_attached_file":null,"_wp_attachment_metadata":null,"_wc_attachment_source":null,"_elementor_inline_svg":null,"_elementor_is_screenshot":null,"_elementor_source_image_hash":null,"_source_url":null,"_wp_attachment_context":null,"_menu_item_type":null,"_menu_item_menu_item_parent":null,"_menu_item_object_id":null,"_menu_item_object":null,"_menu_item_target":null,"_menu_item_classes":null,"_menu_item_xfn":null,"_menu_item_url":null,"__elementor_forms_snapshot":null,"_unit":"","_unit_base":"","_unit_product":"","_unit_price_auto":"no","_unit_price_regular":"","_unit_price":"","_unit_price_sale":"","_sale_price_label":"","_sale_price_regular_label":"","_manufacturer_slug":"","_mini_desc":"","_defect_description":"","_safety_instructions":"","_allergen_ids":[],"_warranty_attachment_id":"","_safety_attachment_ids":[],"_min_age":"","_ts_gtin":"","_ts_mpn":"","_delivery_time_countries":[],"_free_shipping":"no","_service":"no","_photovoltaic_system":"no","_used_good":"no","_defective_copy":"no","_wireless_electronic_device":"no","_device_contains_power_supply":"no","_device_charging_supports_usb_pd":"no","_device_charging_watt_min":"0","_device_charging_watt_max":"0","_is_food":"no","_differential_taxation":"no","_gzd_version":"3.18.7","_hs_code":"","_customs_description":"","_manufacture_country":"0","_is_non_returnable":"no","_shipping_length":"","_shipping_width":"","_shipping_height":"","_sku":"ISBN 978-3-86442-005-4","_global_unique_id":"978-3-86442-005-4","_regular_price":null,"total_sales":"0","_tax_status":"taxable","_tax_class":"","_manage_stock":"no","_backorders":"no","_sold_individually":"no","_weight":"1","_virtual":"no","_downloadable":"no","_download_limit":"-1","_download_expiry":"-1","_stock":"","_stock_status":"outofstock","_wc_average_rating":"0","_wc_review_count":"0","_product_version":"10.1.4","_price":"","shopengine_product_views_count":"2723","_thumbnail_id":"4911","_product_attributes":{"erscheinungsdatum":{"name":"Fecha de publicaci\u00f3n","value":"20.01.2012","position":0,"is_visible":1,"is_variation":0,"is_taxonomy":0,"checkout_visible":0}},"_nutrient_ids":[],"_upsell_ids":null,"pswc_subtitle":null,"_default_delivery_time":null,"_wp_desired_post_slug":null,"_isbn":null,"pageType":null,"isExternalUrl":null,"pageId":null,"externalUrl":null,"hideCookieBanner":null,"isTargetBlank":null,"isProviderCurrentWebsite":null,"isEmbeddingOnlyExternalResources":null,"legalBasis":null,"dataProcessingInCountries":null,"dataProcessingInCountriesSpecialTreatments":null,"technicalDefinitions":null,"googleConsentModeConsentTypes":null,"executePriority":null,"executeCodeOptInWhenNoTagManagerConsentIsGiven":null,"executeCodeOptOutWhenNoTagManagerConsentIsGiven":null,"deleteTechnicalDefinitionsAfterOptOut":null,"presetId":null,"presetVersion":null,"provider":null,"providerContactPhone":null,"providerContactEmail":null,"providerContactLink":null,"uniqueName":null,"providerPrivacyPolicyUrl":null,"providerLegalNoticeUrl":null,"codeOptIn":null,"codeOptOut":null,"codeOnPageLoad":null,"language_code":null,"shopengine_template__post_meta__type":null,"shopengine_template__post_meta":null,"shopengine_template__post_meta__edit_with":null,"origin":null,"_enabled":null,"_filters":null,"_layout":null,"_elementor_import_session_id":null,"_wp_trash_meta_status":null,"_wp_trash_meta_time":null,"_edit_lock":"1743598126:2","_elementor_floating_elements_type":null,"_elementor_edit_mode":null,"_elementor_template_type":null,"tc-thumb-fld":{"_thumb_id":4911,"_thumb_type":"thumb"},"_wp_page_template":"default","_elementor_version":null,"_elementor_pro_version":null,"_elementor_page_settings":null,"_elementor_data":null,"_elementor_conditions":null,"_elementor_popup_display_settings":null,"_edit_last":"2","_elementor_template_sub_type":null,"_elementor_controls_usage":null,"_elementor_screenshot":null,"_elementor_css":null,"_elementor_page_assets":[],"_elementor_element_cache":null,"_elementor_screenshot_failed":null,"_elementor_source":null,"_wp_old_date":null,"layout_key":"","post_slider_check_key":"0","_links":{"self":[{"href":"https:\/\/snoeck.de\/es\/wp-json\/wp\/v2\/product\/3496","targetHints":{"allow":["GET"]}}],"collection":[{"href":"https:\/\/snoeck.de\/es\/wp-json\/wp\/v2\/product"}],"about":[{"href":"https:\/\/snoeck.de\/es\/wp-json\/wp\/v2\/types\/product"}],"wp:featuredmedia":[{"embeddable":true,"href":"https:\/\/snoeck.de\/es\/wp-json\/wp\/v2\/media\/4911"}],"wp:attachment":[{"href":"https:\/\/snoeck.de\/es\/wp-json\/wp\/v2\/media?parent=3496"}],"wp:term":[{"taxonomy":"product_brand","embeddable":true,"href":"https:\/\/snoeck.de\/es\/wp-json\/wp\/v2\/product_brand?post=3496"},{"taxonomy":"product_cat","embeddable":true,"href":"https:\/\/snoeck.de\/es\/wp-json\/wp\/v2\/product_cat?post=3496"},{"taxonomy":"product_tag","embeddable":true,"href":"https:\/\/snoeck.de\/es\/wp-json\/wp\/v2\/product_tag?post=3496"}],"curies":[{"name":"wp","href":"https:\/\/api.w.org\/{rel}","templated":true}]}}