{"id":3497,"date":"2025-01-31T11:29:42","date_gmt":"2025-01-31T11:29:42","guid":{"rendered":"https:\/\/snoeck.process-vision.de\/shop\/carina-brandes-mothers-tongue\/"},"modified":"2025-04-02T12:48:41","modified_gmt":"2025-04-02T12:48:41","slug":"carina-brandes-mothers-tongue","status":"publish","type":"product","link":"https:\/\/snoeck.de\/es\/shop\/carina-brandes-mothers-tongue\/","title":{"rendered":"Carina Brandes: Lengua materna"},"content":{"rendered":"<h3>Abjeto\/objeto\/sujeto<\/h3>\n<p>En el centro de la obra fotogr\u00e1fica de Carina Brandes (*1982) -que expuso en la Kunstverein Heilbronn en 2018- se encuentra su propio cuerpo, que utiliza -de manera casi fr\u00eda, seg\u00fan una interpretaci\u00f3n com\u00fan hoy en d\u00eda- como material de su producci\u00f3n art\u00edstica. Esto da lugar a confrontaciones surrealistas entre su cuerpo y una gran variedad de mundos objetuales, por as\u00ed decirlo, por los que los escenarios aparentemente cotidianos se transforman en misteriosos sucesos llenos de deseos latentes. En el contexto de las actuales pol\u00edticas de g\u00e9nero y del cuerpo, el cuerpo femenino suele ser sin\u00f3nimo de horror y sexo, se asocia a v\u00edctimas maltratadas o se degrada hasta convertirse en un provocativo soporte publicitario. Carina Brandes contrasta esto con su ambigua apariencia en un mundo deliberadamente libre de hombres, que puede caracterizarse tanto por una objetividad abyecta como por momentos sensuales y humor\u00edsticos. La artista, antigua gimnasta familiarizada con su cuerpo como medio de autorretrato desde su m\u00e1s tierna juventud, suele trabajar sola y utiliza en todo momento la fotograf\u00eda anal\u00f3gica. Su enfoque l\u00fadico y din\u00e1mico lleva la interacci\u00f3n de la sensaci\u00f3n y el est\u00edmulo externo, del sujeto y el objeto, m\u00e1s all\u00e1 de las cuestiones feministas formuladas por las posturas cl\u00e1sicas de Ana Mendieta, Maria Lassnig, Valie Export y Cindy Sherman. Como ganadora de un premio Villa Romana en 2017, desarroll\u00f3 nuevas obras en Florencia, que se han incorporado a la visi\u00f3n global de su obra recopilada por primera vez en esta publicaci\u00f3n.<\/p>\n<p>Exposici\u00f3n:<br \/>\nKunstverein Heilbronn, 22\/9 - 25\/11\/2019<\/p>","protected":false},"excerpt":{"rendered":"<p>Cat\u00e1logo de la exposici\u00f3n, Kunstverein Heilbronn, editado por Matthia L\u00f6bke<br \/>\nTexto (alem\u00e1n\/ingl\u00e9s) de Sebastian Jaehn, Matthia L\u00f6bke<br \/>\n112 p. con 110 ilustraciones duotono<br \/>\nFormato 30 x 22,5 cm, tapa blanda<\/p>","protected":false},"featured_media":4912,"template":"","meta":[],"product_brand":[],"product_cat":[110,59,70],"product_tag":[],"class_list":{"0":"post-3497","1":"product","2":"type-product","3":"status-publish","4":"has-post-thumbnail","6":"product_cat-110","7":"product_cat-b","8":"product_cat-m","10":"first","11":"instock","12":"taxable","13":"shipping-taxable","14":"purchasable","15":"product-type-simple"},"aioseo_notices":[],"_wp_attached_file":null,"_wp_attachment_metadata":null,"_wc_attachment_source":null,"_elementor_inline_svg":null,"_elementor_is_screenshot":null,"_elementor_source_image_hash":null,"_source_url":null,"_wp_attachment_context":null,"_menu_item_type":null,"_menu_item_menu_item_parent":null,"_menu_item_object_id":null,"_menu_item_object":null,"_menu_item_target":null,"_menu_item_classes":null,"_menu_item_xfn":null,"_menu_item_url":null,"__elementor_forms_snapshot":null,"_unit":"","_unit_base":"","_unit_product":"","_unit_price_auto":"no","_unit_price_regular":"","_unit_price":"","_unit_price_sale":"","_sale_price_label":"","_sale_price_regular_label":"","_manufacturer_slug":"","_mini_desc":"","_defect_description":"","_safety_instructions":"","_allergen_ids":[],"_warranty_attachment_id":"","_safety_attachment_ids":[],"_min_age":"","_ts_gtin":"","_ts_mpn":"","_delivery_time_countries":[],"_free_shipping":"no","_service":"no","_photovoltaic_system":"no","_used_good":"no","_defective_copy":"no","_wireless_electronic_device":"no","_device_contains_power_supply":"no","_device_charging_supports_usb_pd":"no","_device_charging_watt_min":"0","_device_charging_watt_max":"0","_is_food":"no","_differential_taxation":"no","_gzd_version":"3.18.7","_hs_code":"","_customs_description":"","_manufacture_country":"0","_is_non_returnable":"no","_shipping_length":"","_shipping_width":"","_shipping_height":"","_sku":"ISBN 978-3-86442-261-4","_global_unique_id":"978-3-86442-261-4","_regular_price":"26","total_sales":"0","_tax_status":"taxable","_tax_class":"","_manage_stock":"no","_backorders":"no","_sold_individually":"no","_weight":"1","_virtual":"no","_downloadable":"no","_download_limit":"-1","_download_expiry":"-1","_stock":"","_stock_status":"instock","_wc_average_rating":"0","_wc_review_count":"0","_product_version":"9.7.1","_price":"26","shopengine_product_views_count":"3350","_thumbnail_id":"4912","_product_attributes":{"erscheinungsdatum":{"name":"Fecha de publicaci\u00f3n","value":"17.09.2019","position":0,"is_visible":1,"is_variation":0,"is_taxonomy":0,"checkout_visible":0}},"_nutrient_ids":[],"_upsell_ids":null,"pswc_subtitle":null,"_default_delivery_time":null,"_wp_desired_post_slug":null,"_isbn":null,"pageType":null,"isExternalUrl":null,"pageId":null,"externalUrl":null,"hideCookieBanner":null,"isTargetBlank":null,"isProviderCurrentWebsite":null,"isEmbeddingOnlyExternalResources":null,"legalBasis":null,"dataProcessingInCountries":null,"dataProcessingInCountriesSpecialTreatments":null,"technicalDefinitions":null,"googleConsentModeConsentTypes":null,"executePriority":null,"executeCodeOptInWhenNoTagManagerConsentIsGiven":null,"executeCodeOptOutWhenNoTagManagerConsentIsGiven":null,"deleteTechnicalDefinitionsAfterOptOut":null,"presetId":null,"presetVersion":null,"provider":null,"providerContactPhone":null,"providerContactEmail":null,"providerContactLink":null,"uniqueName":null,"providerPrivacyPolicyUrl":null,"providerLegalNoticeUrl":null,"codeOptIn":null,"codeOptOut":null,"codeOnPageLoad":null,"language_code":null,"shopengine_template__post_meta__type":null,"shopengine_template__post_meta":null,"shopengine_template__post_meta__edit_with":null,"origin":null,"_enabled":null,"_filters":null,"_layout":null,"_elementor_import_session_id":null,"_wp_trash_meta_status":null,"_wp_trash_meta_time":null,"_edit_lock":"1743597981:2","_elementor_floating_elements_type":null,"_elementor_edit_mode":null,"_elementor_template_type":null,"tc-thumb-fld":{"_thumb_id":4912,"_thumb_type":"thumb"},"_wp_page_template":"default","_elementor_version":null,"_elementor_pro_version":null,"_elementor_page_settings":null,"_elementor_data":null,"_elementor_conditions":null,"_elementor_popup_display_settings":null,"_edit_last":"2","_elementor_template_sub_type":null,"_elementor_controls_usage":null,"_elementor_screenshot":null,"_elementor_css":null,"_elementor_page_assets":[],"_elementor_element_cache":null,"_elementor_screenshot_failed":null,"_elementor_source":null,"_wp_old_date":null,"layout_key":"","post_slider_check_key":"0","_links":{"self":[{"href":"https:\/\/snoeck.de\/es\/wp-json\/wp\/v2\/product\/3497","targetHints":{"allow":["GET"]}}],"collection":[{"href":"https:\/\/snoeck.de\/es\/wp-json\/wp\/v2\/product"}],"about":[{"href":"https:\/\/snoeck.de\/es\/wp-json\/wp\/v2\/types\/product"}],"wp:featuredmedia":[{"embeddable":true,"href":"https:\/\/snoeck.de\/es\/wp-json\/wp\/v2\/media\/4912"}],"wp:attachment":[{"href":"https:\/\/snoeck.de\/es\/wp-json\/wp\/v2\/media?parent=3497"}],"wp:term":[{"taxonomy":"product_brand","embeddable":true,"href":"https:\/\/snoeck.de\/es\/wp-json\/wp\/v2\/product_brand?post=3497"},{"taxonomy":"product_cat","embeddable":true,"href":"https:\/\/snoeck.de\/es\/wp-json\/wp\/v2\/product_cat?post=3497"},{"taxonomy":"product_tag","embeddable":true,"href":"https:\/\/snoeck.de\/es\/wp-json\/wp\/v2\/product_tag?post=3497"}],"curies":[{"name":"wp","href":"https:\/\/api.w.org\/{rel}","templated":true}]}}