{"id":3499,"date":"2025-01-31T11:29:43","date_gmt":"2025-01-31T11:29:43","guid":{"rendered":"https:\/\/snoeck.process-vision.de\/shop\/brasil-brasil-aufbruch-in-die-moderne\/"},"modified":"2025-05-11T13:09:39","modified_gmt":"2025-05-11T12:09:39","slug":"brasil-brasil-aufbruch-in-die-moderne","status":"publish","type":"product","link":"https:\/\/snoeck.de\/es\/shop\/brasil-brasil-aufbruch-in-die-moderne\/","title":{"rendered":"\u00a1Brasil! \u00a1Brasil! Salida hacia la modernidad"},"content":{"rendered":"<h3>Brasil: un lenguaje visual propio y moderno<\/h3>\n<p>Durante una visita a la nueva capital, Brasilia, en 1961, el fil\u00f3sofo Max Bense (que ense\u00f1\u00f3 en la Escuela de Dise\u00f1o de Ulm de 1953 a 1958) vio en los modernos edificios de L\u00facio Costa y Oscar Niemeyer una manifestaci\u00f3n del baluarte de una ilustraci\u00f3n occidental, y en particular racionalista. Se entusiasm\u00f3 con la idea de esta ciudad, que ve\u00eda como un poderoso almac\u00e9n de inteligencia t\u00e9cnica y art\u00edstica, an\u00e1loga a una Gesamtkunstwerk, que no aparec\u00eda por casualidad, sino como representaci\u00f3n necesaria de fuerzas sint\u00e9ticas en un espacio prospectivo de civilizaci\u00f3n. Esto prepar\u00f3 el terreno para un Brasil moderno desde una perspectiva europea, especialmente 16 a\u00f1os despu\u00e9s de los horrores de la Segunda Guerra Mundial. Sin embargo, tuvo que seguir siendo una quimera, como lo ha seguido siendo la autoimagen de un Brasil socialmente justo y multi\u00e9tnico. La Semana de Arte Moderna de 1922 se considera un intento de hacer realidad esta utop\u00eda del modernismo brasile\u00f1o, en la que se manifest\u00f3 la primera generaci\u00f3n de artistas asociados a los nombres de Anita Malfatti (1889-1964) y Vicente do Rego Monteiro (1899-1970). El aspecto genuinamente brasile\u00f1o de esta modernidad, como reclamaba el escritor Oswald de Andrade, deb\u00eda convertirse en el papel de la \"identidad nacional\". En un manifiesto, llam\u00f3 a incorporar la cultura europea extranjera, a \"digerirla\" y a crear un arte brasile\u00f1o propio transform\u00e1ndola. Para \u00e9l, esto tambi\u00e9n inclu\u00eda \"devorar\" las culturas ind\u00edgenas y afrobrasile\u00f1as. A los dos primeros artistas y a otros protagonistas, como Lasar Segall (1891-1957) y Tarsila do Amaral (1886-1973), se les reconoce hoy un cierto distanciamiento social del lenguaje visual ind\u00edgena y de los rituales afrobrasile\u00f1os, que s\u00f3lo fue superado por una segunda generaci\u00f3n en torno a Djanira da Motta e Silva (1914-1979) y Rubem Valentim (1922-1991). Ahora, todos estos artistas y sus obras causan un gran revuelo en una exposici\u00f3n como \"Extranjeros por todas partes\", en la 60\u00aa Bienal de Venecia (comisariada por Adriano Pedrosa), porque aqu\u00ed aflora un lenguaje visual completamente \u00fanico, despu\u00e9s de que la conquista formalista del modernismo europeo hubiera sido \"digerida\", por as\u00ed decirlo. Y del mismo modo que desde hace alg\u00fan tiempo se percibe un fuerte inter\u00e9s internacional bajo el ep\u00edgrafe de modernismo global, los paralelismos cient\u00edficos con los temas del modernismo europeo no son menos abordados que las diferencias pol\u00edticas, sociales y culturales. \"\u00a1Brasil! Brasil! - Despertar a la modernidad\" muestra ahora en la exposici\u00f3n y con esta completa publicaci\u00f3n las diversas formas en que los artistas brasile\u00f1os han desarrollado su propio lenguaje visual moderno y, mediante la presentaci\u00f3n de diez posiciones, ofrece simult\u00e1neamente una introducci\u00f3n a las circunstancias pol\u00edticas, sociales y econ\u00f3micas formativas; al mismo tiempo, se abordan tem\u00e1ticamente las etapas m\u00e1s importantes en la literatura, la m\u00fasica, el dise\u00f1o y la arquitectura. La exposici\u00f3n del Zentrum Paul Klee 2019 \"Paul Klee - Equilibrio Inestable\", comisariada por Fabienne Eggelh\u00f6fer, supuso un punto de partida para un fruct\u00edfero intercambio intercultural, que fue recibido con gran inter\u00e9s por el p\u00fablico brasile\u00f1o en su recorrido desde Sa\u00f5 Paulo y R\u00edo de Janeiro hasta Belo Horizonte.<\/p>\n<p>Artistas:<br \/>\nAnita Malfatti, Vicente do Rego Monteiro, Tarsila do Amaral, Candido Portinari, Lasar Segall, Fl\u00e1vio de Carvalho, Alfredo Volpi, Djanira da Motta e Silva, Geraldo Barros, Rubem Valentim<\/p>\n<p>Exposiciones:<br \/>\nCentro Paul Klee de Berna, 7\/9\/2024 - 5\/1\/2025<br \/>\nReal Academia de las Artes de Londres, 28\/1 - 21\/4\/2025<\/p>\n<p>&nbsp;<\/p>","protected":false},"excerpt":{"rendered":"<p>Cat\u00e1logo de la exposici\u00f3n, Zentrum Paul Klee Bern, ed. Fabienne Eggelh\u00f6fer, Nina Zimmer<br \/>\nTextos de G\u00eanese Andrade, Anna Paula Cavalcanti Simioni, Eduardo Jorge de Oliveira, Alecsandra Matias de Olivereia, Fabienne Eggelh\u00f6fer y Roberta Saraiva Coutinho, Giancarlo Hannud, Cac\u00e1 Machado, Guilherme Wisnik, pr\u00f3logo de Nina Zimmer, amplia cronolog\u00eda y bibliograf\u00eda.<br \/>\n296 p. con 200 ilustraciones en color<br \/>\nFormato 28 x 21 cm, folleto desplegable<\/p>","protected":false},"featured_media":4914,"template":"","meta":[],"product_brand":[],"product_cat":[88,59],"product_tag":[],"class_list":{"0":"post-3499","1":"product","2":"type-product","3":"status-publish","4":"has-post-thumbnail","6":"product_cat-88","7":"product_cat-b","9":"first","10":"instock","11":"taxable","12":"shipping-taxable","13":"purchasable","14":"product-type-simple"},"aioseo_notices":[],"_wp_attached_file":null,"_wp_attachment_metadata":null,"_wc_attachment_source":null,"_elementor_inline_svg":null,"_elementor_is_screenshot":null,"_elementor_source_image_hash":null,"_source_url":null,"_wp_attachment_context":null,"_menu_item_type":null,"_menu_item_menu_item_parent":null,"_menu_item_object_id":null,"_menu_item_object":null,"_menu_item_target":null,"_menu_item_classes":null,"_menu_item_xfn":null,"_menu_item_url":null,"__elementor_forms_snapshot":null,"_unit":"","_unit_base":"","_unit_product":"","_unit_price_auto":"no","_unit_price_regular":"","_unit_price":"","_unit_price_sale":"","_sale_price_label":"","_sale_price_regular_label":"","_manufacturer_slug":"","_mini_desc":"","_defect_description":"","_safety_instructions":"","_allergen_ids":[],"_warranty_attachment_id":"","_safety_attachment_ids":[],"_min_age":"","_ts_gtin":"","_ts_mpn":"","_delivery_time_countries":[],"_free_shipping":"no","_service":"no","_photovoltaic_system":"no","_used_good":"no","_defective_copy":"no","_wireless_electronic_device":"no","_device_contains_power_supply":"no","_device_charging_supports_usb_pd":"no","_device_charging_watt_min":"0","_device_charging_watt_max":"0","_is_food":"no","_differential_taxation":"no","_gzd_version":"3.19.10","_hs_code":"","_customs_description":"","_manufacture_country":"0","_is_non_returnable":"no","_shipping_length":"","_shipping_width":"","_shipping_height":"","_sku":"ISBN 978-3-86442-439-7","_global_unique_id":"978-3-86442-439-7","_regular_price":"48","total_sales":"0","_tax_status":"taxable","_tax_class":"","_manage_stock":"no","_backorders":"no","_sold_individually":"no","_weight":"2","_virtual":"no","_downloadable":"no","_download_limit":"-1","_download_expiry":"-1","_stock":"","_stock_status":"instock","_wc_average_rating":"0","_wc_review_count":"0","_product_version":"9.8.3","_price":"48","shopengine_product_views_count":"3548","_thumbnail_id":"4914","_product_attributes":{"erscheinungsdatum":{"name":"Fecha de publicaci\u00f3n","value":"01.09.2024","position":0,"is_visible":1,"is_variation":0,"is_taxonomy":0,"checkout_visible":0}},"_nutrient_ids":[],"_upsell_ids":null,"pswc_subtitle":null,"_default_delivery_time":null,"_wp_desired_post_slug":null,"_isbn":null,"pageType":null,"isExternalUrl":null,"pageId":null,"externalUrl":null,"hideCookieBanner":null,"isTargetBlank":null,"isProviderCurrentWebsite":null,"isEmbeddingOnlyExternalResources":null,"legalBasis":null,"dataProcessingInCountries":null,"dataProcessingInCountriesSpecialTreatments":null,"technicalDefinitions":null,"googleConsentModeConsentTypes":null,"executePriority":null,"executeCodeOptInWhenNoTagManagerConsentIsGiven":null,"executeCodeOptOutWhenNoTagManagerConsentIsGiven":null,"deleteTechnicalDefinitionsAfterOptOut":null,"presetId":null,"presetVersion":null,"provider":null,"providerContactPhone":null,"providerContactEmail":null,"providerContactLink":null,"uniqueName":null,"providerPrivacyPolicyUrl":null,"providerLegalNoticeUrl":null,"codeOptIn":null,"codeOptOut":null,"codeOnPageLoad":null,"language_code":null,"shopengine_template__post_meta__type":null,"shopengine_template__post_meta":null,"shopengine_template__post_meta__edit_with":null,"origin":null,"_enabled":null,"_filters":null,"_layout":null,"_elementor_import_session_id":null,"_wp_trash_meta_status":null,"_wp_trash_meta_time":null,"_edit_lock":"1746965255:2","_elementor_floating_elements_type":null,"_elementor_edit_mode":null,"_elementor_template_type":null,"tc-thumb-fld":{"_thumb_id":4914,"_thumb_type":"thumb"},"_wp_page_template":"default","_elementor_version":null,"_elementor_pro_version":null,"_elementor_page_settings":null,"_elementor_data":null,"_elementor_conditions":null,"_elementor_popup_display_settings":null,"_edit_last":"2","_elementor_template_sub_type":null,"_elementor_controls_usage":null,"_elementor_screenshot":null,"_elementor_css":null,"_elementor_page_assets":[],"_elementor_element_cache":null,"_elementor_screenshot_failed":null,"_elementor_source":null,"_wp_old_date":null,"layout_key":"","post_slider_check_key":"0","_links":{"self":[{"href":"https:\/\/snoeck.de\/es\/wp-json\/wp\/v2\/product\/3499","targetHints":{"allow":["GET"]}}],"collection":[{"href":"https:\/\/snoeck.de\/es\/wp-json\/wp\/v2\/product"}],"about":[{"href":"https:\/\/snoeck.de\/es\/wp-json\/wp\/v2\/types\/product"}],"wp:featuredmedia":[{"embeddable":true,"href":"https:\/\/snoeck.de\/es\/wp-json\/wp\/v2\/media\/4914"}],"wp:attachment":[{"href":"https:\/\/snoeck.de\/es\/wp-json\/wp\/v2\/media?parent=3499"}],"wp:term":[{"taxonomy":"product_brand","embeddable":true,"href":"https:\/\/snoeck.de\/es\/wp-json\/wp\/v2\/product_brand?post=3499"},{"taxonomy":"product_cat","embeddable":true,"href":"https:\/\/snoeck.de\/es\/wp-json\/wp\/v2\/product_cat?post=3499"},{"taxonomy":"product_tag","embeddable":true,"href":"https:\/\/snoeck.de\/es\/wp-json\/wp\/v2\/product_tag?post=3499"}],"curies":[{"name":"wp","href":"https:\/\/api.w.org\/{rel}","templated":true}]}}