{"id":3500,"date":"2025-01-31T11:29:43","date_gmt":"2025-01-31T11:29:43","guid":{"rendered":"https:\/\/snoeck.process-vision.de\/shop\/geta-bratescu\/"},"modified":"2025-04-02T12:31:10","modified_gmt":"2025-04-02T12:31:10","slug":"geta-bratescu","status":"publish","type":"product","link":"https:\/\/snoeck.de\/es\/shop\/geta-bratescu\/","title":{"rendered":"Geta Br\u0103tescu"},"content":{"rendered":"<h3>El arte es un juego serio<\/h3>\n<p>Geta Br\u0103tescu est\u00e1 considerada la gran dama del arte conceptual rumano. Se dio a conocer a un amplio p\u00fablico gracias a la 55\u00aa Bienal de Venecia de 2013; la revista de arte BLAU le rindi\u00f3 un homenaje detallado en su n\u00famero de diciembre\/enero de 2015\/16. El amplio cat\u00e1logo se publica ahora con motivo de la exposici\u00f3n organizada por la Hamburger Kunsthalle para celebrar su 90 cumplea\u00f1os, que re\u00fane importantes obras clave y series de obras de m\u00e1s de seis d\u00e9cadas. Se trata de la primera exposici\u00f3n muse\u00edstica retrospectiva de la obra de la artista fuera de su pa\u00eds natal. La memoria y la historia, la deposici\u00f3n hist\u00f3rica y los procesos de crecimiento org\u00e1nico, la conformidad y la desviaci\u00f3n, el autocuestionamiento y la autoafirmaci\u00f3n son temas que Geta Br\u0103tescu ha reelaborado y escudri\u00f1ado repetidamente a lo largo de su dilatada carrera art\u00edstica. La obra de la artista de Bucarest es extraordinariamente diversa y no puede clasificarse en un solo estilo. Geta Br\u0103tescu trabaja tanto de forma abstracta como representativa, a peque\u00f1a y gran escala, y utiliza diversos medios, como el dibujo, la fotograf\u00eda, el cine, el tejido y la escultura. Se considera ante todo una dibujante al servicio de la l\u00ednea y describe sus coloridos collages de papel como \"dibujar con tijeras\" y sus obras en tela como \"dibujar con una m\u00e1quina de coser\". Al mismo tiempo, en su nueva serie de obras abstractas, los \"Cut Outs\", la artista se centra en la relaci\u00f3n entre l\u00ednea y superficie, explorando esta relaci\u00f3n en secuencias y modulaciones aparentemente infinitas. Fascinada por la literatura y la filosof\u00eda, se dedica con conocimiento de causa a las grandes figuras de la literatura universal, como Medea, Dido y Fausto. Durante muchas d\u00e9cadas, Geta Br\u0103tescu tambi\u00e9n fue responsable del dise\u00f1o gr\u00e1fico de la revista Secolul 20 (ahora Secolul 21), la publicaci\u00f3n cultural e intelectual m\u00e1s importante de Ruman\u00eda, a la que sigue siendo fiel en la actualidad.<\/p>\n<p>Exposici\u00f3n:<br \/>\nGaler\u00eda del presente, Hamburger Kunsthalle, 30\/4 - 7\/8\/2016<\/p>","protected":false},"excerpt":{"rendered":"<p>Cat\u00e1logo de la exposici\u00f3n, Galerie der Gegenwart\/Hamburger Kunsthalle, editado por Hubertus Ga\u00dfner, Brigitte K\u00f6lle<br \/>\nTextos (alem\u00e1n\/ingl\u00e9s) de Hubertus Ga\u00dfner y Brigitte K\u00f6lle, Michael K\u00f6hlmeier, Magda Radu y una conversaci\u00f3n entre Brigitte K\u00f6lle y Geta Br\u0103tescu, as\u00ed como contribuciones art\u00edsticas de Cristina David, Ion Grigorescu, Ciprian Muresan, Lia Perjovschi, Mircea Cantor y Dan Perjovschi.<br \/>\n192 p. con 110 ilustraciones en color y 15 en blanco y negro<br \/>\nFormato 23,2 x 16,9 cm, tapa dura<\/p>","protected":false},"featured_media":4915,"template":"","meta":[],"product_brand":[],"product_cat":[108,59,90],"product_tag":[],"class_list":{"0":"post-3500","1":"product","2":"type-product","3":"status-publish","4":"has-post-thumbnail","6":"product_cat-108","7":"product_cat-b","8":"product_cat-rare-books","10":"first","11":"instock","12":"taxable","13":"shipping-taxable","14":"purchasable","15":"product-type-simple"},"aioseo_notices":[],"_wp_attached_file":null,"_wp_attachment_metadata":null,"_wc_attachment_source":null,"_elementor_inline_svg":null,"_elementor_is_screenshot":null,"_elementor_source_image_hash":null,"_source_url":null,"_wp_attachment_context":null,"_menu_item_type":null,"_menu_item_menu_item_parent":null,"_menu_item_object_id":null,"_menu_item_object":null,"_menu_item_target":null,"_menu_item_classes":null,"_menu_item_xfn":null,"_menu_item_url":null,"__elementor_forms_snapshot":null,"_unit":"","_unit_base":"","_unit_product":"","_unit_price_auto":"no","_unit_price_regular":"","_unit_price":"","_unit_price_sale":"","_sale_price_label":"","_sale_price_regular_label":"","_manufacturer_slug":"","_mini_desc":"","_defect_description":"","_safety_instructions":"","_allergen_ids":[],"_warranty_attachment_id":"","_safety_attachment_ids":[],"_min_age":"","_ts_gtin":"","_ts_mpn":"","_delivery_time_countries":[],"_free_shipping":"no","_service":"no","_photovoltaic_system":"no","_used_good":"no","_defective_copy":"no","_wireless_electronic_device":"no","_device_contains_power_supply":"no","_device_charging_supports_usb_pd":"no","_device_charging_watt_min":"0","_device_charging_watt_max":"0","_is_food":"no","_differential_taxation":"no","_gzd_version":"3.18.7","_hs_code":"","_customs_description":"","_manufacture_country":"0","_is_non_returnable":"no","_shipping_length":"","_shipping_width":"","_shipping_height":"","_sku":"ISBN 978-3-86442-172-3","_global_unique_id":"978-3-86442-172-3","_regular_price":"98","total_sales":"0","_tax_status":"taxable","_tax_class":"","_manage_stock":"no","_backorders":"no","_sold_individually":"no","_weight":"1","_virtual":"no","_downloadable":"no","_download_limit":"-1","_download_expiry":"-1","_stock":"","_stock_status":"instock","_wc_average_rating":"0","_wc_review_count":"0","_product_version":"9.7.1","_price":"98","shopengine_product_views_count":"3382","_thumbnail_id":"4915","_product_attributes":{"erscheinungsdatum":{"name":"Fecha de publicaci\u00f3n","value":"25.04.2016","position":0,"is_visible":1,"is_variation":0,"is_taxonomy":0,"checkout_visible":0}},"_nutrient_ids":[],"_upsell_ids":null,"pswc_subtitle":null,"_default_delivery_time":"","_wp_desired_post_slug":null,"_isbn":null,"pageType":null,"isExternalUrl":null,"pageId":null,"externalUrl":null,"hideCookieBanner":null,"isTargetBlank":null,"isProviderCurrentWebsite":null,"isEmbeddingOnlyExternalResources":null,"legalBasis":null,"dataProcessingInCountries":null,"dataProcessingInCountriesSpecialTreatments":null,"technicalDefinitions":null,"googleConsentModeConsentTypes":null,"executePriority":null,"executeCodeOptInWhenNoTagManagerConsentIsGiven":null,"executeCodeOptOutWhenNoTagManagerConsentIsGiven":null,"deleteTechnicalDefinitionsAfterOptOut":null,"presetId":null,"presetVersion":null,"provider":null,"providerContactPhone":null,"providerContactEmail":null,"providerContactLink":null,"uniqueName":null,"providerPrivacyPolicyUrl":null,"providerLegalNoticeUrl":null,"codeOptIn":null,"codeOptOut":null,"codeOnPageLoad":null,"language_code":null,"shopengine_template__post_meta__type":null,"shopengine_template__post_meta":null,"shopengine_template__post_meta__edit_with":null,"origin":null,"_enabled":null,"_filters":null,"_layout":null,"_elementor_import_session_id":null,"_wp_trash_meta_status":null,"_wp_trash_meta_time":null,"_edit_lock":"1743596932:2","_elementor_floating_elements_type":null,"_elementor_edit_mode":null,"_elementor_template_type":null,"tc-thumb-fld":{"_thumb_id":4915,"_thumb_type":"thumb"},"_wp_page_template":"default","_elementor_version":null,"_elementor_pro_version":null,"_elementor_page_settings":null,"_elementor_data":null,"_elementor_conditions":null,"_elementor_popup_display_settings":null,"_edit_last":"2","_elementor_template_sub_type":null,"_elementor_controls_usage":null,"_elementor_screenshot":null,"_elementor_css":null,"_elementor_page_assets":[],"_elementor_element_cache":null,"_elementor_screenshot_failed":null,"_elementor_source":null,"_wp_old_date":null,"layout_key":"","post_slider_check_key":"0","_links":{"self":[{"href":"https:\/\/snoeck.de\/es\/wp-json\/wp\/v2\/product\/3500","targetHints":{"allow":["GET"]}}],"collection":[{"href":"https:\/\/snoeck.de\/es\/wp-json\/wp\/v2\/product"}],"about":[{"href":"https:\/\/snoeck.de\/es\/wp-json\/wp\/v2\/types\/product"}],"wp:featuredmedia":[{"embeddable":true,"href":"https:\/\/snoeck.de\/es\/wp-json\/wp\/v2\/media\/4915"}],"wp:attachment":[{"href":"https:\/\/snoeck.de\/es\/wp-json\/wp\/v2\/media?parent=3500"}],"wp:term":[{"taxonomy":"product_brand","embeddable":true,"href":"https:\/\/snoeck.de\/es\/wp-json\/wp\/v2\/product_brand?post=3500"},{"taxonomy":"product_cat","embeddable":true,"href":"https:\/\/snoeck.de\/es\/wp-json\/wp\/v2\/product_cat?post=3500"},{"taxonomy":"product_tag","embeddable":true,"href":"https:\/\/snoeck.de\/es\/wp-json\/wp\/v2\/product_tag?post=3500"}],"curies":[{"name":"wp","href":"https:\/\/api.w.org\/{rel}","templated":true}]}}