{"id":3501,"date":"2025-01-31T11:29:44","date_gmt":"2025-01-31T11:29:44","guid":{"rendered":"https:\/\/snoeck.process-vision.de\/shop\/matti-braun\/"},"modified":"2025-04-02T12:23:22","modified_gmt":"2025-04-02T12:23:22","slug":"matti-braun","status":"publish","type":"product","link":"https:\/\/snoeck.de\/es\/shop\/matti-braun\/","title":{"rendered":"Matti Brown"},"content":{"rendered":"<h3>Alien<\/h3>\n<p>Adem\u00e1s de la obra de Matti Braun, este libro se centra especialmente en la ciencia ficci\u00f3n bengal\u00ed y en aspectos del modernismo en la India de la segunda mitad del siglo XX. Ha sido compilado en estrecha colaboraci\u00f3n con los coeditores Bodhisattva Chattopadhyay, profesor asociado de Estudios Culturales Globales en Oslo, y Beth Citron, conservadora residente en Nueva York especializada en arte moderno del sur de Asia. Al ver los batiks y las pinturas sobre seda de Matti Braun en el espacio expositivo y c\u00f3mo presenta saris hist\u00f3ricos en el mismo escenario, uno se hace una idea de lo que significa cuando se dice que el artista examina efectos inesperados, a menudo poco conocidos, de la din\u00e1mica intercultural y hace visibles patrones de migraci\u00f3n art\u00edstica y desprecio cultural. He aqu\u00ed su encantadoramente bella pintura sobre seda, que roza tanto el minimalismo como el arte pop, he aqu\u00ed las telas hist\u00f3ricas de la prenda tradicional, una falda envolvente, que se lleva desde la India hasta Nepal y que, adem\u00e1s de dise\u00f1os festivos, ofrece a quien la lleva posibilidades casi superpr\u00e1cticas en la vida cotidiana de los pa\u00edses subtropicales y que ahora se comercializa en subastas y se cuelga y enmarca como cuadro en museos de Asia y Europa. Este libro va un paso m\u00e1s all\u00e1 y ofrece una visi\u00f3n exhaustiva de la red asociativa que subyace en las obras de Matti Braun de los \u00faltimos a\u00f1os. Uno de los aspectos es la historia de la pel\u00edcula \"The Alien\", nunca realizada, del director y autor indio Satyaiit Ray, que deb\u00eda producir para uno de los grandes estudios de Hollywood a mediados de los a\u00f1os sesenta. En 1982 se estren\u00f3 la superproducci\u00f3n de Steven Spielberg \"E.T. el Extraterrestre\", y a\u00fan hoy se discute si esta pel\u00edcula fue plagiada o no. Sin embargo, Matti Braun va m\u00e1s all\u00e1 de forma espectacular, porque le interesa toda la escena que hay detr\u00e1s, y as\u00ed, junto con sus coeditores Bodhisattva Chattopadhy y Beth Citron, enciende un aut\u00e9ntico castillo de fuegos artificiales \"bengal\u00ed\" al desvelar la primitiva cultura de la ciencia ficci\u00f3n del subcontinente indio, las historias de las distintas revistas, autores y libros, los efectos en Bollywood e incluso las ambiciones pol\u00edticas del programa indio de misiles: \u00a1Una historia apasionante!<\/p>\n<p>Exposici\u00f3n:<br \/>\nGaler\u00eda Esther Schipper, Berl\u00edn, 17\/1-22\/2\/2020<\/p>","protected":false},"excerpt":{"rendered":"<p>Cat\u00e1logo de la exposici\u00f3n, Galerie Esther Schipper Berl\u00edn, editado por Matti Braun, Bodhisattva Chattopadhyay, Beth Citron<br \/>\nTextos (eng.) de Parashuram, Beth Citron, Bodhisattva Chattopadhyay, Ranen Ghosh, Sudhir Kakar, Matthia L\u00f6bke, Amrita Shah, Santu Bag, Dip Ghosh, Soham Guha, Sami Ahmad Khan<br \/>\n160 p. con 120 ilustraciones en color<br \/>\n276 x 220 mm, tapa dura<\/p>","protected":false},"featured_media":4916,"template":"","meta":[],"product_brand":[],"product_cat":[84,59],"product_tag":[],"class_list":{"0":"post-3501","1":"product","2":"type-product","3":"status-publish","4":"has-post-thumbnail","6":"product_cat-84","7":"product_cat-b","9":"first","10":"instock","11":"taxable","12":"shipping-taxable","13":"purchasable","14":"product-type-simple"},"aioseo_notices":[],"_wp_attached_file":null,"_wp_attachment_metadata":null,"_wc_attachment_source":null,"_elementor_inline_svg":null,"_elementor_is_screenshot":null,"_elementor_source_image_hash":null,"_source_url":null,"_wp_attachment_context":null,"_menu_item_type":null,"_menu_item_menu_item_parent":null,"_menu_item_object_id":null,"_menu_item_object":null,"_menu_item_target":null,"_menu_item_classes":null,"_menu_item_xfn":null,"_menu_item_url":null,"__elementor_forms_snapshot":null,"_unit":"","_unit_base":"","_unit_product":"","_unit_price_auto":"no","_unit_price_regular":"","_unit_price":"","_unit_price_sale":"","_sale_price_label":"","_sale_price_regular_label":"","_manufacturer_slug":"","_mini_desc":"","_defect_description":"","_safety_instructions":"","_allergen_ids":[],"_warranty_attachment_id":"","_safety_attachment_ids":[],"_min_age":"","_ts_gtin":"","_ts_mpn":"","_delivery_time_countries":[],"_free_shipping":"no","_service":"no","_photovoltaic_system":"no","_used_good":"no","_defective_copy":"no","_wireless_electronic_device":"no","_device_contains_power_supply":"no","_device_charging_supports_usb_pd":"no","_device_charging_watt_min":"0","_device_charging_watt_max":"0","_is_food":"no","_differential_taxation":"no","_gzd_version":"3.18.7","_hs_code":"","_customs_description":"","_manufacture_country":"0","_is_non_returnable":"no","_shipping_length":"","_shipping_width":"","_shipping_height":"","_sku":"ISBN 978-3-86442-310-9","_global_unique_id":"978-3-86442-310-9","_regular_price":"39.8","total_sales":"0","_tax_status":"taxable","_tax_class":"","_manage_stock":"no","_backorders":"no","_sold_individually":"no","_weight":"1","_virtual":"no","_downloadable":"no","_download_limit":"-1","_download_expiry":"-1","_stock":"","_stock_status":"instock","_wc_average_rating":"0","_wc_review_count":"0","_product_version":"9.7.1","_price":"39.8","shopengine_product_views_count":"3097","_thumbnail_id":"4916","_product_attributes":{"erscheinungsdatum":{"name":"Fecha de publicaci\u00f3n","value":"24.02.2020","position":0,"is_visible":1,"is_variation":0,"is_taxonomy":0,"checkout_visible":0}},"_nutrient_ids":[],"_upsell_ids":null,"pswc_subtitle":null,"_default_delivery_time":null,"_wp_desired_post_slug":null,"_isbn":null,"pageType":null,"isExternalUrl":null,"pageId":null,"externalUrl":null,"hideCookieBanner":null,"isTargetBlank":null,"isProviderCurrentWebsite":null,"isEmbeddingOnlyExternalResources":null,"legalBasis":null,"dataProcessingInCountries":null,"dataProcessingInCountriesSpecialTreatments":null,"technicalDefinitions":null,"googleConsentModeConsentTypes":null,"executePriority":null,"executeCodeOptInWhenNoTagManagerConsentIsGiven":null,"executeCodeOptOutWhenNoTagManagerConsentIsGiven":null,"deleteTechnicalDefinitionsAfterOptOut":null,"presetId":null,"presetVersion":null,"provider":null,"providerContactPhone":null,"providerContactEmail":null,"providerContactLink":null,"uniqueName":null,"providerPrivacyPolicyUrl":null,"providerLegalNoticeUrl":null,"codeOptIn":null,"codeOptOut":null,"codeOnPageLoad":null,"language_code":null,"shopengine_template__post_meta__type":null,"shopengine_template__post_meta":null,"shopengine_template__post_meta__edit_with":null,"origin":null,"_enabled":null,"_filters":null,"_layout":null,"_elementor_import_session_id":null,"_wp_trash_meta_status":null,"_wp_trash_meta_time":null,"_edit_lock":"1743596463:2","_elementor_floating_elements_type":null,"_elementor_edit_mode":null,"_elementor_template_type":null,"tc-thumb-fld":{"_thumb_id":4916,"_thumb_type":"thumb"},"_wp_page_template":"default","_elementor_version":null,"_elementor_pro_version":null,"_elementor_page_settings":null,"_elementor_data":null,"_elementor_conditions":null,"_elementor_popup_display_settings":null,"_edit_last":"2","_elementor_template_sub_type":null,"_elementor_controls_usage":null,"_elementor_screenshot":null,"_elementor_css":null,"_elementor_page_assets":[],"_elementor_element_cache":null,"_elementor_screenshot_failed":null,"_elementor_source":null,"_wp_old_date":null,"layout_key":"","post_slider_check_key":"0","_links":{"self":[{"href":"https:\/\/snoeck.de\/es\/wp-json\/wp\/v2\/product\/3501","targetHints":{"allow":["GET"]}}],"collection":[{"href":"https:\/\/snoeck.de\/es\/wp-json\/wp\/v2\/product"}],"about":[{"href":"https:\/\/snoeck.de\/es\/wp-json\/wp\/v2\/types\/product"}],"wp:featuredmedia":[{"embeddable":true,"href":"https:\/\/snoeck.de\/es\/wp-json\/wp\/v2\/media\/4916"}],"wp:attachment":[{"href":"https:\/\/snoeck.de\/es\/wp-json\/wp\/v2\/media?parent=3501"}],"wp:term":[{"taxonomy":"product_brand","embeddable":true,"href":"https:\/\/snoeck.de\/es\/wp-json\/wp\/v2\/product_brand?post=3501"},{"taxonomy":"product_cat","embeddable":true,"href":"https:\/\/snoeck.de\/es\/wp-json\/wp\/v2\/product_cat?post=3501"},{"taxonomy":"product_tag","embeddable":true,"href":"https:\/\/snoeck.de\/es\/wp-json\/wp\/v2\/product_tag?post=3501"}],"curies":[{"name":"wp","href":"https:\/\/api.w.org\/{rel}","templated":true}]}}