{"id":3504,"date":"2025-01-31T11:29:46","date_gmt":"2025-01-31T11:29:46","guid":{"rendered":"https:\/\/snoeck.process-vision.de\/shop\/cecily-brown-the-spell\/"},"modified":"2025-04-02T12:18:42","modified_gmt":"2025-04-02T12:18:42","slug":"cecily-brown-the-spell","status":"publish","type":"product","link":"https:\/\/snoeck.de\/es\/shop\/cecily-brown-the-spell\/","title":{"rendered":"Cecily Brown: El hechizo"},"content":{"rendered":"<h3>El extra\u00f1o arte de Cecily Brown<\/h3>\n<p>Daniel Kehlmann, el autor alem\u00e1n de mayor \u00e9xito internacional de la d\u00e9cada de 2000 con su novela \"Medir el mundo\" (2006), escribe en este elegante librito sobre los \u00faltimos cuadros de Cecily Brown: \"Tambi\u00e9n se puede decir de forma m\u00e1s sobria: el arte de Cecily Brown muestra lo superficial y poco interesante que es el aparente contraste entre objeto y abstracci\u00f3n. Al fin y al cabo, el constructivismo tiene raz\u00f3n en una cosa: nosotros mismos montamos un modelo m\u00f3vil y fr\u00e1gil a partir de un revoltijo de impresiones seg\u00fan nuestras propias reglas, no precisamente fiables. No nos limitamos a mirar lo que nos rodea, sino que nos movemos a trav\u00e9s de \u00e9l, de modo que nuestro mundo exterior se deshace constantemente, se reorganiza de nuevo y siempre de forma diferente, y s\u00f3lo el trabajo constante de nuestra conciencia nos da la apariencia de constancia. Cecily Brown no aliena el mundo, lo pinta como es en realidad, un juego de colores y sombras\".<\/p>\n<p>Exposici\u00f3n:<br \/>\nCFA Bellas Artes Contempor\u00e1neas de Berl\u00edn, 17\/9 - 29\/10\/2022<\/p>","protected":false},"excerpt":{"rendered":"<p>Cat\u00e1logo de la exposici\u00f3n, Contemporary Fine Arts CFA Berl\u00edn, editado por Bruno Brunnet y Nicole Hackert<br \/>\nTextos (alem\u00e1n\/ingl\u00e9s) de Catherine Foulkrod, Daniel Kehlmann<br \/>\n48 p. con 25 ilustraciones col. ilustraciones<br \/>\nFormato 28 x 20 cm, folleto<\/p>","protected":false},"featured_media":5261,"template":"","meta":[],"product_brand":[],"product_cat":[86,59],"product_tag":[],"class_list":{"0":"post-3504","1":"product","2":"type-product","3":"status-publish","4":"has-post-thumbnail","6":"product_cat-86","7":"product_cat-b","9":"first","10":"instock","11":"taxable","12":"shipping-taxable","13":"purchasable","14":"product-type-simple"},"aioseo_notices":[],"_wp_attached_file":null,"_wp_attachment_metadata":null,"_wc_attachment_source":null,"_elementor_inline_svg":null,"_elementor_is_screenshot":null,"_elementor_source_image_hash":null,"_source_url":null,"_wp_attachment_context":null,"_menu_item_type":null,"_menu_item_menu_item_parent":null,"_menu_item_object_id":null,"_menu_item_object":null,"_menu_item_target":null,"_menu_item_classes":null,"_menu_item_xfn":null,"_menu_item_url":null,"__elementor_forms_snapshot":null,"_unit":"","_unit_base":"","_unit_product":"","_unit_price_auto":"no","_unit_price_regular":"","_unit_price":"","_unit_price_sale":"","_sale_price_label":"","_sale_price_regular_label":"","_manufacturer_slug":"","_mini_desc":"","_defect_description":"","_safety_instructions":"","_allergen_ids":[],"_warranty_attachment_id":"","_safety_attachment_ids":[],"_min_age":"","_ts_gtin":"","_ts_mpn":"","_delivery_time_countries":[],"_free_shipping":"no","_service":"no","_photovoltaic_system":"no","_used_good":"no","_defective_copy":"no","_wireless_electronic_device":"no","_device_contains_power_supply":"no","_device_charging_supports_usb_pd":"no","_device_charging_watt_min":"0","_device_charging_watt_max":"0","_is_food":"no","_differential_taxation":"no","_gzd_version":"3.18.7","_hs_code":"","_customs_description":"","_manufacture_country":"0","_is_non_returnable":"no","_shipping_length":"","_shipping_width":"","_shipping_height":"","_sku":"ISBN 978-3-86442-404-5","_global_unique_id":"978-3-86442-404-5","_regular_price":"24.8","total_sales":"0","_tax_status":"taxable","_tax_class":"","_manage_stock":"no","_backorders":"no","_sold_individually":"no","_weight":"1","_virtual":"no","_downloadable":"no","_download_limit":"-1","_download_expiry":"-1","_stock":"","_stock_status":"instock","_wc_average_rating":"0","_wc_review_count":"0","_product_version":"9.7.1","_price":"24.8","shopengine_product_views_count":"2813","_thumbnail_id":"5261","_product_attributes":{"erscheinungsdatum":{"name":"Fecha de publicaci\u00f3n","value":"22.09.2022","position":0,"is_visible":1,"is_variation":0,"is_taxonomy":0,"checkout_visible":0}},"_nutrient_ids":[],"_upsell_ids":null,"pswc_subtitle":"","_default_delivery_time":"","_wp_desired_post_slug":null,"_isbn":null,"pageType":null,"isExternalUrl":null,"pageId":null,"externalUrl":null,"hideCookieBanner":null,"isTargetBlank":null,"isProviderCurrentWebsite":null,"isEmbeddingOnlyExternalResources":null,"legalBasis":null,"dataProcessingInCountries":null,"dataProcessingInCountriesSpecialTreatments":null,"technicalDefinitions":null,"googleConsentModeConsentTypes":null,"executePriority":null,"executeCodeOptInWhenNoTagManagerConsentIsGiven":null,"executeCodeOptOutWhenNoTagManagerConsentIsGiven":null,"deleteTechnicalDefinitionsAfterOptOut":null,"presetId":null,"presetVersion":null,"provider":null,"providerContactPhone":null,"providerContactEmail":null,"providerContactLink":null,"uniqueName":null,"providerPrivacyPolicyUrl":null,"providerLegalNoticeUrl":null,"codeOptIn":null,"codeOptOut":null,"codeOnPageLoad":null,"language_code":null,"shopengine_template__post_meta__type":null,"shopengine_template__post_meta":null,"shopengine_template__post_meta__edit_with":null,"origin":null,"_enabled":null,"_filters":null,"_layout":null,"_elementor_import_session_id":null,"_wp_trash_meta_status":null,"_wp_trash_meta_time":null,"_edit_lock":"1743596323:2","_elementor_floating_elements_type":null,"_elementor_edit_mode":null,"_elementor_template_type":null,"tc-thumb-fld":{"_thumb_id":5261,"_thumb_type":"thumb"},"_wp_page_template":"default","_elementor_version":null,"_elementor_pro_version":null,"_elementor_page_settings":null,"_elementor_data":null,"_elementor_conditions":null,"_elementor_popup_display_settings":null,"_edit_last":"2","_elementor_template_sub_type":null,"_elementor_controls_usage":null,"_elementor_screenshot":null,"_elementor_css":null,"_elementor_page_assets":[],"_elementor_element_cache":null,"_elementor_screenshot_failed":null,"_elementor_source":null,"_wp_old_date":null,"layout_key":"","post_slider_check_key":"0","_links":{"self":[{"href":"https:\/\/snoeck.de\/es\/wp-json\/wp\/v2\/product\/3504","targetHints":{"allow":["GET"]}}],"collection":[{"href":"https:\/\/snoeck.de\/es\/wp-json\/wp\/v2\/product"}],"about":[{"href":"https:\/\/snoeck.de\/es\/wp-json\/wp\/v2\/types\/product"}],"wp:featuredmedia":[{"embeddable":true,"href":"https:\/\/snoeck.de\/es\/wp-json\/wp\/v2\/media\/5261"}],"wp:attachment":[{"href":"https:\/\/snoeck.de\/es\/wp-json\/wp\/v2\/media?parent=3504"}],"wp:term":[{"taxonomy":"product_brand","embeddable":true,"href":"https:\/\/snoeck.de\/es\/wp-json\/wp\/v2\/product_brand?post=3504"},{"taxonomy":"product_cat","embeddable":true,"href":"https:\/\/snoeck.de\/es\/wp-json\/wp\/v2\/product_cat?post=3504"},{"taxonomy":"product_tag","embeddable":true,"href":"https:\/\/snoeck.de\/es\/wp-json\/wp\/v2\/product_tag?post=3504"}],"curies":[{"name":"wp","href":"https:\/\/api.w.org\/{rel}","templated":true}]}}