{"id":3505,"date":"2025-01-31T11:29:46","date_gmt":"2025-01-31T11:29:46","guid":{"rendered":"https:\/\/snoeck.process-vision.de\/shop\/maria-brunner\/"},"modified":"2025-04-02T12:20:00","modified_gmt":"2025-04-02T12:20:00","slug":"maria-brunner","status":"publish","type":"product","link":"https:\/\/snoeck.de\/es\/shop\/maria-brunner\/","title":{"rendered":"Maria Brunner"},"content":{"rendered":"<h3>Triunfo de la pintura<\/h3>\n<p>La planta amarilis del g\u00e9nero Hippeastrum, com\u00fanmente conocida como amarilis, procede de las regiones de lluvia invernal de Sud\u00e1frica y es muy popular en Alemania porque su floraci\u00f3n nos promete la primavera incluso en invierno. Maria Brunner, nacida en Lienz (Austria) en 1962 y residente en Berl\u00edn, dedic\u00f3 en 2014 todo un ciclo de \u00f3leos de peque\u00f1o formato a la amarilis. Adem\u00e1s, esta primera publicaci\u00f3n exhaustiva sobre los \u00f3leos pintados con gran virtuosismo en los \u00faltimos a\u00f1os incluye una serie de lienzos de gran formato de telas flotando en el aire de 2015 y peque\u00f1os dibujos de rotulador doblados de papel cristal de 2016. La obra de Maria Brunner siempre se ha caracterizado por la profunda duda de si las cosas son lo que parecen. Sin embargo, sus \u00f3leos no tienen nada que ver con el hiperrealismo de Franz Gertsch o Chuck Close, ni tratan la desaparici\u00f3n, el desenfoque o el fugaz momento real de una instant\u00e1nea como en la obra de Gerhard Richter. Desde las obras al \u00f3leo en forma de collage de alrededor de 2010, ha ido avanzando hacia la representaci\u00f3n de un \u00fanico objeto en su cuestionamiento de los est\u00edmulos de la superficie. Al principio, los collages todav\u00eda se permit\u00edan decir: el coraz\u00f3n no tiene rodillas, la nariz no es un pepino ni una galleta. Mientras que para sus representaciones de amarilis o pa\u00f1uelos flotantes, la respuesta debe ser ahora: \u00bfA qu\u00e9 demonios le recuerda eso? Aqu\u00ed entran en juego varios factores con el espectador: Las obras de Maria Brunner pretenden abrumar en el detalle pintado, utilizan el conocimiento del clair-obscur en los fondos y lo empujan con el efecto contrario, el sfumato, y el hiperrealismo nunca tiene una oportunidad. Puede parecer audaz, pero aqu\u00ed debuta un realismo m\u00e1gico totalmente nuevo.<\/p>","protected":false},"excerpt":{"rendered":"<p>Editado por Galerie Gisela Capitain Colonia, Galerie Elisabeth &amp; Klaus Thoman Innsbruck\/Viena<br \/>\nTexto (alem\u00e1n\/ingl\u00e9s) de Martin Prinzhorn, Elena Brugnano<br \/>\n130 p. con 80 ilustraciones en color, 8 de ellas en papel transparente<br \/>\nFormato 27 x 21 cm, lino gofrado con sobrecubierta<\/p>","protected":false},"featured_media":4919,"template":"","meta":[],"product_brand":[],"product_cat":[112,59],"product_tag":[],"class_list":{"0":"post-3505","1":"product","2":"type-product","3":"status-publish","4":"has-post-thumbnail","6":"product_cat-112","7":"product_cat-b","9":"first","10":"instock","11":"taxable","12":"shipping-taxable","13":"purchasable","14":"product-type-simple"},"aioseo_notices":[],"_wp_attached_file":null,"_wp_attachment_metadata":null,"_wc_attachment_source":null,"_elementor_inline_svg":null,"_elementor_is_screenshot":null,"_elementor_source_image_hash":null,"_source_url":null,"_wp_attachment_context":null,"_menu_item_type":null,"_menu_item_menu_item_parent":null,"_menu_item_object_id":null,"_menu_item_object":null,"_menu_item_target":null,"_menu_item_classes":null,"_menu_item_xfn":null,"_menu_item_url":null,"__elementor_forms_snapshot":null,"_unit":"","_unit_base":"","_unit_product":"","_unit_price_auto":"no","_unit_price_regular":"","_unit_price":"","_unit_price_sale":"","_sale_price_label":"","_sale_price_regular_label":"","_manufacturer_slug":"","_mini_desc":"","_defect_description":"","_safety_instructions":"","_allergen_ids":[],"_warranty_attachment_id":"","_safety_attachment_ids":[],"_min_age":"","_ts_gtin":"","_ts_mpn":"","_delivery_time_countries":[],"_free_shipping":"no","_service":"no","_photovoltaic_system":"no","_used_good":"no","_defective_copy":"no","_wireless_electronic_device":"no","_device_contains_power_supply":"no","_device_charging_supports_usb_pd":"no","_device_charging_watt_min":"0","_device_charging_watt_max":"0","_is_food":"no","_differential_taxation":"no","_gzd_version":"3.18.7","_hs_code":"","_customs_description":"","_manufacture_country":"0","_is_non_returnable":"no","_shipping_length":"","_shipping_width":"","_shipping_height":"","_sku":"ISBN 978-3-86442-177-8","_global_unique_id":"978-3-86442-177-8","_regular_price":"39.8","total_sales":"0","_tax_status":"taxable","_tax_class":"","_manage_stock":"no","_backorders":"no","_sold_individually":"no","_weight":"1","_virtual":"no","_downloadable":"no","_download_limit":"-1","_download_expiry":"-1","_stock":"","_stock_status":"instock","_wc_average_rating":"0","_wc_review_count":"0","_product_version":"9.7.1","_price":"39.8","shopengine_product_views_count":"2368","_thumbnail_id":"4919","_product_attributes":{"erscheinungsdatum":{"name":"Erscheinungsdatum","value":"03.01.2017","position":0,"is_visible":1,"is_variation":0,"is_taxonomy":0,"checkout_visible":0}},"_nutrient_ids":[],"_upsell_ids":null,"pswc_subtitle":null,"_default_delivery_time":null,"_wp_desired_post_slug":null,"_isbn":null,"pageType":null,"isExternalUrl":null,"pageId":null,"externalUrl":null,"hideCookieBanner":null,"isTargetBlank":null,"isProviderCurrentWebsite":null,"isEmbeddingOnlyExternalResources":null,"legalBasis":null,"dataProcessingInCountries":null,"dataProcessingInCountriesSpecialTreatments":null,"technicalDefinitions":null,"googleConsentModeConsentTypes":null,"executePriority":null,"executeCodeOptInWhenNoTagManagerConsentIsGiven":null,"executeCodeOptOutWhenNoTagManagerConsentIsGiven":null,"deleteTechnicalDefinitionsAfterOptOut":null,"presetId":null,"presetVersion":null,"provider":null,"providerContactPhone":null,"providerContactEmail":null,"providerContactLink":null,"uniqueName":null,"providerPrivacyPolicyUrl":null,"providerLegalNoticeUrl":null,"codeOptIn":null,"codeOptOut":null,"codeOnPageLoad":null,"language_code":null,"shopengine_template__post_meta__type":null,"shopengine_template__post_meta":null,"shopengine_template__post_meta__edit_with":null,"origin":null,"_enabled":null,"_filters":null,"_layout":null,"_elementor_import_session_id":null,"_wp_trash_meta_status":null,"_wp_trash_meta_time":null,"_edit_lock":"1743596266:2","_elementor_floating_elements_type":null,"_elementor_edit_mode":null,"_elementor_template_type":null,"tc-thumb-fld":{"_thumb_id":4919,"_thumb_type":"thumb"},"_wp_page_template":"default","_elementor_version":null,"_elementor_pro_version":null,"_elementor_page_settings":null,"_elementor_data":null,"_elementor_conditions":null,"_elementor_popup_display_settings":null,"_edit_last":"2","_elementor_template_sub_type":null,"_elementor_controls_usage":null,"_elementor_screenshot":null,"_elementor_css":null,"_elementor_page_assets":[],"_elementor_element_cache":null,"_elementor_screenshot_failed":null,"_elementor_source":null,"_wp_old_date":null,"layout_key":"","post_slider_check_key":"0","_links":{"self":[{"href":"https:\/\/snoeck.de\/es\/wp-json\/wp\/v2\/product\/3505","targetHints":{"allow":["GET"]}}],"collection":[{"href":"https:\/\/snoeck.de\/es\/wp-json\/wp\/v2\/product"}],"about":[{"href":"https:\/\/snoeck.de\/es\/wp-json\/wp\/v2\/types\/product"}],"wp:featuredmedia":[{"embeddable":true,"href":"https:\/\/snoeck.de\/es\/wp-json\/wp\/v2\/media\/4919"}],"wp:attachment":[{"href":"https:\/\/snoeck.de\/es\/wp-json\/wp\/v2\/media?parent=3505"}],"wp:term":[{"taxonomy":"product_brand","embeddable":true,"href":"https:\/\/snoeck.de\/es\/wp-json\/wp\/v2\/product_brand?post=3505"},{"taxonomy":"product_cat","embeddable":true,"href":"https:\/\/snoeck.de\/es\/wp-json\/wp\/v2\/product_cat?post=3505"},{"taxonomy":"product_tag","embeddable":true,"href":"https:\/\/snoeck.de\/es\/wp-json\/wp\/v2\/product_tag?post=3505"}],"curies":[{"name":"wp","href":"https:\/\/api.w.org\/{rel}","templated":true}]}}