{"id":3506,"date":"2025-01-31T11:29:47","date_gmt":"2025-01-31T11:29:47","guid":{"rendered":"https:\/\/snoeck.process-vision.de\/shop\/patricia-bucher-schlachtenpanorama\/"},"modified":"2026-04-08T15:37:10","modified_gmt":"2026-04-08T14:37:10","slug":"patricia-bucher-schlachtenpanorama","status":"publish","type":"product","link":"https:\/\/snoeck.de\/es\/shop\/patricia-bucher-schlachtenpanorama\/","title":{"rendered":"Patricia Bucher: Panorama de la batalla"},"content":{"rendered":"<h3>Visionario<\/h3>\n<p>Patricia Bucher ha dedicado m\u00e1s de tres a\u00f1os a crear una impresionante panor\u00e1mica de 360\u00b0 de una batalla perpetua a trav\u00e9s de los siglos. Esta joven artista suiza, galardonada con el prestigioso Manor Art Prize, expone su obra de 30 metros de largo y 60 cm de alto, dibujada y coloreada por ordenador, en un edificio circular de unos 10 metros de di\u00e1metro en el Museo de Arte de Lucerna. A partir de m\u00e1s de 2.000 representaciones de la guerra en pintura, dibujo, reportajes, juegos de ordenador y c\u00f3mics, ha generado una confusi\u00f3n \u00fanica entrelazada en la que chocan las m\u00e1s diversas etnias, estilos de lucha y armamento a lo largo de los siglos.<br \/>\nLos cuadros panor\u00e1micos tienen su historia en Lucerna, la ciudad con museo de arte, a cuyas puertas se alza el singular panorama alpino sobre el lago de los Cuatro Cantones y donde el panorama de Bourbaki y el diorama de Gornergrat en el Alpineum ya son imanes actuales para los visitantes. Sin embargo, mientras que all\u00ed la atenci\u00f3n se centra principalmente en el paisaje, la pintura de Patricia Bucher es un movimiento \u00fanico y tranquilizador que transforma la historia de la humanidad en una historia perpetua de conflictos armados.<\/p>\n<p>Exposiciones:<br \/>\nMuseo de Arte de Lucerna, 27\/02 - 01\/05\/2011<br \/>\nGaler\u00eda Municipal Waldkraiburg, 26\/9 - 16\/11\/2014<\/p>","protected":false},"excerpt":{"rendered":"<p>Panorama, 60 p. Leporello de una ilustraci\u00f3n coloreada de 12 m de largo<br \/>\nFormato 23 x 32 cm, tapa dura con sobrecubierta impresa transparente<br \/>\ncontiene un folleto de 48 p\u00e1ginas con 5 ilustraciones en color<br \/>\ny una entrevista (alem\u00e1n\/ingl\u00e9s) con el artista por Marcel Ren\u00e9 Marburger<br \/>\nFormato 21 x 14 cm, folleto<\/p>","protected":false},"featured_media":4920,"template":"","meta":[],"product_brand":[],"product_cat":[95],"product_tag":[],"class_list":{"0":"post-3506","1":"product","2":"type-product","3":"status-publish","4":"has-post-thumbnail","6":"product_cat-vergriffen","8":"first","9":"outofstock","10":"taxable","11":"shipping-taxable","12":"product-type-simple"},"aioseo_notices":[],"_wp_attached_file":null,"_wp_attachment_metadata":null,"_wc_attachment_source":null,"_elementor_inline_svg":null,"_elementor_is_screenshot":null,"_elementor_source_image_hash":null,"_source_url":null,"_wp_attachment_context":null,"_menu_item_type":null,"_menu_item_menu_item_parent":null,"_menu_item_object_id":null,"_menu_item_object":null,"_menu_item_target":null,"_menu_item_classes":null,"_menu_item_xfn":null,"_menu_item_url":null,"__elementor_forms_snapshot":null,"_unit":"","_unit_base":"","_unit_product":"","_unit_price_auto":"no","_unit_price_regular":"","_unit_price":"","_unit_price_sale":"","_sale_price_label":"","_sale_price_regular_label":"","_manufacturer_slug":"","_mini_desc":"","_defect_description":"","_safety_instructions":"","_allergen_ids":[],"_warranty_attachment_id":"","_safety_attachment_ids":[],"_min_age":"","_ts_gtin":"","_ts_mpn":"","_delivery_time_countries":[],"_free_shipping":"no","_service":"no","_photovoltaic_system":"no","_used_good":"no","_defective_copy":"no","_wireless_electronic_device":"no","_device_contains_power_supply":"no","_device_charging_supports_usb_pd":"no","_device_charging_watt_min":"0","_device_charging_watt_max":"0","_is_food":"no","_differential_taxation":"no","_gzd_version":"3.18.7","_hs_code":"","_customs_description":"","_manufacture_country":"0","_is_non_returnable":"no","_shipping_length":"","_shipping_width":"","_shipping_height":"","_sku":"ISBN 978-3-940953-74-2","_global_unique_id":"978-3-940953-74-2","_regular_price":null,"total_sales":"0","_tax_status":"taxable","_tax_class":"","_manage_stock":"no","_backorders":"no","_sold_individually":"no","_weight":"2","_virtual":"no","_downloadable":"no","_download_limit":"-1","_download_expiry":"-1","_stock":"","_stock_status":"outofstock","_wc_average_rating":"0","_wc_review_count":"0","_product_version":"10.1.4","_price":"","shopengine_product_views_count":"3286","_thumbnail_id":"4920","_product_attributes":{"erscheinungsdatum":{"name":"Fecha de publicaci\u00f3n","value":"27.02.2011","position":0,"is_visible":1,"is_variation":0,"is_taxonomy":0,"checkout_visible":0}},"_nutrient_ids":[],"_upsell_ids":null,"pswc_subtitle":null,"_default_delivery_time":null,"_wp_desired_post_slug":null,"_isbn":null,"pageType":null,"isExternalUrl":null,"pageId":null,"externalUrl":null,"hideCookieBanner":null,"isTargetBlank":null,"isProviderCurrentWebsite":null,"isEmbeddingOnlyExternalResources":null,"legalBasis":null,"dataProcessingInCountries":null,"dataProcessingInCountriesSpecialTreatments":null,"technicalDefinitions":null,"googleConsentModeConsentTypes":null,"executePriority":null,"executeCodeOptInWhenNoTagManagerConsentIsGiven":null,"executeCodeOptOutWhenNoTagManagerConsentIsGiven":null,"deleteTechnicalDefinitionsAfterOptOut":null,"presetId":null,"presetVersion":null,"provider":null,"providerContactPhone":null,"providerContactEmail":null,"providerContactLink":null,"uniqueName":null,"providerPrivacyPolicyUrl":null,"providerLegalNoticeUrl":null,"codeOptIn":null,"codeOptOut":null,"codeOnPageLoad":null,"language_code":null,"shopengine_template__post_meta__type":null,"shopengine_template__post_meta":null,"shopengine_template__post_meta__edit_with":null,"origin":null,"_enabled":null,"_filters":null,"_layout":null,"_elementor_import_session_id":null,"_wp_trash_meta_status":null,"_wp_trash_meta_time":null,"_edit_lock":"1743596071:2","_elementor_floating_elements_type":null,"_elementor_edit_mode":null,"_elementor_template_type":null,"tc-thumb-fld":{"_thumb_id":4920,"_thumb_type":"thumb"},"_wp_page_template":"default","_elementor_version":null,"_elementor_pro_version":null,"_elementor_page_settings":null,"_elementor_data":null,"_elementor_conditions":null,"_elementor_popup_display_settings":null,"_edit_last":"2","_elementor_template_sub_type":null,"_elementor_controls_usage":null,"_elementor_screenshot":null,"_elementor_css":null,"_elementor_page_assets":[],"_elementor_element_cache":null,"_elementor_screenshot_failed":null,"_elementor_source":null,"_wp_old_date":null,"layout_key":"","post_slider_check_key":"0","_links":{"self":[{"href":"https:\/\/snoeck.de\/es\/wp-json\/wp\/v2\/product\/3506","targetHints":{"allow":["GET"]}}],"collection":[{"href":"https:\/\/snoeck.de\/es\/wp-json\/wp\/v2\/product"}],"about":[{"href":"https:\/\/snoeck.de\/es\/wp-json\/wp\/v2\/types\/product"}],"wp:featuredmedia":[{"embeddable":true,"href":"https:\/\/snoeck.de\/es\/wp-json\/wp\/v2\/media\/4920"}],"wp:attachment":[{"href":"https:\/\/snoeck.de\/es\/wp-json\/wp\/v2\/media?parent=3506"}],"wp:term":[{"taxonomy":"product_brand","embeddable":true,"href":"https:\/\/snoeck.de\/es\/wp-json\/wp\/v2\/product_brand?post=3506"},{"taxonomy":"product_cat","embeddable":true,"href":"https:\/\/snoeck.de\/es\/wp-json\/wp\/v2\/product_cat?post=3506"},{"taxonomy":"product_tag","embeddable":true,"href":"https:\/\/snoeck.de\/es\/wp-json\/wp\/v2\/product_tag?post=3506"}],"curies":[{"name":"wp","href":"https:\/\/api.w.org\/{rel}","templated":true}]}}